
{"id":1121,"date":"2021-09-14T15:37:29","date_gmt":"2021-09-14T14:37:29","guid":{"rendered":"https:\/\/biotabs.nl\/?page_id=1121"},"modified":"2021-09-14T15:37:29","modified_gmt":"2021-09-14T14:37:29","slug":"rueckgabe-und-erstattungsrichtlinie","status":"publish","type":"page","link":"https:\/\/biotabs.nl\/de\/rueckgabe-und-erstattungsrichtlinie\/","title":{"rendered":"R\u00fcckgabe- und Erstattungsrichtlinie"},"content":{"rendered":"<div id=\"pl-1121\"  class=\"panel-layout\" ><div id=\"pg-1121-0\"  class=\"panel-grid panel-no-style\" ><div id=\"pgc-1121-0-0\"  class=\"panel-grid-cell\" ><div id=\"panel-1121-0-0-0\" class=\"so-panel widget widget_sow-editor panel-first-child panel-last-child widgetopts-SO\" data-index=\"0\" ><div\n\t\t\t\n\t\t\tclass=\"so-widget-sow-editor so-widget-sow-editor-base\"\n\t\t\t\n\t\t>\n<div class=\"siteorigin-widget-tinymce textwidget\">\n\t<p>Vielen Dank f\u00fcr Ihren Einkauf bei BioTabs Organic Fertilizers.<\/p>\n<p>Wenn Sie mit Ihrem Einkauf nicht zufrieden sind, sind wir f\u00fcr Sie da.<\/p>\n<p>Unsere Produkte k\u00f6nnen innerhalb von 14 Tagen nach dem urspr\u00fcnglichen Kauf des Produkts zur\u00fcckgegeben werden.<\/p>\n<p>Bevor Sie ein Produkt zur\u00fcckgeben, stellen Sie bitte sicher, dass:<\/p>\n<ul>\n<li>Das Produkt wurde innerhalb der letzten 14 Tage gekauft.<\/li>\n<li>Das Produkt befindet sich in der Originalverpackung.<\/li>\n<li>Das Produkt wurde nicht benutzt.<\/li>\n<li>Sie haben die Quittung oder den Kaufbeleg.<\/li>\n<\/ul>\n<p>Bevor Sie das Produkt einschicken, kontaktieren Sie uns bitte:<\/p>\n<ul>\n<li>Telefonisch: 00 34 936 385 174<\/li>\n<li>Per E-Mail: <a href=\"mailto:info@biotabs.nl\">info@biotabs.nl<\/a><\/li>\n<\/ul>\n<p>Senden Sie das Produkt mit der Originalverpackung und der Quittung oder dem Kaufnachweis an:<\/p>\n<p>Biohorti S.L.U. - BioTabs<br \/>\nCarrer Sud 1, 08329 Tei\u00e0 - Barcelona, Spanien<\/p>\n<p>+34 936 385 174 \/ <a href=\"mailto:info@biotabs.nl\">info@biotabs.nl<\/a><\/p>\n<h2>Kosten f\u00fcr den Versand<\/h2>\n<p>Die Versandkosten, die im Zusammenhang mit der R\u00fccksendung eines Produkts anfallen, werden nicht erstattet.<\/p>\n<p>Sie sind verantwortlich f\u00fcr die Zahlung der Versandkosten und f\u00fcr die \u00dcbernahme des Risikos des Verlusts oder der Besch\u00e4digung des Produkts w\u00e4hrend des Versands, sowohl an Biohorti S.L.U. - BioTabs als auch von den Einrichtungen des Unternehmens zu Ihnen.<\/p>\n<h2>Besch\u00e4digte Artikel<\/h2>\n<p>Falls Sie ein besch\u00e4digtes Produkt erhalten, benachrichtigen Sie uns bitte sofort, damit wir Ihnen helfen k\u00f6nnen.<\/p>\n<h2>Verkaufte Artikel<\/h2>\n<p>Ausverkaufsartikel sind leider nicht erstattungsf\u00e4hig. Nur regul\u00e4re Artikel k\u00f6nnen zur\u00fcckerstattet werden, in besonderen F\u00e4llen schreiben Sie uns bitte eine E-Mail.<\/p>\n<h2>Kontaktieren Sie uns unter<\/h2>\n<p>Wenn Sie Fragen zu unseren R\u00fcckgabe- und Erstattungsrichtlinien haben, kontaktieren Sie bitte das Biohorti S.L.U. - BioTabs Team \u00fcber unsere Kontaktseite.<\/p>\n<p>Zuletzt aktualisiert: 20. Juli 2021<\/p>\n<\/div>\n<\/div><\/div><\/div><\/div><\/div>","protected":false},"excerpt":{"rendered":"<p>Vielen Dank f\u00fcr Ihren Einkauf bei BioTabs Organic Fertilizers. Wenn Sie mit Ihrem Einkauf nicht zufrieden sind, sind wir f\u00fcr Sie da. Unsere Produkte k\u00f6nnen innerhalb von 14 Tagen nach dem urspr\u00fcnglichen Kauf des Produkts zur\u00fcckgegeben werden. Bevor Sie ein Produkt zur\u00fcckgeben, stellen Sie bitte sicher, dass: Das Produkt wurde innerhalb der letzten 14 Tage [&hellip;]<\/p>\n","protected":false},"author":1,"featured_media":0,"parent":0,"menu_order":0,"comment_status":"closed","ping_status":"closed","template":"","meta":{"_acf_changed":false,"footnotes":""},"class_list":["post-1121","page","type-page","status-publish","hentry"],"acf":[],"yoast_head":"<!-- This site is optimized with the Yoast SEO Premium plugin v25.8 (Yoast SEO v27.3) - https:\/\/yoast.com\/product\/yoast-seo-premium-wordpress\/ -->\n<title>R\u00fcckgabe- und Erstattungsrichtlinie | BioTabs<\/title>\n<meta name=\"robots\" content=\"index, follow, max-snippet:-1, max-image-preview:large, max-video-preview:-1\" \/>\n<link rel=\"canonical\" href=\"https:\/\/biotabs.nl\/de\/rueckgabe-und-erstattungsrichtlinie\/\" \/>\n<meta property=\"og:locale\" content=\"de_DE\" \/>\n<meta property=\"og:type\" content=\"article\" \/>\n<meta property=\"og:title\" content=\"R\u00fcckgabe- und Erstattungsrichtlinie\" \/>\n<meta property=\"og:description\" content=\"Vielen Dank f\u00fcr Ihren Einkauf bei BioTabs Organic Fertilizers. Wenn Sie mit Ihrem Einkauf nicht zufrieden sind, sind wir f\u00fcr Sie da. Unsere Produkte k\u00f6nnen innerhalb von 14 Tagen nach dem urspr\u00fcnglichen Kauf des Produkts zur\u00fcckgegeben werden. Bevor Sie ein Produkt zur\u00fcckgeben, stellen Sie bitte sicher, dass: Das Produkt wurde innerhalb der letzten 14 Tage [&hellip;]\" \/>\n<meta property=\"og:url\" content=\"https:\/\/biotabs.nl\/de\/rueckgabe-und-erstattungsrichtlinie\/\" \/>\n<meta property=\"og:site_name\" content=\"BioTabs\" \/>\n<meta property=\"article:publisher\" content=\"https:\/\/www.facebook.com\/biotabs.organics\" \/>\n<meta name=\"twitter:card\" content=\"summary_large_image\" \/>\n<meta name=\"twitter:site\" content=\"@Biotabs\" \/>\n<meta name=\"twitter:label1\" content=\"Gesch\u00e4tzte Lesezeit\" \/>\n\t<meta name=\"twitter:data1\" content=\"2\u00a0Minuten\" \/>\n<script type=\"application\/ld+json\" class=\"yoast-schema-graph\">{\"@context\":\"https:\\\/\\\/schema.org\",\"@graph\":[{\"@type\":\"WebPage\",\"@id\":\"https:\\\/\\\/biotabs.nl\\\/de\\\/rueckgabe-und-erstattungsrichtlinie\\\/\",\"url\":\"https:\\\/\\\/biotabs.nl\\\/de\\\/rueckgabe-und-erstattungsrichtlinie\\\/\",\"name\":\"R\u00fcckgabe- und Erstattungsrichtlinie | BioTabs\",\"isPartOf\":{\"@id\":\"https:\\\/\\\/biotabs.nl\\\/de\\\/#website\"},\"datePublished\":\"2021-09-14T14:37:29+00:00\",\"breadcrumb\":{\"@id\":\"https:\\\/\\\/biotabs.nl\\\/de\\\/rueckgabe-und-erstattungsrichtlinie\\\/#breadcrumb\"},\"inLanguage\":\"de\",\"potentialAction\":[{\"@type\":\"ReadAction\",\"target\":[\"https:\\\/\\\/biotabs.nl\\\/de\\\/rueckgabe-und-erstattungsrichtlinie\\\/\"]}]},{\"@type\":\"BreadcrumbList\",\"@id\":\"https:\\\/\\\/biotabs.nl\\\/de\\\/rueckgabe-und-erstattungsrichtlinie\\\/#breadcrumb\",\"itemListElement\":[{\"@type\":\"ListItem\",\"position\":1,\"name\":\"Home\",\"item\":\"https:\\\/\\\/biotabs.nl\\\/de\\\/\"},{\"@type\":\"ListItem\",\"position\":2,\"name\":\"R\u00fcckgabe- und Erstattungsrichtlinie\"}]},{\"@type\":\"WebSite\",\"@id\":\"https:\\\/\\\/biotabs.nl\\\/de\\\/#website\",\"url\":\"https:\\\/\\\/biotabs.nl\\\/de\\\/\",\"name\":\"BioTabs\",\"description\":\"Easy by Nature\",\"publisher\":{\"@id\":\"https:\\\/\\\/biotabs.nl\\\/de\\\/#organization\"},\"potentialAction\":[{\"@type\":\"SearchAction\",\"target\":{\"@type\":\"EntryPoint\",\"urlTemplate\":\"https:\\\/\\\/biotabs.nl\\\/de\\\/?s={search_term_string}\"},\"query-input\":{\"@type\":\"PropertyValueSpecification\",\"valueRequired\":true,\"valueName\":\"search_term_string\"}}],\"inLanguage\":\"de\"},{\"@type\":\"Organization\",\"@id\":\"https:\\\/\\\/biotabs.nl\\\/de\\\/#organization\",\"name\":\"BioTabs Easy by Nature\",\"url\":\"https:\\\/\\\/biotabs.nl\\\/de\\\/\",\"logo\":{\"@type\":\"ImageObject\",\"inLanguage\":\"de\",\"@id\":\"https:\\\/\\\/biotabs.nl\\\/de\\\/#\\\/schema\\\/logo\\\/image\\\/\",\"url\":\"https:\\\/\\\/biotabs.nl\\\/wp-content\\\/uploads\\\/logo.png\",\"contentUrl\":\"https:\\\/\\\/biotabs.nl\\\/wp-content\\\/uploads\\\/logo.png\",\"width\":200,\"height\":200,\"caption\":\"BioTabs Easy by Nature\"},\"image\":{\"@id\":\"https:\\\/\\\/biotabs.nl\\\/de\\\/#\\\/schema\\\/logo\\\/image\\\/\"},\"sameAs\":[\"https:\\\/\\\/www.facebook.com\\\/biotabs.organics\",\"https:\\\/\\\/x.com\\\/Biotabs\",\"https:\\\/\\\/instagram.com\\\/biotabsorganics\",\"https:\\\/\\\/www.youtube.com\\\/channel\\\/UCY3QAw9DEfk_tuhQj0NdNxA\"]}]}<\/script>\n<!-- \/ Yoast SEO Premium plugin. -->","yoast_head_json":{"title":"R\u00fcckgabe- und Erstattungsrichtlinie | BioTabs","robots":{"index":"index","follow":"follow","max-snippet":"max-snippet:-1","max-image-preview":"max-image-preview:large","max-video-preview":"max-video-preview:-1"},"canonical":"https:\/\/biotabs.nl\/de\/rueckgabe-und-erstattungsrichtlinie\/","og_locale":"de_DE","og_type":"article","og_title":"R\u00fcckgabe- und Erstattungsrichtlinie","og_description":"Vielen Dank f\u00fcr Ihren Einkauf bei BioTabs Organic Fertilizers. Wenn Sie mit Ihrem Einkauf nicht zufrieden sind, sind wir f\u00fcr Sie da. Unsere Produkte k\u00f6nnen innerhalb von 14 Tagen nach dem urspr\u00fcnglichen Kauf des Produkts zur\u00fcckgegeben werden. Bevor Sie ein Produkt zur\u00fcckgeben, stellen Sie bitte sicher, dass: Das Produkt wurde innerhalb der letzten 14 Tage [&hellip;]","og_url":"https:\/\/biotabs.nl\/de\/rueckgabe-und-erstattungsrichtlinie\/","og_site_name":"BioTabs","article_publisher":"https:\/\/www.facebook.com\/biotabs.organics","twitter_card":"summary_large_image","twitter_site":"@Biotabs","twitter_misc":{"Gesch\u00e4tzte Lesezeit":"2\u00a0Minuten"},"schema":{"@context":"https:\/\/schema.org","@graph":[{"@type":"WebPage","@id":"https:\/\/biotabs.nl\/de\/rueckgabe-und-erstattungsrichtlinie\/","url":"https:\/\/biotabs.nl\/de\/rueckgabe-und-erstattungsrichtlinie\/","name":"R\u00fcckgabe- und Erstattungsrichtlinie | BioTabs","isPartOf":{"@id":"https:\/\/biotabs.nl\/de\/#website"},"datePublished":"2021-09-14T14:37:29+00:00","breadcrumb":{"@id":"https:\/\/biotabs.nl\/de\/rueckgabe-und-erstattungsrichtlinie\/#breadcrumb"},"inLanguage":"de","potentialAction":[{"@type":"ReadAction","target":["https:\/\/biotabs.nl\/de\/rueckgabe-und-erstattungsrichtlinie\/"]}]},{"@type":"BreadcrumbList","@id":"https:\/\/biotabs.nl\/de\/rueckgabe-und-erstattungsrichtlinie\/#breadcrumb","itemListElement":[{"@type":"ListItem","position":1,"name":"Home","item":"https:\/\/biotabs.nl\/de\/"},{"@type":"ListItem","position":2,"name":"R\u00fcckgabe- und Erstattungsrichtlinie"}]},{"@type":"WebSite","@id":"https:\/\/biotabs.nl\/de\/#website","url":"https:\/\/biotabs.nl\/de\/","name":"BioTabs","description":"Easy by Nature","publisher":{"@id":"https:\/\/biotabs.nl\/de\/#organization"},"potentialAction":[{"@type":"SearchAction","target":{"@type":"EntryPoint","urlTemplate":"https:\/\/biotabs.nl\/de\/?s={search_term_string}"},"query-input":{"@type":"PropertyValueSpecification","valueRequired":true,"valueName":"search_term_string"}}],"inLanguage":"de"},{"@type":"Organization","@id":"https:\/\/biotabs.nl\/de\/#organization","name":"BioTabs Easy by Nature","url":"https:\/\/biotabs.nl\/de\/","logo":{"@type":"ImageObject","inLanguage":"de","@id":"https:\/\/biotabs.nl\/de\/#\/schema\/logo\/image\/","url":"https:\/\/biotabs.nl\/wp-content\/uploads\/logo.png","contentUrl":"https:\/\/biotabs.nl\/wp-content\/uploads\/logo.png","width":200,"height":200,"caption":"BioTabs Easy by Nature"},"image":{"@id":"https:\/\/biotabs.nl\/de\/#\/schema\/logo\/image\/"},"sameAs":["https:\/\/www.facebook.com\/biotabs.organics","https:\/\/x.com\/Biotabs","https:\/\/instagram.com\/biotabsorganics","https:\/\/www.youtube.com\/channel\/UCY3QAw9DEfk_tuhQj0NdNxA"]}]}},"_links":{"self":[{"href":"https:\/\/biotabs.nl\/de\/wp-json\/wp\/v2\/pages\/1121","targetHints":{"allow":["GET"]}}],"collection":[{"href":"https:\/\/biotabs.nl\/de\/wp-json\/wp\/v2\/pages"}],"about":[{"href":"https:\/\/biotabs.nl\/de\/wp-json\/wp\/v2\/types\/page"}],"author":[{"embeddable":true,"href":"https:\/\/biotabs.nl\/de\/wp-json\/wp\/v2\/users\/1"}],"replies":[{"embeddable":true,"href":"https:\/\/biotabs.nl\/de\/wp-json\/wp\/v2\/comments?post=1121"}],"version-history":[{"count":0,"href":"https:\/\/biotabs.nl\/de\/wp-json\/wp\/v2\/pages\/1121\/revisions"}],"wp:attachment":[{"href":"https:\/\/biotabs.nl\/de\/wp-json\/wp\/v2\/media?parent=1121"}],"curies":[{"name":"wp","href":"https:\/\/api.w.org\/{rel}","templated":true}]}}