
{"id":1141,"date":"2021-09-14T15:48:06","date_gmt":"2021-09-14T14:48:06","guid":{"rendered":"https:\/\/biotabs.nl\/?page_id=1141"},"modified":"2021-10-12T15:31:00","modified_gmt":"2021-10-12T14:31:00","slug":"schulungsraum","status":"publish","type":"page","link":"https:\/\/biotabs.nl\/de\/schulungsraum\/","title":{"rendered":"Schulungsraum"},"content":{"rendered":"<div id=\"pl-1141\"  class=\"panel-layout\" ><div id=\"pg-1141-0\"  class=\"panel-grid panel-no-style\" ><div id=\"pgc-1141-0-0\"  class=\"panel-grid-cell\" ><div id=\"panel-1141-0-0-0\" class=\"widget_text so-panel widget widget_custom_html panel-first-child panel-last-child widgetopts-SO\" data-index=\"0\" ><div class=\"textwidget custom-html-widget\"><style>.embed-container { position: relative; padding-bottom: 56.25%; height: 0; overflow: hidden; max-width: 100%; } .embed-container iframe, .embed-container object, .embed-container embed { position: absolute; top: 0; left: 0; width: 100%; height: 100%; }<\/style><div class='embed-container'><iframe data-src='https:\/\/www.youtube.com\/embed\/wUAnCHYZQVg' frameborder='0' allowfullscreen src='data:image\/svg+xml;base64,PHN2ZyB3aWR0aD0iMSIgaGVpZ2h0PSIxIiB4bWxucz0iaHR0cDovL3d3dy53My5vcmcvMjAwMC9zdmciPjwvc3ZnPg==' class='lazyload' data-load-mode='1'><\/iframe><\/div><\/div><\/div><\/div><div id=\"pgc-1141-0-1\"  class=\"panel-grid-cell\" ><div id=\"panel-1141-0-1-0\" class=\"so-panel widget widget_sow-editor panel-first-child panel-last-child widgetopts-SO\" data-index=\"1\" ><div\n\t\t\t\n\t\t\tclass=\"so-widget-sow-editor so-widget-sow-editor-base\"\n\t\t\t\n\t\t><h2 class=\"widget-title\">Videoanleitungen<\/h2>\n<div class=\"siteorigin-widget-tinymce textwidget\">\n\t<p>Erfahren Sie mehr mit den Video-Tutorials, in denen die Anwendung der BioTabs-Produkte ausf\u00fchrlich erkl\u00e4rt wird, und abonnieren Sie unseren YouTube-Kanal.<\/p>\n<p><a class=\"button\" href=\"\/de\/schulungsraum\/faq\/\">Siehe Video-Tutorials<\/a><\/p>\n<\/div>\n<\/div><\/div><\/div><\/div><div id=\"pg-1141-1\"  class=\"panel-grid panel-has-style\" ><div class=\"siteorigin-panels-stretch panel-row-style panel-row-style-for-1141-1\" data-stretch-type=\"full\" ><div id=\"pgc-1141-1-0\"  class=\"panel-grid-cell\" ><div id=\"panel-1141-1-0-0\" class=\"so-panel widget widget_sow-editor panel-first-child panel-last-child widgetopts-SO\" data-index=\"2\" ><div\n\t\t\t\n\t\t\tclass=\"so-widget-sow-editor so-widget-sow-editor-base\"\n\t\t\t\n\t\t><h2 class=\"widget-title\">Bodemleben seite<\/h2>\n<div class=\"siteorigin-widget-tinymce textwidget\">\n\t<p>BioTabs ist eine durchdachte Strategie,die f\u00fcr einen biologische Pflanzenanbau entwickelt wurde und auf Bequemlichkeit, Effizienz und Qualit\u00e4t basiert. Biologischer Anbau klingt kompliziert, ist aber im Wesentlichen die einfachste und reinste Art der Pflanzenkultivierung.<\/p>\n<p><a class=\"button\" href=\"\/de\/schulungsraum\/bodenleben-seite\/\">Sehen Sie mehr \u00fcber das Bodenleben<\/a><\/p>\n<\/div>\n<\/div><\/div><\/div><div id=\"pgc-1141-1-1\"  class=\"panel-grid-cell\" ><div id=\"panel-1141-1-1-0\" class=\"so-panel widget widget_sow-image panel-first-child panel-last-child widgetopts-SO\" data-index=\"3\" ><div\n\t\t\t\n\t\t\tclass=\"so-widget-sow-image so-widget-sow-image-default-dbf295114b96-1141\"\n\t\t\t\n\t\t>\n<div class=\"sow-image-container\">\n\t\t<img \n\tdata-src=\"https:\/\/www.l5cdn.com\/biotabs\/training-center-soil-life.jpg\" title=\"Schulungsraum\" alt=\"\" \t\tclass=\"so-widget-image lazyload\" src=\"data:image\/svg+xml;base64,PHN2ZyB3aWR0aD0iMSIgaGVpZ2h0PSIxIiB4bWxucz0iaHR0cDovL3d3dy53My5vcmcvMjAwMC9zdmciPjwvc3ZnPg==\" \/>\n\t<\/div>\n\n<\/div><\/div><\/div><\/div><\/div><div id=\"pg-1141-2\"  class=\"panel-grid panel-no-style\" ><div id=\"pgc-1141-2-0\"  class=\"panel-grid-cell\" ><div id=\"panel-1141-2-0-0\" class=\"so-panel widget widget_sow-image panel-first-child panel-last-child widgetopts-SO\" data-index=\"4\" ><div\n\t\t\t\n\t\t\tclass=\"so-widget-sow-image so-widget-sow-image-default-dbf295114b96-1141\"\n\t\t\t\n\t\t>\n<div class=\"sow-image-container\">\n\t\t<img \n\tdata-src=\"https:\/\/www.l5cdn.com\/biotabs\/training-center-faq.jpg\" title=\"Schulungsraum\" alt=\"\" \t\tclass=\"so-widget-image lazyload\" src=\"data:image\/svg+xml;base64,PHN2ZyB3aWR0aD0iMSIgaGVpZ2h0PSIxIiB4bWxucz0iaHR0cDovL3d3dy53My5vcmcvMjAwMC9zdmciPjwvc3ZnPg==\" \/>\n\t<\/div>\n\n<\/div><\/div><\/div><div id=\"pgc-1141-2-1\"  class=\"panel-grid-cell\" ><div id=\"panel-1141-2-1-0\" class=\"so-panel widget widget_sow-editor panel-first-child panel-last-child widgetopts-SO\" data-index=\"5\" ><div\n\t\t\t\n\t\t\tclass=\"so-widget-sow-editor so-widget-sow-editor-base\"\n\t\t\t\n\t\t><h2 class=\"widget-title\">Die am h\u00e4ufigsten gestellten Fragen zu unseren Produkten<\/h2>\n<div class=\"siteorigin-widget-tinymce textwidget\">\n\t<p>Zusammenstellung aller notwendigen Informationen und Antworten auf Zweifel, die in Ihrem Bio-Anbau auftreten k\u00f6nnen.<\/p>\n<p><a class=\"button\" href=\"\/de\/schulungsraum\/faq\/\">Siehe h\u00e4ufig gestellte Fragen<\/a><\/p>\n<\/div>\n<\/div><\/div><\/div><\/div><div id=\"pg-1141-3\"  class=\"panel-grid panel-has-style\" ><div class=\"siteorigin-panels-stretch panel-row-style panel-row-style-for-1141-3\" data-stretch-type=\"full\" ><div id=\"pgc-1141-3-0\"  class=\"panel-grid-cell\" ><div id=\"panel-1141-3-0-0\" class=\"so-panel widget widget_sow-editor panel-first-child panel-last-child widgetopts-SO\" data-index=\"6\" ><div\n\t\t\t\n\t\t\tclass=\"so-widget-sow-editor so-widget-sow-editor-base\"\n\t\t\t\n\t\t><h2 class=\"widget-title\">Laden Sie unsere Handb\u00fccher f\u00fcr den biologischen Anbau herunter<\/h2>\n<div class=\"siteorigin-widget-tinymce textwidget\">\n\t<p>Von hier aus k\u00f6nnen Sie die BioTabs-Handb\u00fccher herunterladen. Finden Sie Tipps zu Strategien f\u00fcr Wasser, Erde, T\u00f6pfe, Komposttee\u2026 Sie finden auch Schritt-f\u00fcr-Schritt-Anleitungen f\u00fcr alles rund um Ihren biologischen Anbau.<\/p>\n<p><a class=\"button\" href=\"\/de\/schulungsraum\/biotabs-handbuecher\/\">Handb\u00fccher herunterladen<\/a><\/p>\n<\/div>\n<\/div><\/div><\/div><div id=\"pgc-1141-3-1\"  class=\"panel-grid-cell\" ><div id=\"panel-1141-3-1-0\" class=\"so-panel widget widget_sow-image panel-first-child panel-last-child widgetopts-SO\" data-index=\"7\" ><div\n\t\t\t\n\t\t\tclass=\"so-widget-sow-image so-widget-sow-image-default-dbf295114b96-1141\"\n\t\t\t\n\t\t>\n<div class=\"sow-image-container\">\n\t\t<img \n\tdata-src=\"https:\/\/www.l5cdn.com\/biotabs\/training-center-manuals.jpg\" title=\"Schulungsraum\" alt=\"\" \t\tclass=\"so-widget-image lazyload\" src=\"data:image\/svg+xml;base64,PHN2ZyB3aWR0aD0iMSIgaGVpZ2h0PSIxIiB4bWxucz0iaHR0cDovL3d3dy53My5vcmcvMjAwMC9zdmciPjwvc3ZnPg==\" \/>\n\t<\/div>\n\n<\/div><\/div><\/div><\/div><\/div><div id=\"pg-1141-4\"  class=\"panel-grid panel-no-style\" ><div id=\"pgc-1141-4-0\"  class=\"panel-grid-cell\" ><div id=\"panel-1141-4-0-0\" class=\"so-panel widget widget_sow-image panel-first-child panel-last-child widgetopts-SO\" data-index=\"8\" ><div\n\t\t\t\n\t\t\tclass=\"so-widget-sow-image so-widget-sow-image-default-dbf295114b96-1141\"\n\t\t\t\n\t\t>\n<div class=\"sow-image-container\">\n\t\t<img \n\tdata-src=\"https:\/\/www.l5cdn.com\/biotabs\/training-center-technical-sheets.jpg\" title=\"Schulungsraum\" alt=\"\" \t\tclass=\"so-widget-image lazyload\" src=\"data:image\/svg+xml;base64,PHN2ZyB3aWR0aD0iMSIgaGVpZ2h0PSIxIiB4bWxucz0iaHR0cDovL3d3dy53My5vcmcvMjAwMC9zdmciPjwvc3ZnPg==\" \/>\n\t<\/div>\n\n<\/div><\/div><\/div><div id=\"pgc-1141-4-1\"  class=\"panel-grid-cell\" ><div id=\"panel-1141-4-1-0\" class=\"so-panel widget widget_sow-editor panel-first-child panel-last-child widgetopts-SO\" data-index=\"9\" ><div\n\t\t\t\n\t\t\tclass=\"so-widget-sow-editor so-widget-sow-editor-base\"\n\t\t\t\n\t\t><h2 class=\"widget-title\">Laden Sie unsere technischen Datenbl\u00e4tter herunter<\/h2>\n<div class=\"siteorigin-widget-tinymce textwidget\">\n\t<p>Laden Sie hier alle Handb\u00fccher aller unserer Produkte herunter. In der Datei jedes Produkts finden Sie die Gebrauchsanweisung sowie alle Informationen zur genauen Dosierung entsprechend Ihrer Pflanzen- und Topfanzahl.<\/p>\n<p><a class=\"button\" href=\"\/de\/schulungsraum\/technische-datenblaetter\/\">Technische Produktbl\u00e4tter herunterladen<\/a><\/p>\n<\/div>\n<\/div><\/div><\/div><\/div><\/div>","protected":false},"excerpt":{"rendered":"<p>Erfahren Sie mehr mit den Video-Tutorials, in denen die Anwendung der BioTabs-Produkte ausf\u00fchrlich erkl\u00e4rt wird, und abonnieren Sie unseren YouTube-Kanal. Siehe Video-Tutorials BioTabs ist eine durchdachte Strategie,die f\u00fcr einen biologische Pflanzenanbau entwickelt wurde und auf Bequemlichkeit, Effizienz und Qualit\u00e4t basiert. Biologischer Anbau klingt kompliziert, ist aber im Wesentlichen die einfachste und reinste Art der Pflanzenkultivierung. [&hellip;]<\/p>\n","protected":false},"author":1,"featured_media":0,"parent":0,"menu_order":0,"comment_status":"closed","ping_status":"closed","template":"","meta":{"_acf_changed":false,"footnotes":""},"class_list":["post-1141","page","type-page","status-publish","hentry"],"acf":[],"yoast_head":"<!-- This site is optimized with the Yoast SEO Premium plugin v25.8 (Yoast SEO v27.3) - https:\/\/yoast.com\/product\/yoast-seo-premium-wordpress\/ -->\n<title>Schulungsraum | BioTabs<\/title>\n<meta name=\"robots\" content=\"index, follow, max-snippet:-1, max-image-preview:large, max-video-preview:-1\" \/>\n<link rel=\"canonical\" href=\"https:\/\/biotabs.nl\/de\/schulungsraum\/\" \/>\n<meta property=\"og:locale\" content=\"de_DE\" \/>\n<meta property=\"og:type\" content=\"article\" \/>\n<meta property=\"og:title\" content=\"Schulungsraum\" \/>\n<meta property=\"og:description\" content=\"Erfahren Sie mehr mit den Video-Tutorials, in denen die Anwendung der BioTabs-Produkte ausf\u00fchrlich erkl\u00e4rt wird, und abonnieren Sie unseren YouTube-Kanal. Siehe Video-Tutorials BioTabs ist eine durchdachte Strategie,die f\u00fcr einen biologische Pflanzenanbau entwickelt wurde und auf Bequemlichkeit, Effizienz und Qualit\u00e4t basiert. Biologischer Anbau klingt kompliziert, ist aber im Wesentlichen die einfachste und reinste Art der Pflanzenkultivierung. [&hellip;]\" \/>\n<meta property=\"og:url\" content=\"https:\/\/biotabs.nl\/de\/schulungsraum\/\" \/>\n<meta property=\"og:site_name\" content=\"BioTabs\" \/>\n<meta property=\"article:publisher\" content=\"https:\/\/www.facebook.com\/biotabs.organics\" \/>\n<meta property=\"article:modified_time\" content=\"2021-10-12T14:31:00+00:00\" \/>\n<meta name=\"twitter:card\" content=\"summary_large_image\" \/>\n<meta name=\"twitter:site\" content=\"@Biotabs\" \/>\n<meta name=\"twitter:label1\" content=\"Gesch\u00e4tzte Lesezeit\" \/>\n\t<meta name=\"twitter:data1\" content=\"1\u00a0Minute\" \/>\n<script type=\"application\/ld+json\" class=\"yoast-schema-graph\">{\"@context\":\"https:\\\/\\\/schema.org\",\"@graph\":[{\"@type\":\"WebPage\",\"@id\":\"https:\\\/\\\/biotabs.nl\\\/de\\\/schulungsraum\\\/\",\"url\":\"https:\\\/\\\/biotabs.nl\\\/de\\\/schulungsraum\\\/\",\"name\":\"Schulungsraum | BioTabs\",\"isPartOf\":{\"@id\":\"https:\\\/\\\/biotabs.nl\\\/de\\\/#website\"},\"datePublished\":\"2021-09-14T14:48:06+00:00\",\"dateModified\":\"2021-10-12T14:31:00+00:00\",\"breadcrumb\":{\"@id\":\"https:\\\/\\\/biotabs.nl\\\/de\\\/schulungsraum\\\/#breadcrumb\"},\"inLanguage\":\"de\",\"potentialAction\":[{\"@type\":\"ReadAction\",\"target\":[\"https:\\\/\\\/biotabs.nl\\\/de\\\/schulungsraum\\\/\"]}]},{\"@type\":\"BreadcrumbList\",\"@id\":\"https:\\\/\\\/biotabs.nl\\\/de\\\/schulungsraum\\\/#breadcrumb\",\"itemListElement\":[{\"@type\":\"ListItem\",\"position\":1,\"name\":\"Home\",\"item\":\"https:\\\/\\\/biotabs.nl\\\/de\\\/\"},{\"@type\":\"ListItem\",\"position\":2,\"name\":\"Schulungsraum\"}]},{\"@type\":\"WebSite\",\"@id\":\"https:\\\/\\\/biotabs.nl\\\/de\\\/#website\",\"url\":\"https:\\\/\\\/biotabs.nl\\\/de\\\/\",\"name\":\"BioTabs\",\"description\":\"Easy by Nature\",\"publisher\":{\"@id\":\"https:\\\/\\\/biotabs.nl\\\/de\\\/#organization\"},\"potentialAction\":[{\"@type\":\"SearchAction\",\"target\":{\"@type\":\"EntryPoint\",\"urlTemplate\":\"https:\\\/\\\/biotabs.nl\\\/de\\\/?s={search_term_string}\"},\"query-input\":{\"@type\":\"PropertyValueSpecification\",\"valueRequired\":true,\"valueName\":\"search_term_string\"}}],\"inLanguage\":\"de\"},{\"@type\":\"Organization\",\"@id\":\"https:\\\/\\\/biotabs.nl\\\/de\\\/#organization\",\"name\":\"BioTabs Easy by Nature\",\"url\":\"https:\\\/\\\/biotabs.nl\\\/de\\\/\",\"logo\":{\"@type\":\"ImageObject\",\"inLanguage\":\"de\",\"@id\":\"https:\\\/\\\/biotabs.nl\\\/de\\\/#\\\/schema\\\/logo\\\/image\\\/\",\"url\":\"https:\\\/\\\/biotabs.nl\\\/wp-content\\\/uploads\\\/logo.png\",\"contentUrl\":\"https:\\\/\\\/biotabs.nl\\\/wp-content\\\/uploads\\\/logo.png\",\"width\":200,\"height\":200,\"caption\":\"BioTabs Easy by Nature\"},\"image\":{\"@id\":\"https:\\\/\\\/biotabs.nl\\\/de\\\/#\\\/schema\\\/logo\\\/image\\\/\"},\"sameAs\":[\"https:\\\/\\\/www.facebook.com\\\/biotabs.organics\",\"https:\\\/\\\/x.com\\\/Biotabs\",\"https:\\\/\\\/instagram.com\\\/biotabsorganics\",\"https:\\\/\\\/www.youtube.com\\\/channel\\\/UCY3QAw9DEfk_tuhQj0NdNxA\"]}]}<\/script>\n<!-- \/ Yoast SEO Premium plugin. -->","yoast_head_json":{"title":"Schulungsraum | BioTabs","robots":{"index":"index","follow":"follow","max-snippet":"max-snippet:-1","max-image-preview":"max-image-preview:large","max-video-preview":"max-video-preview:-1"},"canonical":"https:\/\/biotabs.nl\/de\/schulungsraum\/","og_locale":"de_DE","og_type":"article","og_title":"Schulungsraum","og_description":"Erfahren Sie mehr mit den Video-Tutorials, in denen die Anwendung der BioTabs-Produkte ausf\u00fchrlich erkl\u00e4rt wird, und abonnieren Sie unseren YouTube-Kanal. Siehe Video-Tutorials BioTabs ist eine durchdachte Strategie,die f\u00fcr einen biologische Pflanzenanbau entwickelt wurde und auf Bequemlichkeit, Effizienz und Qualit\u00e4t basiert. Biologischer Anbau klingt kompliziert, ist aber im Wesentlichen die einfachste und reinste Art der Pflanzenkultivierung. [&hellip;]","og_url":"https:\/\/biotabs.nl\/de\/schulungsraum\/","og_site_name":"BioTabs","article_publisher":"https:\/\/www.facebook.com\/biotabs.organics","article_modified_time":"2021-10-12T14:31:00+00:00","twitter_card":"summary_large_image","twitter_site":"@Biotabs","twitter_misc":{"Gesch\u00e4tzte Lesezeit":"1\u00a0Minute"},"schema":{"@context":"https:\/\/schema.org","@graph":[{"@type":"WebPage","@id":"https:\/\/biotabs.nl\/de\/schulungsraum\/","url":"https:\/\/biotabs.nl\/de\/schulungsraum\/","name":"Schulungsraum | BioTabs","isPartOf":{"@id":"https:\/\/biotabs.nl\/de\/#website"},"datePublished":"2021-09-14T14:48:06+00:00","dateModified":"2021-10-12T14:31:00+00:00","breadcrumb":{"@id":"https:\/\/biotabs.nl\/de\/schulungsraum\/#breadcrumb"},"inLanguage":"de","potentialAction":[{"@type":"ReadAction","target":["https:\/\/biotabs.nl\/de\/schulungsraum\/"]}]},{"@type":"BreadcrumbList","@id":"https:\/\/biotabs.nl\/de\/schulungsraum\/#breadcrumb","itemListElement":[{"@type":"ListItem","position":1,"name":"Home","item":"https:\/\/biotabs.nl\/de\/"},{"@type":"ListItem","position":2,"name":"Schulungsraum"}]},{"@type":"WebSite","@id":"https:\/\/biotabs.nl\/de\/#website","url":"https:\/\/biotabs.nl\/de\/","name":"BioTabs","description":"Easy by Nature","publisher":{"@id":"https:\/\/biotabs.nl\/de\/#organization"},"potentialAction":[{"@type":"SearchAction","target":{"@type":"EntryPoint","urlTemplate":"https:\/\/biotabs.nl\/de\/?s={search_term_string}"},"query-input":{"@type":"PropertyValueSpecification","valueRequired":true,"valueName":"search_term_string"}}],"inLanguage":"de"},{"@type":"Organization","@id":"https:\/\/biotabs.nl\/de\/#organization","name":"BioTabs Easy by Nature","url":"https:\/\/biotabs.nl\/de\/","logo":{"@type":"ImageObject","inLanguage":"de","@id":"https:\/\/biotabs.nl\/de\/#\/schema\/logo\/image\/","url":"https:\/\/biotabs.nl\/wp-content\/uploads\/logo.png","contentUrl":"https:\/\/biotabs.nl\/wp-content\/uploads\/logo.png","width":200,"height":200,"caption":"BioTabs Easy by Nature"},"image":{"@id":"https:\/\/biotabs.nl\/de\/#\/schema\/logo\/image\/"},"sameAs":["https:\/\/www.facebook.com\/biotabs.organics","https:\/\/x.com\/Biotabs","https:\/\/instagram.com\/biotabsorganics","https:\/\/www.youtube.com\/channel\/UCY3QAw9DEfk_tuhQj0NdNxA"]}]}},"_links":{"self":[{"href":"https:\/\/biotabs.nl\/de\/wp-json\/wp\/v2\/pages\/1141","targetHints":{"allow":["GET"]}}],"collection":[{"href":"https:\/\/biotabs.nl\/de\/wp-json\/wp\/v2\/pages"}],"about":[{"href":"https:\/\/biotabs.nl\/de\/wp-json\/wp\/v2\/types\/page"}],"author":[{"embeddable":true,"href":"https:\/\/biotabs.nl\/de\/wp-json\/wp\/v2\/users\/1"}],"replies":[{"embeddable":true,"href":"https:\/\/biotabs.nl\/de\/wp-json\/wp\/v2\/comments?post=1141"}],"version-history":[{"count":0,"href":"https:\/\/biotabs.nl\/de\/wp-json\/wp\/v2\/pages\/1141\/revisions"}],"wp:attachment":[{"href":"https:\/\/biotabs.nl\/de\/wp-json\/wp\/v2\/media?parent=1141"}],"curies":[{"name":"wp","href":"https:\/\/api.w.org\/{rel}","templated":true}]}}