
{"id":1151,"date":"2021-09-14T15:54:13","date_gmt":"2021-09-14T14:54:13","guid":{"rendered":"https:\/\/biotabs.nl\/?page_id=1151"},"modified":"2021-09-14T15:54:13","modified_gmt":"2021-09-14T14:54:13","slug":"bodenleben-seite","status":"publish","type":"page","link":"https:\/\/biotabs.nl\/de\/schulungsraum\/bodenleben-seite\/","title":{"rendered":"Bodenleben seite"},"content":{"rendered":"<div id=\"pl-1151\"  class=\"panel-layout\" ><div id=\"pg-1151-0\"  class=\"panel-grid panel-no-style\" ><div id=\"pgc-1151-0-0\"  class=\"panel-grid-cell\" ><div id=\"panel-1151-0-0-0\" class=\"so-panel widget widget_sow-editor panel-first-child widgetopts-SO\" data-index=\"0\" ><div\n\t\t\t\n\t\t\tclass=\"so-widget-sow-editor so-widget-sow-editor-base\"\n\t\t\t\n\t\t><h2 class=\"widget-title\">BioTabs, Easy by Nature<\/h2>\n<div class=\"siteorigin-widget-tinymce textwidget\">\n\t<p>BioTabs ist eine durchdachte Strategie,die f\u00fcr einen biologische Pflanzenanbau entwickelt wurde und auf Bequemlichkeit, Effizienz und Qualit\u00e4t basiert. Biologischer Anbau klingt kompliziert, ist aber im Wesentlichen die einfachste und reinste Art der Pflanzenkultivierung. In der Natur werden tierische und pflanzliche R\u00fcckst\u00e4nde durch Insekten, Bodenpilze und Bodenbakterien zersetzt und dadaurch den Pflanzen wieder als N\u00e4hrstoffe zur Verf\u00fcgung gestellt. Diese Insekten, Pilze und Bakterien bilden die so genannten Bodenorganismen. Diese Organismen bauen organisches Material ab und wandeln es in Nahrung f\u00fcr Pflanzen um. Auf diese Weise stellen abgestorbene Pflanzen und Tiere eine Nahrungsquelle f\u00fcr neues Leben dar.<\/p>\n<\/div>\n<\/div><\/div><div id=\"panel-1151-0-0-1\" class=\"so-panel widget widget_sow-editor widgetopts-SO\" data-index=\"1\" ><div\n\t\t\t\n\t\t\tclass=\"so-widget-sow-editor so-widget-sow-editor-base\"\n\t\t\t\n\t\t><h2 class=\"widget-title\">Draussen: Der Weg der Natur<\/h2>\n<div class=\"siteorigin-widget-tinymce textwidget\">\n\t<p>Die Grundlage f\u00fcr den organischen Anbau ist die Verwendung von Kompost oder anderen zersetzten organischen Abf\u00e4llen. Bodenorganismen wandeln den Kompost in nat\u00fcrliche pflanzliche Nahrung und Humus um. In den letzten Jahren hat es viele Entwicklungen auf dem Gebiet der Kompostierung gegeben. Bokashi, Wurmkompostierung und sogar schwarzer Soldatenfliegenkompost und Komposttee inspirieren viele Z\u00fcchter. Die Zugabe von zus\u00e4tzlichen Bodenbakterien und Bodenpilzen erm\u00f6glicht es dem Boden, mehr organisches Material abzubauen und es in N\u00e4hrstoffe f\u00fcr Pflanzen umzuwandeln. Auf diese Weise wird der Boden zu einer NPK-Fabrik, die rund um die Uhr arbeitet! Ein gesunder Bodenorganismus hat noch einen weiteren Vorteil. Einige Pilze (Trichoderma) sch\u00fctzen Pflanzen vor Krankheitserregern. Andere Pilze (Mykorrhiza) leben in Symbiose mit der Pflanze und stimulieren das Wachstum des Wurzelsystems und vergr\u00f6\u00dfern dieses um ein vielfaches.<\/p>\n<\/div>\n<\/div><\/div><div id=\"panel-1151-0-0-2\" class=\"so-panel widget widget_sow-editor widgetopts-SO\" data-index=\"2\" ><div\n\t\t\t\n\t\t\tclass=\"so-widget-sow-editor so-widget-sow-editor-base\"\n\t\t\t\n\t\t><h2 class=\"widget-title\">Drinnen: BioTabs<\/h2>\n<div class=\"siteorigin-widget-tinymce textwidget\">\n\t<p>Nicht jede(r) kann oder will seinen\/ihren eigenen Wurmkompost oder Bokashi herstellen. Dar\u00fcber hinaus stellt die Verwendung von k\u00fcnstlicher Pflanzenbeleuchtung hohe Anforderungen an die Pflanzen. F\u00fcr Situationen, die den Pflanzen viel abverlangen, hat BioTabs eine spezielle organische Pflanzennahrungslinie entwickelt, die auf Innovation und Einfachheit basiert. Die Linie besteht aus Superkompost, dem eine Stickstoffquelle mit langsamer Freisetzung hinzugef\u00fcgt wurde. Zudem verwendet BioTabs innovative Biotechnologien wie Mykorrhiza und andere Bodenorganismen um ein ganzheitliches Bodenleben herzustellen. Die Verwendung dieser Bodenorganismen macht BioTabs zu einer besonders effizienten Methode f\u00fcr den organischen Anbau. BioTabs hat langj\u00e4hrgeTests hinter sich und hat schon eine Vielzahl an zufriedenen Grower\/innen gl\u00fccklich gemacht.<\/p>\n<\/div>\n<\/div><\/div><div id=\"panel-1151-0-0-3\" class=\"so-panel widget widget_sow-editor panel-last-child widgetopts-SO\" data-index=\"3\" ><div\n\t\t\t\n\t\t\tclass=\"so-widget-sow-editor so-widget-sow-editor-base\"\n\t\t\t\n\t\t><h2 class=\"widget-title\">Schnell und einfach<\/h2>\n<div class=\"siteorigin-widget-tinymce textwidget\">\n\t<p>BioTabs macht den biologischen Anbau sehr einfach. Der\/Die G\u00e4rtner\/in bereitet die Topf- oder Kokoserde in den T\u00f6pfen in nur wenigen Minuten vor. Man reichert dabei das Substrat mit Bodenorganismen, N\u00e4hrstoffen und Humus an. Danach kann die Pflanze in den Topf gegeben werden und muss bis zur Ernte nur bew\u00e4ssert werden. Kinderleicht! Auf Grund der durchtdachten BioTabs Startegie kann die Bew\u00e4sserung auch automatisch erfolgen, zum Beispiel mit dem Auto-Pot-System. Die BioTabs-Strategie ist eine Art des Anbaus, die viel Zeit spart und praktisch nie schief gehen kann. Aber nat\u00fcrlich ist die Bequemlichkeit nicht das einzige Kriterium, auf das es ankommt; BioTabs garantiert vor allem einen qualitativ hochwertigen Ertrag. BioTabs ist eine sehr geeignete Methode f\u00fcr den biologischen Anbau, sowohl f\u00fcr drinnen als auch f\u00fcr draussen.<\/p>\n<\/div>\n<\/div><\/div><\/div><\/div><\/div>","protected":false},"excerpt":{"rendered":"<p>BioTabs ist eine durchdachte Strategie,die f\u00fcr einen biologische Pflanzenanbau entwickelt wurde und auf Bequemlichkeit, Effizienz und Qualit\u00e4t basiert. Biologischer Anbau klingt kompliziert, ist aber im Wesentlichen die einfachste und reinste Art der Pflanzenkultivierung. In der Natur werden tierische und pflanzliche R\u00fcckst\u00e4nde durch Insekten, Bodenpilze und Bodenbakterien zersetzt und dadaurch den Pflanzen wieder als N\u00e4hrstoffe zur [&hellip;]<\/p>\n","protected":false},"author":1,"featured_media":0,"parent":1141,"menu_order":0,"comment_status":"closed","ping_status":"closed","template":"","meta":{"_acf_changed":false,"footnotes":""},"class_list":["post-1151","page","type-page","status-publish","hentry"],"acf":[],"yoast_head":"<!-- This site is optimized with the Yoast SEO Premium plugin v25.8 (Yoast SEO v27.3) - https:\/\/yoast.com\/product\/yoast-seo-premium-wordpress\/ -->\n<title>Bodenleben seite | BioTabs<\/title>\n<meta name=\"robots\" content=\"index, follow, max-snippet:-1, max-image-preview:large, max-video-preview:-1\" \/>\n<link rel=\"canonical\" href=\"https:\/\/biotabs.nl\/de\/schulungsraum\/bodenleben-seite\/\" \/>\n<meta property=\"og:locale\" content=\"de_DE\" \/>\n<meta property=\"og:type\" content=\"article\" \/>\n<meta property=\"og:title\" content=\"Bodenleben seite\" \/>\n<meta property=\"og:description\" content=\"BioTabs ist eine durchdachte Strategie,die f\u00fcr einen biologische Pflanzenanbau entwickelt wurde und auf Bequemlichkeit, Effizienz und Qualit\u00e4t basiert. Biologischer Anbau klingt kompliziert, ist aber im Wesentlichen die einfachste und reinste Art der Pflanzenkultivierung. In der Natur werden tierische und pflanzliche R\u00fcckst\u00e4nde durch Insekten, Bodenpilze und Bodenbakterien zersetzt und dadaurch den Pflanzen wieder als N\u00e4hrstoffe zur [&hellip;]\" \/>\n<meta property=\"og:url\" content=\"https:\/\/biotabs.nl\/de\/schulungsraum\/bodenleben-seite\/\" \/>\n<meta property=\"og:site_name\" content=\"BioTabs\" \/>\n<meta property=\"article:publisher\" content=\"https:\/\/www.facebook.com\/biotabs.organics\" \/>\n<meta name=\"twitter:card\" content=\"summary_large_image\" \/>\n<meta name=\"twitter:site\" content=\"@Biotabs\" \/>\n<meta name=\"twitter:label1\" content=\"Gesch\u00e4tzte Lesezeit\" \/>\n\t<meta name=\"twitter:data1\" content=\"2\u00a0Minuten\" \/>\n<script type=\"application\/ld+json\" class=\"yoast-schema-graph\">{\"@context\":\"https:\\\/\\\/schema.org\",\"@graph\":[{\"@type\":\"WebPage\",\"@id\":\"https:\\\/\\\/biotabs.nl\\\/de\\\/schulungsraum\\\/bodenleben-seite\\\/\",\"url\":\"https:\\\/\\\/biotabs.nl\\\/de\\\/schulungsraum\\\/bodenleben-seite\\\/\",\"name\":\"Bodenleben seite | BioTabs\",\"isPartOf\":{\"@id\":\"https:\\\/\\\/biotabs.nl\\\/de\\\/#website\"},\"datePublished\":\"2021-09-14T14:54:13+00:00\",\"breadcrumb\":{\"@id\":\"https:\\\/\\\/biotabs.nl\\\/de\\\/schulungsraum\\\/bodenleben-seite\\\/#breadcrumb\"},\"inLanguage\":\"de\",\"potentialAction\":[{\"@type\":\"ReadAction\",\"target\":[\"https:\\\/\\\/biotabs.nl\\\/de\\\/schulungsraum\\\/bodenleben-seite\\\/\"]}]},{\"@type\":\"BreadcrumbList\",\"@id\":\"https:\\\/\\\/biotabs.nl\\\/de\\\/schulungsraum\\\/bodenleben-seite\\\/#breadcrumb\",\"itemListElement\":[{\"@type\":\"ListItem\",\"position\":1,\"name\":\"Home\",\"item\":\"https:\\\/\\\/biotabs.nl\\\/de\\\/\"},{\"@type\":\"ListItem\",\"position\":2,\"name\":\"Schulungsraum\",\"item\":\"https:\\\/\\\/biotabs.nl\\\/de\\\/schulungsraum\\\/\"},{\"@type\":\"ListItem\",\"position\":3,\"name\":\"Bodenleben seite\"}]},{\"@type\":\"WebSite\",\"@id\":\"https:\\\/\\\/biotabs.nl\\\/de\\\/#website\",\"url\":\"https:\\\/\\\/biotabs.nl\\\/de\\\/\",\"name\":\"BioTabs\",\"description\":\"Easy by Nature\",\"publisher\":{\"@id\":\"https:\\\/\\\/biotabs.nl\\\/de\\\/#organization\"},\"potentialAction\":[{\"@type\":\"SearchAction\",\"target\":{\"@type\":\"EntryPoint\",\"urlTemplate\":\"https:\\\/\\\/biotabs.nl\\\/de\\\/?s={search_term_string}\"},\"query-input\":{\"@type\":\"PropertyValueSpecification\",\"valueRequired\":true,\"valueName\":\"search_term_string\"}}],\"inLanguage\":\"de\"},{\"@type\":\"Organization\",\"@id\":\"https:\\\/\\\/biotabs.nl\\\/de\\\/#organization\",\"name\":\"BioTabs Easy by Nature\",\"url\":\"https:\\\/\\\/biotabs.nl\\\/de\\\/\",\"logo\":{\"@type\":\"ImageObject\",\"inLanguage\":\"de\",\"@id\":\"https:\\\/\\\/biotabs.nl\\\/de\\\/#\\\/schema\\\/logo\\\/image\\\/\",\"url\":\"https:\\\/\\\/biotabs.nl\\\/wp-content\\\/uploads\\\/logo.png\",\"contentUrl\":\"https:\\\/\\\/biotabs.nl\\\/wp-content\\\/uploads\\\/logo.png\",\"width\":200,\"height\":200,\"caption\":\"BioTabs Easy by Nature\"},\"image\":{\"@id\":\"https:\\\/\\\/biotabs.nl\\\/de\\\/#\\\/schema\\\/logo\\\/image\\\/\"},\"sameAs\":[\"https:\\\/\\\/www.facebook.com\\\/biotabs.organics\",\"https:\\\/\\\/x.com\\\/Biotabs\",\"https:\\\/\\\/instagram.com\\\/biotabsorganics\",\"https:\\\/\\\/www.youtube.com\\\/channel\\\/UCY3QAw9DEfk_tuhQj0NdNxA\"]}]}<\/script>\n<!-- \/ Yoast SEO Premium plugin. -->","yoast_head_json":{"title":"Bodenleben seite | BioTabs","robots":{"index":"index","follow":"follow","max-snippet":"max-snippet:-1","max-image-preview":"max-image-preview:large","max-video-preview":"max-video-preview:-1"},"canonical":"https:\/\/biotabs.nl\/de\/schulungsraum\/bodenleben-seite\/","og_locale":"de_DE","og_type":"article","og_title":"Bodenleben seite","og_description":"BioTabs ist eine durchdachte Strategie,die f\u00fcr einen biologische Pflanzenanbau entwickelt wurde und auf Bequemlichkeit, Effizienz und Qualit\u00e4t basiert. Biologischer Anbau klingt kompliziert, ist aber im Wesentlichen die einfachste und reinste Art der Pflanzenkultivierung. In der Natur werden tierische und pflanzliche R\u00fcckst\u00e4nde durch Insekten, Bodenpilze und Bodenbakterien zersetzt und dadaurch den Pflanzen wieder als N\u00e4hrstoffe zur [&hellip;]","og_url":"https:\/\/biotabs.nl\/de\/schulungsraum\/bodenleben-seite\/","og_site_name":"BioTabs","article_publisher":"https:\/\/www.facebook.com\/biotabs.organics","twitter_card":"summary_large_image","twitter_site":"@Biotabs","twitter_misc":{"Gesch\u00e4tzte Lesezeit":"2\u00a0Minuten"},"schema":{"@context":"https:\/\/schema.org","@graph":[{"@type":"WebPage","@id":"https:\/\/biotabs.nl\/de\/schulungsraum\/bodenleben-seite\/","url":"https:\/\/biotabs.nl\/de\/schulungsraum\/bodenleben-seite\/","name":"Bodenleben seite | BioTabs","isPartOf":{"@id":"https:\/\/biotabs.nl\/de\/#website"},"datePublished":"2021-09-14T14:54:13+00:00","breadcrumb":{"@id":"https:\/\/biotabs.nl\/de\/schulungsraum\/bodenleben-seite\/#breadcrumb"},"inLanguage":"de","potentialAction":[{"@type":"ReadAction","target":["https:\/\/biotabs.nl\/de\/schulungsraum\/bodenleben-seite\/"]}]},{"@type":"BreadcrumbList","@id":"https:\/\/biotabs.nl\/de\/schulungsraum\/bodenleben-seite\/#breadcrumb","itemListElement":[{"@type":"ListItem","position":1,"name":"Home","item":"https:\/\/biotabs.nl\/de\/"},{"@type":"ListItem","position":2,"name":"Schulungsraum","item":"https:\/\/biotabs.nl\/de\/schulungsraum\/"},{"@type":"ListItem","position":3,"name":"Bodenleben seite"}]},{"@type":"WebSite","@id":"https:\/\/biotabs.nl\/de\/#website","url":"https:\/\/biotabs.nl\/de\/","name":"BioTabs","description":"Easy by Nature","publisher":{"@id":"https:\/\/biotabs.nl\/de\/#organization"},"potentialAction":[{"@type":"SearchAction","target":{"@type":"EntryPoint","urlTemplate":"https:\/\/biotabs.nl\/de\/?s={search_term_string}"},"query-input":{"@type":"PropertyValueSpecification","valueRequired":true,"valueName":"search_term_string"}}],"inLanguage":"de"},{"@type":"Organization","@id":"https:\/\/biotabs.nl\/de\/#organization","name":"BioTabs Easy by Nature","url":"https:\/\/biotabs.nl\/de\/","logo":{"@type":"ImageObject","inLanguage":"de","@id":"https:\/\/biotabs.nl\/de\/#\/schema\/logo\/image\/","url":"https:\/\/biotabs.nl\/wp-content\/uploads\/logo.png","contentUrl":"https:\/\/biotabs.nl\/wp-content\/uploads\/logo.png","width":200,"height":200,"caption":"BioTabs Easy by Nature"},"image":{"@id":"https:\/\/biotabs.nl\/de\/#\/schema\/logo\/image\/"},"sameAs":["https:\/\/www.facebook.com\/biotabs.organics","https:\/\/x.com\/Biotabs","https:\/\/instagram.com\/biotabsorganics","https:\/\/www.youtube.com\/channel\/UCY3QAw9DEfk_tuhQj0NdNxA"]}]}},"_links":{"self":[{"href":"https:\/\/biotabs.nl\/de\/wp-json\/wp\/v2\/pages\/1151","targetHints":{"allow":["GET"]}}],"collection":[{"href":"https:\/\/biotabs.nl\/de\/wp-json\/wp\/v2\/pages"}],"about":[{"href":"https:\/\/biotabs.nl\/de\/wp-json\/wp\/v2\/types\/page"}],"author":[{"embeddable":true,"href":"https:\/\/biotabs.nl\/de\/wp-json\/wp\/v2\/users\/1"}],"replies":[{"embeddable":true,"href":"https:\/\/biotabs.nl\/de\/wp-json\/wp\/v2\/comments?post=1151"}],"version-history":[{"count":0,"href":"https:\/\/biotabs.nl\/de\/wp-json\/wp\/v2\/pages\/1151\/revisions"}],"up":[{"embeddable":true,"href":"https:\/\/biotabs.nl\/de\/wp-json\/wp\/v2\/pages\/1141"}],"wp:attachment":[{"href":"https:\/\/biotabs.nl\/de\/wp-json\/wp\/v2\/media?parent=1151"}],"curies":[{"name":"wp","href":"https:\/\/api.w.org\/{rel}","templated":true}]}}