
{"id":1156,"date":"2021-09-14T16:07:17","date_gmt":"2021-09-14T15:07:17","guid":{"rendered":"https:\/\/biotabs.nl\/?page_id=1156"},"modified":"2021-12-22T17:43:01","modified_gmt":"2021-12-22T16:43:01","slug":"ueber-biotabs","status":"publish","type":"page","link":"https:\/\/biotabs.nl\/de\/ueber-biotabs\/","title":{"rendered":"\u00dcber BioTabs"},"content":{"rendered":"<div id=\"pl-1156\"  class=\"panel-layout\" ><div id=\"pg-1156-0\"  class=\"panel-grid panel-no-style\" ><div id=\"pgc-1156-0-0\"  class=\"panel-grid-cell\" ><div id=\"panel-1156-0-0-0\" class=\"so-panel widget widget_sow-editor panel-first-child panel-last-child widgetopts-SO\" data-index=\"0\" ><div\n\t\t\t\n\t\t\tclass=\"so-widget-sow-editor so-widget-sow-editor-base\"\n\t\t\t\n\t\t><h2 class=\"widget-title\">About BioTabs Organic Fertilisers<\/h2>\n<div class=\"siteorigin-widget-tinymce textwidget\">\n\t<p>BioTabs Organic Fertitilizers ist ein innovatives Forschungsunternehmen und Hersteller von organischen D\u00fcnge- und Bodenverbesserungsmitteln mit Sitz in den Niederlanden. Unser Team besteht aus erfahrenen Z\u00fcchter\/innen mit mehr als 35 Jahren Erfahrung auf dem Gebiet der Pflanzenz\u00fcchtung. \u00dcber 25 Jahren haben wir das Wachstum unserer geliebten Pflanzen durch mineralische D\u00fcnger unterst\u00fctzt, aber vor 10 Jahren haben wir zum ersten Mal den Einsatz von organischen D\u00fcngern getestet.<\/p>\n<p><strong>Dies war ein echter Wendepunkt f\u00fcr unser Unternehmen.<\/strong><\/p>\n<p><strong>Die Ergebnisse waren beeindruckend. Nach einer ertragreichen Ernte erkannten wir den Geschmack und den Geruch unserer Pflanzen kaum wieder.<\/strong><\/p>\n<p>Das Aroma war deutlich voller und intensiver, als wir es je zuvor erlebt hatten. Aber das war erst der Anfang unserer Suche nach der ultimativen biologischen Anbaumethode.<\/p>\n<p><strong>Das war die Geburt der BioTabs Idee<\/strong><\/p>\n<\/div>\n<\/div><\/div><\/div><div id=\"pgc-1156-0-1\"  class=\"panel-grid-cell\" ><div id=\"panel-1156-0-1-0\" class=\"widget_text so-panel widget widget_custom_html panel-first-child panel-last-child widgetopts-SO\" data-index=\"1\" ><div class=\"textwidget custom-html-widget\"><style>.embed-container { position: relative; padding-bottom: 56.25%; height: 0; overflow: hidden; max-width: 100%; } .embed-container iframe, .embed-container object, .embed-container embed { position: absolute; top: 0; left: 0; width: 100%; height: 100%; }<\/style><div class='embed-container'><iframe data-src='https:\/\/www.youtube.com\/embed\/PRWaH8OOwEw' frameborder='0' allowfullscreen src='data:image\/svg+xml;base64,PHN2ZyB3aWR0aD0iMSIgaGVpZ2h0PSIxIiB4bWxucz0iaHR0cDovL3d3dy53My5vcmcvMjAwMC9zdmciPjwvc3ZnPg==' class='lazyload' data-load-mode='1'><\/iframe><\/div><\/div><\/div><\/div><\/div><\/div>","protected":false},"excerpt":{"rendered":"<p>BioTabs Organic Fertitilizers ist ein innovatives Forschungsunternehmen und Hersteller von organischen D\u00fcnge- und Bodenverbesserungsmitteln mit Sitz in den Niederlanden. Unser Team besteht aus erfahrenen Z\u00fcchter\/innen mit mehr als 35 Jahren Erfahrung auf dem Gebiet der Pflanzenz\u00fcchtung. \u00dcber 25 Jahren haben wir das Wachstum unserer geliebten Pflanzen durch mineralische D\u00fcnger unterst\u00fctzt, aber vor 10 Jahren haben [&hellip;]<\/p>\n","protected":false},"author":1,"featured_media":0,"parent":0,"menu_order":0,"comment_status":"closed","ping_status":"closed","template":"","meta":{"_acf_changed":false,"footnotes":""},"class_list":["post-1156","page","type-page","status-publish","hentry"],"acf":[],"yoast_head":"<!-- This site is optimized with the Yoast SEO Premium plugin v25.8 (Yoast SEO v27.4) - https:\/\/yoast.com\/product\/yoast-seo-premium-wordpress\/ -->\n<title>\u00dcber BioTabs | BioTabs<\/title>\n<meta name=\"robots\" content=\"index, follow, max-snippet:-1, max-image-preview:large, max-video-preview:-1\" \/>\n<link rel=\"canonical\" href=\"https:\/\/biotabs.nl\/de\/ueber-biotabs\/\" \/>\n<meta property=\"og:locale\" content=\"de_DE\" \/>\n<meta property=\"og:type\" content=\"article\" \/>\n<meta property=\"og:title\" content=\"\u00dcber BioTabs\" \/>\n<meta property=\"og:description\" content=\"BioTabs Organic Fertitilizers ist ein innovatives Forschungsunternehmen und Hersteller von organischen D\u00fcnge- und Bodenverbesserungsmitteln mit Sitz in den Niederlanden. Unser Team besteht aus erfahrenen Z\u00fcchter\/innen mit mehr als 35 Jahren Erfahrung auf dem Gebiet der Pflanzenz\u00fcchtung. \u00dcber 25 Jahren haben wir das Wachstum unserer geliebten Pflanzen durch mineralische D\u00fcnger unterst\u00fctzt, aber vor 10 Jahren haben [&hellip;]\" \/>\n<meta property=\"og:url\" content=\"https:\/\/biotabs.nl\/de\/ueber-biotabs\/\" \/>\n<meta property=\"og:site_name\" content=\"BioTabs\" \/>\n<meta property=\"article:publisher\" content=\"https:\/\/www.facebook.com\/biotabs.organics\" \/>\n<meta property=\"article:modified_time\" content=\"2021-12-22T16:43:01+00:00\" \/>\n<meta name=\"twitter:card\" content=\"summary_large_image\" \/>\n<meta name=\"twitter:site\" content=\"@Biotabs\" \/>\n<meta name=\"twitter:label1\" content=\"Gesch\u00e4tzte Lesezeit\" \/>\n\t<meta name=\"twitter:data1\" content=\"1\u00a0Minute\" \/>\n<script type=\"application\/ld+json\" class=\"yoast-schema-graph\">{\"@context\":\"https:\\\/\\\/schema.org\",\"@graph\":[{\"@type\":\"WebPage\",\"@id\":\"https:\\\/\\\/biotabs.nl\\\/de\\\/ueber-biotabs\\\/\",\"url\":\"https:\\\/\\\/biotabs.nl\\\/de\\\/ueber-biotabs\\\/\",\"name\":\"\u00dcber BioTabs | BioTabs\",\"isPartOf\":{\"@id\":\"https:\\\/\\\/biotabs.nl\\\/de\\\/#website\"},\"datePublished\":\"2021-09-14T15:07:17+00:00\",\"dateModified\":\"2021-12-22T16:43:01+00:00\",\"breadcrumb\":{\"@id\":\"https:\\\/\\\/biotabs.nl\\\/de\\\/ueber-biotabs\\\/#breadcrumb\"},\"inLanguage\":\"de\",\"potentialAction\":[{\"@type\":\"ReadAction\",\"target\":[\"https:\\\/\\\/biotabs.nl\\\/de\\\/ueber-biotabs\\\/\"]}]},{\"@type\":\"BreadcrumbList\",\"@id\":\"https:\\\/\\\/biotabs.nl\\\/de\\\/ueber-biotabs\\\/#breadcrumb\",\"itemListElement\":[{\"@type\":\"ListItem\",\"position\":1,\"name\":\"Home\",\"item\":\"https:\\\/\\\/biotabs.nl\\\/de\\\/\"},{\"@type\":\"ListItem\",\"position\":2,\"name\":\"\u00dcber BioTabs\"}]},{\"@type\":\"WebSite\",\"@id\":\"https:\\\/\\\/biotabs.nl\\\/de\\\/#website\",\"url\":\"https:\\\/\\\/biotabs.nl\\\/de\\\/\",\"name\":\"BioTabs\",\"description\":\"Easy by Nature\",\"publisher\":{\"@id\":\"https:\\\/\\\/biotabs.nl\\\/de\\\/#organization\"},\"potentialAction\":[{\"@type\":\"SearchAction\",\"target\":{\"@type\":\"EntryPoint\",\"urlTemplate\":\"https:\\\/\\\/biotabs.nl\\\/de\\\/?s={search_term_string}\"},\"query-input\":{\"@type\":\"PropertyValueSpecification\",\"valueRequired\":true,\"valueName\":\"search_term_string\"}}],\"inLanguage\":\"de\"},{\"@type\":\"Organization\",\"@id\":\"https:\\\/\\\/biotabs.nl\\\/de\\\/#organization\",\"name\":\"BioTabs Easy by Nature\",\"url\":\"https:\\\/\\\/biotabs.nl\\\/de\\\/\",\"logo\":{\"@type\":\"ImageObject\",\"inLanguage\":\"de\",\"@id\":\"https:\\\/\\\/biotabs.nl\\\/de\\\/#\\\/schema\\\/logo\\\/image\\\/\",\"url\":\"https:\\\/\\\/biotabs.nl\\\/wp-content\\\/uploads\\\/logo.png\",\"contentUrl\":\"https:\\\/\\\/biotabs.nl\\\/wp-content\\\/uploads\\\/logo.png\",\"width\":200,\"height\":200,\"caption\":\"BioTabs Easy by Nature\"},\"image\":{\"@id\":\"https:\\\/\\\/biotabs.nl\\\/de\\\/#\\\/schema\\\/logo\\\/image\\\/\"},\"sameAs\":[\"https:\\\/\\\/www.facebook.com\\\/biotabs.organics\",\"https:\\\/\\\/x.com\\\/Biotabs\",\"https:\\\/\\\/instagram.com\\\/biotabsorganics\",\"https:\\\/\\\/www.youtube.com\\\/channel\\\/UCY3QAw9DEfk_tuhQj0NdNxA\"]}]}<\/script>\n<!-- \/ Yoast SEO Premium plugin. -->","yoast_head_json":{"title":"\u00dcber BioTabs | BioTabs","robots":{"index":"index","follow":"follow","max-snippet":"max-snippet:-1","max-image-preview":"max-image-preview:large","max-video-preview":"max-video-preview:-1"},"canonical":"https:\/\/biotabs.nl\/de\/ueber-biotabs\/","og_locale":"de_DE","og_type":"article","og_title":"\u00dcber BioTabs","og_description":"BioTabs Organic Fertitilizers ist ein innovatives Forschungsunternehmen und Hersteller von organischen D\u00fcnge- und Bodenverbesserungsmitteln mit Sitz in den Niederlanden. Unser Team besteht aus erfahrenen Z\u00fcchter\/innen mit mehr als 35 Jahren Erfahrung auf dem Gebiet der Pflanzenz\u00fcchtung. \u00dcber 25 Jahren haben wir das Wachstum unserer geliebten Pflanzen durch mineralische D\u00fcnger unterst\u00fctzt, aber vor 10 Jahren haben [&hellip;]","og_url":"https:\/\/biotabs.nl\/de\/ueber-biotabs\/","og_site_name":"BioTabs","article_publisher":"https:\/\/www.facebook.com\/biotabs.organics","article_modified_time":"2021-12-22T16:43:01+00:00","twitter_card":"summary_large_image","twitter_site":"@Biotabs","twitter_misc":{"Gesch\u00e4tzte Lesezeit":"1\u00a0Minute"},"schema":{"@context":"https:\/\/schema.org","@graph":[{"@type":"WebPage","@id":"https:\/\/biotabs.nl\/de\/ueber-biotabs\/","url":"https:\/\/biotabs.nl\/de\/ueber-biotabs\/","name":"\u00dcber BioTabs | BioTabs","isPartOf":{"@id":"https:\/\/biotabs.nl\/de\/#website"},"datePublished":"2021-09-14T15:07:17+00:00","dateModified":"2021-12-22T16:43:01+00:00","breadcrumb":{"@id":"https:\/\/biotabs.nl\/de\/ueber-biotabs\/#breadcrumb"},"inLanguage":"de","potentialAction":[{"@type":"ReadAction","target":["https:\/\/biotabs.nl\/de\/ueber-biotabs\/"]}]},{"@type":"BreadcrumbList","@id":"https:\/\/biotabs.nl\/de\/ueber-biotabs\/#breadcrumb","itemListElement":[{"@type":"ListItem","position":1,"name":"Home","item":"https:\/\/biotabs.nl\/de\/"},{"@type":"ListItem","position":2,"name":"\u00dcber BioTabs"}]},{"@type":"WebSite","@id":"https:\/\/biotabs.nl\/de\/#website","url":"https:\/\/biotabs.nl\/de\/","name":"BioTabs","description":"Easy by Nature","publisher":{"@id":"https:\/\/biotabs.nl\/de\/#organization"},"potentialAction":[{"@type":"SearchAction","target":{"@type":"EntryPoint","urlTemplate":"https:\/\/biotabs.nl\/de\/?s={search_term_string}"},"query-input":{"@type":"PropertyValueSpecification","valueRequired":true,"valueName":"search_term_string"}}],"inLanguage":"de"},{"@type":"Organization","@id":"https:\/\/biotabs.nl\/de\/#organization","name":"BioTabs Easy by Nature","url":"https:\/\/biotabs.nl\/de\/","logo":{"@type":"ImageObject","inLanguage":"de","@id":"https:\/\/biotabs.nl\/de\/#\/schema\/logo\/image\/","url":"https:\/\/biotabs.nl\/wp-content\/uploads\/logo.png","contentUrl":"https:\/\/biotabs.nl\/wp-content\/uploads\/logo.png","width":200,"height":200,"caption":"BioTabs Easy by Nature"},"image":{"@id":"https:\/\/biotabs.nl\/de\/#\/schema\/logo\/image\/"},"sameAs":["https:\/\/www.facebook.com\/biotabs.organics","https:\/\/x.com\/Biotabs","https:\/\/instagram.com\/biotabsorganics","https:\/\/www.youtube.com\/channel\/UCY3QAw9DEfk_tuhQj0NdNxA"]}]}},"_links":{"self":[{"href":"https:\/\/biotabs.nl\/de\/wp-json\/wp\/v2\/pages\/1156","targetHints":{"allow":["GET"]}}],"collection":[{"href":"https:\/\/biotabs.nl\/de\/wp-json\/wp\/v2\/pages"}],"about":[{"href":"https:\/\/biotabs.nl\/de\/wp-json\/wp\/v2\/types\/page"}],"author":[{"embeddable":true,"href":"https:\/\/biotabs.nl\/de\/wp-json\/wp\/v2\/users\/1"}],"replies":[{"embeddable":true,"href":"https:\/\/biotabs.nl\/de\/wp-json\/wp\/v2\/comments?post=1156"}],"version-history":[{"count":2,"href":"https:\/\/biotabs.nl\/de\/wp-json\/wp\/v2\/pages\/1156\/revisions"}],"predecessor-version":[{"id":10248,"href":"https:\/\/biotabs.nl\/de\/wp-json\/wp\/v2\/pages\/1156\/revisions\/10248"}],"wp:attachment":[{"href":"https:\/\/biotabs.nl\/de\/wp-json\/wp\/v2\/media?parent=1156"}],"curies":[{"name":"wp","href":"https:\/\/api.w.org\/{rel}","templated":true}]}}