
{"id":1168,"date":"2021-09-14T16:15:44","date_gmt":"2021-09-14T15:15:44","guid":{"rendered":"https:\/\/biotabs.nl\/?page_id=1168"},"modified":"2021-09-14T16:15:44","modified_gmt":"2021-09-14T15:15:44","slug":"technische-datenblaetter","status":"publish","type":"page","link":"https:\/\/biotabs.nl\/de\/schulungsraum\/technische-datenblaetter\/","title":{"rendered":"Technische datenbl\u00e4tter"},"content":{"rendered":"<div id=\"pl-1168\"  class=\"panel-layout\" ><div id=\"pg-1168-0\"  class=\"panel-grid panel-has-style\" ><div class=\"technical-sheets panel-row-style panel-row-style-for-1168-0\" ><div id=\"pgc-1168-0-0\"  class=\"panel-grid-cell\" ><div id=\"panel-1168-0-0-0\" class=\"so-panel widget widget_sow-image panel-first-child widgetopts-SO\" data-index=\"0\" ><div\n\t\t\t\n\t\t\tclass=\"so-widget-sow-image so-widget-sow-image-default-8b5b6f678277-1168\"\n\t\t\t\n\t\t>\n<div class=\"sow-image-container\">\n\t\t<img \n\tdata-src=\"https:\/\/www.l5cdn.com\/biotabs\/technical-sheet-biotabs.jpg\" title=\"Technische datenbl\u00e4tter\" alt=\"\" \t\tclass=\"so-widget-image lazyload\" src=\"data:image\/svg+xml;base64,PHN2ZyB3aWR0aD0iMSIgaGVpZ2h0PSIxIiB4bWxucz0iaHR0cDovL3d3dy53My5vcmcvMjAwMC9zdmciPjwvc3ZnPg==\" \/>\n\t<\/div>\n\n<\/div><\/div><div id=\"panel-1168-0-0-1\" class=\"so-panel widget widget_sow-editor panel-last-child widgetopts-SO\" data-index=\"1\" ><div\n\t\t\t\n\t\t\tclass=\"so-widget-sow-editor so-widget-sow-editor-base\"\n\t\t\t\n\t\t>\n<div class=\"siteorigin-widget-tinymce textwidget\">\n\t<h4>BioTabs<\/h4>\n<p>Verf\u00fcgbare Sprachen:<\/p>\n<ul class=\"list-buttons\">\n<li><a href=\"\/download\/technical-sheet-biotabs-english.pdf\" target=\"_blank\" rel=\"noopener\">English<\/a><\/li>\n<li><a href=\"\/download\/technical-sheet-biotabs-spanish.pdf\" target=\"_blank\" rel=\"noopener\">Spanish<\/a><\/li>\n<li><a href=\"\/download\/technical-sheet-biotabs-french.pdf\" target=\"_blank\" rel=\"noopener\">French<\/a><\/li>\n<li><a href=\"\/download\/technical-sheet-biotabs-german.pdf\" target=\"_blank\" rel=\"noopener\">German<\/a><\/li>\n<\/ul>\n<\/div>\n<\/div><\/div><\/div><div id=\"pgc-1168-0-1\"  class=\"panel-grid-cell\" ><div id=\"panel-1168-0-1-0\" class=\"so-panel widget widget_sow-image panel-first-child widgetopts-SO\" data-index=\"2\" ><div\n\t\t\t\n\t\t\tclass=\"so-widget-sow-image so-widget-sow-image-default-8b5b6f678277-1168\"\n\t\t\t\n\t\t>\n<div class=\"sow-image-container\">\n\t\t<img \n\tdata-src=\"https:\/\/www.l5cdn.com\/biotabs\/technical-sheet-bactrex.jpg\" title=\"Technische datenbl\u00e4tter\" alt=\"\" \t\tclass=\"so-widget-image lazyload\" src=\"data:image\/svg+xml;base64,PHN2ZyB3aWR0aD0iMSIgaGVpZ2h0PSIxIiB4bWxucz0iaHR0cDovL3d3dy53My5vcmcvMjAwMC9zdmciPjwvc3ZnPg==\" \/>\n\t<\/div>\n\n<\/div><\/div><div id=\"panel-1168-0-1-1\" class=\"so-panel widget widget_sow-editor panel-last-child widgetopts-SO\" data-index=\"3\" ><div\n\t\t\t\n\t\t\tclass=\"so-widget-sow-editor so-widget-sow-editor-base\"\n\t\t\t\n\t\t>\n<div class=\"siteorigin-widget-tinymce textwidget\">\n\t<h4>Bactrex<\/h4>\n<p>Verf\u00fcgbare Sprachen:<\/p>\n<ul class=\"list-buttons\">\n<li><a href=\"\/download\/technical-sheet-bactrex-english.pdf\" target=\"_blank\" rel=\"noopener\">English<\/a><\/li>\n<li><a href=\"\/download\/technical-sheet-bactrex-spanish.pdf\" target=\"_blank\" rel=\"noopener\">Spanish<\/a><\/li>\n<li><a href=\"\/download\/technical-sheet-bactrex-french.pdf\" target=\"_blank\" rel=\"noopener\">French<\/a><\/li>\n<li><a href=\"\/download\/technical-sheet-bactrex-german.pdf\" target=\"_blank\" rel=\"noopener\">German<\/a><\/li>\n<\/ul>\n<\/div>\n<\/div><\/div><\/div><div id=\"pgc-1168-0-2\"  class=\"panel-grid-cell\" ><div id=\"panel-1168-0-2-0\" class=\"so-panel widget widget_sow-image panel-first-child widgetopts-SO\" data-index=\"4\" ><div\n\t\t\t\n\t\t\tclass=\"so-widget-sow-image so-widget-sow-image-default-8b5b6f678277-1168\"\n\t\t\t\n\t\t>\n<div class=\"sow-image-container\">\n\t\t<img \n\tdata-src=\"https:\/\/www.l5cdn.com\/biotabs\/technical-sheet-boom-boom-spray.jpg\" title=\"Technische datenbl\u00e4tter\" alt=\"\" \t\tclass=\"so-widget-image lazyload\" src=\"data:image\/svg+xml;base64,PHN2ZyB3aWR0aD0iMSIgaGVpZ2h0PSIxIiB4bWxucz0iaHR0cDovL3d3dy53My5vcmcvMjAwMC9zdmciPjwvc3ZnPg==\" \/>\n\t<\/div>\n\n<\/div><\/div><div id=\"panel-1168-0-2-1\" class=\"so-panel widget widget_sow-editor panel-last-child widgetopts-SO\" data-index=\"5\" ><div\n\t\t\t\n\t\t\tclass=\"so-widget-sow-editor so-widget-sow-editor-base\"\n\t\t\t\n\t\t>\n<div class=\"siteorigin-widget-tinymce textwidget\">\n\t<h4>Boom Boom Spray<\/h4>\n<p>Verf\u00fcgbare Sprachen:<\/p>\n<ul class=\"list-buttons\">\n<li><a href=\"\/download\/technical-sheet-boom-boom-spray-english.pdf\" target=\"_blank\" rel=\"noopener\">English<\/a><\/li>\n<li><a href=\"\/download\/technical-sheet-boom-boom-spray-spanish.pdf\" target=\"_blank\" rel=\"noopener\">Spanish<\/a><\/li>\n<li><a href=\"\/download\/technical-sheet-boom-boom-spray-french.pdf\" target=\"_blank\" rel=\"noopener\">French<\/a><\/li>\n<li><a href=\"\/download\/technical-sheet-boom-boom-spray-german.pdf\" target=\"_blank\" rel=\"noopener\">German<\/a><\/li>\n<\/ul>\n<\/div>\n<\/div><\/div><\/div><\/div><\/div><div id=\"pg-1168-1\"  class=\"panel-grid panel-has-style\" ><div class=\"technical-sheets panel-row-style panel-row-style-for-1168-1\" ><div id=\"pgc-1168-1-0\"  class=\"panel-grid-cell\" ><div id=\"panel-1168-1-0-0\" class=\"so-panel widget widget_sow-image panel-first-child widgetopts-SO\" data-index=\"6\" ><div\n\t\t\t\n\t\t\tclass=\"so-widget-sow-image so-widget-sow-image-default-8b5b6f678277-1168\"\n\t\t\t\n\t\t>\n<div class=\"sow-image-container\">\n\t\t<img \n\tdata-src=\"https:\/\/www.l5cdn.com\/biotabs\/technical-sheet-guerrilla-juice.jpg\" title=\"Technische datenbl\u00e4tter\" alt=\"\" \t\tclass=\"so-widget-image lazyload\" src=\"data:image\/svg+xml;base64,PHN2ZyB3aWR0aD0iMSIgaGVpZ2h0PSIxIiB4bWxucz0iaHR0cDovL3d3dy53My5vcmcvMjAwMC9zdmciPjwvc3ZnPg==\" \/>\n\t<\/div>\n\n<\/div><\/div><div id=\"panel-1168-1-0-1\" class=\"so-panel widget widget_sow-editor panel-last-child widgetopts-SO\" data-index=\"7\" ><div\n\t\t\t\n\t\t\tclass=\"so-widget-sow-editor so-widget-sow-editor-base\"\n\t\t\t\n\t\t>\n<div class=\"siteorigin-widget-tinymce textwidget\">\n\t<h4>Guerrilla Juice<\/h4>\n<p>Verf\u00fcgbare Sprachen:<\/p>\n<ul class=\"list-buttons\">\n<li><a href=\"\/download\/technical-sheet-guerrilla-juice-english.pdf\" target=\"_blank\" rel=\"noopener\">English<\/a><\/li>\n<li><a href=\"\/download\/technical-sheet-guerrilla-juice-spanish.pdf\" target=\"_blank\" rel=\"noopener\">Spanish<\/a><\/li>\n<li><a href=\"\/download\/technical-sheet-guerrilla-juice-french.pdf\" target=\"_blank\" rel=\"noopener\">French<\/a><\/li>\n<li><a href=\"\/download\/technical-sheet-guerrilla-juice-german.pdf\" target=\"_blank\" rel=\"noopener\">German<\/a><\/li>\n<\/ul>\n<\/div>\n<\/div><\/div><\/div><div id=\"pgc-1168-1-1\"  class=\"panel-grid-cell\" ><div id=\"panel-1168-1-1-0\" class=\"so-panel widget widget_sow-image panel-first-child widgetopts-SO\" data-index=\"8\" ><div\n\t\t\t\n\t\t\tclass=\"so-widget-sow-image so-widget-sow-image-default-8b5b6f678277-1168\"\n\t\t\t\n\t\t>\n<div class=\"sow-image-container\">\n\t\t<img \n\tdata-src=\"https:\/\/www.l5cdn.com\/biotabs\/technical-sheet-guerrilla-tabs.jpg\" title=\"Technische datenbl\u00e4tter\" alt=\"\" \t\tclass=\"so-widget-image lazyload\" src=\"data:image\/svg+xml;base64,PHN2ZyB3aWR0aD0iMSIgaGVpZ2h0PSIxIiB4bWxucz0iaHR0cDovL3d3dy53My5vcmcvMjAwMC9zdmciPjwvc3ZnPg==\" \/>\n\t<\/div>\n\n<\/div><\/div><div id=\"panel-1168-1-1-1\" class=\"so-panel widget widget_sow-editor panel-last-child widgetopts-SO\" data-index=\"9\" ><div\n\t\t\t\n\t\t\tclass=\"so-widget-sow-editor so-widget-sow-editor-base\"\n\t\t\t\n\t\t>\n<div class=\"siteorigin-widget-tinymce textwidget\">\n\t<h4>Guerrilla Tabs<\/h4>\n<p>Verf\u00fcgbare Sprachen:<\/p>\n<ul class=\"list-buttons\">\n<li><a href=\"\/download\/technical-sheet-guerrilla-tabs-english.pdf\" target=\"_blank\" rel=\"noopener\">English<\/a><\/li>\n<li><a href=\"\/download\/technical-sheet-guerrilla-tabs-spanish.pdf\" target=\"_blank\" rel=\"noopener\">Spanish<\/a><\/li>\n<li><a href=\"\/download\/technical-sheet-guerrilla-tabs-french.pdf\" target=\"_blank\" rel=\"noopener\">French<\/a><\/li>\n<li><a href=\"\/download\/technical-sheet-guerrilla-tabs-german.pdf\" target=\"_blank\" rel=\"noopener\">German<\/a><\/li>\n<\/ul>\n<\/div>\n<\/div><\/div><\/div><div id=\"pgc-1168-1-2\"  class=\"panel-grid-cell\" ><div id=\"panel-1168-1-2-0\" class=\"so-panel widget widget_sow-image panel-first-child widgetopts-SO\" data-index=\"10\" ><div\n\t\t\t\n\t\t\tclass=\"so-widget-sow-image so-widget-sow-image-default-8b5b6f678277-1168\"\n\t\t\t\n\t\t>\n<div class=\"sow-image-container\">\n\t\t<img \n\tdata-src=\"https:\/\/www.l5cdn.com\/biotabs\/technical-sheet-startrex.jpg\" title=\"Technische datenbl\u00e4tter\" alt=\"\" \t\tclass=\"so-widget-image lazyload\" src=\"data:image\/svg+xml;base64,PHN2ZyB3aWR0aD0iMSIgaGVpZ2h0PSIxIiB4bWxucz0iaHR0cDovL3d3dy53My5vcmcvMjAwMC9zdmciPjwvc3ZnPg==\" \/>\n\t<\/div>\n\n<\/div><\/div><div id=\"panel-1168-1-2-1\" class=\"so-panel widget widget_sow-editor panel-last-child widgetopts-SO\" data-index=\"11\" ><div\n\t\t\t\n\t\t\tclass=\"so-widget-sow-editor so-widget-sow-editor-base\"\n\t\t\t\n\t\t>\n<div class=\"siteorigin-widget-tinymce textwidget\">\n\t<h4>Startrex<\/h4>\n<p>Verf\u00fcgbare Sprachen:<\/p>\n<ul class=\"list-buttons\">\n<li><a href=\"\/download\/technical-sheet-startrex-english.pdf\" target=\"_blank\" rel=\"noopener\">English<\/a><\/li>\n<li><a href=\"\/download\/technical-sheet-startrex-spanish.pdf\" target=\"_blank\" rel=\"noopener\">Spanish<\/a><\/li>\n<li><a href=\"\/download\/technical-sheet-startrex-french.pdf\" target=\"_blank\" rel=\"noopener\">French<\/a><\/li>\n<li><a href=\"\/download\/technical-sheet-startrex-german.pdf\" target=\"_blank\" rel=\"noopener\">German<\/a><\/li>\n<\/ul>\n<\/div>\n<\/div><\/div><\/div><\/div><\/div><div id=\"pg-1168-2\"  class=\"panel-grid panel-has-style\" ><div class=\"technical-sheets panel-row-style panel-row-style-for-1168-2\" ><div id=\"pgc-1168-2-0\"  class=\"panel-grid-cell\" ><div id=\"panel-1168-2-0-0\" class=\"so-panel widget widget_sow-image panel-first-child widgetopts-SO\" data-index=\"12\" ><div\n\t\t\t\n\t\t\tclass=\"so-widget-sow-image so-widget-sow-image-default-8b5b6f678277-1168\"\n\t\t\t\n\t\t>\n<div class=\"sow-image-container\">\n\t\t<img \n\tdata-src=\"https:\/\/www.l5cdn.com\/biotabs\/technical-sheet-pk-booster.jpg\" title=\"Technische datenbl\u00e4tter\" alt=\"\" \t\tclass=\"so-widget-image lazyload\" src=\"data:image\/svg+xml;base64,PHN2ZyB3aWR0aD0iMSIgaGVpZ2h0PSIxIiB4bWxucz0iaHR0cDovL3d3dy53My5vcmcvMjAwMC9zdmciPjwvc3ZnPg==\" \/>\n\t<\/div>\n\n<\/div><\/div><div id=\"panel-1168-2-0-1\" class=\"so-panel widget widget_sow-editor panel-last-child widgetopts-SO\" data-index=\"13\" ><div\n\t\t\t\n\t\t\tclass=\"so-widget-sow-editor so-widget-sow-editor-base\"\n\t\t\t\n\t\t>\n<div class=\"siteorigin-widget-tinymce textwidget\">\n\t<h4>PK Booster<\/h4>\n<p>Verf\u00fcgbare Sprachen:<\/p>\n<ul class=\"list-buttons\">\n<li><a href=\"\/download\/technical-sheet-pk-booster-english.pdf\" target=\"_blank\" rel=\"noopener\">English<\/a><\/li>\n<li><a href=\"\/download\/technical-sheet-pk-booster-spanish.pdf\" target=\"_blank\" rel=\"noopener\">Spanish<\/a><\/li>\n<li><a href=\"\/download\/technical-sheet-pk-booster-french.pdf\" target=\"_blank\" rel=\"noopener\">French<\/a><\/li>\n<li><a href=\"\/download\/technical-sheet-pk-booster-german.pdf\" target=\"_blank\" rel=\"noopener\">German<\/a><\/li>\n<\/ul>\n<\/div>\n<\/div><\/div><\/div><div id=\"pgc-1168-2-1\"  class=\"panel-grid-cell\" ><div id=\"panel-1168-2-1-0\" class=\"so-panel widget widget_sow-image panel-first-child widgetopts-SO\" data-index=\"14\" ><div\n\t\t\t\n\t\t\tclass=\"so-widget-sow-image so-widget-sow-image-default-8b5b6f678277-1168\"\n\t\t\t\n\t\t>\n<div class=\"sow-image-container\">\n\t\t<img \n\tdata-src=\"https:\/\/www.l5cdn.com\/biotabs\/technical-sheet-mycotrex.jpg\" title=\"Technische datenbl\u00e4tter\" alt=\"\" \t\tclass=\"so-widget-image lazyload\" src=\"data:image\/svg+xml;base64,PHN2ZyB3aWR0aD0iMSIgaGVpZ2h0PSIxIiB4bWxucz0iaHR0cDovL3d3dy53My5vcmcvMjAwMC9zdmciPjwvc3ZnPg==\" \/>\n\t<\/div>\n\n<\/div><\/div><div id=\"panel-1168-2-1-1\" class=\"so-panel widget widget_sow-editor panel-last-child widgetopts-SO\" data-index=\"15\" ><div\n\t\t\t\n\t\t\tclass=\"so-widget-sow-editor so-widget-sow-editor-base\"\n\t\t\t\n\t\t>\n<div class=\"siteorigin-widget-tinymce textwidget\">\n\t<h4>Mycotrex<\/h4>\n<p>Verf\u00fcgbare Sprachen:<\/p>\n<ul class=\"list-buttons\">\n<li><a href=\"\/download\/technical-sheet-mycotrex-english.pdf\" target=\"_blank\" rel=\"noopener\">English<\/a><\/li>\n<li><a href=\"\/download\/technical-sheet-mycotrex-spanish.pdf\" target=\"_blank\" rel=\"noopener\">Spanish<\/a><\/li>\n<li><a href=\"\/download\/technical-sheet-mycotrex-french.pdf\" target=\"_blank\" rel=\"noopener\">French<\/a><\/li>\n<li><a href=\"\/download\/technical-sheet-mycotrex-german.pdf\" target=\"_blank\" rel=\"noopener\">German<\/a><\/li>\n<\/ul>\n<\/div>\n<\/div><\/div><\/div><div id=\"pgc-1168-2-2\"  class=\"panel-grid-cell\" ><div id=\"panel-1168-2-2-0\" class=\"so-panel widget widget_sow-image panel-first-child widgetopts-SO\" data-index=\"16\" ><div\n\t\t\t\n\t\t\tclass=\"so-widget-sow-image so-widget-sow-image-default-8b5b6f678277-1168\"\n\t\t\t\n\t\t>\n<div class=\"sow-image-container\">\n\t\t<img \n\tdata-src=\"https:\/\/www.l5cdn.com\/biotabs\/technical-sheet-orgatrex.jpg\" title=\"Technische datenbl\u00e4tter\" alt=\"\" \t\tclass=\"so-widget-image lazyload\" src=\"data:image\/svg+xml;base64,PHN2ZyB3aWR0aD0iMSIgaGVpZ2h0PSIxIiB4bWxucz0iaHR0cDovL3d3dy53My5vcmcvMjAwMC9zdmciPjwvc3ZnPg==\" \/>\n\t<\/div>\n\n<\/div><\/div><div id=\"panel-1168-2-2-1\" class=\"so-panel widget widget_sow-editor panel-last-child widgetopts-SO\" data-index=\"17\" ><div\n\t\t\t\n\t\t\tclass=\"so-widget-sow-editor so-widget-sow-editor-base\"\n\t\t\t\n\t\t>\n<div class=\"siteorigin-widget-tinymce textwidget\">\n\t<h4>Orgatrex<\/h4>\n<p>Verf\u00fcgbare Sprachen:<\/p>\n<ul class=\"list-buttons\">\n<li><a href=\"\/download\/technical-sheet-orgatrex-english.pdf\" target=\"_blank\" rel=\"noopener\">English<\/a><\/li>\n<li><a href=\"\/download\/technical-sheet-orgatrex-spanish.pdf\" target=\"_blank\" rel=\"noopener\">Spanish<\/a><\/li>\n<li><a href=\"\/download\/technical-sheet-orgatrex-french.pdf\" target=\"_blank\" rel=\"noopener\">French<\/a><\/li>\n<li><a href=\"\/download\/technical-sheet-orgatrex-german.pdf\" target=\"_blank\" rel=\"noopener\">German<\/a><\/li>\n<\/ul>\n<\/div>\n<\/div><\/div><\/div><\/div><\/div><div id=\"pg-1168-3\"  class=\"panel-grid panel-has-style\" ><div class=\"technical-sheets panel-row-style panel-row-style-for-1168-3\" ><div id=\"pgc-1168-3-0\"  class=\"panel-grid-cell\" ><div id=\"panel-1168-3-0-0\" class=\"so-panel widget widget_sow-image panel-first-child widgetopts-SO\" data-index=\"18\" ><div\n\t\t\t\n\t\t\tclass=\"so-widget-sow-image so-widget-sow-image-default-8b5b6f678277-1168\"\n\t\t\t\n\t\t>\n<div class=\"sow-image-container\">\n\t\t<img \n\tdata-src=\"https:\/\/www.l5cdn.com\/biotabs\/technical-sheet-silicium-flash.jpg\" title=\"Technische datenbl\u00e4tter\" alt=\"\" \t\tclass=\"so-widget-image lazyload\" src=\"data:image\/svg+xml;base64,PHN2ZyB3aWR0aD0iMSIgaGVpZ2h0PSIxIiB4bWxucz0iaHR0cDovL3d3dy53My5vcmcvMjAwMC9zdmciPjwvc3ZnPg==\" \/>\n\t<\/div>\n\n<\/div><\/div><div id=\"panel-1168-3-0-1\" class=\"so-panel widget widget_sow-editor panel-last-child widgetopts-SO\" data-index=\"19\" ><div\n\t\t\t\n\t\t\tclass=\"so-widget-sow-editor so-widget-sow-editor-base\"\n\t\t\t\n\t\t>\n<div class=\"siteorigin-widget-tinymce textwidget\">\n\t<h4>Silicium Flash<\/h4>\n<p>Verf\u00fcgbare Sprachen:<\/p>\n<ul class=\"list-buttons\">\n<li><a href=\"\/download\/technical-sheet-silicium-flash-english.pdf\" target=\"_blank\" rel=\"noopener\">English<\/a><\/li>\n<li><a href=\"\/download\/technical-sheet-silicium-flash-spanish.pdf\" target=\"_blank\" rel=\"noopener\">Spanish<\/a><\/li>\n<li><a href=\"\/download\/technical-sheet-silicium-flash-french.pdf\" target=\"_blank\" rel=\"noopener\">French<\/a><\/li>\n<li><a href=\"\/download\/technical-sheet-silicium-flash-german.pdf\" target=\"_blank\" rel=\"noopener\">German<\/a><\/li>\n<\/ul>\n<\/div>\n<\/div><\/div><\/div><div id=\"pgc-1168-3-1\"  class=\"panel-grid-cell panel-grid-cell-mobile-last\" ><div id=\"panel-1168-3-1-0\" class=\"so-panel widget widget_sow-image panel-first-child widgetopts-SO\" data-index=\"20\" ><div\n\t\t\t\n\t\t\tclass=\"so-widget-sow-image so-widget-sow-image-default-8b5b6f678277-1168\"\n\t\t\t\n\t\t>\n<div class=\"sow-image-container\">\n\t\t<img \n\tdata-src=\"https:\/\/www.l5cdn.com\/biotabs\/technical-sheet-bio-pk.jpg\" title=\"Technische datenbl\u00e4tter\" alt=\"\" \t\tclass=\"so-widget-image lazyload\" src=\"data:image\/svg+xml;base64,PHN2ZyB3aWR0aD0iMSIgaGVpZ2h0PSIxIiB4bWxucz0iaHR0cDovL3d3dy53My5vcmcvMjAwMC9zdmciPjwvc3ZnPg==\" \/>\n\t<\/div>\n\n<\/div><\/div><div id=\"panel-1168-3-1-1\" class=\"so-panel widget widget_sow-editor panel-last-child widgetopts-SO\" data-index=\"21\" ><div\n\t\t\t\n\t\t\tclass=\"so-widget-sow-editor so-widget-sow-editor-base\"\n\t\t\t\n\t\t>\n<div class=\"siteorigin-widget-tinymce textwidget\">\n\t<h4>Bio PK<\/h4>\n<p>Verf\u00fcgbare Sprachen:<\/p>\n<ul class=\"list-buttons\">\n<li><a href=\"\/download\/technical-sheet-bio-pk-english.pdf\" target=\"_blank\" rel=\"noopener\">English<\/a><\/li>\n<li><a href=\"\/download\/technical-sheet-bio-pk-spanish.pdf\" target=\"_blank\" rel=\"noopener\">Spanish<\/a><\/li>\n<li><a href=\"\/download\/technical-sheet-bio-pk-french.pdf\" target=\"_blank\" rel=\"noopener\">French<\/a><\/li>\n<li><a href=\"\/download\/technical-sheet-bio-pk-german.pdf\" target=\"_blank\" rel=\"noopener\">German<\/a><\/li>\n<\/ul>\n<\/div>\n<\/div><\/div><\/div><div id=\"pgc-1168-3-2\"  class=\"panel-grid-cell panel-grid-cell-empty\" ><\/div><\/div><\/div><\/div>","protected":false},"excerpt":{"rendered":"<p>BioTabs Verf\u00fcgbare Sprachen: English Spanish French German Bactrex Verf\u00fcgbare Sprachen: English Spanish French German Boom Boom Spray Verf\u00fcgbare Sprachen: English Spanish French German Guerrilla Juice Verf\u00fcgbare Sprachen: English Spanish French German Guerrilla Tabs Verf\u00fcgbare Sprachen: English Spanish French German Startrex Verf\u00fcgbare Sprachen: English Spanish French German<\/p>\n","protected":false},"author":1,"featured_media":0,"parent":1141,"menu_order":0,"comment_status":"closed","ping_status":"closed","template":"","meta":{"_acf_changed":false,"footnotes":""},"class_list":["post-1168","page","type-page","status-publish","hentry"],"acf":[],"yoast_head":"<!-- This site is optimized with the Yoast SEO Premium plugin v25.8 (Yoast SEO v27.3) - https:\/\/yoast.com\/product\/yoast-seo-premium-wordpress\/ -->\n<title>Technische datenbl\u00e4tter | BioTabs<\/title>\n<meta name=\"robots\" content=\"index, follow, max-snippet:-1, max-image-preview:large, max-video-preview:-1\" \/>\n<link rel=\"canonical\" href=\"https:\/\/biotabs.nl\/de\/schulungsraum\/technische-datenblaetter\/\" \/>\n<meta property=\"og:locale\" content=\"de_DE\" \/>\n<meta property=\"og:type\" content=\"article\" \/>\n<meta property=\"og:title\" content=\"Technische datenbl\u00e4tter\" \/>\n<meta property=\"og:description\" content=\"BioTabs Verf\u00fcgbare Sprachen: English Spanish French German Bactrex Verf\u00fcgbare Sprachen: English Spanish French German Boom Boom Spray Verf\u00fcgbare Sprachen: English Spanish French German Guerrilla Juice Verf\u00fcgbare Sprachen: English Spanish French German Guerrilla Tabs Verf\u00fcgbare Sprachen: English Spanish French German Startrex Verf\u00fcgbare Sprachen: English Spanish French German\" \/>\n<meta property=\"og:url\" content=\"https:\/\/biotabs.nl\/de\/schulungsraum\/technische-datenblaetter\/\" \/>\n<meta property=\"og:site_name\" content=\"BioTabs\" \/>\n<meta property=\"article:publisher\" content=\"https:\/\/www.facebook.com\/biotabs.organics\" \/>\n<meta name=\"twitter:card\" content=\"summary_large_image\" \/>\n<meta name=\"twitter:site\" content=\"@Biotabs\" \/>\n<meta name=\"twitter:label1\" content=\"Gesch\u00e4tzte Lesezeit\" \/>\n\t<meta name=\"twitter:data1\" content=\"1\u00a0Minute\" \/>\n<script type=\"application\/ld+json\" class=\"yoast-schema-graph\">{\"@context\":\"https:\\\/\\\/schema.org\",\"@graph\":[{\"@type\":\"WebPage\",\"@id\":\"https:\\\/\\\/biotabs.nl\\\/de\\\/schulungsraum\\\/technische-datenblaetter\\\/\",\"url\":\"https:\\\/\\\/biotabs.nl\\\/de\\\/schulungsraum\\\/technische-datenblaetter\\\/\",\"name\":\"Technische datenbl\u00e4tter | BioTabs\",\"isPartOf\":{\"@id\":\"https:\\\/\\\/biotabs.nl\\\/de\\\/#website\"},\"datePublished\":\"2021-09-14T15:15:44+00:00\",\"breadcrumb\":{\"@id\":\"https:\\\/\\\/biotabs.nl\\\/de\\\/schulungsraum\\\/technische-datenblaetter\\\/#breadcrumb\"},\"inLanguage\":\"de\",\"potentialAction\":[{\"@type\":\"ReadAction\",\"target\":[\"https:\\\/\\\/biotabs.nl\\\/de\\\/schulungsraum\\\/technische-datenblaetter\\\/\"]}]},{\"@type\":\"BreadcrumbList\",\"@id\":\"https:\\\/\\\/biotabs.nl\\\/de\\\/schulungsraum\\\/technische-datenblaetter\\\/#breadcrumb\",\"itemListElement\":[{\"@type\":\"ListItem\",\"position\":1,\"name\":\"Home\",\"item\":\"https:\\\/\\\/biotabs.nl\\\/de\\\/\"},{\"@type\":\"ListItem\",\"position\":2,\"name\":\"Schulungsraum\",\"item\":\"https:\\\/\\\/biotabs.nl\\\/de\\\/schulungsraum\\\/\"},{\"@type\":\"ListItem\",\"position\":3,\"name\":\"Technische datenbl\u00e4tter\"}]},{\"@type\":\"WebSite\",\"@id\":\"https:\\\/\\\/biotabs.nl\\\/de\\\/#website\",\"url\":\"https:\\\/\\\/biotabs.nl\\\/de\\\/\",\"name\":\"BioTabs\",\"description\":\"Easy by Nature\",\"publisher\":{\"@id\":\"https:\\\/\\\/biotabs.nl\\\/de\\\/#organization\"},\"potentialAction\":[{\"@type\":\"SearchAction\",\"target\":{\"@type\":\"EntryPoint\",\"urlTemplate\":\"https:\\\/\\\/biotabs.nl\\\/de\\\/?s={search_term_string}\"},\"query-input\":{\"@type\":\"PropertyValueSpecification\",\"valueRequired\":true,\"valueName\":\"search_term_string\"}}],\"inLanguage\":\"de\"},{\"@type\":\"Organization\",\"@id\":\"https:\\\/\\\/biotabs.nl\\\/de\\\/#organization\",\"name\":\"BioTabs Easy by Nature\",\"url\":\"https:\\\/\\\/biotabs.nl\\\/de\\\/\",\"logo\":{\"@type\":\"ImageObject\",\"inLanguage\":\"de\",\"@id\":\"https:\\\/\\\/biotabs.nl\\\/de\\\/#\\\/schema\\\/logo\\\/image\\\/\",\"url\":\"https:\\\/\\\/biotabs.nl\\\/wp-content\\\/uploads\\\/logo.png\",\"contentUrl\":\"https:\\\/\\\/biotabs.nl\\\/wp-content\\\/uploads\\\/logo.png\",\"width\":200,\"height\":200,\"caption\":\"BioTabs Easy by Nature\"},\"image\":{\"@id\":\"https:\\\/\\\/biotabs.nl\\\/de\\\/#\\\/schema\\\/logo\\\/image\\\/\"},\"sameAs\":[\"https:\\\/\\\/www.facebook.com\\\/biotabs.organics\",\"https:\\\/\\\/x.com\\\/Biotabs\",\"https:\\\/\\\/instagram.com\\\/biotabsorganics\",\"https:\\\/\\\/www.youtube.com\\\/channel\\\/UCY3QAw9DEfk_tuhQj0NdNxA\"]}]}<\/script>\n<!-- \/ Yoast SEO Premium plugin. -->","yoast_head_json":{"title":"Technische datenbl\u00e4tter | BioTabs","robots":{"index":"index","follow":"follow","max-snippet":"max-snippet:-1","max-image-preview":"max-image-preview:large","max-video-preview":"max-video-preview:-1"},"canonical":"https:\/\/biotabs.nl\/de\/schulungsraum\/technische-datenblaetter\/","og_locale":"de_DE","og_type":"article","og_title":"Technische datenbl\u00e4tter","og_description":"BioTabs Verf\u00fcgbare Sprachen: English Spanish French German Bactrex Verf\u00fcgbare Sprachen: English Spanish French German Boom Boom Spray Verf\u00fcgbare Sprachen: English Spanish French German Guerrilla Juice Verf\u00fcgbare Sprachen: English Spanish French German Guerrilla Tabs Verf\u00fcgbare Sprachen: English Spanish French German Startrex Verf\u00fcgbare Sprachen: English Spanish French German","og_url":"https:\/\/biotabs.nl\/de\/schulungsraum\/technische-datenblaetter\/","og_site_name":"BioTabs","article_publisher":"https:\/\/www.facebook.com\/biotabs.organics","twitter_card":"summary_large_image","twitter_site":"@Biotabs","twitter_misc":{"Gesch\u00e4tzte Lesezeit":"1\u00a0Minute"},"schema":{"@context":"https:\/\/schema.org","@graph":[{"@type":"WebPage","@id":"https:\/\/biotabs.nl\/de\/schulungsraum\/technische-datenblaetter\/","url":"https:\/\/biotabs.nl\/de\/schulungsraum\/technische-datenblaetter\/","name":"Technische datenbl\u00e4tter | BioTabs","isPartOf":{"@id":"https:\/\/biotabs.nl\/de\/#website"},"datePublished":"2021-09-14T15:15:44+00:00","breadcrumb":{"@id":"https:\/\/biotabs.nl\/de\/schulungsraum\/technische-datenblaetter\/#breadcrumb"},"inLanguage":"de","potentialAction":[{"@type":"ReadAction","target":["https:\/\/biotabs.nl\/de\/schulungsraum\/technische-datenblaetter\/"]}]},{"@type":"BreadcrumbList","@id":"https:\/\/biotabs.nl\/de\/schulungsraum\/technische-datenblaetter\/#breadcrumb","itemListElement":[{"@type":"ListItem","position":1,"name":"Home","item":"https:\/\/biotabs.nl\/de\/"},{"@type":"ListItem","position":2,"name":"Schulungsraum","item":"https:\/\/biotabs.nl\/de\/schulungsraum\/"},{"@type":"ListItem","position":3,"name":"Technische datenbl\u00e4tter"}]},{"@type":"WebSite","@id":"https:\/\/biotabs.nl\/de\/#website","url":"https:\/\/biotabs.nl\/de\/","name":"BioTabs","description":"Easy by Nature","publisher":{"@id":"https:\/\/biotabs.nl\/de\/#organization"},"potentialAction":[{"@type":"SearchAction","target":{"@type":"EntryPoint","urlTemplate":"https:\/\/biotabs.nl\/de\/?s={search_term_string}"},"query-input":{"@type":"PropertyValueSpecification","valueRequired":true,"valueName":"search_term_string"}}],"inLanguage":"de"},{"@type":"Organization","@id":"https:\/\/biotabs.nl\/de\/#organization","name":"BioTabs Easy by Nature","url":"https:\/\/biotabs.nl\/de\/","logo":{"@type":"ImageObject","inLanguage":"de","@id":"https:\/\/biotabs.nl\/de\/#\/schema\/logo\/image\/","url":"https:\/\/biotabs.nl\/wp-content\/uploads\/logo.png","contentUrl":"https:\/\/biotabs.nl\/wp-content\/uploads\/logo.png","width":200,"height":200,"caption":"BioTabs Easy by Nature"},"image":{"@id":"https:\/\/biotabs.nl\/de\/#\/schema\/logo\/image\/"},"sameAs":["https:\/\/www.facebook.com\/biotabs.organics","https:\/\/x.com\/Biotabs","https:\/\/instagram.com\/biotabsorganics","https:\/\/www.youtube.com\/channel\/UCY3QAw9DEfk_tuhQj0NdNxA"]}]}},"_links":{"self":[{"href":"https:\/\/biotabs.nl\/de\/wp-json\/wp\/v2\/pages\/1168","targetHints":{"allow":["GET"]}}],"collection":[{"href":"https:\/\/biotabs.nl\/de\/wp-json\/wp\/v2\/pages"}],"about":[{"href":"https:\/\/biotabs.nl\/de\/wp-json\/wp\/v2\/types\/page"}],"author":[{"embeddable":true,"href":"https:\/\/biotabs.nl\/de\/wp-json\/wp\/v2\/users\/1"}],"replies":[{"embeddable":true,"href":"https:\/\/biotabs.nl\/de\/wp-json\/wp\/v2\/comments?post=1168"}],"version-history":[{"count":0,"href":"https:\/\/biotabs.nl\/de\/wp-json\/wp\/v2\/pages\/1168\/revisions"}],"up":[{"embeddable":true,"href":"https:\/\/biotabs.nl\/de\/wp-json\/wp\/v2\/pages\/1141"}],"wp:attachment":[{"href":"https:\/\/biotabs.nl\/de\/wp-json\/wp\/v2\/media?parent=1168"}],"curies":[{"name":"wp","href":"https:\/\/api.w.org\/{rel}","templated":true}]}}