
{"id":10856,"date":"2022-03-01T16:40:49","date_gmt":"2022-03-01T15:40:49","guid":{"rendered":"https:\/\/biotabs.nl\/product\/seedplugs\/"},"modified":"2022-07-06T15:38:26","modified_gmt":"2022-07-06T14:38:26","slug":"seedplugs","status":"publish","type":"product","link":"https:\/\/biotabs.nl\/de\/produkt\/seedplugs\/","title":{"rendered":"SeedPlugs"},"content":{"rendered":"<p>Gib deinen Pflanzen den bestm\u00f6glichen Start mit unseren neuen BioTabs &#8222;Seedplugs&#8220;. Bestehend aus einem Tablett mit 12 Zellen und unserer nahrhaften Bio Startermix L\u00f6sung! <\/p>\n<p>Die Startermix L\u00f6sung ist wasserl\u00f6slich f\u00fcr eine einfache Bew\u00e4sserung und beinhaltet unsere n\u00fctzlichen Bactrex Bakterien, die Mycotrex Mykorrhizasporen und eine sehr wertvolle Meeresalge. <\/p>\n<p>Diese unschlagbare Kombination von Mikroorganismen f\u00f6rdert von Anfang an das Wachstum gesunder Wurzeln und tr\u00e4gt somit zu gr\u00f6\u00dferem Wurzelvolumen bei. Gleichzeitig hilft dies den Schutz der S\u00e4mlinge vor Krankheitserregern zu gew\u00e4hrleisten und die Aufnahme von N\u00e4hrstoffen f\u00fcr ein schnelles und gesundes Wachstum zu maximieren.<\/p>\n<style>.embed-container { position: relative; padding-bottom: 56.25%; height: 0; overflow: hidden; max-width: 100%; } .embed-container iframe, .embed-container object, .embed-container embed { position: absolute; top: 0; left: 0; width: 100%; height: 100%; }<\/style>\n<div class='embed-container'><iframe data-src='https:\/\/www.youtube.com\/embed\/f8W32czHVsA' frameborder='0' allowfullscreen src='data:image\/svg+xml;base64,PHN2ZyB3aWR0aD0iMSIgaGVpZ2h0PSIxIiB4bWxucz0iaHR0cDovL3d3dy53My5vcmcvMjAwMC9zdmciPjwvc3ZnPg==' class='lazyload' data-load-mode='1'><\/iframe><\/div>\n","protected":false},"excerpt":{"rendered":"<p>F\u00fcr das organische Keimen von Samen.<\/p>\n","protected":false},"featured_media":10594,"comment_status":"closed","ping_status":"closed","template":"","meta":{"_acf_changed":false},"product_brand":[],"product_cat":[676],"product_tag":[579,861,856,871,648,653,644,881,746,836,886,917,821,826,816],"class_list":{"0":"post-10856","1":"product","2":"type-product","3":"status-publish","4":"has-post-thumbnail","6":"product_cat-organische-samenkeimung","7":"product_tag-bakterielles-inokulum","8":"product_tag-bodenbakterien","9":"product_tag-bodenleben","10":"product_tag-bodenpilze","11":"product_tag-glomus-intraradices-de","12":"product_tag-glomus-mosseae-de","13":"product_tag-keimung","14":"product_tag-mikroorganismen-im-boden","15":"product_tag-mykorrhiza-inokulum","16":"product_tag-setzlinge","17":"product_tag-startermix-de","18":"product_tag-trichoderma-de","19":"product_tag-wurzelorganismen","20":"product_tag-wurzelschutz","21":"product_tag-wurzelwachstum","23":"first","24":"outofstock","25":"taxable","26":"shipping-taxable","27":"purchasable","28":"product-type-simple"},"acf":[],"yoast_head":"<!-- This site is optimized with the Yoast SEO Premium plugin v25.8 (Yoast SEO v27.3) - https:\/\/yoast.com\/product\/yoast-seo-premium-wordpress\/ -->\n<title>SeedPlugs | Organisches Samenkeimen | BioTabs<\/title>\n<meta name=\"robots\" content=\"index, follow, max-snippet:-1, max-image-preview:large, max-video-preview:-1\" \/>\n<link rel=\"canonical\" href=\"https:\/\/biotabs.nl\/de\/produkt\/seedplugs\/\" \/>\n<meta property=\"og:locale\" content=\"de_DE\" \/>\n<meta property=\"og:type\" content=\"article\" \/>\n<meta property=\"og:title\" content=\"SeedPlugs\" \/>\n<meta property=\"og:description\" content=\"F\u00fcr das organische Keimen von Samen.\" \/>\n<meta property=\"og:url\" content=\"https:\/\/biotabs.nl\/de\/produkt\/seedplugs\/\" \/>\n<meta property=\"og:site_name\" content=\"BioTabs\" \/>\n<meta property=\"article:publisher\" content=\"https:\/\/www.facebook.com\/biotabs.organics\" \/>\n<meta property=\"article:modified_time\" content=\"2022-07-06T14:38:26+00:00\" \/>\n<meta property=\"og:image\" content=\"https:\/\/biotabs.nl\/wp-content\/uploads\/product-seedplugs.jpg\" \/>\n\t<meta property=\"og:image:width\" content=\"1000\" \/>\n\t<meta property=\"og:image:height\" content=\"1000\" \/>\n\t<meta property=\"og:image:type\" content=\"image\/jpeg\" \/>\n<meta name=\"twitter:card\" content=\"summary_large_image\" \/>\n<meta name=\"twitter:site\" content=\"@Biotabs\" \/>\n<meta name=\"twitter:label1\" content=\"Gesch\u00e4tzte Lesezeit\" \/>\n\t<meta name=\"twitter:data1\" content=\"1\u00a0Minute\" \/>\n<script type=\"application\/ld+json\" class=\"yoast-schema-graph\">{\"@context\":\"https:\\\/\\\/schema.org\",\"@graph\":[{\"@type\":\"WebPage\",\"@id\":\"https:\\\/\\\/biotabs.nl\\\/de\\\/produkt\\\/seedplugs\\\/\",\"url\":\"https:\\\/\\\/biotabs.nl\\\/de\\\/produkt\\\/seedplugs\\\/\",\"name\":\"SeedPlugs | Organisches Samenkeimen | BioTabs\",\"isPartOf\":{\"@id\":\"https:\\\/\\\/biotabs.nl\\\/de\\\/#website\"},\"primaryImageOfPage\":{\"@id\":\"https:\\\/\\\/biotabs.nl\\\/de\\\/produkt\\\/seedplugs\\\/#primaryimage\"},\"image\":{\"@id\":\"https:\\\/\\\/biotabs.nl\\\/de\\\/produkt\\\/seedplugs\\\/#primaryimage\"},\"thumbnailUrl\":\"https:\\\/\\\/biotabs.nl\\\/wp-content\\\/uploads\\\/product-seedplugs.jpg\",\"datePublished\":\"2022-03-01T15:40:49+00:00\",\"dateModified\":\"2022-07-06T14:38:26+00:00\",\"breadcrumb\":{\"@id\":\"https:\\\/\\\/biotabs.nl\\\/de\\\/produkt\\\/seedplugs\\\/#breadcrumb\"},\"inLanguage\":\"de\",\"potentialAction\":[{\"@type\":\"ReadAction\",\"target\":[\"https:\\\/\\\/biotabs.nl\\\/de\\\/produkt\\\/seedplugs\\\/\"]}]},{\"@type\":\"ImageObject\",\"inLanguage\":\"de\",\"@id\":\"https:\\\/\\\/biotabs.nl\\\/de\\\/produkt\\\/seedplugs\\\/#primaryimage\",\"url\":\"https:\\\/\\\/biotabs.nl\\\/wp-content\\\/uploads\\\/product-seedplugs.jpg\",\"contentUrl\":\"https:\\\/\\\/biotabs.nl\\\/wp-content\\\/uploads\\\/product-seedplugs.jpg\",\"width\":1000,\"height\":1000},{\"@type\":\"BreadcrumbList\",\"@id\":\"https:\\\/\\\/biotabs.nl\\\/de\\\/produkt\\\/seedplugs\\\/#breadcrumb\",\"itemListElement\":[{\"@type\":\"ListItem\",\"position\":1,\"name\":\"Home\",\"item\":\"https:\\\/\\\/biotabs.nl\\\/de\\\/\"},{\"@type\":\"ListItem\",\"position\":2,\"name\":\"Shop\",\"item\":\"https:\\\/\\\/biotabs.nl\\\/de\\\/einkaufen\\\/\"},{\"@type\":\"ListItem\",\"position\":3,\"name\":\"SeedPlugs\"}]},{\"@type\":\"WebSite\",\"@id\":\"https:\\\/\\\/biotabs.nl\\\/de\\\/#website\",\"url\":\"https:\\\/\\\/biotabs.nl\\\/de\\\/\",\"name\":\"BioTabs\",\"description\":\"Easy by Nature\",\"publisher\":{\"@id\":\"https:\\\/\\\/biotabs.nl\\\/de\\\/#organization\"},\"potentialAction\":[{\"@type\":\"SearchAction\",\"target\":{\"@type\":\"EntryPoint\",\"urlTemplate\":\"https:\\\/\\\/biotabs.nl\\\/de\\\/?s={search_term_string}\"},\"query-input\":{\"@type\":\"PropertyValueSpecification\",\"valueRequired\":true,\"valueName\":\"search_term_string\"}}],\"inLanguage\":\"de\"},{\"@type\":\"Organization\",\"@id\":\"https:\\\/\\\/biotabs.nl\\\/de\\\/#organization\",\"name\":\"BioTabs Easy by Nature\",\"url\":\"https:\\\/\\\/biotabs.nl\\\/de\\\/\",\"logo\":{\"@type\":\"ImageObject\",\"inLanguage\":\"de\",\"@id\":\"https:\\\/\\\/biotabs.nl\\\/de\\\/#\\\/schema\\\/logo\\\/image\\\/\",\"url\":\"https:\\\/\\\/biotabs.nl\\\/wp-content\\\/uploads\\\/logo.png\",\"contentUrl\":\"https:\\\/\\\/biotabs.nl\\\/wp-content\\\/uploads\\\/logo.png\",\"width\":200,\"height\":200,\"caption\":\"BioTabs Easy by Nature\"},\"image\":{\"@id\":\"https:\\\/\\\/biotabs.nl\\\/de\\\/#\\\/schema\\\/logo\\\/image\\\/\"},\"sameAs\":[\"https:\\\/\\\/www.facebook.com\\\/biotabs.organics\",\"https:\\\/\\\/x.com\\\/Biotabs\",\"https:\\\/\\\/instagram.com\\\/biotabsorganics\",\"https:\\\/\\\/www.youtube.com\\\/channel\\\/UCY3QAw9DEfk_tuhQj0NdNxA\"]}]}<\/script>\n<!-- \/ Yoast SEO Premium plugin. -->","yoast_head_json":{"title":"SeedPlugs | Organisches Samenkeimen | BioTabs","robots":{"index":"index","follow":"follow","max-snippet":"max-snippet:-1","max-image-preview":"max-image-preview:large","max-video-preview":"max-video-preview:-1"},"canonical":"https:\/\/biotabs.nl\/de\/produkt\/seedplugs\/","og_locale":"de_DE","og_type":"article","og_title":"SeedPlugs","og_description":"F\u00fcr das organische Keimen von Samen.","og_url":"https:\/\/biotabs.nl\/de\/produkt\/seedplugs\/","og_site_name":"BioTabs","article_publisher":"https:\/\/www.facebook.com\/biotabs.organics","article_modified_time":"2022-07-06T14:38:26+00:00","og_image":[{"width":1000,"height":1000,"url":"https:\/\/biotabs.nl\/wp-content\/uploads\/product-seedplugs.jpg","type":"image\/jpeg"}],"twitter_card":"summary_large_image","twitter_site":"@Biotabs","twitter_misc":{"Gesch\u00e4tzte Lesezeit":"1\u00a0Minute"},"schema":{"@context":"https:\/\/schema.org","@graph":[{"@type":"WebPage","@id":"https:\/\/biotabs.nl\/de\/produkt\/seedplugs\/","url":"https:\/\/biotabs.nl\/de\/produkt\/seedplugs\/","name":"SeedPlugs | Organisches Samenkeimen | BioTabs","isPartOf":{"@id":"https:\/\/biotabs.nl\/de\/#website"},"primaryImageOfPage":{"@id":"https:\/\/biotabs.nl\/de\/produkt\/seedplugs\/#primaryimage"},"image":{"@id":"https:\/\/biotabs.nl\/de\/produkt\/seedplugs\/#primaryimage"},"thumbnailUrl":"https:\/\/biotabs.nl\/wp-content\/uploads\/product-seedplugs.jpg","datePublished":"2022-03-01T15:40:49+00:00","dateModified":"2022-07-06T14:38:26+00:00","breadcrumb":{"@id":"https:\/\/biotabs.nl\/de\/produkt\/seedplugs\/#breadcrumb"},"inLanguage":"de","potentialAction":[{"@type":"ReadAction","target":["https:\/\/biotabs.nl\/de\/produkt\/seedplugs\/"]}]},{"@type":"ImageObject","inLanguage":"de","@id":"https:\/\/biotabs.nl\/de\/produkt\/seedplugs\/#primaryimage","url":"https:\/\/biotabs.nl\/wp-content\/uploads\/product-seedplugs.jpg","contentUrl":"https:\/\/biotabs.nl\/wp-content\/uploads\/product-seedplugs.jpg","width":1000,"height":1000},{"@type":"BreadcrumbList","@id":"https:\/\/biotabs.nl\/de\/produkt\/seedplugs\/#breadcrumb","itemListElement":[{"@type":"ListItem","position":1,"name":"Home","item":"https:\/\/biotabs.nl\/de\/"},{"@type":"ListItem","position":2,"name":"Shop","item":"https:\/\/biotabs.nl\/de\/einkaufen\/"},{"@type":"ListItem","position":3,"name":"SeedPlugs"}]},{"@type":"WebSite","@id":"https:\/\/biotabs.nl\/de\/#website","url":"https:\/\/biotabs.nl\/de\/","name":"BioTabs","description":"Easy by Nature","publisher":{"@id":"https:\/\/biotabs.nl\/de\/#organization"},"potentialAction":[{"@type":"SearchAction","target":{"@type":"EntryPoint","urlTemplate":"https:\/\/biotabs.nl\/de\/?s={search_term_string}"},"query-input":{"@type":"PropertyValueSpecification","valueRequired":true,"valueName":"search_term_string"}}],"inLanguage":"de"},{"@type":"Organization","@id":"https:\/\/biotabs.nl\/de\/#organization","name":"BioTabs Easy by Nature","url":"https:\/\/biotabs.nl\/de\/","logo":{"@type":"ImageObject","inLanguage":"de","@id":"https:\/\/biotabs.nl\/de\/#\/schema\/logo\/image\/","url":"https:\/\/biotabs.nl\/wp-content\/uploads\/logo.png","contentUrl":"https:\/\/biotabs.nl\/wp-content\/uploads\/logo.png","width":200,"height":200,"caption":"BioTabs Easy by Nature"},"image":{"@id":"https:\/\/biotabs.nl\/de\/#\/schema\/logo\/image\/"},"sameAs":["https:\/\/www.facebook.com\/biotabs.organics","https:\/\/x.com\/Biotabs","https:\/\/instagram.com\/biotabsorganics","https:\/\/www.youtube.com\/channel\/UCY3QAw9DEfk_tuhQj0NdNxA"]}]}},"_links":{"self":[{"href":"https:\/\/biotabs.nl\/de\/wp-json\/wp\/v2\/product\/10856","targetHints":{"allow":["GET"]}}],"collection":[{"href":"https:\/\/biotabs.nl\/de\/wp-json\/wp\/v2\/product"}],"about":[{"href":"https:\/\/biotabs.nl\/de\/wp-json\/wp\/v2\/types\/product"}],"replies":[{"embeddable":true,"href":"https:\/\/biotabs.nl\/de\/wp-json\/wp\/v2\/comments?post=10856"}],"wp:featuredmedia":[{"embeddable":true,"href":"https:\/\/biotabs.nl\/de\/wp-json\/wp\/v2\/media\/10594"}],"wp:attachment":[{"href":"https:\/\/biotabs.nl\/de\/wp-json\/wp\/v2\/media?parent=10856"}],"wp:term":[{"taxonomy":"product_brand","embeddable":true,"href":"https:\/\/biotabs.nl\/de\/wp-json\/wp\/v2\/product_brand?post=10856"},{"taxonomy":"product_cat","embeddable":true,"href":"https:\/\/biotabs.nl\/de\/wp-json\/wp\/v2\/product_cat?post=10856"},{"taxonomy":"product_tag","embeddable":true,"href":"https:\/\/biotabs.nl\/de\/wp-json\/wp\/v2\/product_tag?post=10856"}],"curies":[{"name":"wp","href":"https:\/\/api.w.org\/{rel}","templated":true}]}}