
{"id":1633,"date":"2021-08-04T15:59:56","date_gmt":"2021-08-04T14:59:56","guid":{"rendered":"https:\/\/biotabs.nl\/product\/starter-pack\/"},"modified":"2025-08-12T13:22:58","modified_gmt":"2025-08-12T12:22:58","slug":"starter-pack","status":"publish","type":"product","link":"https:\/\/biotabs.nl\/de\/produkt\/starter-pack\/","title":{"rendered":"Starter Pack"},"content":{"rendered":"<p>Genug f\u00fcr 5 bis 10 Pflanzen, je nach verwendeter Topfgr\u00f6\u00dfe.<br \/>\nWeniger Arbeit, bessere organische Ertr\u00e4ge.<br \/>\n\u00dcberlasse die Arbeit der Natur!<\/p>\n<p><strong>Control Union Certified &#8211; 100% Bio-Zutaten.<\/strong><\/p>\n<p>Enth\u00e4lt:<\/p>\n<ul>\n<li>BATREX 25 Gramm<\/li>\n<li>MYCOTREX 50 Gramm<\/li>\n<li>BioTabs 10 Tabletten<\/li>\n<li>ORGATREX 0,25 Liter<\/li>\n<li>STARTREX 250 Gramm<\/li>\n<\/ul>\n<h3>BioTabs Handb\u00fccher<\/h3>\n<p>Um optimalen Nutzen aus den BioTabs-Produkten und dem Starter Pack zu ziehen, lese bitte unser <a href=\"https:\/\/biotabs.nl\/wp-content\/uploads\/GER-GRANDE-nueva-TABLA-DE-CULTIVO.pdf.pdf\">BioTabs Handbuch<\/a>.<\/p>\n<p>Wenn wir das Starter Pack in die Vereinigten Staaten oder nach Australien versenden, m\u00fcssen wir dies leider ohne die Fl\u00fcssigkomponenten, z.B. ORGATREX, schicken. In diesem Fall ersetzen wir dir die Produkte durch SILICIUM FLASH, ein gro\u00dfartiges Alternativprodukt. Befolge dann bitte die &#8222;Einfach Wasser hinzuf\u00fcgen&#8220; Strategie.<\/p>\n","protected":false},"excerpt":{"rendered":"<p>Wenn du dich f\u00fcr 100% organisches Anbauen entscheidest ist es wichtig, deinen Boden mit einer reichhaltigen Mischung aus n\u00fctzlichen Bakterien und Mikroorganismen vorzubereiten. Unser Starter Pack enth\u00e4lt alle N\u00e4hrstoffe und Bodenverbesserungsmittel, die du f\u00fcr einen florierenden, erfolgreichen und zu 100% organischen Anbau ben\u00f6tigst. Die beigef\u00fcgte Menge reicht f\u00fcr 5 bis 10 Pflanzen, je nach verwendeter Topfgr\u00f6\u00dfe.<\/p>\n<p>Die Methode besteht darin, das Substrat mit den BioTabs-Produkten in den angegebenen Mengen vorzubereiten und das gleiche Verfahren jedes Mal zu wiederholen, wenn die Pflanze in einen neuen Topf umgepflanzt wird. Die Formel ist so einfach, dass du nur Wasser hinzuf\u00fcgen musst!<\/p>\n<p>Weniger Arbeit, gr\u00f6\u00dfere organische Ertr\u00e4ge.<\/p>\n<p><strong>Zertifiziert 100% biologisch.<\/strong><\/p>\n<p>\u00dcberlasse die Arbeit der Natur!<\/p>\n","protected":false},"featured_media":16667,"comment_status":"open","ping_status":"closed","template":"","meta":{"_acf_changed":false},"product_brand":[],"product_cat":[684],"product_tag":[579,588,628,861,856,871,866,619,624,711,638,648,653,691,846,716,741,736,731,881,746,752,781,791,801,806,911,756,901,851,917,670,821,826,816],"class_list":{"0":"post-1633","1":"product","2":"type-product","3":"status-publish","4":"has-post-thumbnail","6":"product_cat-biotabs-packungen","7":"product_tag-bakterielles-inokulum","8":"product_tag-biostimulans","9":"product_tag-blutebeschleuniger","10":"product_tag-bodenbakterien","11":"product_tag-bodenleben","12":"product_tag-bodenpilze","13":"product_tag-bodenverbesserer","14":"product_tag-dunger","15":"product_tag-dungetabletten","16":"product_tag-flussiger-dunger","17":"product_tag-fulvinsaure","18":"product_tag-glomus-intraradices-de","19":"product_tag-glomus-mosseae-de","20":"product_tag-huminsaure","21":"product_tag-langzeitdunger","22":"product_tag-makronahrstoffe","23":"product_tag-melasse","24":"product_tag-mikronahrstoffe","25":"product_tag-mikroorganismen","26":"product_tag-mikroorganismen-im-boden","27":"product_tag-mykorrhiza-inokulum","28":"product_tag-npk-de","29":"product_tag-pflanzennahrung","30":"product_tag-pflanzenschutz","31":"product_tag-pulver","32":"product_tag-rhizobakterien","33":"product_tag-spurenelemente","34":"product_tag-stickstoff","35":"product_tag-tabletten-de","36":"product_tag-tabletten-mit-langzeitwirkung","37":"product_tag-trichoderma-de","38":"product_tag-wachstumsbeschleuniger","39":"product_tag-wurzelorganismen","40":"product_tag-wurzelschutz","41":"product_tag-wurzelwachstum","43":"first","44":"instock","45":"taxable","46":"shipping-taxable","47":"purchasable","48":"product-type-simple"},"acf":[],"yoast_head":"<!-- This site is optimized with the Yoast SEO Premium plugin v25.8 (Yoast SEO v27.4) - https:\/\/yoast.com\/product\/yoast-seo-premium-wordpress\/ -->\n<title>Starter Pack | Organisches Komplettset | BioTabs<\/title>\n<meta name=\"robots\" content=\"index, follow, max-snippet:-1, max-image-preview:large, max-video-preview:-1\" \/>\n<link rel=\"canonical\" href=\"https:\/\/biotabs.nl\/de\/produkt\/starter-pack\/\" \/>\n<meta property=\"og:locale\" content=\"de_DE\" \/>\n<meta property=\"og:type\" content=\"article\" \/>\n<meta property=\"og:title\" content=\"Starter Pack\" \/>\n<meta property=\"og:description\" content=\"Wenn du dich f\u00fcr 100% organisches Anbauen entscheidest ist es wichtig, deinen Boden mit einer reichhaltigen Mischung aus n\u00fctzlichen Bakterien und Mikroorganismen vorzubereiten. Unser Starter Pack enth\u00e4lt alle N\u00e4hrstoffe und Bodenverbesserungsmittel, die du f\u00fcr einen florierenden, erfolgreichen und zu 100% organischen Anbau ben\u00f6tigst. Die beigef\u00fcgte Menge reicht f\u00fcr 5 bis 10 Pflanzen, je nach verwendeter Topfgr\u00f6\u00dfe.  Die Methode besteht darin, das Substrat mit den BioTabs-Produkten in den angegebenen Mengen vorzubereiten und das gleiche Verfahren jedes Mal zu wiederholen, wenn die Pflanze in einen neuen Topf umgepflanzt wird. Die Formel ist so einfach, dass du nur Wasser hinzuf\u00fcgen musst!  Weniger Arbeit, gr\u00f6\u00dfere organische Ertr\u00e4ge.  Zertifiziert 100% biologisch.  \u00dcberlasse die Arbeit der Natur!\" \/>\n<meta property=\"og:url\" content=\"https:\/\/biotabs.nl\/de\/produkt\/starter-pack\/\" \/>\n<meta property=\"og:site_name\" content=\"BioTabs\" \/>\n<meta property=\"article:publisher\" content=\"https:\/\/www.facebook.com\/biotabs.organics\" \/>\n<meta property=\"article:modified_time\" content=\"2025-08-12T12:22:58+00:00\" \/>\n<meta property=\"og:image\" content=\"https:\/\/biotabs.nl\/wp-content\/uploads\/product-starter-pack-1.jpg\" \/>\n\t<meta property=\"og:image:width\" content=\"1200\" \/>\n\t<meta property=\"og:image:height\" content=\"1200\" \/>\n\t<meta property=\"og:image:type\" content=\"image\/jpeg\" \/>\n<meta name=\"twitter:card\" content=\"summary_large_image\" \/>\n<meta name=\"twitter:site\" content=\"@Biotabs\" \/>\n<meta name=\"twitter:label1\" content=\"Gesch\u00e4tzte Lesezeit\" \/>\n\t<meta name=\"twitter:data1\" content=\"1\u00a0Minute\" \/>\n<script type=\"application\/ld+json\" class=\"yoast-schema-graph\">{\"@context\":\"https:\\\/\\\/schema.org\",\"@graph\":[{\"@type\":\"WebPage\",\"@id\":\"https:\\\/\\\/biotabs.nl\\\/de\\\/produkt\\\/starter-pack\\\/\",\"url\":\"https:\\\/\\\/biotabs.nl\\\/de\\\/produkt\\\/starter-pack\\\/\",\"name\":\"Starter Pack | Organisches Komplettset | BioTabs\",\"isPartOf\":{\"@id\":\"https:\\\/\\\/biotabs.nl\\\/de\\\/#website\"},\"primaryImageOfPage\":{\"@id\":\"https:\\\/\\\/biotabs.nl\\\/de\\\/produkt\\\/starter-pack\\\/#primaryimage\"},\"image\":{\"@id\":\"https:\\\/\\\/biotabs.nl\\\/de\\\/produkt\\\/starter-pack\\\/#primaryimage\"},\"thumbnailUrl\":\"https:\\\/\\\/biotabs.nl\\\/wp-content\\\/uploads\\\/product-starter-pack-1.jpg\",\"datePublished\":\"2021-08-04T14:59:56+00:00\",\"dateModified\":\"2025-08-12T12:22:58+00:00\",\"breadcrumb\":{\"@id\":\"https:\\\/\\\/biotabs.nl\\\/de\\\/produkt\\\/starter-pack\\\/#breadcrumb\"},\"inLanguage\":\"de\",\"potentialAction\":[{\"@type\":\"ReadAction\",\"target\":[\"https:\\\/\\\/biotabs.nl\\\/de\\\/produkt\\\/starter-pack\\\/\"]}]},{\"@type\":\"ImageObject\",\"inLanguage\":\"de\",\"@id\":\"https:\\\/\\\/biotabs.nl\\\/de\\\/produkt\\\/starter-pack\\\/#primaryimage\",\"url\":\"https:\\\/\\\/biotabs.nl\\\/wp-content\\\/uploads\\\/product-starter-pack-1.jpg\",\"contentUrl\":\"https:\\\/\\\/biotabs.nl\\\/wp-content\\\/uploads\\\/product-starter-pack-1.jpg\",\"width\":1200,\"height\":1200},{\"@type\":\"BreadcrumbList\",\"@id\":\"https:\\\/\\\/biotabs.nl\\\/de\\\/produkt\\\/starter-pack\\\/#breadcrumb\",\"itemListElement\":[{\"@type\":\"ListItem\",\"position\":1,\"name\":\"Home\",\"item\":\"https:\\\/\\\/biotabs.nl\\\/de\\\/\"},{\"@type\":\"ListItem\",\"position\":2,\"name\":\"Shop\",\"item\":\"https:\\\/\\\/biotabs.nl\\\/de\\\/einkaufen\\\/\"},{\"@type\":\"ListItem\",\"position\":3,\"name\":\"Starter Pack\"}]},{\"@type\":\"WebSite\",\"@id\":\"https:\\\/\\\/biotabs.nl\\\/de\\\/#website\",\"url\":\"https:\\\/\\\/biotabs.nl\\\/de\\\/\",\"name\":\"BioTabs\",\"description\":\"Easy by Nature\",\"publisher\":{\"@id\":\"https:\\\/\\\/biotabs.nl\\\/de\\\/#organization\"},\"potentialAction\":[{\"@type\":\"SearchAction\",\"target\":{\"@type\":\"EntryPoint\",\"urlTemplate\":\"https:\\\/\\\/biotabs.nl\\\/de\\\/?s={search_term_string}\"},\"query-input\":{\"@type\":\"PropertyValueSpecification\",\"valueRequired\":true,\"valueName\":\"search_term_string\"}}],\"inLanguage\":\"de\"},{\"@type\":\"Organization\",\"@id\":\"https:\\\/\\\/biotabs.nl\\\/de\\\/#organization\",\"name\":\"BioTabs Easy by Nature\",\"url\":\"https:\\\/\\\/biotabs.nl\\\/de\\\/\",\"logo\":{\"@type\":\"ImageObject\",\"inLanguage\":\"de\",\"@id\":\"https:\\\/\\\/biotabs.nl\\\/de\\\/#\\\/schema\\\/logo\\\/image\\\/\",\"url\":\"https:\\\/\\\/biotabs.nl\\\/wp-content\\\/uploads\\\/logo.png\",\"contentUrl\":\"https:\\\/\\\/biotabs.nl\\\/wp-content\\\/uploads\\\/logo.png\",\"width\":200,\"height\":200,\"caption\":\"BioTabs Easy by Nature\"},\"image\":{\"@id\":\"https:\\\/\\\/biotabs.nl\\\/de\\\/#\\\/schema\\\/logo\\\/image\\\/\"},\"sameAs\":[\"https:\\\/\\\/www.facebook.com\\\/biotabs.organics\",\"https:\\\/\\\/x.com\\\/Biotabs\",\"https:\\\/\\\/instagram.com\\\/biotabsorganics\",\"https:\\\/\\\/www.youtube.com\\\/channel\\\/UCY3QAw9DEfk_tuhQj0NdNxA\"]}]}<\/script>\n<!-- \/ Yoast SEO Premium plugin. -->","yoast_head_json":{"title":"Starter Pack | Organisches Komplettset | BioTabs","robots":{"index":"index","follow":"follow","max-snippet":"max-snippet:-1","max-image-preview":"max-image-preview:large","max-video-preview":"max-video-preview:-1"},"canonical":"https:\/\/biotabs.nl\/de\/produkt\/starter-pack\/","og_locale":"de_DE","og_type":"article","og_title":"Starter Pack","og_description":"Wenn du dich f\u00fcr 100% organisches Anbauen entscheidest ist es wichtig, deinen Boden mit einer reichhaltigen Mischung aus n\u00fctzlichen Bakterien und Mikroorganismen vorzubereiten. Unser Starter Pack enth\u00e4lt alle N\u00e4hrstoffe und Bodenverbesserungsmittel, die du f\u00fcr einen florierenden, erfolgreichen und zu 100% organischen Anbau ben\u00f6tigst. Die beigef\u00fcgte Menge reicht f\u00fcr 5 bis 10 Pflanzen, je nach verwendeter Topfgr\u00f6\u00dfe.  Die Methode besteht darin, das Substrat mit den BioTabs-Produkten in den angegebenen Mengen vorzubereiten und das gleiche Verfahren jedes Mal zu wiederholen, wenn die Pflanze in einen neuen Topf umgepflanzt wird. Die Formel ist so einfach, dass du nur Wasser hinzuf\u00fcgen musst!  Weniger Arbeit, gr\u00f6\u00dfere organische Ertr\u00e4ge.  Zertifiziert 100% biologisch.  \u00dcberlasse die Arbeit der Natur!","og_url":"https:\/\/biotabs.nl\/de\/produkt\/starter-pack\/","og_site_name":"BioTabs","article_publisher":"https:\/\/www.facebook.com\/biotabs.organics","article_modified_time":"2025-08-12T12:22:58+00:00","og_image":[{"width":1200,"height":1200,"url":"https:\/\/biotabs.nl\/wp-content\/uploads\/product-starter-pack-1.jpg","type":"image\/jpeg"}],"twitter_card":"summary_large_image","twitter_site":"@Biotabs","twitter_misc":{"Gesch\u00e4tzte Lesezeit":"1\u00a0Minute"},"schema":{"@context":"https:\/\/schema.org","@graph":[{"@type":"WebPage","@id":"https:\/\/biotabs.nl\/de\/produkt\/starter-pack\/","url":"https:\/\/biotabs.nl\/de\/produkt\/starter-pack\/","name":"Starter Pack | Organisches Komplettset | BioTabs","isPartOf":{"@id":"https:\/\/biotabs.nl\/de\/#website"},"primaryImageOfPage":{"@id":"https:\/\/biotabs.nl\/de\/produkt\/starter-pack\/#primaryimage"},"image":{"@id":"https:\/\/biotabs.nl\/de\/produkt\/starter-pack\/#primaryimage"},"thumbnailUrl":"https:\/\/biotabs.nl\/wp-content\/uploads\/product-starter-pack-1.jpg","datePublished":"2021-08-04T14:59:56+00:00","dateModified":"2025-08-12T12:22:58+00:00","breadcrumb":{"@id":"https:\/\/biotabs.nl\/de\/produkt\/starter-pack\/#breadcrumb"},"inLanguage":"de","potentialAction":[{"@type":"ReadAction","target":["https:\/\/biotabs.nl\/de\/produkt\/starter-pack\/"]}]},{"@type":"ImageObject","inLanguage":"de","@id":"https:\/\/biotabs.nl\/de\/produkt\/starter-pack\/#primaryimage","url":"https:\/\/biotabs.nl\/wp-content\/uploads\/product-starter-pack-1.jpg","contentUrl":"https:\/\/biotabs.nl\/wp-content\/uploads\/product-starter-pack-1.jpg","width":1200,"height":1200},{"@type":"BreadcrumbList","@id":"https:\/\/biotabs.nl\/de\/produkt\/starter-pack\/#breadcrumb","itemListElement":[{"@type":"ListItem","position":1,"name":"Home","item":"https:\/\/biotabs.nl\/de\/"},{"@type":"ListItem","position":2,"name":"Shop","item":"https:\/\/biotabs.nl\/de\/einkaufen\/"},{"@type":"ListItem","position":3,"name":"Starter Pack"}]},{"@type":"WebSite","@id":"https:\/\/biotabs.nl\/de\/#website","url":"https:\/\/biotabs.nl\/de\/","name":"BioTabs","description":"Easy by Nature","publisher":{"@id":"https:\/\/biotabs.nl\/de\/#organization"},"potentialAction":[{"@type":"SearchAction","target":{"@type":"EntryPoint","urlTemplate":"https:\/\/biotabs.nl\/de\/?s={search_term_string}"},"query-input":{"@type":"PropertyValueSpecification","valueRequired":true,"valueName":"search_term_string"}}],"inLanguage":"de"},{"@type":"Organization","@id":"https:\/\/biotabs.nl\/de\/#organization","name":"BioTabs Easy by Nature","url":"https:\/\/biotabs.nl\/de\/","logo":{"@type":"ImageObject","inLanguage":"de","@id":"https:\/\/biotabs.nl\/de\/#\/schema\/logo\/image\/","url":"https:\/\/biotabs.nl\/wp-content\/uploads\/logo.png","contentUrl":"https:\/\/biotabs.nl\/wp-content\/uploads\/logo.png","width":200,"height":200,"caption":"BioTabs Easy by Nature"},"image":{"@id":"https:\/\/biotabs.nl\/de\/#\/schema\/logo\/image\/"},"sameAs":["https:\/\/www.facebook.com\/biotabs.organics","https:\/\/x.com\/Biotabs","https:\/\/instagram.com\/biotabsorganics","https:\/\/www.youtube.com\/channel\/UCY3QAw9DEfk_tuhQj0NdNxA"]}]}},"_links":{"self":[{"href":"https:\/\/biotabs.nl\/de\/wp-json\/wp\/v2\/product\/1633","targetHints":{"allow":["GET"]}}],"collection":[{"href":"https:\/\/biotabs.nl\/de\/wp-json\/wp\/v2\/product"}],"about":[{"href":"https:\/\/biotabs.nl\/de\/wp-json\/wp\/v2\/types\/product"}],"replies":[{"embeddable":true,"href":"https:\/\/biotabs.nl\/de\/wp-json\/wp\/v2\/comments?post=1633"}],"wp:featuredmedia":[{"embeddable":true,"href":"https:\/\/biotabs.nl\/de\/wp-json\/wp\/v2\/media\/16667"}],"wp:attachment":[{"href":"https:\/\/biotabs.nl\/de\/wp-json\/wp\/v2\/media?parent=1633"}],"wp:term":[{"taxonomy":"product_brand","embeddable":true,"href":"https:\/\/biotabs.nl\/de\/wp-json\/wp\/v2\/product_brand?post=1633"},{"taxonomy":"product_cat","embeddable":true,"href":"https:\/\/biotabs.nl\/de\/wp-json\/wp\/v2\/product_cat?post=1633"},{"taxonomy":"product_tag","embeddable":true,"href":"https:\/\/biotabs.nl\/de\/wp-json\/wp\/v2\/product_tag?post=1633"}],"curies":[{"name":"wp","href":"https:\/\/api.w.org\/{rel}","templated":true}]}}