
{"id":1645,"date":"2021-07-22T16:59:06","date_gmt":"2021-07-22T15:59:06","guid":{"rendered":"https:\/\/biotabs.nl\/product\/guerrilla-tabs\/"},"modified":"2022-07-06T15:42:54","modified_gmt":"2022-07-06T14:42:54","slug":"guerrilla-tabs","status":"publish","type":"product","link":"https:\/\/biotabs.nl\/de\/produkt\/guerrilla-tabs\/","title":{"rendered":"Guerrilla Tabs"},"content":{"rendered":"<h2>Powered by BioTabs<\/h2>\n<p>Guerilla Tabs sind langsam freisetzende organische D&uuml;ngertabletten, die den Boden durch mikrobiologische Aktivit&auml;t konditionieren und gleichzeitig d&uuml;ngen.<\/p>\n<ul>\n<li>10-Gramm-Bodenkonditionierungstabletten 15-7-8<\/li>\n<li>F&uuml;r Topfpflanzen oder direkt in der Erde wachsnede Pflanzen geeignet.<\/li>\n<li>Verwende 4 Tabs pro 10-Liter-Beh&auml;lter, 6 Tabs pro 20-Liter-Beh&auml;lter, 8 Tabs pro 30-Liter-Beh&auml;lter<\/li>\n<li>F&uuml;r direkt in die Erde gesetzte Pflanzen: 4 Tabs pro Pflanze verwenden.<\/li>\n<li>Steck die Tabs einfach 5 cm tief unter die Bodenoberfl&auml;che und bew&auml;ssere wie gewohnt.<\/li>\n<\/ul>\n<p>Verwenden Sie 2 Guerilla Tabs f&uuml;r je 5 Liter Blumenerde.<\/p>\n<p>In der Erde: Verwenden Sie 4 GuerrillaTabs pro Pflanze.<\/p>\n<p>Durch die &ldquo;Control Union&rdquo; zertifiziert bestehend aus 100% organischen Inhaltsstoffen.<\/p>\n<p>F&uuml;r optimale Ergebnisse kombinieren Sie Guerrilla Tabs mit n&uuml;tzlichen Bodenbakterien und Mykorrhizapilzen wie BACTREX und MYCOTREX<\/p>\n<p>Guerrilla Tabs sind Teil der BioTabs &#8218;Organische Anbaumethode&#8216;. F&uuml;r detaillierte Anweisungen und wie du die BioTabs-Produkte optimal nutzen kannst, empfehlen wir dir das BioTabs &#8218;Organic Growing&#8216;-Handbuch zu lesen.<\/p>\n","protected":false},"excerpt":{"rendered":"<p><strong>Powered by von BioTabs<\/strong><\/p>\n<p>Langsam freisetzende 100% organische D&uuml;ngertabletten NPK: 15-7-8<\/p>\n<ul>\n<li>N&uuml;tzliche Rhizo-Bakterien.<\/li>\n<li>Erh&auml;ltlich in Verpackungsgr&ouml;&szlig;en von 20 oder 200 Tabletten.<\/li>\n<li>Genug f&uuml;r 5 sehr gro&szlig;e Pflanzen.<\/li>\n<li>Bei der Verwendung von Guerrilla Tabs ist es nicht erforderlich, den PH- oder EC-Wert einzustellen.<\/li>\n<\/ul>\n<p>Biotabs Guerrilla 20 Tabletten. Konditionieren den Boden durch mikrobiologische Aktivit&auml;t w&auml;hrend sie gleichzeitig durch langsame Abgabe von N&auml;hrstoffen die Pflanze d&uuml;ngen.<\/p>\n","protected":false},"featured_media":16553,"comment_status":"open","ping_status":"closed","template":"","meta":{"_acf_changed":false},"product_brand":[],"product_cat":[149,125],"product_tag":[861,856,619,624,638,691,846,716,736,731,881,752,761,781,806,756,901,851,821],"class_list":{"0":"post-1645","1":"product","2":"type-product","3":"status-publish","4":"has-post-thumbnail","6":"product_cat-organische-bodenverbesserer","7":"product_cat-organische-dungemittel-pflanzennahrung-und-bodenverbesserer-de","8":"product_tag-bodenbakterien","9":"product_tag-bodenleben","10":"product_tag-dunger","11":"product_tag-dungetabletten","12":"product_tag-fulvinsaure","13":"product_tag-huminsaure","14":"product_tag-langzeitdunger","15":"product_tag-makronahrstoffe","16":"product_tag-mikronahrstoffe","17":"product_tag-mikroorganismen","18":"product_tag-mikroorganismen-im-boden","19":"product_tag-npk-de","20":"product_tag-outdoordunger","21":"product_tag-pflanzennahrung","22":"product_tag-rhizobakterien","23":"product_tag-stickstoff","24":"product_tag-tabletten-de","25":"product_tag-tabletten-mit-langzeitwirkung","26":"product_tag-wurzelorganismen","28":"first","29":"instock","30":"taxable","31":"shipping-taxable","32":"purchasable","33":"product-type-variable"},"acf":[],"yoast_head":"<!-- This site is optimized with the Yoast SEO Premium plugin v25.8 (Yoast SEO v27.2) - https:\/\/yoast.com\/product\/yoast-seo-premium-wordpress\/ -->\n<title>Guerrilla Tabs | D\u00fcngetabletten f\u00fcr den Au\u00dfenbereich | BioTabs<\/title>\n<meta name=\"robots\" content=\"index, follow, max-snippet:-1, max-image-preview:large, max-video-preview:-1\" \/>\n<link rel=\"canonical\" href=\"https:\/\/biotabs.nl\/de\/produkt\/guerrilla-tabs\/\" \/>\n<meta property=\"og:locale\" content=\"de_DE\" \/>\n<meta property=\"og:type\" content=\"article\" \/>\n<meta property=\"og:title\" content=\"Guerrilla Tabs\" \/>\n<meta property=\"og:description\" content=\"Powered by von BioTabs Langsam freisetzende 100% organische D&uuml;ngertabletten NPK: 15-7-8  N&uuml;tzliche Rhizo-Bakterien. Erh&auml;ltlich in Verpackungsgr&ouml;&szlig;en von 20 oder 200 Tabletten. Genug f&uuml;r 5 sehr gro&szlig;e Pflanzen. Bei der Verwendung von Guerrilla Tabs ist es nicht erforderlich, den PH- oder EC-Wert einzustellen.  Biotabs Guerrilla 20 Tabletten. Konditionieren den Boden durch mikrobiologische Aktivit&auml;t w&auml;hrend sie gleichzeitig durch langsame Abgabe von N&auml;hrstoffen die Pflanze d&uuml;ngen.\" \/>\n<meta property=\"og:url\" content=\"https:\/\/biotabs.nl\/de\/produkt\/guerrilla-tabs\/\" \/>\n<meta property=\"og:site_name\" content=\"BioTabs\" \/>\n<meta property=\"article:publisher\" content=\"https:\/\/www.facebook.com\/biotabs.organics\" \/>\n<meta property=\"article:modified_time\" content=\"2022-07-06T14:42:54+00:00\" \/>\n<meta property=\"og:image\" content=\"https:\/\/biotabs.nl\/wp-content\/uploads\/product-guerrilla-tabs-famiily.jpg\" \/>\n\t<meta property=\"og:image:width\" content=\"1200\" \/>\n\t<meta property=\"og:image:height\" content=\"1200\" \/>\n\t<meta property=\"og:image:type\" content=\"image\/jpeg\" \/>\n<meta name=\"twitter:card\" content=\"summary_large_image\" \/>\n<meta name=\"twitter:site\" content=\"@Biotabs\" \/>\n<meta name=\"twitter:label1\" content=\"Gesch\u00e4tzte Lesezeit\" \/>\n\t<meta name=\"twitter:data1\" content=\"1\u00a0Minute\" \/>\n<script type=\"application\/ld+json\" class=\"yoast-schema-graph\">{\"@context\":\"https:\/\/schema.org\",\"@graph\":[{\"@type\":\"WebPage\",\"@id\":\"https:\/\/biotabs.nl\/de\/produkt\/guerrilla-tabs\/\",\"url\":\"https:\/\/biotabs.nl\/de\/produkt\/guerrilla-tabs\/\",\"name\":\"Guerrilla Tabs | D\u00fcngetabletten f\u00fcr den Au\u00dfenbereich | BioTabs\",\"isPartOf\":{\"@id\":\"https:\/\/biotabs.nl\/de\/#website\"},\"primaryImageOfPage\":{\"@id\":\"https:\/\/biotabs.nl\/de\/produkt\/guerrilla-tabs\/#primaryimage\"},\"image\":{\"@id\":\"https:\/\/biotabs.nl\/de\/produkt\/guerrilla-tabs\/#primaryimage\"},\"thumbnailUrl\":\"https:\/\/biotabs.nl\/wp-content\/uploads\/product-guerrilla-tabs-family.jpg\",\"datePublished\":\"2021-07-22T15:59:06+00:00\",\"dateModified\":\"2022-07-06T14:42:54+00:00\",\"breadcrumb\":{\"@id\":\"https:\/\/biotabs.nl\/de\/produkt\/guerrilla-tabs\/#breadcrumb\"},\"inLanguage\":\"de\",\"potentialAction\":[{\"@type\":\"ReadAction\",\"target\":[\"https:\/\/biotabs.nl\/de\/produkt\/guerrilla-tabs\/\"]}]},{\"@type\":\"ImageObject\",\"inLanguage\":\"de\",\"@id\":\"https:\/\/biotabs.nl\/de\/produkt\/guerrilla-tabs\/#primaryimage\",\"url\":\"https:\/\/biotabs.nl\/wp-content\/uploads\/product-guerrilla-tabs-family.jpg\",\"contentUrl\":\"https:\/\/biotabs.nl\/wp-content\/uploads\/product-guerrilla-tabs-family.jpg\",\"width\":1200,\"height\":1200},{\"@type\":\"BreadcrumbList\",\"@id\":\"https:\/\/biotabs.nl\/de\/produkt\/guerrilla-tabs\/#breadcrumb\",\"itemListElement\":[{\"@type\":\"ListItem\",\"position\":1,\"name\":\"Home\",\"item\":\"https:\/\/biotabs.nl\/de\/\"},{\"@type\":\"ListItem\",\"position\":2,\"name\":\"Shop\",\"item\":\"https:\/\/biotabs.nl\/de\/einkaufen\/\"},{\"@type\":\"ListItem\",\"position\":3,\"name\":\"Guerrilla Tabs\"}]},{\"@type\":\"WebSite\",\"@id\":\"https:\/\/biotabs.nl\/de\/#website\",\"url\":\"https:\/\/biotabs.nl\/de\/\",\"name\":\"BioTabs\",\"description\":\"Easy by Nature\",\"publisher\":{\"@id\":\"https:\/\/biotabs.nl\/de\/#organization\"},\"potentialAction\":[{\"@type\":\"SearchAction\",\"target\":{\"@type\":\"EntryPoint\",\"urlTemplate\":\"https:\/\/biotabs.nl\/de\/?s={search_term_string}\"},\"query-input\":{\"@type\":\"PropertyValueSpecification\",\"valueRequired\":true,\"valueName\":\"search_term_string\"}}],\"inLanguage\":\"de\"},{\"@type\":\"Organization\",\"@id\":\"https:\/\/biotabs.nl\/de\/#organization\",\"name\":\"BioTabs Easy by Nature\",\"url\":\"https:\/\/biotabs.nl\/de\/\",\"logo\":{\"@type\":\"ImageObject\",\"inLanguage\":\"de\",\"@id\":\"https:\/\/biotabs.nl\/de\/#\/schema\/logo\/image\/\",\"url\":\"https:\/\/biotabs.nl\/wp-content\/uploads\/logo.png\",\"contentUrl\":\"https:\/\/biotabs.nl\/wp-content\/uploads\/logo.png\",\"width\":200,\"height\":200,\"caption\":\"BioTabs Easy by Nature\"},\"image\":{\"@id\":\"https:\/\/biotabs.nl\/de\/#\/schema\/logo\/image\/\"},\"sameAs\":[\"https:\/\/www.facebook.com\/biotabs.organics\",\"https:\/\/x.com\/Biotabs\",\"https:\/\/instagram.com\/biotabsorganics\",\"https:\/\/www.youtube.com\/channel\/UCY3QAw9DEfk_tuhQj0NdNxA\"]}]}<\/script>\n<!-- \/ Yoast SEO Premium plugin. -->","yoast_head_json":{"title":"Guerrilla Tabs | D\u00fcngetabletten f\u00fcr den Au\u00dfenbereich | BioTabs","robots":{"index":"index","follow":"follow","max-snippet":"max-snippet:-1","max-image-preview":"max-image-preview:large","max-video-preview":"max-video-preview:-1"},"canonical":"https:\/\/biotabs.nl\/de\/produkt\/guerrilla-tabs\/","og_locale":"de_DE","og_type":"article","og_title":"Guerrilla Tabs","og_description":"Powered by von BioTabs Langsam freisetzende 100% organische D&uuml;ngertabletten NPK: 15-7-8  N&uuml;tzliche Rhizo-Bakterien. Erh&auml;ltlich in Verpackungsgr&ouml;&szlig;en von 20 oder 200 Tabletten. Genug f&uuml;r 5 sehr gro&szlig;e Pflanzen. Bei der Verwendung von Guerrilla Tabs ist es nicht erforderlich, den PH- oder EC-Wert einzustellen.  Biotabs Guerrilla 20 Tabletten. Konditionieren den Boden durch mikrobiologische Aktivit&auml;t w&auml;hrend sie gleichzeitig durch langsame Abgabe von N&auml;hrstoffen die Pflanze d&uuml;ngen.","og_url":"https:\/\/biotabs.nl\/de\/produkt\/guerrilla-tabs\/","og_site_name":"BioTabs","article_publisher":"https:\/\/www.facebook.com\/biotabs.organics","article_modified_time":"2022-07-06T14:42:54+00:00","og_image":[{"width":1200,"height":1200,"url":"https:\/\/biotabs.nl\/wp-content\/uploads\/product-guerrilla-tabs-famiily.jpg","type":"image\/jpeg"}],"twitter_card":"summary_large_image","twitter_site":"@Biotabs","twitter_misc":{"Gesch\u00e4tzte Lesezeit":"1\u00a0Minute"},"schema":{"@context":"https:\/\/schema.org","@graph":[{"@type":"WebPage","@id":"https:\/\/biotabs.nl\/de\/produkt\/guerrilla-tabs\/","url":"https:\/\/biotabs.nl\/de\/produkt\/guerrilla-tabs\/","name":"Guerrilla Tabs | D\u00fcngetabletten f\u00fcr den Au\u00dfenbereich | BioTabs","isPartOf":{"@id":"https:\/\/biotabs.nl\/de\/#website"},"primaryImageOfPage":{"@id":"https:\/\/biotabs.nl\/de\/produkt\/guerrilla-tabs\/#primaryimage"},"image":{"@id":"https:\/\/biotabs.nl\/de\/produkt\/guerrilla-tabs\/#primaryimage"},"thumbnailUrl":"https:\/\/biotabs.nl\/wp-content\/uploads\/product-guerrilla-tabs-family.jpg","datePublished":"2021-07-22T15:59:06+00:00","dateModified":"2022-07-06T14:42:54+00:00","breadcrumb":{"@id":"https:\/\/biotabs.nl\/de\/produkt\/guerrilla-tabs\/#breadcrumb"},"inLanguage":"de","potentialAction":[{"@type":"ReadAction","target":["https:\/\/biotabs.nl\/de\/produkt\/guerrilla-tabs\/"]}]},{"@type":"ImageObject","inLanguage":"de","@id":"https:\/\/biotabs.nl\/de\/produkt\/guerrilla-tabs\/#primaryimage","url":"https:\/\/biotabs.nl\/wp-content\/uploads\/product-guerrilla-tabs-family.jpg","contentUrl":"https:\/\/biotabs.nl\/wp-content\/uploads\/product-guerrilla-tabs-family.jpg","width":1200,"height":1200},{"@type":"BreadcrumbList","@id":"https:\/\/biotabs.nl\/de\/produkt\/guerrilla-tabs\/#breadcrumb","itemListElement":[{"@type":"ListItem","position":1,"name":"Home","item":"https:\/\/biotabs.nl\/de\/"},{"@type":"ListItem","position":2,"name":"Shop","item":"https:\/\/biotabs.nl\/de\/einkaufen\/"},{"@type":"ListItem","position":3,"name":"Guerrilla Tabs"}]},{"@type":"WebSite","@id":"https:\/\/biotabs.nl\/de\/#website","url":"https:\/\/biotabs.nl\/de\/","name":"BioTabs","description":"Easy by Nature","publisher":{"@id":"https:\/\/biotabs.nl\/de\/#organization"},"potentialAction":[{"@type":"SearchAction","target":{"@type":"EntryPoint","urlTemplate":"https:\/\/biotabs.nl\/de\/?s={search_term_string}"},"query-input":{"@type":"PropertyValueSpecification","valueRequired":true,"valueName":"search_term_string"}}],"inLanguage":"de"},{"@type":"Organization","@id":"https:\/\/biotabs.nl\/de\/#organization","name":"BioTabs Easy by Nature","url":"https:\/\/biotabs.nl\/de\/","logo":{"@type":"ImageObject","inLanguage":"de","@id":"https:\/\/biotabs.nl\/de\/#\/schema\/logo\/image\/","url":"https:\/\/biotabs.nl\/wp-content\/uploads\/logo.png","contentUrl":"https:\/\/biotabs.nl\/wp-content\/uploads\/logo.png","width":200,"height":200,"caption":"BioTabs Easy by Nature"},"image":{"@id":"https:\/\/biotabs.nl\/de\/#\/schema\/logo\/image\/"},"sameAs":["https:\/\/www.facebook.com\/biotabs.organics","https:\/\/x.com\/Biotabs","https:\/\/instagram.com\/biotabsorganics","https:\/\/www.youtube.com\/channel\/UCY3QAw9DEfk_tuhQj0NdNxA"]}]}},"_links":{"self":[{"href":"https:\/\/biotabs.nl\/de\/wp-json\/wp\/v2\/product\/1645","targetHints":{"allow":["GET"]}}],"collection":[{"href":"https:\/\/biotabs.nl\/de\/wp-json\/wp\/v2\/product"}],"about":[{"href":"https:\/\/biotabs.nl\/de\/wp-json\/wp\/v2\/types\/product"}],"replies":[{"embeddable":true,"href":"https:\/\/biotabs.nl\/de\/wp-json\/wp\/v2\/comments?post=1645"}],"wp:featuredmedia":[{"embeddable":true,"href":"https:\/\/biotabs.nl\/de\/wp-json\/wp\/v2\/media\/16553"}],"wp:attachment":[{"href":"https:\/\/biotabs.nl\/de\/wp-json\/wp\/v2\/media?parent=1645"}],"wp:term":[{"taxonomy":"product_brand","embeddable":true,"href":"https:\/\/biotabs.nl\/de\/wp-json\/wp\/v2\/product_brand?post=1645"},{"taxonomy":"product_cat","embeddable":true,"href":"https:\/\/biotabs.nl\/de\/wp-json\/wp\/v2\/product_cat?post=1645"},{"taxonomy":"product_tag","embeddable":true,"href":"https:\/\/biotabs.nl\/de\/wp-json\/wp\/v2\/product_tag?post=1645"}],"curies":[{"name":"wp","href":"https:\/\/api.w.org\/{rel}","templated":true}]}}