
{"id":1655,"date":"2021-07-22T17:01:13","date_gmt":"2021-07-22T16:01:13","guid":{"rendered":"https:\/\/biotabs.nl\/product\/guerrilla-juice\/"},"modified":"2022-07-06T15:42:34","modified_gmt":"2022-07-06T14:42:34","slug":"guerrilla-juice","status":"publish","type":"product","link":"https:\/\/biotabs.nl\/de\/produkt\/guerrilla-juice\/","title":{"rendered":"Guerrilla Juice"},"content":{"rendered":"<h2>Guerillajuice 500 ml &#8211; Powered by BioTabs<\/h2>\n<p>Organic Guerrilla Juice 5-1-5 ist ein fl&uuml;ssiger organischer Wachstums- und Bl&uuml;tebeschleuniger, der dir dabei hilft gesunde Erde und optimale Anbau Konditionen zu erschaffen.<\/p>\n<p>Guerillajuice enth&auml;lt Luzernenmehl, Melasse, Kalivinasse, Siliziumoxid und feine Gesteinspartikel als Basis f&uuml;r Mikron&auml;hrstoffe.<\/p>\n<p>F&uuml;r optimale Ergebnisse kombinieren Sie Guerillajuice mit n&uuml;tzlichen Bodenbakterien und Mykorrhizapilzen wie BACTREX und MYCOTREX<\/p>\n<p>10 ml Guerillajuice mit 1 Liter Wasser verd&uuml;nnen.<\/p>\n<p>Gie&szlig;e die Pflanzen ab Woche 4 nach dem einpflanzen und dann einmal pro Woche mit dieser L&ouml;sung.<\/p>\n<p>Durch die &ldquo;Control Union&rdquo; zertifiziertes vollst&auml;ndig biologisches Produkt.<\/p>\n<p>Guerillajuice ist Teil der BioTabs &#8218;Organische Anbaumethode&#8216;. F&uuml;r detaillierte Anweisungen und wie du die BioTabs-Produkte optimal nutzen kannst, empfehlen wir dir das BioTabs &#8218;Organic Growing&#8216;-Handbuch zu lesen.<\/p>\n","protected":false},"excerpt":{"rendered":"<p><strong>500ml NPK 5-1-5<\/strong><\/p>\n<p>Guerillajuice wirkt in harmonischem Zusamenspiel mit n&uuml;tzlichen Bodenbakterien und Mykorrhizapilzen.<\/p>\n<p>Es enth&auml;lt ausgewogene Mengen an: Zn, Cu, Ca, Mn, Mg, S, Si und Fe.<\/p>\n","protected":false},"featured_media":16523,"comment_status":"open","ping_status":"closed","template":"","meta":{"_acf_changed":false},"product_brand":[],"product_cat":[129,149,125],"product_tag":[628,619,711,716,741,736,752,761,781,791,911,756,670],"class_list":{"0":"post-1655","1":"product","2":"type-product","3":"status-publish","4":"has-post-thumbnail","6":"product_cat-bio-bluteverstarker-beschleuniger","7":"product_cat-organische-bodenverbesserer","8":"product_cat-organische-dungemittel-pflanzennahrung-und-bodenverbesserer-de","9":"product_tag-blutebeschleuniger","10":"product_tag-dunger","11":"product_tag-flussiger-dunger","12":"product_tag-makronahrstoffe","13":"product_tag-melasse","14":"product_tag-mikronahrstoffe","15":"product_tag-npk-de","16":"product_tag-outdoordunger","17":"product_tag-pflanzennahrung","18":"product_tag-pflanzenschutz","19":"product_tag-spurenelemente","20":"product_tag-stickstoff","21":"product_tag-wachstumsbeschleuniger","23":"first","24":"instock","25":"taxable","26":"shipping-taxable","27":"purchasable","28":"product-type-simple"},"acf":[],"yoast_head":"<!-- This site is optimized with the Yoast SEO Premium plugin v25.8 (Yoast SEO v27.4) - https:\/\/yoast.com\/product\/yoast-seo-premium-wordpress\/ -->\n<title>Guerrilla Juice | Fl\u00fcssigd\u00fcnger f\u00fcr den Au\u00dfenbereich | BioTabs<\/title>\n<meta name=\"robots\" content=\"index, follow, max-snippet:-1, max-image-preview:large, max-video-preview:-1\" \/>\n<link rel=\"canonical\" href=\"https:\/\/biotabs.nl\/de\/produkt\/guerrilla-juice\/\" \/>\n<meta property=\"og:locale\" content=\"de_DE\" \/>\n<meta property=\"og:type\" content=\"article\" \/>\n<meta property=\"og:title\" content=\"Guerrilla Juice\" \/>\n<meta property=\"og:description\" content=\"500ml NPK 5-1-5 Guerillajuice wirkt in harmonischem Zusamenspiel mit n&uuml;tzlichen Bodenbakterien und Mykorrhizapilzen. Es enth&auml;lt ausgewogene Mengen an: Zn, Cu, Ca, Mn, Mg, S, Si und Fe.\" \/>\n<meta property=\"og:url\" content=\"https:\/\/biotabs.nl\/de\/produkt\/guerrilla-juice\/\" \/>\n<meta property=\"og:site_name\" content=\"BioTabs\" \/>\n<meta property=\"article:publisher\" content=\"https:\/\/www.facebook.com\/biotabs.organics\" \/>\n<meta property=\"article:modified_time\" content=\"2022-07-06T14:42:34+00:00\" \/>\n<meta property=\"og:image\" content=\"https:\/\/biotabs.nl\/wp-content\/uploads\/product-guerrilla-juice-500-ml.jpg\" \/>\n\t<meta property=\"og:image:width\" content=\"1200\" \/>\n\t<meta property=\"og:image:height\" content=\"1200\" \/>\n\t<meta property=\"og:image:type\" content=\"image\/jpeg\" \/>\n<meta name=\"twitter:card\" content=\"summary_large_image\" \/>\n<meta name=\"twitter:site\" content=\"@Biotabs\" \/>\n<meta name=\"twitter:label1\" content=\"Gesch\u00e4tzte Lesezeit\" \/>\n\t<meta name=\"twitter:data1\" content=\"1\u00a0Minute\" \/>\n<script type=\"application\/ld+json\" class=\"yoast-schema-graph\">{\"@context\":\"https:\\\/\\\/schema.org\",\"@graph\":[{\"@type\":\"WebPage\",\"@id\":\"https:\\\/\\\/biotabs.nl\\\/de\\\/produkt\\\/guerrilla-juice\\\/\",\"url\":\"https:\\\/\\\/biotabs.nl\\\/de\\\/produkt\\\/guerrilla-juice\\\/\",\"name\":\"Guerrilla Juice | Fl\u00fcssigd\u00fcnger f\u00fcr den Au\u00dfenbereich | BioTabs\",\"isPartOf\":{\"@id\":\"https:\\\/\\\/biotabs.nl\\\/de\\\/#website\"},\"primaryImageOfPage\":{\"@id\":\"https:\\\/\\\/biotabs.nl\\\/de\\\/produkt\\\/guerrilla-juice\\\/#primaryimage\"},\"image\":{\"@id\":\"https:\\\/\\\/biotabs.nl\\\/de\\\/produkt\\\/guerrilla-juice\\\/#primaryimage\"},\"thumbnailUrl\":\"https:\\\/\\\/biotabs.nl\\\/wp-content\\\/uploads\\\/product-guerrilla-juice-500-ml.jpg\",\"datePublished\":\"2021-07-22T16:01:13+00:00\",\"dateModified\":\"2022-07-06T14:42:34+00:00\",\"breadcrumb\":{\"@id\":\"https:\\\/\\\/biotabs.nl\\\/de\\\/produkt\\\/guerrilla-juice\\\/#breadcrumb\"},\"inLanguage\":\"de\",\"potentialAction\":[{\"@type\":\"ReadAction\",\"target\":[\"https:\\\/\\\/biotabs.nl\\\/de\\\/produkt\\\/guerrilla-juice\\\/\"]}]},{\"@type\":\"ImageObject\",\"inLanguage\":\"de\",\"@id\":\"https:\\\/\\\/biotabs.nl\\\/de\\\/produkt\\\/guerrilla-juice\\\/#primaryimage\",\"url\":\"https:\\\/\\\/biotabs.nl\\\/wp-content\\\/uploads\\\/product-guerrilla-juice-500-ml.jpg\",\"contentUrl\":\"https:\\\/\\\/biotabs.nl\\\/wp-content\\\/uploads\\\/product-guerrilla-juice-500-ml.jpg\",\"width\":1200,\"height\":1200},{\"@type\":\"BreadcrumbList\",\"@id\":\"https:\\\/\\\/biotabs.nl\\\/de\\\/produkt\\\/guerrilla-juice\\\/#breadcrumb\",\"itemListElement\":[{\"@type\":\"ListItem\",\"position\":1,\"name\":\"Home\",\"item\":\"https:\\\/\\\/biotabs.nl\\\/de\\\/\"},{\"@type\":\"ListItem\",\"position\":2,\"name\":\"Shop\",\"item\":\"https:\\\/\\\/biotabs.nl\\\/de\\\/einkaufen\\\/\"},{\"@type\":\"ListItem\",\"position\":3,\"name\":\"Guerrilla Juice\"}]},{\"@type\":\"WebSite\",\"@id\":\"https:\\\/\\\/biotabs.nl\\\/de\\\/#website\",\"url\":\"https:\\\/\\\/biotabs.nl\\\/de\\\/\",\"name\":\"BioTabs\",\"description\":\"Easy by Nature\",\"publisher\":{\"@id\":\"https:\\\/\\\/biotabs.nl\\\/de\\\/#organization\"},\"potentialAction\":[{\"@type\":\"SearchAction\",\"target\":{\"@type\":\"EntryPoint\",\"urlTemplate\":\"https:\\\/\\\/biotabs.nl\\\/de\\\/?s={search_term_string}\"},\"query-input\":{\"@type\":\"PropertyValueSpecification\",\"valueRequired\":true,\"valueName\":\"search_term_string\"}}],\"inLanguage\":\"de\"},{\"@type\":\"Organization\",\"@id\":\"https:\\\/\\\/biotabs.nl\\\/de\\\/#organization\",\"name\":\"BioTabs Easy by Nature\",\"url\":\"https:\\\/\\\/biotabs.nl\\\/de\\\/\",\"logo\":{\"@type\":\"ImageObject\",\"inLanguage\":\"de\",\"@id\":\"https:\\\/\\\/biotabs.nl\\\/de\\\/#\\\/schema\\\/logo\\\/image\\\/\",\"url\":\"https:\\\/\\\/biotabs.nl\\\/wp-content\\\/uploads\\\/logo.png\",\"contentUrl\":\"https:\\\/\\\/biotabs.nl\\\/wp-content\\\/uploads\\\/logo.png\",\"width\":200,\"height\":200,\"caption\":\"BioTabs Easy by Nature\"},\"image\":{\"@id\":\"https:\\\/\\\/biotabs.nl\\\/de\\\/#\\\/schema\\\/logo\\\/image\\\/\"},\"sameAs\":[\"https:\\\/\\\/www.facebook.com\\\/biotabs.organics\",\"https:\\\/\\\/x.com\\\/Biotabs\",\"https:\\\/\\\/instagram.com\\\/biotabsorganics\",\"https:\\\/\\\/www.youtube.com\\\/channel\\\/UCY3QAw9DEfk_tuhQj0NdNxA\"]}]}<\/script>\n<!-- \/ Yoast SEO Premium plugin. -->","yoast_head_json":{"title":"Guerrilla Juice | Fl\u00fcssigd\u00fcnger f\u00fcr den Au\u00dfenbereich | BioTabs","robots":{"index":"index","follow":"follow","max-snippet":"max-snippet:-1","max-image-preview":"max-image-preview:large","max-video-preview":"max-video-preview:-1"},"canonical":"https:\/\/biotabs.nl\/de\/produkt\/guerrilla-juice\/","og_locale":"de_DE","og_type":"article","og_title":"Guerrilla Juice","og_description":"500ml NPK 5-1-5 Guerillajuice wirkt in harmonischem Zusamenspiel mit n&uuml;tzlichen Bodenbakterien und Mykorrhizapilzen. Es enth&auml;lt ausgewogene Mengen an: Zn, Cu, Ca, Mn, Mg, S, Si und Fe.","og_url":"https:\/\/biotabs.nl\/de\/produkt\/guerrilla-juice\/","og_site_name":"BioTabs","article_publisher":"https:\/\/www.facebook.com\/biotabs.organics","article_modified_time":"2022-07-06T14:42:34+00:00","og_image":[{"width":1200,"height":1200,"url":"https:\/\/biotabs.nl\/wp-content\/uploads\/product-guerrilla-juice-500-ml.jpg","type":"image\/jpeg"}],"twitter_card":"summary_large_image","twitter_site":"@Biotabs","twitter_misc":{"Gesch\u00e4tzte Lesezeit":"1\u00a0Minute"},"schema":{"@context":"https:\/\/schema.org","@graph":[{"@type":"WebPage","@id":"https:\/\/biotabs.nl\/de\/produkt\/guerrilla-juice\/","url":"https:\/\/biotabs.nl\/de\/produkt\/guerrilla-juice\/","name":"Guerrilla Juice | Fl\u00fcssigd\u00fcnger f\u00fcr den Au\u00dfenbereich | BioTabs","isPartOf":{"@id":"https:\/\/biotabs.nl\/de\/#website"},"primaryImageOfPage":{"@id":"https:\/\/biotabs.nl\/de\/produkt\/guerrilla-juice\/#primaryimage"},"image":{"@id":"https:\/\/biotabs.nl\/de\/produkt\/guerrilla-juice\/#primaryimage"},"thumbnailUrl":"https:\/\/biotabs.nl\/wp-content\/uploads\/product-guerrilla-juice-500-ml.jpg","datePublished":"2021-07-22T16:01:13+00:00","dateModified":"2022-07-06T14:42:34+00:00","breadcrumb":{"@id":"https:\/\/biotabs.nl\/de\/produkt\/guerrilla-juice\/#breadcrumb"},"inLanguage":"de","potentialAction":[{"@type":"ReadAction","target":["https:\/\/biotabs.nl\/de\/produkt\/guerrilla-juice\/"]}]},{"@type":"ImageObject","inLanguage":"de","@id":"https:\/\/biotabs.nl\/de\/produkt\/guerrilla-juice\/#primaryimage","url":"https:\/\/biotabs.nl\/wp-content\/uploads\/product-guerrilla-juice-500-ml.jpg","contentUrl":"https:\/\/biotabs.nl\/wp-content\/uploads\/product-guerrilla-juice-500-ml.jpg","width":1200,"height":1200},{"@type":"BreadcrumbList","@id":"https:\/\/biotabs.nl\/de\/produkt\/guerrilla-juice\/#breadcrumb","itemListElement":[{"@type":"ListItem","position":1,"name":"Home","item":"https:\/\/biotabs.nl\/de\/"},{"@type":"ListItem","position":2,"name":"Shop","item":"https:\/\/biotabs.nl\/de\/einkaufen\/"},{"@type":"ListItem","position":3,"name":"Guerrilla Juice"}]},{"@type":"WebSite","@id":"https:\/\/biotabs.nl\/de\/#website","url":"https:\/\/biotabs.nl\/de\/","name":"BioTabs","description":"Easy by Nature","publisher":{"@id":"https:\/\/biotabs.nl\/de\/#organization"},"potentialAction":[{"@type":"SearchAction","target":{"@type":"EntryPoint","urlTemplate":"https:\/\/biotabs.nl\/de\/?s={search_term_string}"},"query-input":{"@type":"PropertyValueSpecification","valueRequired":true,"valueName":"search_term_string"}}],"inLanguage":"de"},{"@type":"Organization","@id":"https:\/\/biotabs.nl\/de\/#organization","name":"BioTabs Easy by Nature","url":"https:\/\/biotabs.nl\/de\/","logo":{"@type":"ImageObject","inLanguage":"de","@id":"https:\/\/biotabs.nl\/de\/#\/schema\/logo\/image\/","url":"https:\/\/biotabs.nl\/wp-content\/uploads\/logo.png","contentUrl":"https:\/\/biotabs.nl\/wp-content\/uploads\/logo.png","width":200,"height":200,"caption":"BioTabs Easy by Nature"},"image":{"@id":"https:\/\/biotabs.nl\/de\/#\/schema\/logo\/image\/"},"sameAs":["https:\/\/www.facebook.com\/biotabs.organics","https:\/\/x.com\/Biotabs","https:\/\/instagram.com\/biotabsorganics","https:\/\/www.youtube.com\/channel\/UCY3QAw9DEfk_tuhQj0NdNxA"]}]}},"_links":{"self":[{"href":"https:\/\/biotabs.nl\/de\/wp-json\/wp\/v2\/product\/1655","targetHints":{"allow":["GET"]}}],"collection":[{"href":"https:\/\/biotabs.nl\/de\/wp-json\/wp\/v2\/product"}],"about":[{"href":"https:\/\/biotabs.nl\/de\/wp-json\/wp\/v2\/types\/product"}],"replies":[{"embeddable":true,"href":"https:\/\/biotabs.nl\/de\/wp-json\/wp\/v2\/comments?post=1655"}],"wp:featuredmedia":[{"embeddable":true,"href":"https:\/\/biotabs.nl\/de\/wp-json\/wp\/v2\/media\/16523"}],"wp:attachment":[{"href":"https:\/\/biotabs.nl\/de\/wp-json\/wp\/v2\/media?parent=1655"}],"wp:term":[{"taxonomy":"product_brand","embeddable":true,"href":"https:\/\/biotabs.nl\/de\/wp-json\/wp\/v2\/product_brand?post=1655"},{"taxonomy":"product_cat","embeddable":true,"href":"https:\/\/biotabs.nl\/de\/wp-json\/wp\/v2\/product_cat?post=1655"},{"taxonomy":"product_tag","embeddable":true,"href":"https:\/\/biotabs.nl\/de\/wp-json\/wp\/v2\/product_tag?post=1655"}],"curies":[{"name":"wp","href":"https:\/\/api.w.org\/{rel}","templated":true}]}}