
{"id":1022,"date":"2021-09-02T16:27:23","date_gmt":"2021-09-02T15:27:23","guid":{"rendered":"https:\/\/biotabs.nl\/?page_id=1022"},"modified":"2021-10-12T15:45:03","modified_gmt":"2021-10-12T14:45:03","slug":"aula-formativa","status":"publish","type":"page","link":"https:\/\/biotabs.nl\/es\/aula-formativa\/","title":{"rendered":"Aula formativa"},"content":{"rendered":"<div id=\"pl-1022\"  class=\"panel-layout\" ><div id=\"pg-1022-0\"  class=\"panel-grid panel-no-style\" ><div id=\"pgc-1022-0-0\"  class=\"panel-grid-cell\" ><div id=\"panel-1022-0-0-0\" class=\"widget_text so-panel widget widget_custom_html panel-first-child panel-last-child widgetopts-SO\" data-index=\"0\" ><div class=\"textwidget custom-html-widget\"><style>.embed-container { position: relative; padding-bottom: 56.25%; height: 0; overflow: hidden; max-width: 100%; } .embed-container iframe, .embed-container object, .embed-container embed { position: absolute; top: 0; left: 0; width: 100%; height: 100%; }<\/style><div class='embed-container'><iframe data-src='https:\/\/www.youtube.com\/embed\/wUAnCHYZQVg' frameborder='0' allowfullscreen src='data:image\/svg+xml;base64,PHN2ZyB3aWR0aD0iMSIgaGVpZ2h0PSIxIiB4bWxucz0iaHR0cDovL3d3dy53My5vcmcvMjAwMC9zdmciPjwvc3ZnPg==' class='lazyload' data-load-mode='1'><\/iframe><\/div><\/div><\/div><\/div><div id=\"pgc-1022-0-1\"  class=\"panel-grid-cell\" ><div id=\"panel-1022-0-1-0\" class=\"so-panel widget widget_sow-editor panel-first-child panel-last-child widgetopts-SO\" data-index=\"1\" ><div\n\t\t\t\n\t\t\tclass=\"so-widget-sow-editor so-widget-sow-editor-base\"\n\t\t\t\n\t\t><h2 class=\"widget-title\">Video tutoriales<\/h2>\n<div class=\"siteorigin-widget-tinymce textwidget\">\n\t<p>Conoce m\u00e1s con los videos tutoriales donde se explica en detalle c\u00f3mo aplicar los productos BioTabs y suscribirte a nuestro canal de YouTube.<\/p>\n<p><a class=\"button\" href=\"\/es\/aula-formativa\/preguntas-frecuentes\">Ver video tutoriales<\/a><\/p>\n<\/div>\n<\/div><\/div><\/div><\/div><div id=\"pg-1022-1\"  class=\"panel-grid panel-has-style\" ><div class=\"siteorigin-panels-stretch panel-row-style panel-row-style-for-1022-1\" data-stretch-type=\"full\" ><div id=\"pgc-1022-1-0\"  class=\"panel-grid-cell\" ><div id=\"panel-1022-1-0-0\" class=\"so-panel widget widget_sow-editor panel-first-child panel-last-child widgetopts-SO\" data-index=\"2\" ><div\n\t\t\t\n\t\t\tclass=\"so-widget-sow-editor so-widget-sow-editor-base\"\n\t\t\t\n\t\t><h2 class=\"widget-title\">Vida del suelo<\/h2>\n<div class=\"siteorigin-widget-tinymce textwidget\">\n\t<p>BioTabs es una estrategia inteligente, desarrollada recientemente para el cultivo org\u00e1nico y que se basa en conveniencia, eficiencia y calidad. Cultivar de forma org\u00e1nica suena complicado, pero es esencialmente la forma m\u00e1s simple y pura de cultivar.<\/p>\n<p><a class=\"button\" href=\"\/es\/aula-formativa\/vida-del-suelo\/\">Ver m\u00e1s acerca de la vida del suelo<\/a><\/p>\n<\/div>\n<\/div><\/div><\/div><div id=\"pgc-1022-1-1\"  class=\"panel-grid-cell\" ><div id=\"panel-1022-1-1-0\" class=\"so-panel widget widget_sow-image panel-first-child panel-last-child widgetopts-SO\" data-index=\"3\" ><div\n\t\t\t\n\t\t\tclass=\"so-widget-sow-image so-widget-sow-image-default-dbf295114b96-1022\"\n\t\t\t\n\t\t>\n<div class=\"sow-image-container\">\n\t\t<img \n\tdata-src=\"https:\/\/www.l5cdn.com\/biotabs\/training-center-soil-life.jpg\" title=\"Aula formativa\" alt=\"\" \t\tclass=\"so-widget-image lazyload\" src=\"data:image\/svg+xml;base64,PHN2ZyB3aWR0aD0iMSIgaGVpZ2h0PSIxIiB4bWxucz0iaHR0cDovL3d3dy53My5vcmcvMjAwMC9zdmciPjwvc3ZnPg==\" \/>\n\t<\/div>\n\n<\/div><\/div><\/div><\/div><\/div><div id=\"pg-1022-2\"  class=\"panel-grid panel-no-style\" ><div id=\"pgc-1022-2-0\"  class=\"panel-grid-cell\" ><div id=\"panel-1022-2-0-0\" class=\"so-panel widget widget_sow-image panel-first-child panel-last-child widgetopts-SO\" data-index=\"4\" ><div\n\t\t\t\n\t\t\tclass=\"so-widget-sow-image so-widget-sow-image-default-dbf295114b96-1022\"\n\t\t\t\n\t\t>\n<div class=\"sow-image-container\">\n\t\t<img \n\tdata-src=\"https:\/\/www.l5cdn.com\/biotabs\/training-center-faq.jpg\" title=\"Aula formativa\" alt=\"\" \t\tclass=\"so-widget-image lazyload\" src=\"data:image\/svg+xml;base64,PHN2ZyB3aWR0aD0iMSIgaGVpZ2h0PSIxIiB4bWxucz0iaHR0cDovL3d3dy53My5vcmcvMjAwMC9zdmciPjwvc3ZnPg==\" \/>\n\t<\/div>\n\n<\/div><\/div><\/div><div id=\"pgc-1022-2-1\"  class=\"panel-grid-cell\" ><div id=\"panel-1022-2-1-0\" class=\"so-panel widget widget_sow-editor panel-first-child panel-last-child widgetopts-SO\" data-index=\"5\" ><div\n\t\t\t\n\t\t\tclass=\"so-widget-sow-editor so-widget-sow-editor-base\"\n\t\t\t\n\t\t><h2 class=\"widget-title\">Las preguntas m\u00e1s frecuentes sobre nuestros productos<\/h2>\n<div class=\"siteorigin-widget-tinymce textwidget\">\n\t<p>Recoplicaci\u00f3n de toda la informaci\u00f3n necesaria y respuetas a las dudas que os puedan surgir en vuestros cultivos ecol\u00f3gicos.<\/p>\n<p><a class=\"button\" href=\"\/es\/aula-formativa\/preguntas-frecuentes\">Ver preguntas m\u00e1s frecuentes<\/a><\/p>\n<\/div>\n<\/div><\/div><\/div><\/div><div id=\"pg-1022-3\"  class=\"panel-grid panel-has-style\" ><div class=\"siteorigin-panels-stretch panel-row-style panel-row-style-for-1022-3\" data-stretch-type=\"full\" ><div id=\"pgc-1022-3-0\"  class=\"panel-grid-cell\" ><div id=\"panel-1022-3-0-0\" class=\"so-panel widget widget_sow-editor panel-first-child panel-last-child widgetopts-SO\" data-index=\"6\" ><div\n\t\t\t\n\t\t\tclass=\"so-widget-sow-editor so-widget-sow-editor-base\"\n\t\t\t\n\t\t><h2 class=\"widget-title\">Desc\u00e1rgate nuestros manuales para cultivo org\u00e1nico<\/h2>\n<div class=\"siteorigin-widget-tinymce textwidget\">\n\t<p>Disponibles en todos los idiomas desde aqu\u00ed puedes descargar los manuales Biotabs. Encuentra consejos acerca de las estrategias de agua, tierra, macetas, t\u00e9 de compost\u2026 Tambi\u00e9n encontraras manuales paso a paso para todo lo rfelacionado con tu cultivo org\u00e1nico.<\/p>\n<p><a class=\"button\" href=\"\/es\/aula-formativa\/manuales-biotabs\/\">Desarga de manuales formativos<\/a><\/p>\n<\/div>\n<\/div><\/div><\/div><div id=\"pgc-1022-3-1\"  class=\"panel-grid-cell\" ><div id=\"panel-1022-3-1-0\" class=\"so-panel widget widget_sow-image panel-first-child panel-last-child widgetopts-SO\" data-index=\"7\" ><div\n\t\t\t\n\t\t\tclass=\"so-widget-sow-image so-widget-sow-image-default-dbf295114b96-1022\"\n\t\t\t\n\t\t>\n<div class=\"sow-image-container\">\n\t\t<img \n\tdata-src=\"https:\/\/www.l5cdn.com\/biotabs\/training-center-manuals.jpg\" title=\"Aula formativa\" alt=\"\" \t\tclass=\"so-widget-image lazyload\" src=\"data:image\/svg+xml;base64,PHN2ZyB3aWR0aD0iMSIgaGVpZ2h0PSIxIiB4bWxucz0iaHR0cDovL3d3dy53My5vcmcvMjAwMC9zdmciPjwvc3ZnPg==\" \/>\n\t<\/div>\n\n<\/div><\/div><\/div><\/div><\/div><div id=\"pg-1022-4\"  class=\"panel-grid panel-no-style\" ><div id=\"pgc-1022-4-0\"  class=\"panel-grid-cell\" ><div id=\"panel-1022-4-0-0\" class=\"so-panel widget widget_sow-image panel-first-child panel-last-child widgetopts-SO\" data-index=\"8\" ><div\n\t\t\t\n\t\t\tclass=\"so-widget-sow-image so-widget-sow-image-default-dbf295114b96-1022\"\n\t\t\t\n\t\t>\n<div class=\"sow-image-container\">\n\t\t<img \n\tdata-src=\"https:\/\/www.l5cdn.com\/biotabs\/training-center-technical-sheets.jpg\" title=\"Aula formativa\" alt=\"\" \t\tclass=\"so-widget-image lazyload\" src=\"data:image\/svg+xml;base64,PHN2ZyB3aWR0aD0iMSIgaGVpZ2h0PSIxIiB4bWxucz0iaHR0cDovL3d3dy53My5vcmcvMjAwMC9zdmciPjwvc3ZnPg==\" \/>\n\t<\/div>\n\n<\/div><\/div><\/div><div id=\"pgc-1022-4-1\"  class=\"panel-grid-cell\" ><div id=\"panel-1022-4-1-0\" class=\"so-panel widget widget_sow-editor panel-first-child panel-last-child widgetopts-SO\" data-index=\"9\" ><div\n\t\t\t\n\t\t\tclass=\"so-widget-sow-editor so-widget-sow-editor-base\"\n\t\t\t\n\t\t><h2 class=\"widget-title\">BioTabs fichas t\u00e9cnicas y archivos pdf descargables de productos<\/h2>\n<div class=\"siteorigin-widget-tinymce textwidget\">\n\t<p>Descarga desde aqu\u00ed todos los manuales de todos nuestros producutos. En la ficha de cada producto encontrar\u00e1s las instrucciones de uso as\u00ed como toda la informaci\u00f3n para la dosificaci\u00f3n exacta seg\u00fan tu n\u00famero de plantas y macetas. <\/p>\n<p><a class=\"button\" href=\"\/es\/aula-formativa\/fichas-tecnicas\/\">Ver fichas t\u00e9cnicas de productos<\/a><\/p>\n<\/div>\n<\/div><\/div><\/div><\/div><\/div>","protected":false},"excerpt":{"rendered":"<p>Conoce m\u00e1s con los videos tutoriales donde se explica en detalle c\u00f3mo aplicar los productos BioTabs y suscribirte a nuestro canal de YouTube. Ver video tutoriales BioTabs es una estrategia inteligente, desarrollada recientemente para el cultivo org\u00e1nico y que se basa en conveniencia, eficiencia y calidad. Cultivar de forma org\u00e1nica suena complicado, pero es esencialmente [&hellip;]<\/p>\n","protected":false},"author":1,"featured_media":0,"parent":0,"menu_order":0,"comment_status":"closed","ping_status":"closed","template":"","meta":{"_acf_changed":false,"footnotes":""},"class_list":["post-1022","page","type-page","status-publish","hentry"],"acf":[],"yoast_head":"<!-- This site is optimized with the Yoast SEO Premium plugin v25.8 (Yoast SEO v27.2) - https:\/\/yoast.com\/product\/yoast-seo-premium-wordpress\/ -->\n<title>Aula formativa | BioTabs<\/title>\n<meta name=\"robots\" content=\"index, follow, max-snippet:-1, max-image-preview:large, max-video-preview:-1\" \/>\n<link rel=\"canonical\" href=\"https:\/\/biotabs.nl\/es\/aula-formativa\/\" \/>\n<meta property=\"og:locale\" content=\"es_ES\" \/>\n<meta property=\"og:type\" content=\"article\" \/>\n<meta property=\"og:title\" content=\"Aula formativa\" \/>\n<meta property=\"og:description\" content=\"Conoce m\u00e1s con los videos tutoriales donde se explica en detalle c\u00f3mo aplicar los productos BioTabs y suscribirte a nuestro canal de YouTube. Ver video tutoriales BioTabs es una estrategia inteligente, desarrollada recientemente para el cultivo org\u00e1nico y que se basa en conveniencia, eficiencia y calidad. Cultivar de forma org\u00e1nica suena complicado, pero es esencialmente [&hellip;]\" \/>\n<meta property=\"og:url\" content=\"https:\/\/biotabs.nl\/es\/aula-formativa\/\" \/>\n<meta property=\"og:site_name\" content=\"BioTabs\" \/>\n<meta property=\"article:publisher\" content=\"https:\/\/www.facebook.com\/biotabs.organics\" \/>\n<meta property=\"article:modified_time\" content=\"2021-10-12T14:45:03+00:00\" \/>\n<meta name=\"twitter:card\" content=\"summary_large_image\" \/>\n<meta name=\"twitter:site\" content=\"@Biotabs\" \/>\n<meta name=\"twitter:label1\" content=\"Tiempo de lectura\" \/>\n\t<meta name=\"twitter:data1\" content=\"1 minuto\" \/>\n<script type=\"application\/ld+json\" class=\"yoast-schema-graph\">{\"@context\":\"https:\/\/schema.org\",\"@graph\":[{\"@type\":\"WebPage\",\"@id\":\"https:\/\/biotabs.nl\/es\/aula-formativa\/\",\"url\":\"https:\/\/biotabs.nl\/es\/aula-formativa\/\",\"name\":\"Aula formativa | BioTabs\",\"isPartOf\":{\"@id\":\"https:\/\/biotabs.nl\/es\/#website\"},\"datePublished\":\"2021-09-02T15:27:23+00:00\",\"dateModified\":\"2021-10-12T14:45:03+00:00\",\"breadcrumb\":{\"@id\":\"https:\/\/biotabs.nl\/es\/aula-formativa\/#breadcrumb\"},\"inLanguage\":\"es\",\"potentialAction\":[{\"@type\":\"ReadAction\",\"target\":[\"https:\/\/biotabs.nl\/es\/aula-formativa\/\"]}]},{\"@type\":\"BreadcrumbList\",\"@id\":\"https:\/\/biotabs.nl\/es\/aula-formativa\/#breadcrumb\",\"itemListElement\":[{\"@type\":\"ListItem\",\"position\":1,\"name\":\"Home\",\"item\":\"https:\/\/biotabs.nl\/es\/\"},{\"@type\":\"ListItem\",\"position\":2,\"name\":\"Aula formativa\"}]},{\"@type\":\"WebSite\",\"@id\":\"https:\/\/biotabs.nl\/es\/#website\",\"url\":\"https:\/\/biotabs.nl\/es\/\",\"name\":\"BioTabs\",\"description\":\"Easy by Nature\",\"publisher\":{\"@id\":\"https:\/\/biotabs.nl\/es\/#organization\"},\"potentialAction\":[{\"@type\":\"SearchAction\",\"target\":{\"@type\":\"EntryPoint\",\"urlTemplate\":\"https:\/\/biotabs.nl\/es\/?s={search_term_string}\"},\"query-input\":{\"@type\":\"PropertyValueSpecification\",\"valueRequired\":true,\"valueName\":\"search_term_string\"}}],\"inLanguage\":\"es\"},{\"@type\":\"Organization\",\"@id\":\"https:\/\/biotabs.nl\/es\/#organization\",\"name\":\"BioTabs Easy by Nature\",\"url\":\"https:\/\/biotabs.nl\/es\/\",\"logo\":{\"@type\":\"ImageObject\",\"inLanguage\":\"es\",\"@id\":\"https:\/\/biotabs.nl\/es\/#\/schema\/logo\/image\/\",\"url\":\"https:\/\/biotabs.nl\/wp-content\/uploads\/logo.png\",\"contentUrl\":\"https:\/\/biotabs.nl\/wp-content\/uploads\/logo.png\",\"width\":200,\"height\":200,\"caption\":\"BioTabs Easy by Nature\"},\"image\":{\"@id\":\"https:\/\/biotabs.nl\/es\/#\/schema\/logo\/image\/\"},\"sameAs\":[\"https:\/\/www.facebook.com\/biotabs.organics\",\"https:\/\/x.com\/Biotabs\",\"https:\/\/instagram.com\/biotabsorganics\",\"https:\/\/www.youtube.com\/channel\/UCY3QAw9DEfk_tuhQj0NdNxA\"]}]}<\/script>\n<!-- \/ Yoast SEO Premium plugin. -->","yoast_head_json":{"title":"Aula formativa | BioTabs","robots":{"index":"index","follow":"follow","max-snippet":"max-snippet:-1","max-image-preview":"max-image-preview:large","max-video-preview":"max-video-preview:-1"},"canonical":"https:\/\/biotabs.nl\/es\/aula-formativa\/","og_locale":"es_ES","og_type":"article","og_title":"Aula formativa","og_description":"Conoce m\u00e1s con los videos tutoriales donde se explica en detalle c\u00f3mo aplicar los productos BioTabs y suscribirte a nuestro canal de YouTube. Ver video tutoriales BioTabs es una estrategia inteligente, desarrollada recientemente para el cultivo org\u00e1nico y que se basa en conveniencia, eficiencia y calidad. Cultivar de forma org\u00e1nica suena complicado, pero es esencialmente [&hellip;]","og_url":"https:\/\/biotabs.nl\/es\/aula-formativa\/","og_site_name":"BioTabs","article_publisher":"https:\/\/www.facebook.com\/biotabs.organics","article_modified_time":"2021-10-12T14:45:03+00:00","twitter_card":"summary_large_image","twitter_site":"@Biotabs","twitter_misc":{"Tiempo de lectura":"1 minuto"},"schema":{"@context":"https:\/\/schema.org","@graph":[{"@type":"WebPage","@id":"https:\/\/biotabs.nl\/es\/aula-formativa\/","url":"https:\/\/biotabs.nl\/es\/aula-formativa\/","name":"Aula formativa | BioTabs","isPartOf":{"@id":"https:\/\/biotabs.nl\/es\/#website"},"datePublished":"2021-09-02T15:27:23+00:00","dateModified":"2021-10-12T14:45:03+00:00","breadcrumb":{"@id":"https:\/\/biotabs.nl\/es\/aula-formativa\/#breadcrumb"},"inLanguage":"es","potentialAction":[{"@type":"ReadAction","target":["https:\/\/biotabs.nl\/es\/aula-formativa\/"]}]},{"@type":"BreadcrumbList","@id":"https:\/\/biotabs.nl\/es\/aula-formativa\/#breadcrumb","itemListElement":[{"@type":"ListItem","position":1,"name":"Home","item":"https:\/\/biotabs.nl\/es\/"},{"@type":"ListItem","position":2,"name":"Aula formativa"}]},{"@type":"WebSite","@id":"https:\/\/biotabs.nl\/es\/#website","url":"https:\/\/biotabs.nl\/es\/","name":"BioTabs","description":"Easy by Nature","publisher":{"@id":"https:\/\/biotabs.nl\/es\/#organization"},"potentialAction":[{"@type":"SearchAction","target":{"@type":"EntryPoint","urlTemplate":"https:\/\/biotabs.nl\/es\/?s={search_term_string}"},"query-input":{"@type":"PropertyValueSpecification","valueRequired":true,"valueName":"search_term_string"}}],"inLanguage":"es"},{"@type":"Organization","@id":"https:\/\/biotabs.nl\/es\/#organization","name":"BioTabs Easy by Nature","url":"https:\/\/biotabs.nl\/es\/","logo":{"@type":"ImageObject","inLanguage":"es","@id":"https:\/\/biotabs.nl\/es\/#\/schema\/logo\/image\/","url":"https:\/\/biotabs.nl\/wp-content\/uploads\/logo.png","contentUrl":"https:\/\/biotabs.nl\/wp-content\/uploads\/logo.png","width":200,"height":200,"caption":"BioTabs Easy by Nature"},"image":{"@id":"https:\/\/biotabs.nl\/es\/#\/schema\/logo\/image\/"},"sameAs":["https:\/\/www.facebook.com\/biotabs.organics","https:\/\/x.com\/Biotabs","https:\/\/instagram.com\/biotabsorganics","https:\/\/www.youtube.com\/channel\/UCY3QAw9DEfk_tuhQj0NdNxA"]}]}},"_links":{"self":[{"href":"https:\/\/biotabs.nl\/es\/wp-json\/wp\/v2\/pages\/1022","targetHints":{"allow":["GET"]}}],"collection":[{"href":"https:\/\/biotabs.nl\/es\/wp-json\/wp\/v2\/pages"}],"about":[{"href":"https:\/\/biotabs.nl\/es\/wp-json\/wp\/v2\/types\/page"}],"author":[{"embeddable":true,"href":"https:\/\/biotabs.nl\/es\/wp-json\/wp\/v2\/users\/1"}],"replies":[{"embeddable":true,"href":"https:\/\/biotabs.nl\/es\/wp-json\/wp\/v2\/comments?post=1022"}],"version-history":[{"count":0,"href":"https:\/\/biotabs.nl\/es\/wp-json\/wp\/v2\/pages\/1022\/revisions"}],"wp:attachment":[{"href":"https:\/\/biotabs.nl\/es\/wp-json\/wp\/v2\/media?parent=1022"}],"curies":[{"name":"wp","href":"https:\/\/api.w.org\/{rel}","templated":true}]}}