
{"id":1042,"date":"2021-09-03T14:42:23","date_gmt":"2021-09-03T13:42:23","guid":{"rendered":"https:\/\/biotabs.nl\/?page_id=1042"},"modified":"2021-09-03T14:42:23","modified_gmt":"2021-09-03T13:42:23","slug":"vida-del-suelo","status":"publish","type":"page","link":"https:\/\/biotabs.nl\/es\/aula-formativa\/vida-del-suelo\/","title":{"rendered":"Vida del suelo"},"content":{"rendered":"<div id=\"pl-1042\"  class=\"panel-layout\" ><div id=\"pg-1042-0\"  class=\"panel-grid panel-no-style\" ><div id=\"pgc-1042-0-0\"  class=\"panel-grid-cell\" ><div id=\"panel-1042-0-0-0\" class=\"so-panel widget widget_sow-editor panel-first-child widgetopts-SO\" data-index=\"0\" ><div\n\t\t\t\n\t\t\tclass=\"so-widget-sow-editor so-widget-sow-editor-base\"\n\t\t\t\n\t\t><h2 class=\"widget-title\">BioTabs, Easy by Nature<\/h2>\n<div class=\"siteorigin-widget-tinymce textwidget\">\n\t<p>BioTabs es una estrategia inteligente, desarrollada recientemente para el cultivo org\u00e1nico y que se basa en conveniencia, eficiencia y calidad. Cultivar de forma org\u00e1nica suena complicado, pero es esencialmente la forma m\u00e1s simple y pura de cultivar. En la naturaleza, los insectos, hongos y bacterias del suelo procesan los residuos animales y vegetales. Esos insectos, hongos y bacterias constituyen el denominado organismo del suelo. El organismo del suelo descompone material org\u00e1nico y lo transforma en nutrientes para las plantas. De este modo, plantas y animales muertos constituyen una fuente de alimento para otras formas de vida.<\/p>\n<\/div>\n<\/div><\/div><div id=\"panel-1042-0-0-1\" class=\"so-panel widget widget_sow-editor widgetopts-SO\" data-index=\"1\" ><div\n\t\t\t\n\t\t\tclass=\"so-widget-sow-editor so-widget-sow-editor-base\"\n\t\t\t\n\t\t><h2 class=\"widget-title\">Cultivo de exterior en suelo<\/h2>\n<div class=\"siteorigin-widget-tinymce textwidget\">\n\t<p>La base del cultivo org\u00e1nico es el empleo de compost u otras formas de residuos org\u00e1nicos descompuestos. Los organismos del suelo convierten el compost en alimento natural para las plantas y en humus. En los \u00faltimos a\u00f1os recientes ha habido muchos desarrollos en el campo del compost. Bokashi, el compost de gusano, e incluso el compost de mosca soldado negra y el t\u00e9 de compost est\u00e1n inspirando a muchos cultivadores. A\u00f1adir bacterias y hongos de suelo de forma adicional permite que se descomponga m\u00e1s material org\u00e1nico, transform\u00e1ndose en elementos nutricionales para las plantas. \u00a1De este modo el suelo se convierte en una f\u00e1brica de NPK que trabaja las 24 horas del d\u00eda, los 7 d\u00edas de la semana! Que el organismo del suelo est\u00e9 sano tiene otra ventaja. Algunos hongos (Trichoderma) protegen a las plantas de pat\u00f3genos. Otros hongos (Mycorrhiza) trabajan con la planta y estimulan el crecimiento de su sistema de ra\u00edces.<\/p>\n<\/div>\n<\/div><\/div><div id=\"panel-1042-0-0-2\" class=\"so-panel widget widget_sow-editor widgetopts-SO\" data-index=\"2\" ><div\n\t\t\t\n\t\t\tclass=\"so-widget-sow-editor so-widget-sow-editor-base\"\n\t\t\t\n\t\t><h2 class=\"widget-title\">Cultivo de interior: BioTabs<\/h2>\n<div class=\"siteorigin-widget-tinymce textwidget\">\n\t<p>No todo el mundo puede o quiere producir su propio compost de gusanos o bokashi. Adem\u00e1s, el uso de focos para el cultivo en interior exige mucho de las plantas. Para situaciones que exigen mucho de las plantas, BioTabs ha desarrollado una l\u00ednea especial de alimentos org\u00e1nicos basada en la innovaci\u00f3n y la simplicidad. La l\u00ednea consiste en un super-compost con una fuente de liberaci\u00f3n prolongada de nitr\u00f3geno org\u00e1nico a\u00f1adida. BioTabs tambi\u00e9n incluye biotecnolog\u00edas innovadoras al m\u00e9todo de cultivo, como micorrizas y otros organismos de suelo. El uso de estos organismos de suelo hace que BioTabs sea una estrategia particularmente eficiente para el cultivo org\u00e1nico. BioTabs ha sido ampliamente testado en la pr\u00e1ctica y ya est\u00e1 generando muchos cultivadores felices.<\/p>\n<\/div>\n<\/div><\/div><div id=\"panel-1042-0-0-3\" class=\"so-panel widget widget_sow-editor panel-last-child widgetopts-SO\" data-index=\"3\" ><div\n\t\t\t\n\t\t\tclass=\"so-widget-sow-editor so-widget-sow-editor-base\"\n\t\t\t\n\t\t><h2 class=\"widget-title\">R\u00e1pido y sencillo<\/h2>\n<div class=\"siteorigin-widget-tinymce textwidget\">\n\t<p>BioTabs hace que cultivar de forma org\u00e1nica sea algo muy sencillo. El cultivador prepara el sustrato o coco en las macetas en pocos minutos con el organismo de suelo BioTabs, nutrientes y humus. A continuaci\u00f3n, la planta puede introducirse en la maceta y todo lo que el cultivador tendr\u00e1 que hacer es regarla hasta el momento de la cosecha. \u00a1Como coser y cantar! El riego puede automatizarse gracias a la sofisticada estrategia de BioTabs; por ejemplo, en conjunci\u00f3n con el sistema AutoPot. La estrategia BioTabs es una forma de cultivar que ahorra mucho tiempo y pr\u00e1cticamente nunca puede salir mal. Pero, por supuesto, la conveniencia no es el \u00fanico criterio que importa: BioTabs garantiza en especial cosechas de alta calidad. BioTabs es una estrategia muy adecuada para el cultivo org\u00e1nico de interior y para cultivadores que cultivan en contenedores, tierra y sustrato de coco.<\/p>\n<\/div>\n<\/div><\/div><\/div><\/div><\/div>","protected":false},"excerpt":{"rendered":"<p>BioTabs es una estrategia inteligente, desarrollada recientemente para el cultivo org\u00e1nico y que se basa en conveniencia, eficiencia y calidad. Cultivar de forma org\u00e1nica suena complicado, pero es esencialmente la forma m\u00e1s simple y pura de cultivar. En la naturaleza, los insectos, hongos y bacterias del suelo procesan los residuos animales y vegetales. Esos insectos, [&hellip;]<\/p>\n","protected":false},"author":1,"featured_media":0,"parent":1022,"menu_order":0,"comment_status":"closed","ping_status":"closed","template":"","meta":{"_acf_changed":false,"footnotes":""},"class_list":["post-1042","page","type-page","status-publish","hentry"],"acf":[],"yoast_head":"<!-- This site is optimized with the Yoast SEO Premium plugin v25.8 (Yoast SEO v27.3) - https:\/\/yoast.com\/product\/yoast-seo-premium-wordpress\/ -->\n<title>Vida del suelo | BioTabs<\/title>\n<meta name=\"robots\" content=\"index, follow, max-snippet:-1, max-image-preview:large, max-video-preview:-1\" \/>\n<link rel=\"canonical\" href=\"https:\/\/biotabs.nl\/es\/aula-formativa\/vida-del-suelo\/\" \/>\n<meta property=\"og:locale\" content=\"es_ES\" \/>\n<meta property=\"og:type\" content=\"article\" \/>\n<meta property=\"og:title\" content=\"Vida del suelo\" \/>\n<meta property=\"og:description\" content=\"BioTabs es una estrategia inteligente, desarrollada recientemente para el cultivo org\u00e1nico y que se basa en conveniencia, eficiencia y calidad. Cultivar de forma org\u00e1nica suena complicado, pero es esencialmente la forma m\u00e1s simple y pura de cultivar. En la naturaleza, los insectos, hongos y bacterias del suelo procesan los residuos animales y vegetales. Esos insectos, [&hellip;]\" \/>\n<meta property=\"og:url\" content=\"https:\/\/biotabs.nl\/es\/aula-formativa\/vida-del-suelo\/\" \/>\n<meta property=\"og:site_name\" content=\"BioTabs\" \/>\n<meta property=\"article:publisher\" content=\"https:\/\/www.facebook.com\/biotabs.organics\" \/>\n<meta name=\"twitter:card\" content=\"summary_large_image\" \/>\n<meta name=\"twitter:site\" content=\"@Biotabs\" \/>\n<meta name=\"twitter:label1\" content=\"Tiempo de lectura\" \/>\n\t<meta name=\"twitter:data1\" content=\"3 minutos\" \/>\n<script type=\"application\/ld+json\" class=\"yoast-schema-graph\">{\"@context\":\"https:\\\/\\\/schema.org\",\"@graph\":[{\"@type\":\"WebPage\",\"@id\":\"https:\\\/\\\/biotabs.nl\\\/es\\\/aula-formativa\\\/vida-del-suelo\\\/\",\"url\":\"https:\\\/\\\/biotabs.nl\\\/es\\\/aula-formativa\\\/vida-del-suelo\\\/\",\"name\":\"Vida del suelo | BioTabs\",\"isPartOf\":{\"@id\":\"https:\\\/\\\/biotabs.nl\\\/es\\\/#website\"},\"datePublished\":\"2021-09-03T13:42:23+00:00\",\"breadcrumb\":{\"@id\":\"https:\\\/\\\/biotabs.nl\\\/es\\\/aula-formativa\\\/vida-del-suelo\\\/#breadcrumb\"},\"inLanguage\":\"es\",\"potentialAction\":[{\"@type\":\"ReadAction\",\"target\":[\"https:\\\/\\\/biotabs.nl\\\/es\\\/aula-formativa\\\/vida-del-suelo\\\/\"]}]},{\"@type\":\"BreadcrumbList\",\"@id\":\"https:\\\/\\\/biotabs.nl\\\/es\\\/aula-formativa\\\/vida-del-suelo\\\/#breadcrumb\",\"itemListElement\":[{\"@type\":\"ListItem\",\"position\":1,\"name\":\"Home\",\"item\":\"https:\\\/\\\/biotabs.nl\\\/es\\\/\"},{\"@type\":\"ListItem\",\"position\":2,\"name\":\"Aula formativa\",\"item\":\"https:\\\/\\\/biotabs.nl\\\/es\\\/aula-formativa\\\/\"},{\"@type\":\"ListItem\",\"position\":3,\"name\":\"Vida del suelo\"}]},{\"@type\":\"WebSite\",\"@id\":\"https:\\\/\\\/biotabs.nl\\\/es\\\/#website\",\"url\":\"https:\\\/\\\/biotabs.nl\\\/es\\\/\",\"name\":\"BioTabs\",\"description\":\"Easy by Nature\",\"publisher\":{\"@id\":\"https:\\\/\\\/biotabs.nl\\\/es\\\/#organization\"},\"potentialAction\":[{\"@type\":\"SearchAction\",\"target\":{\"@type\":\"EntryPoint\",\"urlTemplate\":\"https:\\\/\\\/biotabs.nl\\\/es\\\/?s={search_term_string}\"},\"query-input\":{\"@type\":\"PropertyValueSpecification\",\"valueRequired\":true,\"valueName\":\"search_term_string\"}}],\"inLanguage\":\"es\"},{\"@type\":\"Organization\",\"@id\":\"https:\\\/\\\/biotabs.nl\\\/es\\\/#organization\",\"name\":\"BioTabs Easy by Nature\",\"url\":\"https:\\\/\\\/biotabs.nl\\\/es\\\/\",\"logo\":{\"@type\":\"ImageObject\",\"inLanguage\":\"es\",\"@id\":\"https:\\\/\\\/biotabs.nl\\\/es\\\/#\\\/schema\\\/logo\\\/image\\\/\",\"url\":\"https:\\\/\\\/biotabs.nl\\\/wp-content\\\/uploads\\\/logo.png\",\"contentUrl\":\"https:\\\/\\\/biotabs.nl\\\/wp-content\\\/uploads\\\/logo.png\",\"width\":200,\"height\":200,\"caption\":\"BioTabs Easy by Nature\"},\"image\":{\"@id\":\"https:\\\/\\\/biotabs.nl\\\/es\\\/#\\\/schema\\\/logo\\\/image\\\/\"},\"sameAs\":[\"https:\\\/\\\/www.facebook.com\\\/biotabs.organics\",\"https:\\\/\\\/x.com\\\/Biotabs\",\"https:\\\/\\\/instagram.com\\\/biotabsorganics\",\"https:\\\/\\\/www.youtube.com\\\/channel\\\/UCY3QAw9DEfk_tuhQj0NdNxA\"]}]}<\/script>\n<!-- \/ Yoast SEO Premium plugin. -->","yoast_head_json":{"title":"Vida del suelo | BioTabs","robots":{"index":"index","follow":"follow","max-snippet":"max-snippet:-1","max-image-preview":"max-image-preview:large","max-video-preview":"max-video-preview:-1"},"canonical":"https:\/\/biotabs.nl\/es\/aula-formativa\/vida-del-suelo\/","og_locale":"es_ES","og_type":"article","og_title":"Vida del suelo","og_description":"BioTabs es una estrategia inteligente, desarrollada recientemente para el cultivo org\u00e1nico y que se basa en conveniencia, eficiencia y calidad. Cultivar de forma org\u00e1nica suena complicado, pero es esencialmente la forma m\u00e1s simple y pura de cultivar. En la naturaleza, los insectos, hongos y bacterias del suelo procesan los residuos animales y vegetales. Esos insectos, [&hellip;]","og_url":"https:\/\/biotabs.nl\/es\/aula-formativa\/vida-del-suelo\/","og_site_name":"BioTabs","article_publisher":"https:\/\/www.facebook.com\/biotabs.organics","twitter_card":"summary_large_image","twitter_site":"@Biotabs","twitter_misc":{"Tiempo de lectura":"3 minutos"},"schema":{"@context":"https:\/\/schema.org","@graph":[{"@type":"WebPage","@id":"https:\/\/biotabs.nl\/es\/aula-formativa\/vida-del-suelo\/","url":"https:\/\/biotabs.nl\/es\/aula-formativa\/vida-del-suelo\/","name":"Vida del suelo | BioTabs","isPartOf":{"@id":"https:\/\/biotabs.nl\/es\/#website"},"datePublished":"2021-09-03T13:42:23+00:00","breadcrumb":{"@id":"https:\/\/biotabs.nl\/es\/aula-formativa\/vida-del-suelo\/#breadcrumb"},"inLanguage":"es","potentialAction":[{"@type":"ReadAction","target":["https:\/\/biotabs.nl\/es\/aula-formativa\/vida-del-suelo\/"]}]},{"@type":"BreadcrumbList","@id":"https:\/\/biotabs.nl\/es\/aula-formativa\/vida-del-suelo\/#breadcrumb","itemListElement":[{"@type":"ListItem","position":1,"name":"Home","item":"https:\/\/biotabs.nl\/es\/"},{"@type":"ListItem","position":2,"name":"Aula formativa","item":"https:\/\/biotabs.nl\/es\/aula-formativa\/"},{"@type":"ListItem","position":3,"name":"Vida del suelo"}]},{"@type":"WebSite","@id":"https:\/\/biotabs.nl\/es\/#website","url":"https:\/\/biotabs.nl\/es\/","name":"BioTabs","description":"Easy by Nature","publisher":{"@id":"https:\/\/biotabs.nl\/es\/#organization"},"potentialAction":[{"@type":"SearchAction","target":{"@type":"EntryPoint","urlTemplate":"https:\/\/biotabs.nl\/es\/?s={search_term_string}"},"query-input":{"@type":"PropertyValueSpecification","valueRequired":true,"valueName":"search_term_string"}}],"inLanguage":"es"},{"@type":"Organization","@id":"https:\/\/biotabs.nl\/es\/#organization","name":"BioTabs Easy by Nature","url":"https:\/\/biotabs.nl\/es\/","logo":{"@type":"ImageObject","inLanguage":"es","@id":"https:\/\/biotabs.nl\/es\/#\/schema\/logo\/image\/","url":"https:\/\/biotabs.nl\/wp-content\/uploads\/logo.png","contentUrl":"https:\/\/biotabs.nl\/wp-content\/uploads\/logo.png","width":200,"height":200,"caption":"BioTabs Easy by Nature"},"image":{"@id":"https:\/\/biotabs.nl\/es\/#\/schema\/logo\/image\/"},"sameAs":["https:\/\/www.facebook.com\/biotabs.organics","https:\/\/x.com\/Biotabs","https:\/\/instagram.com\/biotabsorganics","https:\/\/www.youtube.com\/channel\/UCY3QAw9DEfk_tuhQj0NdNxA"]}]}},"_links":{"self":[{"href":"https:\/\/biotabs.nl\/es\/wp-json\/wp\/v2\/pages\/1042","targetHints":{"allow":["GET"]}}],"collection":[{"href":"https:\/\/biotabs.nl\/es\/wp-json\/wp\/v2\/pages"}],"about":[{"href":"https:\/\/biotabs.nl\/es\/wp-json\/wp\/v2\/types\/page"}],"author":[{"embeddable":true,"href":"https:\/\/biotabs.nl\/es\/wp-json\/wp\/v2\/users\/1"}],"replies":[{"embeddable":true,"href":"https:\/\/biotabs.nl\/es\/wp-json\/wp\/v2\/comments?post=1042"}],"version-history":[{"count":0,"href":"https:\/\/biotabs.nl\/es\/wp-json\/wp\/v2\/pages\/1042\/revisions"}],"up":[{"embeddable":true,"href":"https:\/\/biotabs.nl\/es\/wp-json\/wp\/v2\/pages\/1022"}],"wp:attachment":[{"href":"https:\/\/biotabs.nl\/es\/wp-json\/wp\/v2\/media?parent=1042"}],"curies":[{"name":"wp","href":"https:\/\/api.w.org\/{rel}","templated":true}]}}