
{"id":764,"date":"2021-08-24T14:14:54","date_gmt":"2021-08-24T13:14:54","guid":{"rendered":"https:\/\/biotabs.nl\/?page_id=764"},"modified":"2021-09-03T15:09:20","modified_gmt":"2021-09-03T14:09:20","slug":"terminos-condiciones","status":"publish","type":"page","link":"https:\/\/biotabs.nl\/es\/terminos-condiciones\/","title":{"rendered":"T\u00e9rminos &#038; Condiciones"},"content":{"rendered":"<h2>1\u00a0Aceptaci\u00f3n\u00a0del uso bajo los T\u00e9rminos y Condiciones de\u00a0Biohorti\u00a0S.L.U. &#8211;\u00a0BioTabs<\/h2>\n<p>Su acceso al sitio web de \u00abBiohorti S.L.U. &#8211; BioTabs\u00bb y su uso est\u00e1n sujetos exclusivamente a estos T\u00e9rminos y Condiciones. Usted no utilizar\u00e1 el sitio web para ning\u00fan prop\u00f3sito que sea ilegal o est\u00e9 prohibido por estos T\u00e9rminos y Condiciones. Al utilizar este sitio web, usted acepta quedar obligado por todos los t\u00e9rminos, condiciones y avisos legales establecidos en este aviso. Si no est\u00e1 de acuerdo con estos T\u00e9rminos y Condiciones, debe dejar de utilizar inmediatamente el sitio web.<\/p>\n<h2>2 AVISO LEGAL<\/h2>\n<p>Los contenidos del sitio web de \u00abBiohorti\u00a0S.L.U. &#8211;\u00a0BioTabs\u00bb no constituyen asesoramiento legal, ni deben servir de base para la toma de decisiones.<\/p>\n<p>Toda la informaci\u00f3n contenida en el sitio web y el material impreso de \u00abBiohorti S.L.U. &#8211; BioTabs\u00bb se proporciona sin garant\u00eda de ning\u00fan tipo. El uso de la informaci\u00f3n proporcionada por \u00abBiohorti S.L.U. &#8211; BioTabs\u00bb es bajo su propio riesgo.<\/p>\n<h2>3 CAMBIO DE USO<\/h2>\n<p>\u00abBiohorti\u00a0S.L.U. &#8211;\u00a0BioTabs\u00bb se reserva el derecho de:<\/p>\n<p><strong>3.1\u00a0<\/strong>Cambiar o eliminar (temporal o permanentemente) el sitio web o cualquier parte del mismo, sin previo aviso y con su consentimiento impl\u00edcito de que \u00abBiohorti\u00a0S.L.U. &#8211;\u00a0BioTabs\u00bb no ser\u00e1 responsable de ninguna obligaci\u00f3n en relaci\u00f3n con dichos cambios o eliminaciones.<\/p>\n<p><strong>\u00a03.2<\/strong> Modificar estos T\u00e9rminos y Condiciones en cualquier momento, y su uso continuado del Sitio Web despu\u00e9s de tales cambios constituir\u00e1 su aceptaci\u00f3n de dichos cambios.<\/p>\n<h2>4 PEDIDOS<\/h2>\n<p>Aviso importante para los clientes: Es su responsabilidad asegurarse de la situaci\u00f3n legal de su pa\u00eds y de las normas de importaci\u00f3n antes de realizar su pedido a \u00abBIOHORTI SLU. BioTabs\u00bb por cualquier medio, incluyendo, pero no limitado a, tel\u00e9fono, fax, \u00f3rdenes de compra o pedidos a trav\u00e9s de la p\u00e1gina web. No nos hacemos responsables de las mercanc\u00edas confiscadas por la ADUANA en contravenci\u00f3n de la normativa de importaci\u00f3n de su pa\u00eds.<\/p>\n<h2>5 ENLACES A SITIOS WEB DE TERCEROS<\/h2>\n<p>El sitio web \u00abBiohorti S.L.U. &#8211; BioTabs\u00bb puede incluir enlaces a sitios web de terceros que son gestionados y mantenidos por otros. Cualquier enlace a otros sitios web no constituye una aprobaci\u00f3n o respaldo de dichos sitios y usted reconoce y acepta que no somos responsables del contenido o la disponibilidad de dichos sitios.<\/p>\n<h2>6 DERECHOS DE AUTOR<\/h2>\n<p><strong>6.1<\/strong> Todos los derechos de autor, marcas comerciales y otros derechos de propiedad intelectual en el Sitio Web y el material impreso proporcionado por \u00abBiohorti S.L.U. &#8211; BioTabs\u00bb (incluyendo, sin limitaci\u00f3n, el dise\u00f1o del Sitio Web, el texto, los gr\u00e1ficos y todo el software relacionado y el c\u00f3digo fuente) son propiedad de \u00abBiohorti S.L.U. &#8211; BioTabs\u00bb o se utilizan para otros fines de acuerdo con la ley por \u00abBiohorti S.L.U. &#8211; BioTabs\u00bb.<\/p>\n<p><strong>6.2<\/strong> Al acceder al Sitio Web usted acepta que acceder\u00e1 al contenido s\u00f3lo para su uso personal y no comercial. Ning\u00fan contenido puede ser descargado, copiado, reproducido, transmitido, almacenado, vendido o distribuido sin el consentimiento previo por escrito del titular de los derechos de autor. Esto excluye la descarga, la copia y\/o la impresi\u00f3n de p\u00e1ginas del sitio web para uso personal\/individual y no comercial.<\/p>\n<h2>7 ENLACES A\/DESDE OTROS SITIOS WEB<\/h2>\n<p><strong>7.1<\/strong>\u00a0A lo largo de este sitio web se pueden encontrar enlaces a sitios web de terceros. La existencia de un enlace a dicho sitio no implica nuestra aprobaci\u00f3n del mismo. Al visitar cualquier sitio a trav\u00e9s de un enlace en este sitio web, lo hace bajo su propia responsabilidad.<\/p>\n<p><strong>7.2\u00a0<\/strong>Cualquier persona que desee crear un enlace a este sitio web est\u00e1 autorizada a hacerlo siempre que se cumplan las condiciones que se especifican a continuaci\u00f3n<\/p>\n<p><strong>(a)\u00a0<\/strong>no dar\u00e1 a entender que respaldamos los servicios o productos de terceros, a menos que se haya llegado a un acuerdo correspondiente por escrito.<\/p>\n<p><strong>(b)<\/strong>\u00a0no falsear\u00e1 su enlace a este sitio web; y<\/p>\n<p><strong>(c)<\/strong>\u00a0la p\u00e1gina web desde la que se enlaza a este Sitio Web no contiene contenidos ofensivos o controvertidos en ning\u00fan sentido, ni contenidos que infrinjan la propiedad intelectual u otros derechos de terceros.<\/p>\n<p><strong>7.3<\/strong> Si crea un enlace a este sitio web incumpliendo nuestras condiciones, deber\u00e1 indemnizarnos por cualquier p\u00e9rdida o da\u00f1o que sufra este sitio web como consecuencia de dicho enlace.<\/p>\n<h2>8 RENUNCIAS Y LIMITACI\u00d3N DE LA RESPONSABILIDAD<\/h2>\n<p><strong>8.1<\/strong> El Sitio Web se proporciona \u00abTAL CUAL\u00bb y \u00abSEG\u00daN DISPONIBILIDAD\u00bb, sin ninguna representaci\u00f3n o respaldo y sin garant\u00eda de ning\u00fan tipo, ya sea expresa o impl\u00edcita, incluidas, entre otras, las garant\u00edas impl\u00edcitas de calidad satisfactoria, idoneidad para un fin determinado, no infracci\u00f3n, compatibilidad, seguridad y precisi\u00f3n.<\/p>\n<p><strong>8.2<\/strong> En la medida en que lo permita la ley, \u00abBiohorti\u00a0S.L.U. &#8211;\u00a0BioTabs\u00bb no ser\u00e1 responsable de ninguna p\u00e9rdida o da\u00f1o indirecto o consecuente (incluyendo, pero sin limitarse a ello, la p\u00e9rdida de negocio, de oportunidad, de datos, de beneficios) que surja de o en relaci\u00f3n con el uso de este Sitio Web.<\/p>\n<p><strong>8.3<\/strong> \u00abBiohorti\u00a0S.L.U. &#8211;\u00a0BioTabs\u00bb no garantiza que la funcionalidad del Sitio Web sea ininterrumpida o est\u00e9 libre de errores, que los fallos sean rectificados o que el Sitio Web o el servidor que lo hace disponible est\u00e9n libres de virus o de cualquier otro elemento da\u00f1ino o destructivo. No obstante, intentamos, con esc\u00e1neres diarios de malware, garantizar que la exposici\u00f3n de los usuarios a cualquier c\u00f3digo da\u00f1ino sea restringida.<\/p>\n<p><strong>8.4<\/strong> Nada de lo dispuesto en estos T\u00e9rminos y Condiciones se interpretar\u00e1 como una exclusi\u00f3n o limitaci\u00f3n de la responsabilidad de \u00abBiohorti\u00a0S.L.U. &#8211;\u00a0BioTabs\u00bb por la muerte o los da\u00f1os personales resultantes de la negligencia de \u00abBiohorti\u00a0S.L.U. &#8211;\u00a0BioTabs\u00bb o de sus empleados o agentes.<\/p>\n<h2>9 INDEMNIZACI\u00d3N<\/h2>\n<p>Usted se compromete a indemnizar y eximir a \u00abBiohorti\u00a0S.L.U. &#8211;\u00a0BioTabs\u00bb y a sus empleados y agentes de toda responsabilidad por cualquier coste legal, da\u00f1os, p\u00e9rdidas y gastos relacionados con cualquier reclamaci\u00f3n o acci\u00f3n contra \u00abBiohorti\u00a0S.L.U. &#8211;\u00a0BioTabs\u00bb que surja de cualquier incumplimiento de estos T\u00e9rminos y Condiciones u otras responsabilidades derivadas de su uso de este sitio web.<\/p>\n","protected":false},"excerpt":{"rendered":"<p>1\u00a0Aceptaci\u00f3n\u00a0del uso bajo los T\u00e9rminos y Condiciones de\u00a0Biohorti\u00a0S.L.U. &#8211;\u00a0BioTabs Su acceso al sitio web de \u00abBiohorti S.L.U. &#8211; BioTabs\u00bb y su uso est\u00e1n sujetos exclusivamente a estos T\u00e9rminos y Condiciones. Usted no utilizar\u00e1 el sitio web para ning\u00fan prop\u00f3sito que sea ilegal o est\u00e9 prohibido por estos T\u00e9rminos y Condiciones. Al utilizar este sitio web, [&hellip;]<\/p>\n","protected":false},"author":1,"featured_media":0,"parent":0,"menu_order":0,"comment_status":"closed","ping_status":"closed","template":"","meta":{"_acf_changed":false,"footnotes":""},"class_list":["post-764","page","type-page","status-publish","hentry"],"acf":[],"yoast_head":"<!-- This site is optimized with the Yoast SEO Premium plugin v25.8 (Yoast SEO v27.4) - https:\/\/yoast.com\/product\/yoast-seo-premium-wordpress\/ -->\n<title>T\u00e9rminos &amp; Condiciones | BioTabs<\/title>\n<meta name=\"robots\" content=\"index, follow, max-snippet:-1, max-image-preview:large, max-video-preview:-1\" \/>\n<link rel=\"canonical\" href=\"https:\/\/biotabs.nl\/es\/terminos-condiciones\/\" \/>\n<meta property=\"og:locale\" content=\"es_ES\" \/>\n<meta property=\"og:type\" content=\"article\" \/>\n<meta property=\"og:title\" content=\"T\u00e9rminos &amp; Condiciones\" \/>\n<meta property=\"og:description\" content=\"1\u00a0Aceptaci\u00f3n\u00a0del uso bajo los T\u00e9rminos y Condiciones de\u00a0Biohorti\u00a0S.L.U. &#8211;\u00a0BioTabs Su acceso al sitio web de \u00abBiohorti S.L.U. &#8211; BioTabs\u00bb y su uso est\u00e1n sujetos exclusivamente a estos T\u00e9rminos y Condiciones. Usted no utilizar\u00e1 el sitio web para ning\u00fan prop\u00f3sito que sea ilegal o est\u00e9 prohibido por estos T\u00e9rminos y Condiciones. Al utilizar este sitio web, [&hellip;]\" \/>\n<meta property=\"og:url\" content=\"https:\/\/biotabs.nl\/es\/terminos-condiciones\/\" \/>\n<meta property=\"og:site_name\" content=\"BioTabs\" \/>\n<meta property=\"article:publisher\" content=\"https:\/\/www.facebook.com\/biotabs.organics\" \/>\n<meta property=\"article:modified_time\" content=\"2021-09-03T14:09:20+00:00\" \/>\n<meta name=\"twitter:card\" content=\"summary_large_image\" \/>\n<meta name=\"twitter:site\" content=\"@Biotabs\" \/>\n<meta name=\"twitter:label1\" content=\"Tiempo de lectura\" \/>\n\t<meta name=\"twitter:data1\" content=\"5 minutos\" \/>\n<script type=\"application\/ld+json\" class=\"yoast-schema-graph\">{\"@context\":\"https:\\\/\\\/schema.org\",\"@graph\":[{\"@type\":\"WebPage\",\"@id\":\"https:\\\/\\\/biotabs.nl\\\/es\\\/terminos-condiciones\\\/\",\"url\":\"https:\\\/\\\/biotabs.nl\\\/es\\\/terminos-condiciones\\\/\",\"name\":\"T\u00e9rminos & Condiciones | BioTabs\",\"isPartOf\":{\"@id\":\"https:\\\/\\\/biotabs.nl\\\/es\\\/#website\"},\"datePublished\":\"2021-08-24T13:14:54+00:00\",\"dateModified\":\"2021-09-03T14:09:20+00:00\",\"breadcrumb\":{\"@id\":\"https:\\\/\\\/biotabs.nl\\\/es\\\/terminos-condiciones\\\/#breadcrumb\"},\"inLanguage\":\"es\",\"potentialAction\":[{\"@type\":\"ReadAction\",\"target\":[\"https:\\\/\\\/biotabs.nl\\\/es\\\/terminos-condiciones\\\/\"]}]},{\"@type\":\"BreadcrumbList\",\"@id\":\"https:\\\/\\\/biotabs.nl\\\/es\\\/terminos-condiciones\\\/#breadcrumb\",\"itemListElement\":[{\"@type\":\"ListItem\",\"position\":1,\"name\":\"Home\",\"item\":\"https:\\\/\\\/biotabs.nl\\\/es\\\/\"},{\"@type\":\"ListItem\",\"position\":2,\"name\":\"T\u00e9rminos &#038; Condiciones\"}]},{\"@type\":\"WebSite\",\"@id\":\"https:\\\/\\\/biotabs.nl\\\/es\\\/#website\",\"url\":\"https:\\\/\\\/biotabs.nl\\\/es\\\/\",\"name\":\"BioTabs\",\"description\":\"Easy by Nature\",\"publisher\":{\"@id\":\"https:\\\/\\\/biotabs.nl\\\/es\\\/#organization\"},\"potentialAction\":[{\"@type\":\"SearchAction\",\"target\":{\"@type\":\"EntryPoint\",\"urlTemplate\":\"https:\\\/\\\/biotabs.nl\\\/es\\\/?s={search_term_string}\"},\"query-input\":{\"@type\":\"PropertyValueSpecification\",\"valueRequired\":true,\"valueName\":\"search_term_string\"}}],\"inLanguage\":\"es\"},{\"@type\":\"Organization\",\"@id\":\"https:\\\/\\\/biotabs.nl\\\/es\\\/#organization\",\"name\":\"BioTabs Easy by Nature\",\"url\":\"https:\\\/\\\/biotabs.nl\\\/es\\\/\",\"logo\":{\"@type\":\"ImageObject\",\"inLanguage\":\"es\",\"@id\":\"https:\\\/\\\/biotabs.nl\\\/es\\\/#\\\/schema\\\/logo\\\/image\\\/\",\"url\":\"https:\\\/\\\/biotabs.nl\\\/wp-content\\\/uploads\\\/logo.png\",\"contentUrl\":\"https:\\\/\\\/biotabs.nl\\\/wp-content\\\/uploads\\\/logo.png\",\"width\":200,\"height\":200,\"caption\":\"BioTabs Easy by Nature\"},\"image\":{\"@id\":\"https:\\\/\\\/biotabs.nl\\\/es\\\/#\\\/schema\\\/logo\\\/image\\\/\"},\"sameAs\":[\"https:\\\/\\\/www.facebook.com\\\/biotabs.organics\",\"https:\\\/\\\/x.com\\\/Biotabs\",\"https:\\\/\\\/instagram.com\\\/biotabsorganics\",\"https:\\\/\\\/www.youtube.com\\\/channel\\\/UCY3QAw9DEfk_tuhQj0NdNxA\"]}]}<\/script>\n<!-- \/ Yoast SEO Premium plugin. -->","yoast_head_json":{"title":"T\u00e9rminos & Condiciones | BioTabs","robots":{"index":"index","follow":"follow","max-snippet":"max-snippet:-1","max-image-preview":"max-image-preview:large","max-video-preview":"max-video-preview:-1"},"canonical":"https:\/\/biotabs.nl\/es\/terminos-condiciones\/","og_locale":"es_ES","og_type":"article","og_title":"T\u00e9rminos & Condiciones","og_description":"1\u00a0Aceptaci\u00f3n\u00a0del uso bajo los T\u00e9rminos y Condiciones de\u00a0Biohorti\u00a0S.L.U. &#8211;\u00a0BioTabs Su acceso al sitio web de \u00abBiohorti S.L.U. &#8211; BioTabs\u00bb y su uso est\u00e1n sujetos exclusivamente a estos T\u00e9rminos y Condiciones. Usted no utilizar\u00e1 el sitio web para ning\u00fan prop\u00f3sito que sea ilegal o est\u00e9 prohibido por estos T\u00e9rminos y Condiciones. Al utilizar este sitio web, [&hellip;]","og_url":"https:\/\/biotabs.nl\/es\/terminos-condiciones\/","og_site_name":"BioTabs","article_publisher":"https:\/\/www.facebook.com\/biotabs.organics","article_modified_time":"2021-09-03T14:09:20+00:00","twitter_card":"summary_large_image","twitter_site":"@Biotabs","twitter_misc":{"Tiempo de lectura":"5 minutos"},"schema":{"@context":"https:\/\/schema.org","@graph":[{"@type":"WebPage","@id":"https:\/\/biotabs.nl\/es\/terminos-condiciones\/","url":"https:\/\/biotabs.nl\/es\/terminos-condiciones\/","name":"T\u00e9rminos & Condiciones | BioTabs","isPartOf":{"@id":"https:\/\/biotabs.nl\/es\/#website"},"datePublished":"2021-08-24T13:14:54+00:00","dateModified":"2021-09-03T14:09:20+00:00","breadcrumb":{"@id":"https:\/\/biotabs.nl\/es\/terminos-condiciones\/#breadcrumb"},"inLanguage":"es","potentialAction":[{"@type":"ReadAction","target":["https:\/\/biotabs.nl\/es\/terminos-condiciones\/"]}]},{"@type":"BreadcrumbList","@id":"https:\/\/biotabs.nl\/es\/terminos-condiciones\/#breadcrumb","itemListElement":[{"@type":"ListItem","position":1,"name":"Home","item":"https:\/\/biotabs.nl\/es\/"},{"@type":"ListItem","position":2,"name":"T\u00e9rminos &#038; Condiciones"}]},{"@type":"WebSite","@id":"https:\/\/biotabs.nl\/es\/#website","url":"https:\/\/biotabs.nl\/es\/","name":"BioTabs","description":"Easy by Nature","publisher":{"@id":"https:\/\/biotabs.nl\/es\/#organization"},"potentialAction":[{"@type":"SearchAction","target":{"@type":"EntryPoint","urlTemplate":"https:\/\/biotabs.nl\/es\/?s={search_term_string}"},"query-input":{"@type":"PropertyValueSpecification","valueRequired":true,"valueName":"search_term_string"}}],"inLanguage":"es"},{"@type":"Organization","@id":"https:\/\/biotabs.nl\/es\/#organization","name":"BioTabs Easy by Nature","url":"https:\/\/biotabs.nl\/es\/","logo":{"@type":"ImageObject","inLanguage":"es","@id":"https:\/\/biotabs.nl\/es\/#\/schema\/logo\/image\/","url":"https:\/\/biotabs.nl\/wp-content\/uploads\/logo.png","contentUrl":"https:\/\/biotabs.nl\/wp-content\/uploads\/logo.png","width":200,"height":200,"caption":"BioTabs Easy by Nature"},"image":{"@id":"https:\/\/biotabs.nl\/es\/#\/schema\/logo\/image\/"},"sameAs":["https:\/\/www.facebook.com\/biotabs.organics","https:\/\/x.com\/Biotabs","https:\/\/instagram.com\/biotabsorganics","https:\/\/www.youtube.com\/channel\/UCY3QAw9DEfk_tuhQj0NdNxA"]}]}},"_links":{"self":[{"href":"https:\/\/biotabs.nl\/es\/wp-json\/wp\/v2\/pages\/764","targetHints":{"allow":["GET"]}}],"collection":[{"href":"https:\/\/biotabs.nl\/es\/wp-json\/wp\/v2\/pages"}],"about":[{"href":"https:\/\/biotabs.nl\/es\/wp-json\/wp\/v2\/types\/page"}],"author":[{"embeddable":true,"href":"https:\/\/biotabs.nl\/es\/wp-json\/wp\/v2\/users\/1"}],"replies":[{"embeddable":true,"href":"https:\/\/biotabs.nl\/es\/wp-json\/wp\/v2\/comments?post=764"}],"version-history":[{"count":0,"href":"https:\/\/biotabs.nl\/es\/wp-json\/wp\/v2\/pages\/764\/revisions"}],"wp:attachment":[{"href":"https:\/\/biotabs.nl\/es\/wp-json\/wp\/v2\/media?parent=764"}],"curies":[{"name":"wp","href":"https:\/\/api.w.org\/{rel}","templated":true}]}}