
{"id":768,"date":"2021-08-24T14:20:39","date_gmt":"2021-08-24T13:20:39","guid":{"rendered":"https:\/\/biotabs.nl\/?page_id=768"},"modified":"2021-08-24T16:13:01","modified_gmt":"2021-08-24T15:13:01","slug":"politica-de-envios","status":"publish","type":"page","link":"https:\/\/biotabs.nl\/es\/politica-de-envios\/","title":{"rendered":"Pol\u00edtica de env\u00edos"},"content":{"rendered":"<div id=\"pl-768\"  class=\"panel-layout\" ><div id=\"pg-768-0\"  class=\"panel-grid panel-no-style\" ><div id=\"pgc-768-0-0\"  class=\"panel-grid-cell\" ><div id=\"panel-768-0-0-0\" class=\"so-panel widget widget_sow-editor panel-first-child panel-last-child widgetopts-SO\" data-index=\"0\" ><div\n\t\t\t\n\t\t\tclass=\"so-widget-sow-editor so-widget-sow-editor-base\"\n\t\t\t\n\t\t>\n<div class=\"siteorigin-widget-tinymce textwidget\">\n\t<p>Podemos efectuar env\u00edos a pr\u00e1cticamente cualquier direcci\u00f3n del mundo. Ten en cuenta que hay restricciones sobre algunos productos, y que otros no pueden ser enviados a algunos destinos internacionales.<\/p>\n<p>Todos los pedidos son enviados en 48 horas. Lunes \u2013 Viernes 8h-17h.<\/p>\n<p>Una vez realizado el env\u00edo recibir\u00e1 un c\u00f3digo de seguimiento pudiendo saber en qu\u00e9 estado se encuentra el env\u00edo en cada momento.<\/p>\n<p>Para env\u00edos en Espa\u00f1a el tiempo de entrega est\u00e1 entre 24 y 48 horas despu\u00e9s de recibir su c\u00f3digo de seguimiento. Para env\u00edos dentro de la UE el tiempo est\u00e1 entre las 48 y 72 horas. Para env\u00edos internacionales depender\u00e1 del pa\u00eds de destino. Encontrar\u00e1 la previsi\u00f3n de la entrega en el \u00e1rea de clientes del transportista escogido.<\/p>\n<h2>Transportistas<\/h2>\n<p>Contratamos los servicios de los siguientes transportistas para enviar nuestros pedidos:<\/p>\n<ul>\n<li>Correos<\/li>\n<li>DHL Parcel<\/li>\n<li>DHL Express<\/li>\n<\/ul>\n<h2>Precios de los env\u00edos<\/h2>\n<p>Mantenemos una tarifa plana para los env\u00edos dentro de Espa\u00f1a de 4,5\u20ac, excluyendo Islas Canarias que cuentan con tarifa especial y en el resto de pa\u00edses miembros de la EU manejamos una tarifa de 9,50\u20ac.<\/p>\n<p>En el resto de los casos, los precios son calculados en tiempo real y podr\u00e1s visualizarlos antes de proceder a finalizar la compra. Los precios de env\u00edo var\u00edan en funci\u00f3n del n\u00famero de productos, peso, dimensiones y los transportistas disponibles para el env\u00edo.<\/p>\n<p>Antes de la p\u00e1gina de validaci\u00f3n final de un pedido, se te mostrar\u00e1 el coste de los portes correspondientes, y podr\u00e1s cancelarlo de as\u00ed decidirlo.<\/p>\n<h2>Condiciones de env\u00edo<\/h2>\n<p>Todos los env\u00edos requieren una direcci\u00f3n postal completa.<\/p>\n<p>Biohorti S.L.U. - BioTabs no se responsabiliza de direcciones postales incorrectas o incompletas o de que la persona no se encuentre en su domicilio en el momento de la entrega del paquete. Aseg\u00farate de revisar las direcciones que nos facilites.<\/p>\n<p>Cualquier circunstancia imprevista puede causar el retraso de los env\u00edos.<\/p>\n<p><em>\u00daltima actualizaci\u00f3n: 20 de Julio de 2021<\/em><\/p>\n<\/div>\n<\/div><\/div><\/div><\/div><\/div>","protected":false},"excerpt":{"rendered":"<p>Podemos efectuar env\u00edos a pr\u00e1cticamente cualquier direcci\u00f3n del mundo. Ten en cuenta que hay restricciones sobre algunos productos, y que otros no pueden ser enviados a algunos destinos internacionales. Todos los pedidos son enviados en 48 horas. Lunes \u2013 Viernes 8h-17h. Una vez realizado el env\u00edo recibir\u00e1 un c\u00f3digo de seguimiento pudiendo saber en qu\u00e9 [&hellip;]<\/p>\n","protected":false},"author":1,"featured_media":0,"parent":0,"menu_order":0,"comment_status":"closed","ping_status":"closed","template":"","meta":{"_acf_changed":false,"footnotes":""},"class_list":["post-768","page","type-page","status-publish","hentry"],"acf":[],"yoast_head":"<!-- This site is optimized with the Yoast SEO Premium plugin v25.8 (Yoast SEO v27.4) - https:\/\/yoast.com\/product\/yoast-seo-premium-wordpress\/ -->\n<title>Pol\u00edtica de env\u00edos | BioTabs<\/title>\n<meta name=\"robots\" content=\"index, follow, max-snippet:-1, max-image-preview:large, max-video-preview:-1\" \/>\n<link rel=\"canonical\" href=\"https:\/\/biotabs.nl\/es\/politica-de-envios\/\" \/>\n<meta property=\"og:locale\" content=\"es_ES\" \/>\n<meta property=\"og:type\" content=\"article\" \/>\n<meta property=\"og:title\" content=\"Pol\u00edtica de env\u00edos\" \/>\n<meta property=\"og:description\" content=\"Podemos efectuar env\u00edos a pr\u00e1cticamente cualquier direcci\u00f3n del mundo. Ten en cuenta que hay restricciones sobre algunos productos, y que otros no pueden ser enviados a algunos destinos internacionales. Todos los pedidos son enviados en 48 horas. Lunes \u2013 Viernes 8h-17h. Una vez realizado el env\u00edo recibir\u00e1 un c\u00f3digo de seguimiento pudiendo saber en qu\u00e9 [&hellip;]\" \/>\n<meta property=\"og:url\" content=\"https:\/\/biotabs.nl\/es\/politica-de-envios\/\" \/>\n<meta property=\"og:site_name\" content=\"BioTabs\" \/>\n<meta property=\"article:publisher\" content=\"https:\/\/www.facebook.com\/biotabs.organics\" \/>\n<meta property=\"article:modified_time\" content=\"2021-08-24T15:13:01+00:00\" \/>\n<meta name=\"twitter:card\" content=\"summary_large_image\" \/>\n<meta name=\"twitter:site\" content=\"@Biotabs\" \/>\n<meta name=\"twitter:label1\" content=\"Tiempo de lectura\" \/>\n\t<meta name=\"twitter:data1\" content=\"2 minutos\" \/>\n<script type=\"application\/ld+json\" class=\"yoast-schema-graph\">{\"@context\":\"https:\\\/\\\/schema.org\",\"@graph\":[{\"@type\":\"WebPage\",\"@id\":\"https:\\\/\\\/biotabs.nl\\\/es\\\/politica-de-envios\\\/\",\"url\":\"https:\\\/\\\/biotabs.nl\\\/es\\\/politica-de-envios\\\/\",\"name\":\"Pol\u00edtica de env\u00edos | BioTabs\",\"isPartOf\":{\"@id\":\"https:\\\/\\\/biotabs.nl\\\/es\\\/#website\"},\"datePublished\":\"2021-08-24T13:20:39+00:00\",\"dateModified\":\"2021-08-24T15:13:01+00:00\",\"breadcrumb\":{\"@id\":\"https:\\\/\\\/biotabs.nl\\\/es\\\/politica-de-envios\\\/#breadcrumb\"},\"inLanguage\":\"es\",\"potentialAction\":[{\"@type\":\"ReadAction\",\"target\":[\"https:\\\/\\\/biotabs.nl\\\/es\\\/politica-de-envios\\\/\"]}]},{\"@type\":\"BreadcrumbList\",\"@id\":\"https:\\\/\\\/biotabs.nl\\\/es\\\/politica-de-envios\\\/#breadcrumb\",\"itemListElement\":[{\"@type\":\"ListItem\",\"position\":1,\"name\":\"Home\",\"item\":\"https:\\\/\\\/biotabs.nl\\\/es\\\/\"},{\"@type\":\"ListItem\",\"position\":2,\"name\":\"Pol\u00edtica de env\u00edos\"}]},{\"@type\":\"WebSite\",\"@id\":\"https:\\\/\\\/biotabs.nl\\\/es\\\/#website\",\"url\":\"https:\\\/\\\/biotabs.nl\\\/es\\\/\",\"name\":\"BioTabs\",\"description\":\"Easy by Nature\",\"publisher\":{\"@id\":\"https:\\\/\\\/biotabs.nl\\\/es\\\/#organization\"},\"potentialAction\":[{\"@type\":\"SearchAction\",\"target\":{\"@type\":\"EntryPoint\",\"urlTemplate\":\"https:\\\/\\\/biotabs.nl\\\/es\\\/?s={search_term_string}\"},\"query-input\":{\"@type\":\"PropertyValueSpecification\",\"valueRequired\":true,\"valueName\":\"search_term_string\"}}],\"inLanguage\":\"es\"},{\"@type\":\"Organization\",\"@id\":\"https:\\\/\\\/biotabs.nl\\\/es\\\/#organization\",\"name\":\"BioTabs Easy by Nature\",\"url\":\"https:\\\/\\\/biotabs.nl\\\/es\\\/\",\"logo\":{\"@type\":\"ImageObject\",\"inLanguage\":\"es\",\"@id\":\"https:\\\/\\\/biotabs.nl\\\/es\\\/#\\\/schema\\\/logo\\\/image\\\/\",\"url\":\"https:\\\/\\\/biotabs.nl\\\/wp-content\\\/uploads\\\/logo.png\",\"contentUrl\":\"https:\\\/\\\/biotabs.nl\\\/wp-content\\\/uploads\\\/logo.png\",\"width\":200,\"height\":200,\"caption\":\"BioTabs Easy by Nature\"},\"image\":{\"@id\":\"https:\\\/\\\/biotabs.nl\\\/es\\\/#\\\/schema\\\/logo\\\/image\\\/\"},\"sameAs\":[\"https:\\\/\\\/www.facebook.com\\\/biotabs.organics\",\"https:\\\/\\\/x.com\\\/Biotabs\",\"https:\\\/\\\/instagram.com\\\/biotabsorganics\",\"https:\\\/\\\/www.youtube.com\\\/channel\\\/UCY3QAw9DEfk_tuhQj0NdNxA\"]}]}<\/script>\n<!-- \/ Yoast SEO Premium plugin. -->","yoast_head_json":{"title":"Pol\u00edtica de env\u00edos | BioTabs","robots":{"index":"index","follow":"follow","max-snippet":"max-snippet:-1","max-image-preview":"max-image-preview:large","max-video-preview":"max-video-preview:-1"},"canonical":"https:\/\/biotabs.nl\/es\/politica-de-envios\/","og_locale":"es_ES","og_type":"article","og_title":"Pol\u00edtica de env\u00edos","og_description":"Podemos efectuar env\u00edos a pr\u00e1cticamente cualquier direcci\u00f3n del mundo. Ten en cuenta que hay restricciones sobre algunos productos, y que otros no pueden ser enviados a algunos destinos internacionales. Todos los pedidos son enviados en 48 horas. Lunes \u2013 Viernes 8h-17h. Una vez realizado el env\u00edo recibir\u00e1 un c\u00f3digo de seguimiento pudiendo saber en qu\u00e9 [&hellip;]","og_url":"https:\/\/biotabs.nl\/es\/politica-de-envios\/","og_site_name":"BioTabs","article_publisher":"https:\/\/www.facebook.com\/biotabs.organics","article_modified_time":"2021-08-24T15:13:01+00:00","twitter_card":"summary_large_image","twitter_site":"@Biotabs","twitter_misc":{"Tiempo de lectura":"2 minutos"},"schema":{"@context":"https:\/\/schema.org","@graph":[{"@type":"WebPage","@id":"https:\/\/biotabs.nl\/es\/politica-de-envios\/","url":"https:\/\/biotabs.nl\/es\/politica-de-envios\/","name":"Pol\u00edtica de env\u00edos | BioTabs","isPartOf":{"@id":"https:\/\/biotabs.nl\/es\/#website"},"datePublished":"2021-08-24T13:20:39+00:00","dateModified":"2021-08-24T15:13:01+00:00","breadcrumb":{"@id":"https:\/\/biotabs.nl\/es\/politica-de-envios\/#breadcrumb"},"inLanguage":"es","potentialAction":[{"@type":"ReadAction","target":["https:\/\/biotabs.nl\/es\/politica-de-envios\/"]}]},{"@type":"BreadcrumbList","@id":"https:\/\/biotabs.nl\/es\/politica-de-envios\/#breadcrumb","itemListElement":[{"@type":"ListItem","position":1,"name":"Home","item":"https:\/\/biotabs.nl\/es\/"},{"@type":"ListItem","position":2,"name":"Pol\u00edtica de env\u00edos"}]},{"@type":"WebSite","@id":"https:\/\/biotabs.nl\/es\/#website","url":"https:\/\/biotabs.nl\/es\/","name":"BioTabs","description":"Easy by Nature","publisher":{"@id":"https:\/\/biotabs.nl\/es\/#organization"},"potentialAction":[{"@type":"SearchAction","target":{"@type":"EntryPoint","urlTemplate":"https:\/\/biotabs.nl\/es\/?s={search_term_string}"},"query-input":{"@type":"PropertyValueSpecification","valueRequired":true,"valueName":"search_term_string"}}],"inLanguage":"es"},{"@type":"Organization","@id":"https:\/\/biotabs.nl\/es\/#organization","name":"BioTabs Easy by Nature","url":"https:\/\/biotabs.nl\/es\/","logo":{"@type":"ImageObject","inLanguage":"es","@id":"https:\/\/biotabs.nl\/es\/#\/schema\/logo\/image\/","url":"https:\/\/biotabs.nl\/wp-content\/uploads\/logo.png","contentUrl":"https:\/\/biotabs.nl\/wp-content\/uploads\/logo.png","width":200,"height":200,"caption":"BioTabs Easy by Nature"},"image":{"@id":"https:\/\/biotabs.nl\/es\/#\/schema\/logo\/image\/"},"sameAs":["https:\/\/www.facebook.com\/biotabs.organics","https:\/\/x.com\/Biotabs","https:\/\/instagram.com\/biotabsorganics","https:\/\/www.youtube.com\/channel\/UCY3QAw9DEfk_tuhQj0NdNxA"]}]}},"_links":{"self":[{"href":"https:\/\/biotabs.nl\/es\/wp-json\/wp\/v2\/pages\/768","targetHints":{"allow":["GET"]}}],"collection":[{"href":"https:\/\/biotabs.nl\/es\/wp-json\/wp\/v2\/pages"}],"about":[{"href":"https:\/\/biotabs.nl\/es\/wp-json\/wp\/v2\/types\/page"}],"author":[{"embeddable":true,"href":"https:\/\/biotabs.nl\/es\/wp-json\/wp\/v2\/users\/1"}],"replies":[{"embeddable":true,"href":"https:\/\/biotabs.nl\/es\/wp-json\/wp\/v2\/comments?post=768"}],"version-history":[{"count":0,"href":"https:\/\/biotabs.nl\/es\/wp-json\/wp\/v2\/pages\/768\/revisions"}],"wp:attachment":[{"href":"https:\/\/biotabs.nl\/es\/wp-json\/wp\/v2\/media?parent=768"}],"curies":[{"name":"wp","href":"https:\/\/api.w.org\/{rel}","templated":true}]}}