
{"id":774,"date":"2021-08-24T14:43:42","date_gmt":"2021-08-24T13:43:42","guid":{"rendered":"https:\/\/biotabs.nl\/?page_id=774"},"modified":"2021-08-24T16:10:39","modified_gmt":"2021-08-24T15:10:39","slug":"politica-de-devoluciones-y-reembolsos","status":"publish","type":"page","link":"https:\/\/biotabs.nl\/es\/politica-de-devoluciones-y-reembolsos\/","title":{"rendered":"Pol\u00edtica de Devoluciones y Reembolsos"},"content":{"rendered":"<div id=\"pl-774\"  class=\"panel-layout\" ><div id=\"pg-774-0\"  class=\"panel-grid panel-no-style\" ><div id=\"pgc-774-0-0\"  class=\"panel-grid-cell\" ><div id=\"panel-774-0-0-0\" class=\"so-panel widget widget_sow-editor panel-first-child panel-last-child widgetopts-SO\" data-index=\"0\" ><div\n\t\t\t\n\t\t\tclass=\"so-widget-sow-editor so-widget-sow-editor-base\"\n\t\t\t\n\t\t>\n<div class=\"siteorigin-widget-tinymce textwidget\">\n\t<p>Gracias por comprar en BioTabs Fertilizantes Org\u00e1nicos.<\/p>\n<p>Si no est\u00e1s completamente satisfecho con tu compra, estamos aqu\u00ed para ayudar.<\/p>\n<p>Nuestros productos pueden devolverse dentro de los 14 d\u00edas posteriores a la compra original del producto.<\/p>\n<p>Antes de proceder a devolver un producto, por favor aseg\u00farate de que:<\/p>\n<ul>\n<li>El producto haya sido adquirido en los \u00faltimos 14 d\u00edas.<\/li>\n<li>El producto est\u00e9 en su embalaje original.<\/li>\n<li>El producto no se haya usado.<\/li>\n<li>Dispones del recibo o el comprobante de compra.<\/li>\n<\/ul>\n<p>Antes de enviar el producto, por favor cont\u00e1ctanos:<\/p>\n<ul>\n<li>Por tel\u00e9fono: <a href=\"tel:+34936385174\">+34 936 385 174<\/a><\/li>\n<li>Por email: <a href=\"mailto:info@biotabs.nl\">info@biotabs.nl<\/a><\/li>\n<\/ul>\n<p>Env\u00eda el producto con su embalaje original y el recibo o comprobante de compra a:<\/p>\n<p>Biohorti S.L.U. - BioTabs,<br \/>\nCarrer Sud 1, 08329 Tei\u00e0 - Barcelona, Espa\u00f1a<\/p>\n<p>+34 936 385 174 \/ <a href=\"mailto:info@biotabs.nl\">info@biotabs.nl<\/a><\/p>\n<h2>Costes de Env\u00edo<\/h2>\n<p>Los costes de env\u00edo incurridos en relaci\u00f3n con la devoluci\u00f3n de un producto no son reembolsables.<\/p>\n<p>Ser\u00e1s responsable del pago de los costes de env\u00edo y de asumir cualquier riesgo de extrav\u00edo o da\u00f1o del producto durante su env\u00edo, tanto a Biohorti S.L.U. \u2013 BioTabs, como desde las instalaciones de la marca.<\/p>\n<h2>Art\u00edculos Da\u00f1ados<\/h2>\n<p>En caso de recibir un producto da\u00f1ado, por favor notificarlo inmediatamente para que te asistamos.<\/p>\n<h2>Art\u00edculos en Oferta<\/h2>\n<p>Desafortunadamente, para los art\u00edculos en oferta no se admiten reembolso. S\u00f3lo se podr\u00e1n reembolsar art\u00edculos de tarifa regular. En casos excepcionales o espec\u00edficos, por favor contactarnos.<\/p>\n<h2>Cont\u00e1ctanos<\/h2>\n<p>Si tienes alguna duda sobre nuestra Pol\u00edtica de Devoluciones y Reembolsos, contacta con el equipo de Biohorti S.L.U. - BioTabs a trav\u00e9s de nuestra p\u00e1gina de contacto.<\/p>\n<p><em>\u00daltima actualizaci\u00f3n: 20 de Julio de 2021<\/em><\/p>\n<\/div>\n<\/div><\/div><\/div><\/div><\/div>","protected":false},"excerpt":{"rendered":"<p>Gracias por comprar en BioTabs Fertilizantes Org\u00e1nicos. Si no est\u00e1s completamente satisfecho con tu compra, estamos aqu\u00ed para ayudar. Nuestros productos pueden devolverse dentro de los 14 d\u00edas posteriores a la compra original del producto. Antes de proceder a devolver un producto, por favor aseg\u00farate de que: El producto haya sido adquirido en los \u00faltimos [&hellip;]<\/p>\n","protected":false},"author":1,"featured_media":0,"parent":0,"menu_order":0,"comment_status":"closed","ping_status":"closed","template":"","meta":{"_acf_changed":false,"footnotes":""},"class_list":["post-774","page","type-page","status-publish","hentry"],"acf":[],"yoast_head":"<!-- This site is optimized with the Yoast SEO Premium plugin v25.8 (Yoast SEO v27.4) - https:\/\/yoast.com\/product\/yoast-seo-premium-wordpress\/ -->\n<title>Pol\u00edtica de Devoluciones y Reembolsos | BioTabs<\/title>\n<meta name=\"robots\" content=\"index, follow, max-snippet:-1, max-image-preview:large, max-video-preview:-1\" \/>\n<link rel=\"canonical\" href=\"https:\/\/biotabs.nl\/es\/politica-de-devoluciones-y-reembolsos\/\" \/>\n<meta property=\"og:locale\" content=\"es_ES\" \/>\n<meta property=\"og:type\" content=\"article\" \/>\n<meta property=\"og:title\" content=\"Pol\u00edtica de Devoluciones y Reembolsos\" \/>\n<meta property=\"og:description\" content=\"Gracias por comprar en BioTabs Fertilizantes Org\u00e1nicos. Si no est\u00e1s completamente satisfecho con tu compra, estamos aqu\u00ed para ayudar. Nuestros productos pueden devolverse dentro de los 14 d\u00edas posteriores a la compra original del producto. Antes de proceder a devolver un producto, por favor aseg\u00farate de que: El producto haya sido adquirido en los \u00faltimos [&hellip;]\" \/>\n<meta property=\"og:url\" content=\"https:\/\/biotabs.nl\/es\/politica-de-devoluciones-y-reembolsos\/\" \/>\n<meta property=\"og:site_name\" content=\"BioTabs\" \/>\n<meta property=\"article:publisher\" content=\"https:\/\/www.facebook.com\/biotabs.organics\" \/>\n<meta property=\"article:modified_time\" content=\"2021-08-24T15:10:39+00:00\" \/>\n<meta name=\"twitter:card\" content=\"summary_large_image\" \/>\n<meta name=\"twitter:site\" content=\"@Biotabs\" \/>\n<meta name=\"twitter:label1\" content=\"Tiempo de lectura\" \/>\n\t<meta name=\"twitter:data1\" content=\"1 minuto\" \/>\n<script type=\"application\/ld+json\" class=\"yoast-schema-graph\">{\"@context\":\"https:\\\/\\\/schema.org\",\"@graph\":[{\"@type\":\"WebPage\",\"@id\":\"https:\\\/\\\/biotabs.nl\\\/es\\\/politica-de-devoluciones-y-reembolsos\\\/\",\"url\":\"https:\\\/\\\/biotabs.nl\\\/es\\\/politica-de-devoluciones-y-reembolsos\\\/\",\"name\":\"Pol\u00edtica de Devoluciones y Reembolsos | BioTabs\",\"isPartOf\":{\"@id\":\"https:\\\/\\\/biotabs.nl\\\/es\\\/#website\"},\"datePublished\":\"2021-08-24T13:43:42+00:00\",\"dateModified\":\"2021-08-24T15:10:39+00:00\",\"breadcrumb\":{\"@id\":\"https:\\\/\\\/biotabs.nl\\\/es\\\/politica-de-devoluciones-y-reembolsos\\\/#breadcrumb\"},\"inLanguage\":\"es\",\"potentialAction\":[{\"@type\":\"ReadAction\",\"target\":[\"https:\\\/\\\/biotabs.nl\\\/es\\\/politica-de-devoluciones-y-reembolsos\\\/\"]}]},{\"@type\":\"BreadcrumbList\",\"@id\":\"https:\\\/\\\/biotabs.nl\\\/es\\\/politica-de-devoluciones-y-reembolsos\\\/#breadcrumb\",\"itemListElement\":[{\"@type\":\"ListItem\",\"position\":1,\"name\":\"Home\",\"item\":\"https:\\\/\\\/biotabs.nl\\\/es\\\/\"},{\"@type\":\"ListItem\",\"position\":2,\"name\":\"Pol\u00edtica de Devoluciones y Reembolsos\"}]},{\"@type\":\"WebSite\",\"@id\":\"https:\\\/\\\/biotabs.nl\\\/es\\\/#website\",\"url\":\"https:\\\/\\\/biotabs.nl\\\/es\\\/\",\"name\":\"BioTabs\",\"description\":\"Easy by Nature\",\"publisher\":{\"@id\":\"https:\\\/\\\/biotabs.nl\\\/es\\\/#organization\"},\"potentialAction\":[{\"@type\":\"SearchAction\",\"target\":{\"@type\":\"EntryPoint\",\"urlTemplate\":\"https:\\\/\\\/biotabs.nl\\\/es\\\/?s={search_term_string}\"},\"query-input\":{\"@type\":\"PropertyValueSpecification\",\"valueRequired\":true,\"valueName\":\"search_term_string\"}}],\"inLanguage\":\"es\"},{\"@type\":\"Organization\",\"@id\":\"https:\\\/\\\/biotabs.nl\\\/es\\\/#organization\",\"name\":\"BioTabs Easy by Nature\",\"url\":\"https:\\\/\\\/biotabs.nl\\\/es\\\/\",\"logo\":{\"@type\":\"ImageObject\",\"inLanguage\":\"es\",\"@id\":\"https:\\\/\\\/biotabs.nl\\\/es\\\/#\\\/schema\\\/logo\\\/image\\\/\",\"url\":\"https:\\\/\\\/biotabs.nl\\\/wp-content\\\/uploads\\\/logo.png\",\"contentUrl\":\"https:\\\/\\\/biotabs.nl\\\/wp-content\\\/uploads\\\/logo.png\",\"width\":200,\"height\":200,\"caption\":\"BioTabs Easy by Nature\"},\"image\":{\"@id\":\"https:\\\/\\\/biotabs.nl\\\/es\\\/#\\\/schema\\\/logo\\\/image\\\/\"},\"sameAs\":[\"https:\\\/\\\/www.facebook.com\\\/biotabs.organics\",\"https:\\\/\\\/x.com\\\/Biotabs\",\"https:\\\/\\\/instagram.com\\\/biotabsorganics\",\"https:\\\/\\\/www.youtube.com\\\/channel\\\/UCY3QAw9DEfk_tuhQj0NdNxA\"]}]}<\/script>\n<!-- \/ Yoast SEO Premium plugin. -->","yoast_head_json":{"title":"Pol\u00edtica de Devoluciones y Reembolsos | BioTabs","robots":{"index":"index","follow":"follow","max-snippet":"max-snippet:-1","max-image-preview":"max-image-preview:large","max-video-preview":"max-video-preview:-1"},"canonical":"https:\/\/biotabs.nl\/es\/politica-de-devoluciones-y-reembolsos\/","og_locale":"es_ES","og_type":"article","og_title":"Pol\u00edtica de Devoluciones y Reembolsos","og_description":"Gracias por comprar en BioTabs Fertilizantes Org\u00e1nicos. Si no est\u00e1s completamente satisfecho con tu compra, estamos aqu\u00ed para ayudar. Nuestros productos pueden devolverse dentro de los 14 d\u00edas posteriores a la compra original del producto. Antes de proceder a devolver un producto, por favor aseg\u00farate de que: El producto haya sido adquirido en los \u00faltimos [&hellip;]","og_url":"https:\/\/biotabs.nl\/es\/politica-de-devoluciones-y-reembolsos\/","og_site_name":"BioTabs","article_publisher":"https:\/\/www.facebook.com\/biotabs.organics","article_modified_time":"2021-08-24T15:10:39+00:00","twitter_card":"summary_large_image","twitter_site":"@Biotabs","twitter_misc":{"Tiempo de lectura":"1 minuto"},"schema":{"@context":"https:\/\/schema.org","@graph":[{"@type":"WebPage","@id":"https:\/\/biotabs.nl\/es\/politica-de-devoluciones-y-reembolsos\/","url":"https:\/\/biotabs.nl\/es\/politica-de-devoluciones-y-reembolsos\/","name":"Pol\u00edtica de Devoluciones y Reembolsos | BioTabs","isPartOf":{"@id":"https:\/\/biotabs.nl\/es\/#website"},"datePublished":"2021-08-24T13:43:42+00:00","dateModified":"2021-08-24T15:10:39+00:00","breadcrumb":{"@id":"https:\/\/biotabs.nl\/es\/politica-de-devoluciones-y-reembolsos\/#breadcrumb"},"inLanguage":"es","potentialAction":[{"@type":"ReadAction","target":["https:\/\/biotabs.nl\/es\/politica-de-devoluciones-y-reembolsos\/"]}]},{"@type":"BreadcrumbList","@id":"https:\/\/biotabs.nl\/es\/politica-de-devoluciones-y-reembolsos\/#breadcrumb","itemListElement":[{"@type":"ListItem","position":1,"name":"Home","item":"https:\/\/biotabs.nl\/es\/"},{"@type":"ListItem","position":2,"name":"Pol\u00edtica de Devoluciones y Reembolsos"}]},{"@type":"WebSite","@id":"https:\/\/biotabs.nl\/es\/#website","url":"https:\/\/biotabs.nl\/es\/","name":"BioTabs","description":"Easy by Nature","publisher":{"@id":"https:\/\/biotabs.nl\/es\/#organization"},"potentialAction":[{"@type":"SearchAction","target":{"@type":"EntryPoint","urlTemplate":"https:\/\/biotabs.nl\/es\/?s={search_term_string}"},"query-input":{"@type":"PropertyValueSpecification","valueRequired":true,"valueName":"search_term_string"}}],"inLanguage":"es"},{"@type":"Organization","@id":"https:\/\/biotabs.nl\/es\/#organization","name":"BioTabs Easy by Nature","url":"https:\/\/biotabs.nl\/es\/","logo":{"@type":"ImageObject","inLanguage":"es","@id":"https:\/\/biotabs.nl\/es\/#\/schema\/logo\/image\/","url":"https:\/\/biotabs.nl\/wp-content\/uploads\/logo.png","contentUrl":"https:\/\/biotabs.nl\/wp-content\/uploads\/logo.png","width":200,"height":200,"caption":"BioTabs Easy by Nature"},"image":{"@id":"https:\/\/biotabs.nl\/es\/#\/schema\/logo\/image\/"},"sameAs":["https:\/\/www.facebook.com\/biotabs.organics","https:\/\/x.com\/Biotabs","https:\/\/instagram.com\/biotabsorganics","https:\/\/www.youtube.com\/channel\/UCY3QAw9DEfk_tuhQj0NdNxA"]}]}},"_links":{"self":[{"href":"https:\/\/biotabs.nl\/es\/wp-json\/wp\/v2\/pages\/774","targetHints":{"allow":["GET"]}}],"collection":[{"href":"https:\/\/biotabs.nl\/es\/wp-json\/wp\/v2\/pages"}],"about":[{"href":"https:\/\/biotabs.nl\/es\/wp-json\/wp\/v2\/types\/page"}],"author":[{"embeddable":true,"href":"https:\/\/biotabs.nl\/es\/wp-json\/wp\/v2\/users\/1"}],"replies":[{"embeddable":true,"href":"https:\/\/biotabs.nl\/es\/wp-json\/wp\/v2\/comments?post=774"}],"version-history":[{"count":0,"href":"https:\/\/biotabs.nl\/es\/wp-json\/wp\/v2\/pages\/774\/revisions"}],"wp:attachment":[{"href":"https:\/\/biotabs.nl\/es\/wp-json\/wp\/v2\/media?parent=774"}],"curies":[{"name":"wp","href":"https:\/\/api.w.org\/{rel}","templated":true}]}}