
{"id":13767,"date":"2023-10-24T17:17:52","date_gmt":"2023-10-24T16:17:52","guid":{"rendered":"https:\/\/biotabs.nl\/product\/ppp-perfect-plant-pack\/"},"modified":"2023-10-27T19:43:18","modified_gmt":"2023-10-27T18:43:18","slug":"ppp-perfect-plant-pack","status":"publish","type":"product","link":"https:\/\/biotabs.nl\/es\/producto\/ppp-perfect-plant-pack\/","title":{"rendered":"PPP &#8211; Perfect Plant Pack"},"content":{"rendered":"<p>El kit para cultivar 2 plantas desde la semilla hasta la cosecha de forma sencilla y completamente org\u00e1nica. A diferencia de nuestro Starter Pack, el kit PPP no s\u00f3lo contiene Startrex, Mycotrex, Bactrex, Orgatrex y las BioTabs de liberaci\u00f3n lenta, sino tambi\u00e9n el necesario potenciador de floraci\u00f3n Bio PK 5-8. Disfruta de esta f\u00e1cil y eficaz estrategia para un crecimiento sano y un sabor excepcional en los cultivos ecol\u00f3gicos.<\/p>\n","protected":false},"excerpt":{"rendered":"<p>La caja del PPP contiene los siguientes productos en formato mini:<\/p>\n<ul>\n<li>150 g Startrex &#8211; Mejorador org\u00e1nico del suelo<\/li>\n<li>4 pastillas BioTabs &#8211; Pastillas ecol\u00f3gicas de liberaci\u00f3n lenta<\/li>\n<li>10 g Mycotrex &#8211; Bioestimulante f\u00fangico<\/li>\n<li>6 g Bactrex &#8211; Bioestimulante  bacteriano<\/li>\n<li>100 ml Orgatrex &#8211; Fertilizante l\u00edquido org\u00e1nico<\/li>\n<li>100 ml Bio PK &#8211; Potenciador de floraci\u00f3n org\u00e1nicoa<\/li>\n<\/ul>\n","protected":false},"featured_media":16639,"comment_status":"closed","ping_status":"closed","template":"","meta":{"_acf_changed":false},"product_brand":[],"product_cat":[115],"product_tag":[],"class_list":{"0":"post-13767","1":"product","2":"type-product","3":"status-publish","4":"has-post-thumbnail","6":"product_cat-packs-biotabs-es","8":"first","9":"instock","10":"taxable","11":"shipping-taxable","12":"purchasable","13":"product-type-simple"},"acf":[],"yoast_head":"<!-- This site is optimized with the Yoast SEO Premium plugin v25.8 (Yoast SEO v27.4) - https:\/\/yoast.com\/product\/yoast-seo-premium-wordpress\/ -->\n<title>PPP - Perfect Plant Pack| Para el cultivo\u00a0org\u00e1nico\u00a0completo de\u00a02 plantas\u00a0desde\u00a0inicio hasta cosecha. | BioTabs<\/title>\n<meta name=\"robots\" content=\"index, follow, max-snippet:-1, max-image-preview:large, max-video-preview:-1\" \/>\n<link rel=\"canonical\" href=\"https:\/\/biotabs.nl\/es\/producto\/ppp-perfect-plant-pack\/\" \/>\n<meta property=\"og:locale\" content=\"es_ES\" \/>\n<meta property=\"og:type\" content=\"article\" \/>\n<meta property=\"og:title\" content=\"PPP - Perfect Plant Pack\" \/>\n<meta property=\"og:description\" content=\"La caja del PPP contiene los siguientes productos en formato mini:   150 g Startrex - Mejorador org\u00e1nico del suelo  4 pastillas BioTabs - Pastillas ecol\u00f3gicas de liberaci\u00f3n lenta  10 g Mycotrex - Bioestimulante f\u00fangico  6 g Bactrex - Bioestimulante bacteriano  100 ml Orgatrex - Fertilizante l\u00edquido org\u00e1nico  100 ml Bio PK - Potenciador de floraci\u00f3n org\u00e1nicoa\" \/>\n<meta property=\"og:url\" content=\"https:\/\/biotabs.nl\/es\/producto\/ppp-perfect-plant-pack\/\" \/>\n<meta property=\"og:site_name\" content=\"BioTabs\" \/>\n<meta property=\"article:publisher\" content=\"https:\/\/www.facebook.com\/biotabs.organics\" \/>\n<meta property=\"article:modified_time\" content=\"2023-10-27T18:43:18+00:00\" \/>\n<meta property=\"og:image\" content=\"https:\/\/biotabs.nl\/wp-content\/uploads\/product-ppp-01.jpg\" \/>\n\t<meta property=\"og:image:width\" content=\"1200\" \/>\n\t<meta property=\"og:image:height\" content=\"1200\" \/>\n\t<meta property=\"og:image:type\" content=\"image\/jpeg\" \/>\n<meta name=\"twitter:card\" content=\"summary_large_image\" \/>\n<meta name=\"twitter:site\" content=\"@Biotabs\" \/>\n<script type=\"application\/ld+json\" class=\"yoast-schema-graph\">{\"@context\":\"https:\\\/\\\/schema.org\",\"@graph\":[{\"@type\":\"WebPage\",\"@id\":\"https:\\\/\\\/biotabs.nl\\\/es\\\/producto\\\/ppp-perfect-plant-pack\\\/\",\"url\":\"https:\\\/\\\/biotabs.nl\\\/es\\\/producto\\\/ppp-perfect-plant-pack\\\/\",\"name\":\"PPP - Perfect Plant Pack| Para el cultivo\u00a0org\u00e1nico\u00a0completo de\u00a02 plantas\u00a0desde\u00a0inicio hasta cosecha. | BioTabs\",\"isPartOf\":{\"@id\":\"https:\\\/\\\/biotabs.nl\\\/es\\\/#website\"},\"primaryImageOfPage\":{\"@id\":\"https:\\\/\\\/biotabs.nl\\\/es\\\/producto\\\/ppp-perfect-plant-pack\\\/#primaryimage\"},\"image\":{\"@id\":\"https:\\\/\\\/biotabs.nl\\\/es\\\/producto\\\/ppp-perfect-plant-pack\\\/#primaryimage\"},\"thumbnailUrl\":\"https:\\\/\\\/biotabs.nl\\\/wp-content\\\/uploads\\\/product-ppp-3.jpg\",\"datePublished\":\"2023-10-24T16:17:52+00:00\",\"dateModified\":\"2023-10-27T18:43:18+00:00\",\"breadcrumb\":{\"@id\":\"https:\\\/\\\/biotabs.nl\\\/es\\\/producto\\\/ppp-perfect-plant-pack\\\/#breadcrumb\"},\"inLanguage\":\"es\",\"potentialAction\":[{\"@type\":\"ReadAction\",\"target\":[\"https:\\\/\\\/biotabs.nl\\\/es\\\/producto\\\/ppp-perfect-plant-pack\\\/\"]}]},{\"@type\":\"ImageObject\",\"inLanguage\":\"es\",\"@id\":\"https:\\\/\\\/biotabs.nl\\\/es\\\/producto\\\/ppp-perfect-plant-pack\\\/#primaryimage\",\"url\":\"https:\\\/\\\/biotabs.nl\\\/wp-content\\\/uploads\\\/product-ppp-3.jpg\",\"contentUrl\":\"https:\\\/\\\/biotabs.nl\\\/wp-content\\\/uploads\\\/product-ppp-3.jpg\",\"width\":1200,\"height\":1200},{\"@type\":\"BreadcrumbList\",\"@id\":\"https:\\\/\\\/biotabs.nl\\\/es\\\/producto\\\/ppp-perfect-plant-pack\\\/#breadcrumb\",\"itemListElement\":[{\"@type\":\"ListItem\",\"position\":1,\"name\":\"Home\",\"item\":\"https:\\\/\\\/biotabs.nl\\\/es\\\/\"},{\"@type\":\"ListItem\",\"position\":2,\"name\":\"Tienda\",\"item\":\"https:\\\/\\\/biotabs.nl\\\/es\\\/tienda\\\/\"},{\"@type\":\"ListItem\",\"position\":3,\"name\":\"PPP &#8211; Perfect Plant Pack\"}]},{\"@type\":\"WebSite\",\"@id\":\"https:\\\/\\\/biotabs.nl\\\/es\\\/#website\",\"url\":\"https:\\\/\\\/biotabs.nl\\\/es\\\/\",\"name\":\"BioTabs\",\"description\":\"Easy by Nature\",\"publisher\":{\"@id\":\"https:\\\/\\\/biotabs.nl\\\/es\\\/#organization\"},\"potentialAction\":[{\"@type\":\"SearchAction\",\"target\":{\"@type\":\"EntryPoint\",\"urlTemplate\":\"https:\\\/\\\/biotabs.nl\\\/es\\\/?s={search_term_string}\"},\"query-input\":{\"@type\":\"PropertyValueSpecification\",\"valueRequired\":true,\"valueName\":\"search_term_string\"}}],\"inLanguage\":\"es\"},{\"@type\":\"Organization\",\"@id\":\"https:\\\/\\\/biotabs.nl\\\/es\\\/#organization\",\"name\":\"BioTabs Easy by Nature\",\"url\":\"https:\\\/\\\/biotabs.nl\\\/es\\\/\",\"logo\":{\"@type\":\"ImageObject\",\"inLanguage\":\"es\",\"@id\":\"https:\\\/\\\/biotabs.nl\\\/es\\\/#\\\/schema\\\/logo\\\/image\\\/\",\"url\":\"https:\\\/\\\/biotabs.nl\\\/wp-content\\\/uploads\\\/logo.png\",\"contentUrl\":\"https:\\\/\\\/biotabs.nl\\\/wp-content\\\/uploads\\\/logo.png\",\"width\":200,\"height\":200,\"caption\":\"BioTabs Easy by Nature\"},\"image\":{\"@id\":\"https:\\\/\\\/biotabs.nl\\\/es\\\/#\\\/schema\\\/logo\\\/image\\\/\"},\"sameAs\":[\"https:\\\/\\\/www.facebook.com\\\/biotabs.organics\",\"https:\\\/\\\/x.com\\\/Biotabs\",\"https:\\\/\\\/instagram.com\\\/biotabsorganics\",\"https:\\\/\\\/www.youtube.com\\\/channel\\\/UCY3QAw9DEfk_tuhQj0NdNxA\"]}]}<\/script>\n<!-- \/ Yoast SEO Premium plugin. -->","yoast_head_json":{"title":"PPP - Perfect Plant Pack| Para el cultivo\u00a0org\u00e1nico\u00a0completo de\u00a02 plantas\u00a0desde\u00a0inicio hasta cosecha. | BioTabs","robots":{"index":"index","follow":"follow","max-snippet":"max-snippet:-1","max-image-preview":"max-image-preview:large","max-video-preview":"max-video-preview:-1"},"canonical":"https:\/\/biotabs.nl\/es\/producto\/ppp-perfect-plant-pack\/","og_locale":"es_ES","og_type":"article","og_title":"PPP - Perfect Plant Pack","og_description":"La caja del PPP contiene los siguientes productos en formato mini:   150 g Startrex - Mejorador org\u00e1nico del suelo  4 pastillas BioTabs - Pastillas ecol\u00f3gicas de liberaci\u00f3n lenta  10 g Mycotrex - Bioestimulante f\u00fangico  6 g Bactrex - Bioestimulante bacteriano  100 ml Orgatrex - Fertilizante l\u00edquido org\u00e1nico  100 ml Bio PK - Potenciador de floraci\u00f3n org\u00e1nicoa","og_url":"https:\/\/biotabs.nl\/es\/producto\/ppp-perfect-plant-pack\/","og_site_name":"BioTabs","article_publisher":"https:\/\/www.facebook.com\/biotabs.organics","article_modified_time":"2023-10-27T18:43:18+00:00","og_image":[{"width":1200,"height":1200,"url":"https:\/\/biotabs.nl\/wp-content\/uploads\/product-ppp-01.jpg","type":"image\/jpeg"}],"twitter_card":"summary_large_image","twitter_site":"@Biotabs","schema":{"@context":"https:\/\/schema.org","@graph":[{"@type":"WebPage","@id":"https:\/\/biotabs.nl\/es\/producto\/ppp-perfect-plant-pack\/","url":"https:\/\/biotabs.nl\/es\/producto\/ppp-perfect-plant-pack\/","name":"PPP - Perfect Plant Pack| Para el cultivo\u00a0org\u00e1nico\u00a0completo de\u00a02 plantas\u00a0desde\u00a0inicio hasta cosecha. | BioTabs","isPartOf":{"@id":"https:\/\/biotabs.nl\/es\/#website"},"primaryImageOfPage":{"@id":"https:\/\/biotabs.nl\/es\/producto\/ppp-perfect-plant-pack\/#primaryimage"},"image":{"@id":"https:\/\/biotabs.nl\/es\/producto\/ppp-perfect-plant-pack\/#primaryimage"},"thumbnailUrl":"https:\/\/biotabs.nl\/wp-content\/uploads\/product-ppp-3.jpg","datePublished":"2023-10-24T16:17:52+00:00","dateModified":"2023-10-27T18:43:18+00:00","breadcrumb":{"@id":"https:\/\/biotabs.nl\/es\/producto\/ppp-perfect-plant-pack\/#breadcrumb"},"inLanguage":"es","potentialAction":[{"@type":"ReadAction","target":["https:\/\/biotabs.nl\/es\/producto\/ppp-perfect-plant-pack\/"]}]},{"@type":"ImageObject","inLanguage":"es","@id":"https:\/\/biotabs.nl\/es\/producto\/ppp-perfect-plant-pack\/#primaryimage","url":"https:\/\/biotabs.nl\/wp-content\/uploads\/product-ppp-3.jpg","contentUrl":"https:\/\/biotabs.nl\/wp-content\/uploads\/product-ppp-3.jpg","width":1200,"height":1200},{"@type":"BreadcrumbList","@id":"https:\/\/biotabs.nl\/es\/producto\/ppp-perfect-plant-pack\/#breadcrumb","itemListElement":[{"@type":"ListItem","position":1,"name":"Home","item":"https:\/\/biotabs.nl\/es\/"},{"@type":"ListItem","position":2,"name":"Tienda","item":"https:\/\/biotabs.nl\/es\/tienda\/"},{"@type":"ListItem","position":3,"name":"PPP &#8211; Perfect Plant Pack"}]},{"@type":"WebSite","@id":"https:\/\/biotabs.nl\/es\/#website","url":"https:\/\/biotabs.nl\/es\/","name":"BioTabs","description":"Easy by Nature","publisher":{"@id":"https:\/\/biotabs.nl\/es\/#organization"},"potentialAction":[{"@type":"SearchAction","target":{"@type":"EntryPoint","urlTemplate":"https:\/\/biotabs.nl\/es\/?s={search_term_string}"},"query-input":{"@type":"PropertyValueSpecification","valueRequired":true,"valueName":"search_term_string"}}],"inLanguage":"es"},{"@type":"Organization","@id":"https:\/\/biotabs.nl\/es\/#organization","name":"BioTabs Easy by Nature","url":"https:\/\/biotabs.nl\/es\/","logo":{"@type":"ImageObject","inLanguage":"es","@id":"https:\/\/biotabs.nl\/es\/#\/schema\/logo\/image\/","url":"https:\/\/biotabs.nl\/wp-content\/uploads\/logo.png","contentUrl":"https:\/\/biotabs.nl\/wp-content\/uploads\/logo.png","width":200,"height":200,"caption":"BioTabs Easy by Nature"},"image":{"@id":"https:\/\/biotabs.nl\/es\/#\/schema\/logo\/image\/"},"sameAs":["https:\/\/www.facebook.com\/biotabs.organics","https:\/\/x.com\/Biotabs","https:\/\/instagram.com\/biotabsorganics","https:\/\/www.youtube.com\/channel\/UCY3QAw9DEfk_tuhQj0NdNxA"]}]}},"_links":{"self":[{"href":"https:\/\/biotabs.nl\/es\/wp-json\/wp\/v2\/product\/13767","targetHints":{"allow":["GET"]}}],"collection":[{"href":"https:\/\/biotabs.nl\/es\/wp-json\/wp\/v2\/product"}],"about":[{"href":"https:\/\/biotabs.nl\/es\/wp-json\/wp\/v2\/types\/product"}],"replies":[{"embeddable":true,"href":"https:\/\/biotabs.nl\/es\/wp-json\/wp\/v2\/comments?post=13767"}],"wp:featuredmedia":[{"embeddable":true,"href":"https:\/\/biotabs.nl\/es\/wp-json\/wp\/v2\/media\/16639"}],"wp:attachment":[{"href":"https:\/\/biotabs.nl\/es\/wp-json\/wp\/v2\/media?parent=13767"}],"wp:term":[{"taxonomy":"product_brand","embeddable":true,"href":"https:\/\/biotabs.nl\/es\/wp-json\/wp\/v2\/product_brand?post=13767"},{"taxonomy":"product_cat","embeddable":true,"href":"https:\/\/biotabs.nl\/es\/wp-json\/wp\/v2\/product_cat?post=13767"},{"taxonomy":"product_tag","embeddable":true,"href":"https:\/\/biotabs.nl\/es\/wp-json\/wp\/v2\/product_tag?post=13767"}],"curies":[{"name":"wp","href":"https:\/\/api.w.org\/{rel}","templated":true}]}}