
{"id":1385,"date":"2021-08-04T15:59:56","date_gmt":"2021-08-04T14:59:56","guid":{"rendered":"https:\/\/biotabs.nl\/product\/starter-pack\/"},"modified":"2023-08-09T16:07:29","modified_gmt":"2023-08-09T15:07:29","slug":"starter-pack","status":"publish","type":"product","link":"https:\/\/biotabs.nl\/es\/producto\/starter-pack\/","title":{"rendered":"Starter Pack"},"content":{"rendered":"<p>Kit completo de fertilizaci\u00f3n org\u00e1nica de 5 a 10 plantas. Para sacar el m\u00e1ximo provecho de los productos BioTabs, rogamos sigas en detalle las instrucciones contenidas en el <a href=\"https:\/\/biotabs.nl\/download\/organic-cultivation-manual-spanish.pdf\" target=\"_blank\" rel=\"noopener\">Manual de Cultivo BioTabs<\/a>.<\/p>\n<p>In the description below:<\/p>\n<p>A administrar en sustrato bio \u201clight mix\u201d para la creaci\u00f3n de un medio autosuficiente en la maceta con microorganismos que cubrir\u00e1n a la perfecci\u00f3n las necesidades nutricionales de tus plantas y las mantendr\u00e1n sanas y vigorosas. Tras su preparaci\u00f3n, este s\u00faper-suelo BioTabs no exige m\u00e1s dedicaci\u00f3n que la inherente a su riego para la obtenci\u00f3n de plantas bio plenas de aroma, calidad y salubridad, y rebosantes de frutos y flores. Menos trabajo, m\u00e1s rendimiento org\u00e1nico. \u00a1Deja que la naturaleza se encargue de todo!<\/p>\n<p>Contiene:<\/p>\n<ul>\n<li>BACTREX (25g): Bacterias de suelo beneficiosas<\/li>\n<li>MYCOTREX (50g): Hongos micorr\u00edcicos<\/li>\n<li>BioTabs (10 tabletas): Pastillas fertilizantes de liberaci\u00f3n prolongada<\/li>\n<li>ORGATREX (0.25L): Fertilizante org\u00e1nico l\u00edquido<\/li>\n<li>STARTREX (250g): Mejorador de suelo<\/li>\n<li><a href=\"https:\/\/biotabs.nl\/download\/organic-cultivation-manual-spanish.pdf\" target=\"_blank\" rel=\"noopener\">Manual de Cultivo BioTabs<\/a><\/li>\n<\/ul>\n<p>Nota al pie: Incrementa la producci\u00f3n de forma incre\u00edble administrando tambi\u00e9n los\u00a0potenciadores\u00a0de\u00a0floraci\u00f3n\u00a0de BioTabs a partir de la 1\u00aa semana de floraci\u00f3n. Adquiere los extraordinarios \u201cBio PK 5-8\u201d y\/o \u201cPK Booster Compost Tea\u201d\u00a0de\u00a0BioTabs y disfruta de impresionantes cosechas.<\/p>\n","protected":false},"excerpt":{"rendered":"<p>Ofertas especial durante este verano incluye kit de semillas feminizadas o autoflorecientes<\/p>\n<p>Suficiente para unas 5 a 10 plantas seg&uacute;n el tama&ntilde;o de la maceta utilizada.<br \/>Menos trabajo, m&aacute;s rendimiento org&aacute;nico.<br \/>&iexcl;Deja que la naturaleza se encargue de todo!<\/p>\n<p><strong>Certificado 100% org&aacute;nico.<\/strong><\/p>\n","protected":false},"featured_media":16669,"comment_status":"open","ping_status":"closed","template":"","meta":{"_acf_changed":false},"product_brand":[],"product_cat":[115],"product_tag":[639,692,877,862,589,867,802,817,621,847,712,649,654,872,581,747,717,742,822,737,732,882,757,754,782,912,902,852,626,671,629,827,792,807,919,857],"class_list":{"0":"post-1385","1":"product","2":"type-product","3":"status-publish","4":"has-post-thumbnail","6":"product_cat-packs-biotabs-es","7":"product_tag-acido-fulvico","8":"product_tag-acido-humico","9":"product_tag-acondicionador-de-suelo","10":"product_tag-bacterias-de-suelo","11":"product_tag-bioestimulante","12":"product_tag-conditionneur-de-sol","13":"product_tag-en-polvo","14":"product_tag-estimulador-de-raices","15":"product_tag-fertilizante","16":"product_tag-fertilizante-de-liberacion-lenta","17":"product_tag-fertilizante-liquido","18":"product_tag-glomus-intrarradices","19":"product_tag-glomus-mosseae-es","20":"product_tag-hongos-del-suelo","21":"product_tag-inoculo-bacteriano","22":"product_tag-inoculo-de-micorrizas","23":"product_tag-macronutrientes","24":"product_tag-melaza","25":"product_tag-micororganismos-de-la-raiz","26":"product_tag-micronutrientes","27":"product_tag-microorganismos","28":"product_tag-microorganismos-del-suelo","29":"product_tag-nitrogeno","30":"product_tag-npk-es","31":"product_tag-nutricion-para-plantas","32":"product_tag-oligoelementos","33":"product_tag-pastillas","34":"product_tag-pastillas-de-liberacion-prolongada","35":"product_tag-pastillas-fertilizantes","36":"product_tag-potenciador-de-crecimiento","37":"product_tag-potenciador-de-floracion","38":"product_tag-proteccion-de-raices","39":"product_tag-proteccion-fitosanitaria","40":"product_tag-rizobacterias","41":"product_tag-trichoderma-es","42":"product_tag-vida-del-suelo","44":"first","45":"instock","46":"taxable","47":"shipping-taxable","48":"purchasable","49":"product-type-simple"},"acf":[],"yoast_head":"<!-- This site is optimized with the Yoast SEO Premium plugin v25.8 (Yoast SEO v27.3) - https:\/\/yoast.com\/product\/yoast-seo-premium-wordpress\/ -->\n<title>Starter Pack | Kit org\u00e1nico b\u00e1sico completo | BioTabs<\/title>\n<meta name=\"robots\" content=\"index, follow, max-snippet:-1, max-image-preview:large, max-video-preview:-1\" \/>\n<link rel=\"canonical\" href=\"https:\/\/biotabs.nl\/es\/producto\/starter-pack\/\" \/>\n<meta property=\"og:locale\" content=\"es_ES\" \/>\n<meta property=\"og:type\" content=\"article\" \/>\n<meta property=\"og:title\" content=\"Starter Pack\" \/>\n<meta property=\"og:description\" content=\"Ofertas especial durante este verano incluye kit de semillas feminizadas o autoflorecientes Suficiente para unas 5 a 10 plantas seg&uacute;n el tama&ntilde;o de la maceta utilizada.Menos trabajo, m&aacute;s rendimiento org&aacute;nico.&iexcl;Deja que la naturaleza se encargue de todo! Certificado 100% org&aacute;nico.\" \/>\n<meta property=\"og:url\" content=\"https:\/\/biotabs.nl\/es\/producto\/starter-pack\/\" \/>\n<meta property=\"og:site_name\" content=\"BioTabs\" \/>\n<meta property=\"article:publisher\" content=\"https:\/\/www.facebook.com\/biotabs.organics\" \/>\n<meta property=\"article:modified_time\" content=\"2023-08-09T15:07:29+00:00\" \/>\n<meta property=\"og:image\" content=\"https:\/\/biotabs.nl\/wp-content\/uploads\/product-starter-pack-1.jpg\" \/>\n\t<meta property=\"og:image:width\" content=\"1200\" \/>\n\t<meta property=\"og:image:height\" content=\"1200\" \/>\n\t<meta property=\"og:image:type\" content=\"image\/jpeg\" \/>\n<meta name=\"twitter:card\" content=\"summary_large_image\" \/>\n<meta name=\"twitter:site\" content=\"@Biotabs\" \/>\n<meta name=\"twitter:label1\" content=\"Tiempo de lectura\" \/>\n\t<meta name=\"twitter:data1\" content=\"1 minuto\" \/>\n<script type=\"application\/ld+json\" class=\"yoast-schema-graph\">{\"@context\":\"https:\\\/\\\/schema.org\",\"@graph\":[{\"@type\":\"WebPage\",\"@id\":\"https:\\\/\\\/biotabs.nl\\\/es\\\/producto\\\/starter-pack\\\/\",\"url\":\"https:\\\/\\\/biotabs.nl\\\/es\\\/producto\\\/starter-pack\\\/\",\"name\":\"Starter Pack | Kit org\u00e1nico b\u00e1sico completo | BioTabs\",\"isPartOf\":{\"@id\":\"https:\\\/\\\/biotabs.nl\\\/es\\\/#website\"},\"primaryImageOfPage\":{\"@id\":\"https:\\\/\\\/biotabs.nl\\\/es\\\/producto\\\/starter-pack\\\/#primaryimage\"},\"image\":{\"@id\":\"https:\\\/\\\/biotabs.nl\\\/es\\\/producto\\\/starter-pack\\\/#primaryimage\"},\"thumbnailUrl\":\"https:\\\/\\\/biotabs.nl\\\/wp-content\\\/uploads\\\/product-starter-pack-1.jpg\",\"datePublished\":\"2021-08-04T14:59:56+00:00\",\"dateModified\":\"2023-08-09T15:07:29+00:00\",\"breadcrumb\":{\"@id\":\"https:\\\/\\\/biotabs.nl\\\/es\\\/producto\\\/starter-pack\\\/#breadcrumb\"},\"inLanguage\":\"es\",\"potentialAction\":[{\"@type\":\"ReadAction\",\"target\":[\"https:\\\/\\\/biotabs.nl\\\/es\\\/producto\\\/starter-pack\\\/\"]}]},{\"@type\":\"ImageObject\",\"inLanguage\":\"es\",\"@id\":\"https:\\\/\\\/biotabs.nl\\\/es\\\/producto\\\/starter-pack\\\/#primaryimage\",\"url\":\"https:\\\/\\\/biotabs.nl\\\/wp-content\\\/uploads\\\/product-starter-pack-1.jpg\",\"contentUrl\":\"https:\\\/\\\/biotabs.nl\\\/wp-content\\\/uploads\\\/product-starter-pack-1.jpg\",\"width\":1200,\"height\":1200},{\"@type\":\"BreadcrumbList\",\"@id\":\"https:\\\/\\\/biotabs.nl\\\/es\\\/producto\\\/starter-pack\\\/#breadcrumb\",\"itemListElement\":[{\"@type\":\"ListItem\",\"position\":1,\"name\":\"Home\",\"item\":\"https:\\\/\\\/biotabs.nl\\\/es\\\/\"},{\"@type\":\"ListItem\",\"position\":2,\"name\":\"Tienda\",\"item\":\"https:\\\/\\\/biotabs.nl\\\/es\\\/tienda\\\/\"},{\"@type\":\"ListItem\",\"position\":3,\"name\":\"Starter Pack\"}]},{\"@type\":\"WebSite\",\"@id\":\"https:\\\/\\\/biotabs.nl\\\/es\\\/#website\",\"url\":\"https:\\\/\\\/biotabs.nl\\\/es\\\/\",\"name\":\"BioTabs\",\"description\":\"Easy by Nature\",\"publisher\":{\"@id\":\"https:\\\/\\\/biotabs.nl\\\/es\\\/#organization\"},\"potentialAction\":[{\"@type\":\"SearchAction\",\"target\":{\"@type\":\"EntryPoint\",\"urlTemplate\":\"https:\\\/\\\/biotabs.nl\\\/es\\\/?s={search_term_string}\"},\"query-input\":{\"@type\":\"PropertyValueSpecification\",\"valueRequired\":true,\"valueName\":\"search_term_string\"}}],\"inLanguage\":\"es\"},{\"@type\":\"Organization\",\"@id\":\"https:\\\/\\\/biotabs.nl\\\/es\\\/#organization\",\"name\":\"BioTabs Easy by Nature\",\"url\":\"https:\\\/\\\/biotabs.nl\\\/es\\\/\",\"logo\":{\"@type\":\"ImageObject\",\"inLanguage\":\"es\",\"@id\":\"https:\\\/\\\/biotabs.nl\\\/es\\\/#\\\/schema\\\/logo\\\/image\\\/\",\"url\":\"https:\\\/\\\/biotabs.nl\\\/wp-content\\\/uploads\\\/logo.png\",\"contentUrl\":\"https:\\\/\\\/biotabs.nl\\\/wp-content\\\/uploads\\\/logo.png\",\"width\":200,\"height\":200,\"caption\":\"BioTabs Easy by Nature\"},\"image\":{\"@id\":\"https:\\\/\\\/biotabs.nl\\\/es\\\/#\\\/schema\\\/logo\\\/image\\\/\"},\"sameAs\":[\"https:\\\/\\\/www.facebook.com\\\/biotabs.organics\",\"https:\\\/\\\/x.com\\\/Biotabs\",\"https:\\\/\\\/instagram.com\\\/biotabsorganics\",\"https:\\\/\\\/www.youtube.com\\\/channel\\\/UCY3QAw9DEfk_tuhQj0NdNxA\"]}]}<\/script>\n<!-- \/ Yoast SEO Premium plugin. -->","yoast_head_json":{"title":"Starter Pack | Kit org\u00e1nico b\u00e1sico completo | BioTabs","robots":{"index":"index","follow":"follow","max-snippet":"max-snippet:-1","max-image-preview":"max-image-preview:large","max-video-preview":"max-video-preview:-1"},"canonical":"https:\/\/biotabs.nl\/es\/producto\/starter-pack\/","og_locale":"es_ES","og_type":"article","og_title":"Starter Pack","og_description":"Ofertas especial durante este verano incluye kit de semillas feminizadas o autoflorecientes Suficiente para unas 5 a 10 plantas seg&uacute;n el tama&ntilde;o de la maceta utilizada.Menos trabajo, m&aacute;s rendimiento org&aacute;nico.&iexcl;Deja que la naturaleza se encargue de todo! Certificado 100% org&aacute;nico.","og_url":"https:\/\/biotabs.nl\/es\/producto\/starter-pack\/","og_site_name":"BioTabs","article_publisher":"https:\/\/www.facebook.com\/biotabs.organics","article_modified_time":"2023-08-09T15:07:29+00:00","og_image":[{"width":1200,"height":1200,"url":"https:\/\/biotabs.nl\/wp-content\/uploads\/product-starter-pack-1.jpg","type":"image\/jpeg"}],"twitter_card":"summary_large_image","twitter_site":"@Biotabs","twitter_misc":{"Tiempo de lectura":"1 minuto"},"schema":{"@context":"https:\/\/schema.org","@graph":[{"@type":"WebPage","@id":"https:\/\/biotabs.nl\/es\/producto\/starter-pack\/","url":"https:\/\/biotabs.nl\/es\/producto\/starter-pack\/","name":"Starter Pack | Kit org\u00e1nico b\u00e1sico completo | BioTabs","isPartOf":{"@id":"https:\/\/biotabs.nl\/es\/#website"},"primaryImageOfPage":{"@id":"https:\/\/biotabs.nl\/es\/producto\/starter-pack\/#primaryimage"},"image":{"@id":"https:\/\/biotabs.nl\/es\/producto\/starter-pack\/#primaryimage"},"thumbnailUrl":"https:\/\/biotabs.nl\/wp-content\/uploads\/product-starter-pack-1.jpg","datePublished":"2021-08-04T14:59:56+00:00","dateModified":"2023-08-09T15:07:29+00:00","breadcrumb":{"@id":"https:\/\/biotabs.nl\/es\/producto\/starter-pack\/#breadcrumb"},"inLanguage":"es","potentialAction":[{"@type":"ReadAction","target":["https:\/\/biotabs.nl\/es\/producto\/starter-pack\/"]}]},{"@type":"ImageObject","inLanguage":"es","@id":"https:\/\/biotabs.nl\/es\/producto\/starter-pack\/#primaryimage","url":"https:\/\/biotabs.nl\/wp-content\/uploads\/product-starter-pack-1.jpg","contentUrl":"https:\/\/biotabs.nl\/wp-content\/uploads\/product-starter-pack-1.jpg","width":1200,"height":1200},{"@type":"BreadcrumbList","@id":"https:\/\/biotabs.nl\/es\/producto\/starter-pack\/#breadcrumb","itemListElement":[{"@type":"ListItem","position":1,"name":"Home","item":"https:\/\/biotabs.nl\/es\/"},{"@type":"ListItem","position":2,"name":"Tienda","item":"https:\/\/biotabs.nl\/es\/tienda\/"},{"@type":"ListItem","position":3,"name":"Starter Pack"}]},{"@type":"WebSite","@id":"https:\/\/biotabs.nl\/es\/#website","url":"https:\/\/biotabs.nl\/es\/","name":"BioTabs","description":"Easy by Nature","publisher":{"@id":"https:\/\/biotabs.nl\/es\/#organization"},"potentialAction":[{"@type":"SearchAction","target":{"@type":"EntryPoint","urlTemplate":"https:\/\/biotabs.nl\/es\/?s={search_term_string}"},"query-input":{"@type":"PropertyValueSpecification","valueRequired":true,"valueName":"search_term_string"}}],"inLanguage":"es"},{"@type":"Organization","@id":"https:\/\/biotabs.nl\/es\/#organization","name":"BioTabs Easy by Nature","url":"https:\/\/biotabs.nl\/es\/","logo":{"@type":"ImageObject","inLanguage":"es","@id":"https:\/\/biotabs.nl\/es\/#\/schema\/logo\/image\/","url":"https:\/\/biotabs.nl\/wp-content\/uploads\/logo.png","contentUrl":"https:\/\/biotabs.nl\/wp-content\/uploads\/logo.png","width":200,"height":200,"caption":"BioTabs Easy by Nature"},"image":{"@id":"https:\/\/biotabs.nl\/es\/#\/schema\/logo\/image\/"},"sameAs":["https:\/\/www.facebook.com\/biotabs.organics","https:\/\/x.com\/Biotabs","https:\/\/instagram.com\/biotabsorganics","https:\/\/www.youtube.com\/channel\/UCY3QAw9DEfk_tuhQj0NdNxA"]}]}},"_links":{"self":[{"href":"https:\/\/biotabs.nl\/es\/wp-json\/wp\/v2\/product\/1385","targetHints":{"allow":["GET"]}}],"collection":[{"href":"https:\/\/biotabs.nl\/es\/wp-json\/wp\/v2\/product"}],"about":[{"href":"https:\/\/biotabs.nl\/es\/wp-json\/wp\/v2\/types\/product"}],"replies":[{"embeddable":true,"href":"https:\/\/biotabs.nl\/es\/wp-json\/wp\/v2\/comments?post=1385"}],"wp:featuredmedia":[{"embeddable":true,"href":"https:\/\/biotabs.nl\/es\/wp-json\/wp\/v2\/media\/16669"}],"wp:attachment":[{"href":"https:\/\/biotabs.nl\/es\/wp-json\/wp\/v2\/media?parent=1385"}],"wp:term":[{"taxonomy":"product_brand","embeddable":true,"href":"https:\/\/biotabs.nl\/es\/wp-json\/wp\/v2\/product_brand?post=1385"},{"taxonomy":"product_cat","embeddable":true,"href":"https:\/\/biotabs.nl\/es\/wp-json\/wp\/v2\/product_cat?post=1385"},{"taxonomy":"product_tag","embeddable":true,"href":"https:\/\/biotabs.nl\/es\/wp-json\/wp\/v2\/product_tag?post=1385"}],"curies":[{"name":"wp","href":"https:\/\/api.w.org\/{rel}","templated":true}]}}