
{"id":1438,"date":"2021-07-22T17:16:36","date_gmt":"2021-07-22T16:16:36","guid":{"rendered":"https:\/\/biotabs.nl\/product\/silicium-flash\/"},"modified":"2022-07-06T15:30:31","modified_gmt":"2022-07-06T14:30:31","slug":"silicium-flash","status":"publish","type":"product","link":"https:\/\/biotabs.nl\/es\/producto\/silicium-flash\/","title":{"rendered":"Silicium Flash"},"content":{"rendered":"<h2>NPK 4-3-3 &#8211; Fertilizante para plantas 100% org&aacute;nico<\/h2>\n<p>Contiene una dosis de acci&oacute;n r&aacute;pida de silicio, nitr&oacute;geno, f&oacute;sforo y potasio que es absorbida por las plantas a gran velocidad.<\/p>\n<p>SILICIUM FLASH destaca porque est&aacute; inmediatamente disponible para las plantas, lo que deriva en plantas exuberantes, verdes y saludables desde un comienzo. El resto de los nutrientes se libera lentamente en el transcurso de dos meses.<\/p>\n<p>SILICIUM FLASH se a&ntilde;ade solo durante la preparaci&oacute;n del medio de cultivo o cuando hay que tratar una deficiencia de nutrientes.<\/p>\n<p>El silicio aumenta la resistencia de las plantas al calor, la sequ&iacute;a, las pestes y los agentes pat&oacute;genos. Adem&aacute;s, potencia la absorci&oacute;n de nutrientes, lo que deriva en plantas m&aacute;s fuertes y con mayor producci&oacute;n.<\/p>\n<h2>Indicaciones de uso:<\/h2>\n<p>Mezclar 50 g (80 ml) por cada 10 litros de medio de cultivo org&aacute;nico como tierra para macetas o sustrato de fibra de coco.<\/p>\n<ul>\n<li>SILICIUM FLASH se puede aplicar cuando haya que tratar deficiencias nutritivas.Hacer un hoyo peque&ntilde;o cerca del tallo.<\/li>\n<li>Espolvorear 25 g de SILICIUM FLASH dentro del hoyo y cubrirlo con tierra.<\/li>\n<li>Regar con una soluci&oacute;n de 2 g de&nbsp;BACTREX&nbsp;por cada litro de agua.<\/li>\n<\/ul>\n<h2>Para las plantas madre<\/h2>\n<ul>\n<li>Mezclar 100 g (160 ml) por planta en el medio de cultivo.<\/li>\n<li>Repetir cada dos meses para tener plantas fuertes y resistentes.<\/li>\n<li>Aplicar superficialmente o hacer unos cuantos hoyos alrededor del tallo.<\/li>\n<\/ul>\n","protected":false},"excerpt":{"rendered":"<p><strong>NPK 4-3-3<\/strong><br \/>\nReemplaza los nutrientes l\u00edquidos para el crecimiento y la floraci\u00f3n<br \/>\nContiene: silicio, nitr\u00f3geno, f\u00f3sforo y potasio<br \/>\n<em>Ingredientes org\u00e1nicos certificados por Control Union.<\/em><\/p>\n","protected":false},"featured_media":16663,"comment_status":"open","ping_status":"closed","template":"","meta":{"_acf_changed":false},"product_brand":[],"product_cat":[127,151],"product_tag":[877,604,867,802,621,702,762,737,757,754,782,912,797,792,842],"class_list":{"0":"post-1438","1":"product","2":"type-product","3":"status-publish","4":"has-post-thumbnail","6":"product_cat-fertilizantes-organicos-alimentos-para-plantas-y-mejoradores-del-suelo-es","7":"product_cat-mejoradores-organicos-del-suelo","8":"product_tag-acondicionador-de-suelo","9":"product_tag-calcio","10":"product_tag-conditionneur-de-sol","11":"product_tag-en-polvo","12":"product_tag-fertilizante","13":"product_tag-fertilizante-de-accion-inmediata","14":"product_tag-fertilizante-de-exterior","15":"product_tag-micronutrientes","16":"product_tag-nitrogeno","17":"product_tag-npk-es","18":"product_tag-nutricion-para-plantas","19":"product_tag-oligoelementos","20":"product_tag-potasio","21":"product_tag-proteccion-fitosanitaria","22":"product_tag-silicio","24":"first","25":"instock","26":"taxable","27":"shipping-taxable","28":"purchasable","29":"product-type-variable"},"acf":[],"yoast_head":"<!-- This site is optimized with the Yoast SEO Premium plugin v25.8 (Yoast SEO v27.3) - https:\/\/yoast.com\/product\/yoast-seo-premium-wordpress\/ -->\n<title>Silicium Flash | Fertilizante de acci\u00f3n inmediata | BioTabs<\/title>\n<meta name=\"robots\" content=\"index, follow, max-snippet:-1, max-image-preview:large, max-video-preview:-1\" \/>\n<link rel=\"canonical\" href=\"https:\/\/biotabs.nl\/es\/producto\/silicium-flash\/\" \/>\n<meta property=\"og:locale\" content=\"es_ES\" \/>\n<meta property=\"og:type\" content=\"article\" \/>\n<meta property=\"og:title\" content=\"Silicium Flash\" \/>\n<meta property=\"og:description\" content=\"NPK 4-3-3 Reemplaza los nutrientes l\u00edquidos para el crecimiento y la floraci\u00f3n Contiene: silicio, nitr\u00f3geno, f\u00f3sforo y potasio Ingredientes org\u00e1nicos certificados por Control Union.\" \/>\n<meta property=\"og:url\" content=\"https:\/\/biotabs.nl\/es\/producto\/silicium-flash\/\" \/>\n<meta property=\"og:site_name\" content=\"BioTabs\" \/>\n<meta property=\"article:publisher\" content=\"https:\/\/www.facebook.com\/biotabs.organics\" \/>\n<meta property=\"article:modified_time\" content=\"2022-07-06T14:30:31+00:00\" \/>\n<meta property=\"og:image\" content=\"https:\/\/biotabs.nl\/wp-content\/uploads\/product-silicium-family.jpg\" \/>\n\t<meta property=\"og:image:width\" content=\"1200\" \/>\n\t<meta property=\"og:image:height\" content=\"1200\" \/>\n\t<meta property=\"og:image:type\" content=\"image\/jpeg\" \/>\n<meta name=\"twitter:card\" content=\"summary_large_image\" \/>\n<meta name=\"twitter:site\" content=\"@Biotabs\" \/>\n<meta name=\"twitter:label1\" content=\"Tiempo de lectura\" \/>\n\t<meta name=\"twitter:data1\" content=\"1 minuto\" \/>\n<script type=\"application\/ld+json\" class=\"yoast-schema-graph\">{\"@context\":\"https:\\\/\\\/schema.org\",\"@graph\":[{\"@type\":\"WebPage\",\"@id\":\"https:\\\/\\\/biotabs.nl\\\/es\\\/producto\\\/silicium-flash\\\/\",\"url\":\"https:\\\/\\\/biotabs.nl\\\/es\\\/producto\\\/silicium-flash\\\/\",\"name\":\"Silicium Flash | Fertilizante de acci\u00f3n inmediata | BioTabs\",\"isPartOf\":{\"@id\":\"https:\\\/\\\/biotabs.nl\\\/es\\\/#website\"},\"primaryImageOfPage\":{\"@id\":\"https:\\\/\\\/biotabs.nl\\\/es\\\/producto\\\/silicium-flash\\\/#primaryimage\"},\"image\":{\"@id\":\"https:\\\/\\\/biotabs.nl\\\/es\\\/producto\\\/silicium-flash\\\/#primaryimage\"},\"thumbnailUrl\":\"https:\\\/\\\/biotabs.nl\\\/wp-content\\\/uploads\\\/product-silicium-flash-family.jpg\",\"datePublished\":\"2021-07-22T16:16:36+00:00\",\"dateModified\":\"2022-07-06T14:30:31+00:00\",\"breadcrumb\":{\"@id\":\"https:\\\/\\\/biotabs.nl\\\/es\\\/producto\\\/silicium-flash\\\/#breadcrumb\"},\"inLanguage\":\"es\",\"potentialAction\":[{\"@type\":\"ReadAction\",\"target\":[\"https:\\\/\\\/biotabs.nl\\\/es\\\/producto\\\/silicium-flash\\\/\"]}]},{\"@type\":\"ImageObject\",\"inLanguage\":\"es\",\"@id\":\"https:\\\/\\\/biotabs.nl\\\/es\\\/producto\\\/silicium-flash\\\/#primaryimage\",\"url\":\"https:\\\/\\\/biotabs.nl\\\/wp-content\\\/uploads\\\/product-silicium-flash-family.jpg\",\"contentUrl\":\"https:\\\/\\\/biotabs.nl\\\/wp-content\\\/uploads\\\/product-silicium-flash-family.jpg\",\"width\":1200,\"height\":1200},{\"@type\":\"BreadcrumbList\",\"@id\":\"https:\\\/\\\/biotabs.nl\\\/es\\\/producto\\\/silicium-flash\\\/#breadcrumb\",\"itemListElement\":[{\"@type\":\"ListItem\",\"position\":1,\"name\":\"Home\",\"item\":\"https:\\\/\\\/biotabs.nl\\\/es\\\/\"},{\"@type\":\"ListItem\",\"position\":2,\"name\":\"Tienda\",\"item\":\"https:\\\/\\\/biotabs.nl\\\/es\\\/tienda\\\/\"},{\"@type\":\"ListItem\",\"position\":3,\"name\":\"Silicium Flash\"}]},{\"@type\":\"WebSite\",\"@id\":\"https:\\\/\\\/biotabs.nl\\\/es\\\/#website\",\"url\":\"https:\\\/\\\/biotabs.nl\\\/es\\\/\",\"name\":\"BioTabs\",\"description\":\"Easy by Nature\",\"publisher\":{\"@id\":\"https:\\\/\\\/biotabs.nl\\\/es\\\/#organization\"},\"potentialAction\":[{\"@type\":\"SearchAction\",\"target\":{\"@type\":\"EntryPoint\",\"urlTemplate\":\"https:\\\/\\\/biotabs.nl\\\/es\\\/?s={search_term_string}\"},\"query-input\":{\"@type\":\"PropertyValueSpecification\",\"valueRequired\":true,\"valueName\":\"search_term_string\"}}],\"inLanguage\":\"es\"},{\"@type\":\"Organization\",\"@id\":\"https:\\\/\\\/biotabs.nl\\\/es\\\/#organization\",\"name\":\"BioTabs Easy by Nature\",\"url\":\"https:\\\/\\\/biotabs.nl\\\/es\\\/\",\"logo\":{\"@type\":\"ImageObject\",\"inLanguage\":\"es\",\"@id\":\"https:\\\/\\\/biotabs.nl\\\/es\\\/#\\\/schema\\\/logo\\\/image\\\/\",\"url\":\"https:\\\/\\\/biotabs.nl\\\/wp-content\\\/uploads\\\/logo.png\",\"contentUrl\":\"https:\\\/\\\/biotabs.nl\\\/wp-content\\\/uploads\\\/logo.png\",\"width\":200,\"height\":200,\"caption\":\"BioTabs Easy by Nature\"},\"image\":{\"@id\":\"https:\\\/\\\/biotabs.nl\\\/es\\\/#\\\/schema\\\/logo\\\/image\\\/\"},\"sameAs\":[\"https:\\\/\\\/www.facebook.com\\\/biotabs.organics\",\"https:\\\/\\\/x.com\\\/Biotabs\",\"https:\\\/\\\/instagram.com\\\/biotabsorganics\",\"https:\\\/\\\/www.youtube.com\\\/channel\\\/UCY3QAw9DEfk_tuhQj0NdNxA\"]}]}<\/script>\n<!-- \/ Yoast SEO Premium plugin. -->","yoast_head_json":{"title":"Silicium Flash | Fertilizante de acci\u00f3n inmediata | BioTabs","robots":{"index":"index","follow":"follow","max-snippet":"max-snippet:-1","max-image-preview":"max-image-preview:large","max-video-preview":"max-video-preview:-1"},"canonical":"https:\/\/biotabs.nl\/es\/producto\/silicium-flash\/","og_locale":"es_ES","og_type":"article","og_title":"Silicium Flash","og_description":"NPK 4-3-3 Reemplaza los nutrientes l\u00edquidos para el crecimiento y la floraci\u00f3n Contiene: silicio, nitr\u00f3geno, f\u00f3sforo y potasio Ingredientes org\u00e1nicos certificados por Control Union.","og_url":"https:\/\/biotabs.nl\/es\/producto\/silicium-flash\/","og_site_name":"BioTabs","article_publisher":"https:\/\/www.facebook.com\/biotabs.organics","article_modified_time":"2022-07-06T14:30:31+00:00","og_image":[{"width":1200,"height":1200,"url":"https:\/\/biotabs.nl\/wp-content\/uploads\/product-silicium-family.jpg","type":"image\/jpeg"}],"twitter_card":"summary_large_image","twitter_site":"@Biotabs","twitter_misc":{"Tiempo de lectura":"1 minuto"},"schema":{"@context":"https:\/\/schema.org","@graph":[{"@type":"WebPage","@id":"https:\/\/biotabs.nl\/es\/producto\/silicium-flash\/","url":"https:\/\/biotabs.nl\/es\/producto\/silicium-flash\/","name":"Silicium Flash | Fertilizante de acci\u00f3n inmediata | BioTabs","isPartOf":{"@id":"https:\/\/biotabs.nl\/es\/#website"},"primaryImageOfPage":{"@id":"https:\/\/biotabs.nl\/es\/producto\/silicium-flash\/#primaryimage"},"image":{"@id":"https:\/\/biotabs.nl\/es\/producto\/silicium-flash\/#primaryimage"},"thumbnailUrl":"https:\/\/biotabs.nl\/wp-content\/uploads\/product-silicium-flash-family.jpg","datePublished":"2021-07-22T16:16:36+00:00","dateModified":"2022-07-06T14:30:31+00:00","breadcrumb":{"@id":"https:\/\/biotabs.nl\/es\/producto\/silicium-flash\/#breadcrumb"},"inLanguage":"es","potentialAction":[{"@type":"ReadAction","target":["https:\/\/biotabs.nl\/es\/producto\/silicium-flash\/"]}]},{"@type":"ImageObject","inLanguage":"es","@id":"https:\/\/biotabs.nl\/es\/producto\/silicium-flash\/#primaryimage","url":"https:\/\/biotabs.nl\/wp-content\/uploads\/product-silicium-flash-family.jpg","contentUrl":"https:\/\/biotabs.nl\/wp-content\/uploads\/product-silicium-flash-family.jpg","width":1200,"height":1200},{"@type":"BreadcrumbList","@id":"https:\/\/biotabs.nl\/es\/producto\/silicium-flash\/#breadcrumb","itemListElement":[{"@type":"ListItem","position":1,"name":"Home","item":"https:\/\/biotabs.nl\/es\/"},{"@type":"ListItem","position":2,"name":"Tienda","item":"https:\/\/biotabs.nl\/es\/tienda\/"},{"@type":"ListItem","position":3,"name":"Silicium Flash"}]},{"@type":"WebSite","@id":"https:\/\/biotabs.nl\/es\/#website","url":"https:\/\/biotabs.nl\/es\/","name":"BioTabs","description":"Easy by Nature","publisher":{"@id":"https:\/\/biotabs.nl\/es\/#organization"},"potentialAction":[{"@type":"SearchAction","target":{"@type":"EntryPoint","urlTemplate":"https:\/\/biotabs.nl\/es\/?s={search_term_string}"},"query-input":{"@type":"PropertyValueSpecification","valueRequired":true,"valueName":"search_term_string"}}],"inLanguage":"es"},{"@type":"Organization","@id":"https:\/\/biotabs.nl\/es\/#organization","name":"BioTabs Easy by Nature","url":"https:\/\/biotabs.nl\/es\/","logo":{"@type":"ImageObject","inLanguage":"es","@id":"https:\/\/biotabs.nl\/es\/#\/schema\/logo\/image\/","url":"https:\/\/biotabs.nl\/wp-content\/uploads\/logo.png","contentUrl":"https:\/\/biotabs.nl\/wp-content\/uploads\/logo.png","width":200,"height":200,"caption":"BioTabs Easy by Nature"},"image":{"@id":"https:\/\/biotabs.nl\/es\/#\/schema\/logo\/image\/"},"sameAs":["https:\/\/www.facebook.com\/biotabs.organics","https:\/\/x.com\/Biotabs","https:\/\/instagram.com\/biotabsorganics","https:\/\/www.youtube.com\/channel\/UCY3QAw9DEfk_tuhQj0NdNxA"]}]}},"_links":{"self":[{"href":"https:\/\/biotabs.nl\/es\/wp-json\/wp\/v2\/product\/1438","targetHints":{"allow":["GET"]}}],"collection":[{"href":"https:\/\/biotabs.nl\/es\/wp-json\/wp\/v2\/product"}],"about":[{"href":"https:\/\/biotabs.nl\/es\/wp-json\/wp\/v2\/types\/product"}],"replies":[{"embeddable":true,"href":"https:\/\/biotabs.nl\/es\/wp-json\/wp\/v2\/comments?post=1438"}],"wp:featuredmedia":[{"embeddable":true,"href":"https:\/\/biotabs.nl\/es\/wp-json\/wp\/v2\/media\/16663"}],"wp:attachment":[{"href":"https:\/\/biotabs.nl\/es\/wp-json\/wp\/v2\/media?parent=1438"}],"wp:term":[{"taxonomy":"product_brand","embeddable":true,"href":"https:\/\/biotabs.nl\/es\/wp-json\/wp\/v2\/product_brand?post=1438"},{"taxonomy":"product_cat","embeddable":true,"href":"https:\/\/biotabs.nl\/es\/wp-json\/wp\/v2\/product_cat?post=1438"},{"taxonomy":"product_tag","embeddable":true,"href":"https:\/\/biotabs.nl\/es\/wp-json\/wp\/v2\/product_tag?post=1438"}],"curies":[{"name":"wp","href":"https:\/\/api.w.org\/{rel}","templated":true}]}}