
{"id":1441,"date":"2021-07-23T14:30:23","date_gmt":"2021-07-23T13:30:23","guid":{"rendered":"https:\/\/biotabs.nl\/product\/cultivo-organico-el-comic\/"},"modified":"2022-07-06T15:32:20","modified_gmt":"2022-07-06T14:32:20","slug":"cultivo-organico-el-comic","status":"publish","type":"product","link":"https:\/\/biotabs.nl\/es\/producto\/cultivo-organico-el-comic\/","title":{"rendered":"C\u00f3mic sobre \u00abCultivo Org\u00e1nico\u00bb"},"content":{"rendered":"<h2>Cultivo org&aacute;nico, el c&oacute;mic<\/h2>\n<p>La biblia de la jardiner&iacute;a ecol&oacute;gica moderna en tiras c&oacute;micas. Porque una buena vi&ntilde;eta dice m&aacute;s que un gran discurso.<\/p>\n<h2>Presentaci&oacute;n<\/h2>\n<p>En marcha hacia la reconversi&oacute;n ecol&oacute;gica gracias a este libro que, con humor pero tambi&eacute;n con precisi&oacute;n, le entrega las claves de un saber hacer en el &aacute;mbito de la jardiner&iacute;a ecorresponsable.<\/p>\n<p>Sabr&aacute; todo sobre el humus, las semillas, los bichos y las pr&aacute;cticas beneficiosas para las plantas y para el planeta, que ayudan a cultivar frutas y verduras sanas y sabrosas. Tambi&eacute;n flores maravillosas.<br \/>Compost bokashi o biodin&aacute;mica, permacultura, vortex, biopon&iacute;a: estos conceptos, y muchos otros, se desplegar&aacute;n bajo sus ojos y ya no tendr&aacute;n secretos para usted.<\/p>\n<p>A trav&eacute;s de las ilustraciones de Pic, apoyadas en el trabajo de Karel &mdash;el jardinero&mdash;, se alcanza la esencia misma de la jardiner&iacute;a: el placer. Placer de leer, en primer lugar. Placer de cultivar, placer de ver crecer, placer de cosechar, placer de saborear y, en definitiva, placer de saber que protegemos la Tierra.<\/p>\n<p>Amplio compendio de estrategias innovadoras y de consejos expertos, esta gu&iacute;a llena de humor es lo m&aacute;ximo para todo jardinero que desea cultivar en conciencia.<\/p>\n<h2>Autores<\/h2>\n<p>Denis Leli&egrave;vre, conocido como &laquo;Pic&raquo;, es ilustrador, escultor, autor de tiras c&oacute;micas y jardinero. Cultivo org&aacute;nico, el c&oacute;mic&nbsp;es una adaptaci&oacute;n libre del libro&nbsp;El Bio Grow Book&nbsp;de Karel Schelfhout &amp; Michiel Panhuysen.<\/p>\n<p>Karel Schelfhout&nbsp;es una personalidad prominente en el &aacute;mbito de la horticultura desde hace m&aacute;s de treinta a&ntilde;os. Jug&oacute; un rol de primer plano en la difusi&oacute;n de las t&eacute;cnicas de jardiner&iacute;a high-tech empleadas primero en los Pa&iacute;ses Bajos, antes de entregarse de lleno al cultivo ecol&oacute;gico.<\/p>\n<p>Michiel Panhuysen, periodista cuyos trabajos se han publicado en varios idiomas, es especialista en agricultura ecol&oacute;gica y jardiner&iacute;a urbana.<\/p>\n","protected":false},"excerpt":{"rendered":"<p>La biblia de la jardiner&iacute;a ecol&oacute;gica moderna en tiras c&oacute;micas. Porque una buena vi&ntilde;eta dice m&aacute;s que un gran discurso.<\/p>\n<p>En marcha hacia la reconversi&oacute;n ecol&oacute;gica gracias a este libro que, con humor pero tambi&eacute;n con precisi&oacute;n, le entrega las claves de un saber hacer en el &aacute;mbito de la jardiner&iacute;a ecorresponsable.<\/p>\n<p>Sabr&aacute; todo sobre el humus, las semillas, los bichos y las pr&aacute;cticas beneficiosas para las plantas y para el planeta, que ayudan a cultivar frutas y verduras sanas y sabrosas. Tambi&eacute;n flores maravillosas.<br \/>Compost bokashi o biodin&aacute;mica, permacultura, vortex, biopon&iacute;a: estos conceptos, y muchos otros, se desplegar&aacute;n bajo sus ojos y ya no tendr&aacute;n secretos para usted.<\/p>\n<p>A trav&eacute;s de las ilustraciones de Pic, apoyadas en el trabajo de Karel &mdash;el jardinero&mdash;, se alcanza la esencia misma de la jardiner&iacute;a: el placer. Placer de leer, en primer lugar. Placer de cultivar, placer de ver crecer, placer de cosechar, placer de saborear y, en definitiva, placer de saber que protegemos la Tierra.<\/p>\n","protected":false},"featured_media":11859,"comment_status":"open","ping_status":"closed","template":"","meta":{"_acf_changed":false},"product_brand":[],"product_cat":[103],"product_tag":[697,594,722,907,922],"class_list":{"0":"post-1441","1":"product","2":"type-product","3":"status-publish","4":"has-post-thumbnail","6":"product_cat-libros-sobre-cultivo-organico-biotabs","7":"product_tag-informacion","8":"product_tag-literatura","9":"product_tag-manuales","10":"product_tag-tecnicas","11":"product_tag-tutoriales","13":"first","14":"instock","15":"taxable","16":"shipping-taxable","17":"purchasable","18":"product-type-variable"},"acf":[],"yoast_head":"<!-- This site is optimized with the Yoast SEO Premium plugin v25.8 (Yoast SEO v27.3) - https:\/\/yoast.com\/product\/yoast-seo-premium-wordpress\/ -->\n<title>C\u00f3mic sobre &quot;Cultivo Org\u00e1nico&quot; | Jardiner\u00eda y agricultura sostenible | BioTabs<\/title>\n<meta name=\"robots\" content=\"index, follow, max-snippet:-1, max-image-preview:large, max-video-preview:-1\" \/>\n<link rel=\"canonical\" href=\"https:\/\/biotabs.nl\/es\/producto\/cultivo-organico-el-comic\/\" \/>\n<meta property=\"og:locale\" content=\"es_ES\" \/>\n<meta property=\"og:type\" content=\"article\" \/>\n<meta property=\"og:title\" content=\"C\u00f3mic sobre &quot;Cultivo Org\u00e1nico&quot;\" \/>\n<meta property=\"og:description\" content=\"La biblia de la jardiner&iacute;a ecol&oacute;gica moderna en tiras c&oacute;micas. Porque una buena vi&ntilde;eta dice m&aacute;s que un gran discurso. En marcha hacia la reconversi&oacute;n ecol&oacute;gica gracias a este libro que, con humor pero tambi&eacute;n con precisi&oacute;n, le entrega las claves de un saber hacer en el &aacute;mbito de la jardiner&iacute;a ecorresponsable. Sabr&aacute; todo sobre el humus, las semillas, los bichos y las pr&aacute;cticas beneficiosas para las plantas y para el planeta, que ayudan a cultivar frutas y verduras sanas y sabrosas. Tambi&eacute;n flores maravillosas.Compost bokashi o biodin&aacute;mica, permacultura, vortex, biopon&iacute;a: estos conceptos, y muchos otros, se desplegar&aacute;n bajo sus ojos y ya no tendr&aacute;n secretos para usted. A trav&eacute;s de las ilustraciones de Pic, apoyadas en el trabajo de Karel &mdash;el jardinero&mdash;, se alcanza la esencia misma de la jardiner&iacute;a: el placer. Placer de leer, en primer lugar. Placer de cultivar, placer de ver crecer, placer de cosechar, placer de saborear y, en definitiva, placer de saber que protegemos la Tierra.\" \/>\n<meta property=\"og:url\" content=\"https:\/\/biotabs.nl\/es\/producto\/cultivo-organico-el-comic\/\" \/>\n<meta property=\"og:site_name\" content=\"BioTabs\" \/>\n<meta property=\"article:publisher\" content=\"https:\/\/www.facebook.com\/biotabs.organics\" \/>\n<meta property=\"article:modified_time\" content=\"2022-07-06T14:32:20+00:00\" \/>\n<meta property=\"og:image\" content=\"https:\/\/biotabs.nl\/wp-content\/uploads\/product-comic-spanish-1.jpg\" \/>\n\t<meta property=\"og:image:width\" content=\"1200\" \/>\n\t<meta property=\"og:image:height\" content=\"1200\" \/>\n\t<meta property=\"og:image:type\" content=\"image\/jpeg\" \/>\n<meta name=\"twitter:card\" content=\"summary_large_image\" \/>\n<meta name=\"twitter:site\" content=\"@Biotabs\" \/>\n<meta name=\"twitter:label1\" content=\"Tiempo de lectura\" \/>\n\t<meta name=\"twitter:data1\" content=\"2 minutos\" \/>\n<script type=\"application\/ld+json\" class=\"yoast-schema-graph\">{\"@context\":\"https:\\\/\\\/schema.org\",\"@graph\":[{\"@type\":\"WebPage\",\"@id\":\"https:\\\/\\\/biotabs.nl\\\/es\\\/producto\\\/cultivo-organico-el-comic\\\/\",\"url\":\"https:\\\/\\\/biotabs.nl\\\/es\\\/producto\\\/cultivo-organico-el-comic\\\/\",\"name\":\"C\u00f3mic sobre \\\"Cultivo Org\u00e1nico\\\" | Jardiner\u00eda y agricultura sostenible | BioTabs\",\"isPartOf\":{\"@id\":\"https:\\\/\\\/biotabs.nl\\\/es\\\/#website\"},\"primaryImageOfPage\":{\"@id\":\"https:\\\/\\\/biotabs.nl\\\/es\\\/producto\\\/cultivo-organico-el-comic\\\/#primaryimage\"},\"image\":{\"@id\":\"https:\\\/\\\/biotabs.nl\\\/es\\\/producto\\\/cultivo-organico-el-comic\\\/#primaryimage\"},\"thumbnailUrl\":\"https:\\\/\\\/biotabs.nl\\\/wp-content\\\/uploads\\\/product-comic-spanish-1.jpg\",\"datePublished\":\"2021-07-23T13:30:23+00:00\",\"dateModified\":\"2022-07-06T14:32:20+00:00\",\"breadcrumb\":{\"@id\":\"https:\\\/\\\/biotabs.nl\\\/es\\\/producto\\\/cultivo-organico-el-comic\\\/#breadcrumb\"},\"inLanguage\":\"es\",\"potentialAction\":[{\"@type\":\"ReadAction\",\"target\":[\"https:\\\/\\\/biotabs.nl\\\/es\\\/producto\\\/cultivo-organico-el-comic\\\/\"]}]},{\"@type\":\"ImageObject\",\"inLanguage\":\"es\",\"@id\":\"https:\\\/\\\/biotabs.nl\\\/es\\\/producto\\\/cultivo-organico-el-comic\\\/#primaryimage\",\"url\":\"https:\\\/\\\/biotabs.nl\\\/wp-content\\\/uploads\\\/product-comic-spanish-1.jpg\",\"contentUrl\":\"https:\\\/\\\/biotabs.nl\\\/wp-content\\\/uploads\\\/product-comic-spanish-1.jpg\",\"width\":1200,\"height\":1200},{\"@type\":\"BreadcrumbList\",\"@id\":\"https:\\\/\\\/biotabs.nl\\\/es\\\/producto\\\/cultivo-organico-el-comic\\\/#breadcrumb\",\"itemListElement\":[{\"@type\":\"ListItem\",\"position\":1,\"name\":\"Home\",\"item\":\"https:\\\/\\\/biotabs.nl\\\/es\\\/\"},{\"@type\":\"ListItem\",\"position\":2,\"name\":\"Tienda\",\"item\":\"https:\\\/\\\/biotabs.nl\\\/es\\\/tienda\\\/\"},{\"@type\":\"ListItem\",\"position\":3,\"name\":\"C\u00f3mic sobre &#8220;Cultivo Org\u00e1nico&#8221;\"}]},{\"@type\":\"WebSite\",\"@id\":\"https:\\\/\\\/biotabs.nl\\\/es\\\/#website\",\"url\":\"https:\\\/\\\/biotabs.nl\\\/es\\\/\",\"name\":\"BioTabs\",\"description\":\"Easy by Nature\",\"publisher\":{\"@id\":\"https:\\\/\\\/biotabs.nl\\\/es\\\/#organization\"},\"potentialAction\":[{\"@type\":\"SearchAction\",\"target\":{\"@type\":\"EntryPoint\",\"urlTemplate\":\"https:\\\/\\\/biotabs.nl\\\/es\\\/?s={search_term_string}\"},\"query-input\":{\"@type\":\"PropertyValueSpecification\",\"valueRequired\":true,\"valueName\":\"search_term_string\"}}],\"inLanguage\":\"es\"},{\"@type\":\"Organization\",\"@id\":\"https:\\\/\\\/biotabs.nl\\\/es\\\/#organization\",\"name\":\"BioTabs Easy by Nature\",\"url\":\"https:\\\/\\\/biotabs.nl\\\/es\\\/\",\"logo\":{\"@type\":\"ImageObject\",\"inLanguage\":\"es\",\"@id\":\"https:\\\/\\\/biotabs.nl\\\/es\\\/#\\\/schema\\\/logo\\\/image\\\/\",\"url\":\"https:\\\/\\\/biotabs.nl\\\/wp-content\\\/uploads\\\/logo.png\",\"contentUrl\":\"https:\\\/\\\/biotabs.nl\\\/wp-content\\\/uploads\\\/logo.png\",\"width\":200,\"height\":200,\"caption\":\"BioTabs Easy by Nature\"},\"image\":{\"@id\":\"https:\\\/\\\/biotabs.nl\\\/es\\\/#\\\/schema\\\/logo\\\/image\\\/\"},\"sameAs\":[\"https:\\\/\\\/www.facebook.com\\\/biotabs.organics\",\"https:\\\/\\\/x.com\\\/Biotabs\",\"https:\\\/\\\/instagram.com\\\/biotabsorganics\",\"https:\\\/\\\/www.youtube.com\\\/channel\\\/UCY3QAw9DEfk_tuhQj0NdNxA\"]}]}<\/script>\n<!-- \/ Yoast SEO Premium plugin. -->","yoast_head_json":{"title":"C\u00f3mic sobre \"Cultivo Org\u00e1nico\" | Jardiner\u00eda y agricultura sostenible | BioTabs","robots":{"index":"index","follow":"follow","max-snippet":"max-snippet:-1","max-image-preview":"max-image-preview:large","max-video-preview":"max-video-preview:-1"},"canonical":"https:\/\/biotabs.nl\/es\/producto\/cultivo-organico-el-comic\/","og_locale":"es_ES","og_type":"article","og_title":"C\u00f3mic sobre \"Cultivo Org\u00e1nico\"","og_description":"La biblia de la jardiner&iacute;a ecol&oacute;gica moderna en tiras c&oacute;micas. Porque una buena vi&ntilde;eta dice m&aacute;s que un gran discurso. En marcha hacia la reconversi&oacute;n ecol&oacute;gica gracias a este libro que, con humor pero tambi&eacute;n con precisi&oacute;n, le entrega las claves de un saber hacer en el &aacute;mbito de la jardiner&iacute;a ecorresponsable. Sabr&aacute; todo sobre el humus, las semillas, los bichos y las pr&aacute;cticas beneficiosas para las plantas y para el planeta, que ayudan a cultivar frutas y verduras sanas y sabrosas. Tambi&eacute;n flores maravillosas.Compost bokashi o biodin&aacute;mica, permacultura, vortex, biopon&iacute;a: estos conceptos, y muchos otros, se desplegar&aacute;n bajo sus ojos y ya no tendr&aacute;n secretos para usted. A trav&eacute;s de las ilustraciones de Pic, apoyadas en el trabajo de Karel &mdash;el jardinero&mdash;, se alcanza la esencia misma de la jardiner&iacute;a: el placer. Placer de leer, en primer lugar. Placer de cultivar, placer de ver crecer, placer de cosechar, placer de saborear y, en definitiva, placer de saber que protegemos la Tierra.","og_url":"https:\/\/biotabs.nl\/es\/producto\/cultivo-organico-el-comic\/","og_site_name":"BioTabs","article_publisher":"https:\/\/www.facebook.com\/biotabs.organics","article_modified_time":"2022-07-06T14:32:20+00:00","og_image":[{"width":1200,"height":1200,"url":"https:\/\/biotabs.nl\/wp-content\/uploads\/product-comic-spanish-1.jpg","type":"image\/jpeg"}],"twitter_card":"summary_large_image","twitter_site":"@Biotabs","twitter_misc":{"Tiempo de lectura":"2 minutos"},"schema":{"@context":"https:\/\/schema.org","@graph":[{"@type":"WebPage","@id":"https:\/\/biotabs.nl\/es\/producto\/cultivo-organico-el-comic\/","url":"https:\/\/biotabs.nl\/es\/producto\/cultivo-organico-el-comic\/","name":"C\u00f3mic sobre \"Cultivo Org\u00e1nico\" | Jardiner\u00eda y agricultura sostenible | BioTabs","isPartOf":{"@id":"https:\/\/biotabs.nl\/es\/#website"},"primaryImageOfPage":{"@id":"https:\/\/biotabs.nl\/es\/producto\/cultivo-organico-el-comic\/#primaryimage"},"image":{"@id":"https:\/\/biotabs.nl\/es\/producto\/cultivo-organico-el-comic\/#primaryimage"},"thumbnailUrl":"https:\/\/biotabs.nl\/wp-content\/uploads\/product-comic-spanish-1.jpg","datePublished":"2021-07-23T13:30:23+00:00","dateModified":"2022-07-06T14:32:20+00:00","breadcrumb":{"@id":"https:\/\/biotabs.nl\/es\/producto\/cultivo-organico-el-comic\/#breadcrumb"},"inLanguage":"es","potentialAction":[{"@type":"ReadAction","target":["https:\/\/biotabs.nl\/es\/producto\/cultivo-organico-el-comic\/"]}]},{"@type":"ImageObject","inLanguage":"es","@id":"https:\/\/biotabs.nl\/es\/producto\/cultivo-organico-el-comic\/#primaryimage","url":"https:\/\/biotabs.nl\/wp-content\/uploads\/product-comic-spanish-1.jpg","contentUrl":"https:\/\/biotabs.nl\/wp-content\/uploads\/product-comic-spanish-1.jpg","width":1200,"height":1200},{"@type":"BreadcrumbList","@id":"https:\/\/biotabs.nl\/es\/producto\/cultivo-organico-el-comic\/#breadcrumb","itemListElement":[{"@type":"ListItem","position":1,"name":"Home","item":"https:\/\/biotabs.nl\/es\/"},{"@type":"ListItem","position":2,"name":"Tienda","item":"https:\/\/biotabs.nl\/es\/tienda\/"},{"@type":"ListItem","position":3,"name":"C\u00f3mic sobre &#8220;Cultivo Org\u00e1nico&#8221;"}]},{"@type":"WebSite","@id":"https:\/\/biotabs.nl\/es\/#website","url":"https:\/\/biotabs.nl\/es\/","name":"BioTabs","description":"Easy by Nature","publisher":{"@id":"https:\/\/biotabs.nl\/es\/#organization"},"potentialAction":[{"@type":"SearchAction","target":{"@type":"EntryPoint","urlTemplate":"https:\/\/biotabs.nl\/es\/?s={search_term_string}"},"query-input":{"@type":"PropertyValueSpecification","valueRequired":true,"valueName":"search_term_string"}}],"inLanguage":"es"},{"@type":"Organization","@id":"https:\/\/biotabs.nl\/es\/#organization","name":"BioTabs Easy by Nature","url":"https:\/\/biotabs.nl\/es\/","logo":{"@type":"ImageObject","inLanguage":"es","@id":"https:\/\/biotabs.nl\/es\/#\/schema\/logo\/image\/","url":"https:\/\/biotabs.nl\/wp-content\/uploads\/logo.png","contentUrl":"https:\/\/biotabs.nl\/wp-content\/uploads\/logo.png","width":200,"height":200,"caption":"BioTabs Easy by Nature"},"image":{"@id":"https:\/\/biotabs.nl\/es\/#\/schema\/logo\/image\/"},"sameAs":["https:\/\/www.facebook.com\/biotabs.organics","https:\/\/x.com\/Biotabs","https:\/\/instagram.com\/biotabsorganics","https:\/\/www.youtube.com\/channel\/UCY3QAw9DEfk_tuhQj0NdNxA"]}]}},"_links":{"self":[{"href":"https:\/\/biotabs.nl\/es\/wp-json\/wp\/v2\/product\/1441","targetHints":{"allow":["GET"]}}],"collection":[{"href":"https:\/\/biotabs.nl\/es\/wp-json\/wp\/v2\/product"}],"about":[{"href":"https:\/\/biotabs.nl\/es\/wp-json\/wp\/v2\/types\/product"}],"replies":[{"embeddable":true,"href":"https:\/\/biotabs.nl\/es\/wp-json\/wp\/v2\/comments?post=1441"}],"wp:featuredmedia":[{"embeddable":true,"href":"https:\/\/biotabs.nl\/es\/wp-json\/wp\/v2\/media\/11859"}],"wp:attachment":[{"href":"https:\/\/biotabs.nl\/es\/wp-json\/wp\/v2\/media?parent=1441"}],"wp:term":[{"taxonomy":"product_brand","embeddable":true,"href":"https:\/\/biotabs.nl\/es\/wp-json\/wp\/v2\/product_brand?post=1441"},{"taxonomy":"product_cat","embeddable":true,"href":"https:\/\/biotabs.nl\/es\/wp-json\/wp\/v2\/product_cat?post=1441"},{"taxonomy":"product_tag","embeddable":true,"href":"https:\/\/biotabs.nl\/es\/wp-json\/wp\/v2\/product_tag?post=1441"}],"curies":[{"name":"wp","href":"https:\/\/api.w.org\/{rel}","templated":true}]}}