
{"id":1452,"date":"2021-07-22T17:01:13","date_gmt":"2021-07-22T16:01:13","guid":{"rendered":"https:\/\/biotabs.nl\/product\/guerrilla-juice\/"},"modified":"2022-09-23T20:05:09","modified_gmt":"2022-09-23T19:05:09","slug":"guerrilla-juice","status":"publish","type":"product","link":"https:\/\/biotabs.nl\/es\/producto\/guerrilla-juice\/","title":{"rendered":"Guerrilla Juice"},"content":{"rendered":"<h2>Guerrilla Juice 500 ml &#8211; Powered by BioTabs<\/h2>\n<p>Guerrilla Juice org&aacute;nico 5-1-5 es un acelerador l&iacute;quido del crecimiento y la floraci&oacute;n de tipo org&aacute;nico que promueve la salud del sustrato y condiciones de crecimiento &oacute;ptimas.<\/p>\n<p>Guerrilla Juice contiene harina de alfalfa, melaza mezclada, vinaza pot&aacute;sica, &oacute;xido de silicio y finas part&iacute;culas de roca como base de los micronutrientes.<\/p>\n<p>Para conseguir un rendimiento &oacute;ptimo, combina Guerrilla Juice con bacterias beneficiosas de la tierra y hongos micorr&iacute;zicos como&nbsp;BACTREX&nbsp;y&nbsp;MYCOTREX<\/p>\n<p>Diluir 10 ml de Guerrilla Juice en 1 litro de agua.<br \/>A partir de la cuarta semana regar las plantas con esta soluci&oacute;n una vez a la semana.<\/p>\n<p><em>Ingredientes 100% org&aacute;nicos certificados por Control Union.<\/em><\/p>\n<p>Guerrilla Juice forma parte del &ldquo;m&eacute;todo de cultivo org&aacute;nico&rdquo; de BioTabs. Si deseas conocer las instrucciones detalladas y c&oacute;mo obtener un rendimiento &oacute;ptimo de los productos BioTabs, lee el&nbsp;manual de &ldquo;Cultivo org&aacute;nico&rdquo; de BioTabs.<\/p>\n","protected":false},"excerpt":{"rendered":"<p><strong>500ml NPK 5-1-5<\/strong><\/p>\n<p>Guerrilla Juice act\u00faa en armon\u00eda con las bacterias beneficiosas de la tierra y los hongos micorr\u00edzicos.<\/p>\n<p>Contiene cantidades equilibradas de: Zn, Cu, Ca, Mn, Mg, S, Si y Fe.<\/p>\n","protected":false},"featured_media":16525,"comment_status":"open","ping_status":"closed","template":"","meta":{"_acf_changed":false},"product_brand":[],"product_cat":[131,127,151],"product_tag":[621,762,712,717,742,737,757,754,782,912,671,629,792],"class_list":{"0":"post-1452","1":"product","2":"type-product","3":"status-publish","4":"has-post-thumbnail","6":"product_cat-aceleradores-de-floracion-organicos","7":"product_cat-fertilizantes-organicos-alimentos-para-plantas-y-mejoradores-del-suelo-es","8":"product_cat-mejoradores-organicos-del-suelo","9":"product_tag-fertilizante","10":"product_tag-fertilizante-de-exterior","11":"product_tag-fertilizante-liquido","12":"product_tag-macronutrientes","13":"product_tag-melaza","14":"product_tag-micronutrientes","15":"product_tag-nitrogeno","16":"product_tag-npk-es","17":"product_tag-nutricion-para-plantas","18":"product_tag-oligoelementos","19":"product_tag-potenciador-de-crecimiento","20":"product_tag-potenciador-de-floracion","21":"product_tag-proteccion-fitosanitaria","23":"first","24":"instock","25":"taxable","26":"shipping-taxable","27":"purchasable","28":"product-type-simple"},"acf":[],"yoast_head":"<!-- This site is optimized with the Yoast SEO Premium plugin v25.8 (Yoast SEO v27.4) - https:\/\/yoast.com\/product\/yoast-seo-premium-wordpress\/ -->\n<title>Guerrilla Juice | Fertilizante org\u00e1nico l\u00edquido en exterior | BioTabs<\/title>\n<meta name=\"robots\" content=\"index, follow, max-snippet:-1, max-image-preview:large, max-video-preview:-1\" \/>\n<link rel=\"canonical\" href=\"https:\/\/biotabs.nl\/es\/producto\/guerrilla-juice\/\" \/>\n<meta property=\"og:locale\" content=\"es_ES\" \/>\n<meta property=\"og:type\" content=\"article\" \/>\n<meta property=\"og:title\" content=\"Guerrilla Juice\" \/>\n<meta property=\"og:description\" content=\"500ml NPK 5-1-5 Guerrilla Juice act\u00faa en armon\u00eda con las bacterias beneficiosas de la tierra y los hongos micorr\u00edzicos. Contiene cantidades equilibradas de: Zn, Cu, Ca, Mn, Mg, S, Si y Fe.\" \/>\n<meta property=\"og:url\" content=\"https:\/\/biotabs.nl\/es\/producto\/guerrilla-juice\/\" \/>\n<meta property=\"og:site_name\" content=\"BioTabs\" \/>\n<meta property=\"article:publisher\" content=\"https:\/\/www.facebook.com\/biotabs.organics\" \/>\n<meta property=\"article:modified_time\" content=\"2022-09-23T19:05:09+00:00\" \/>\n<meta property=\"og:image\" content=\"https:\/\/biotabs.nl\/wp-content\/uploads\/product-guerrilla-juice-500-ml.jpg\" \/>\n\t<meta property=\"og:image:width\" content=\"1200\" \/>\n\t<meta property=\"og:image:height\" content=\"1200\" \/>\n\t<meta property=\"og:image:type\" content=\"image\/jpeg\" \/>\n<meta name=\"twitter:card\" content=\"summary_large_image\" \/>\n<meta name=\"twitter:site\" content=\"@Biotabs\" \/>\n<meta name=\"twitter:label1\" content=\"Tiempo de lectura\" \/>\n\t<meta name=\"twitter:data1\" content=\"1 minuto\" \/>\n<script type=\"application\/ld+json\" class=\"yoast-schema-graph\">{\"@context\":\"https:\\\/\\\/schema.org\",\"@graph\":[{\"@type\":\"WebPage\",\"@id\":\"https:\\\/\\\/biotabs.nl\\\/es\\\/producto\\\/guerrilla-juice\\\/\",\"url\":\"https:\\\/\\\/biotabs.nl\\\/es\\\/producto\\\/guerrilla-juice\\\/\",\"name\":\"Guerrilla Juice | Fertilizante org\u00e1nico l\u00edquido en exterior | BioTabs\",\"isPartOf\":{\"@id\":\"https:\\\/\\\/biotabs.nl\\\/es\\\/#website\"},\"primaryImageOfPage\":{\"@id\":\"https:\\\/\\\/biotabs.nl\\\/es\\\/producto\\\/guerrilla-juice\\\/#primaryimage\"},\"image\":{\"@id\":\"https:\\\/\\\/biotabs.nl\\\/es\\\/producto\\\/guerrilla-juice\\\/#primaryimage\"},\"thumbnailUrl\":\"https:\\\/\\\/biotabs.nl\\\/wp-content\\\/uploads\\\/product-guerrilla-juice-500-ml.jpg\",\"datePublished\":\"2021-07-22T16:01:13+00:00\",\"dateModified\":\"2022-09-23T19:05:09+00:00\",\"breadcrumb\":{\"@id\":\"https:\\\/\\\/biotabs.nl\\\/es\\\/producto\\\/guerrilla-juice\\\/#breadcrumb\"},\"inLanguage\":\"es\",\"potentialAction\":[{\"@type\":\"ReadAction\",\"target\":[\"https:\\\/\\\/biotabs.nl\\\/es\\\/producto\\\/guerrilla-juice\\\/\"]}]},{\"@type\":\"ImageObject\",\"inLanguage\":\"es\",\"@id\":\"https:\\\/\\\/biotabs.nl\\\/es\\\/producto\\\/guerrilla-juice\\\/#primaryimage\",\"url\":\"https:\\\/\\\/biotabs.nl\\\/wp-content\\\/uploads\\\/product-guerrilla-juice-500-ml.jpg\",\"contentUrl\":\"https:\\\/\\\/biotabs.nl\\\/wp-content\\\/uploads\\\/product-guerrilla-juice-500-ml.jpg\",\"width\":1200,\"height\":1200},{\"@type\":\"BreadcrumbList\",\"@id\":\"https:\\\/\\\/biotabs.nl\\\/es\\\/producto\\\/guerrilla-juice\\\/#breadcrumb\",\"itemListElement\":[{\"@type\":\"ListItem\",\"position\":1,\"name\":\"Home\",\"item\":\"https:\\\/\\\/biotabs.nl\\\/es\\\/\"},{\"@type\":\"ListItem\",\"position\":2,\"name\":\"Tienda\",\"item\":\"https:\\\/\\\/biotabs.nl\\\/es\\\/tienda\\\/\"},{\"@type\":\"ListItem\",\"position\":3,\"name\":\"Guerrilla Juice\"}]},{\"@type\":\"WebSite\",\"@id\":\"https:\\\/\\\/biotabs.nl\\\/es\\\/#website\",\"url\":\"https:\\\/\\\/biotabs.nl\\\/es\\\/\",\"name\":\"BioTabs\",\"description\":\"Easy by Nature\",\"publisher\":{\"@id\":\"https:\\\/\\\/biotabs.nl\\\/es\\\/#organization\"},\"potentialAction\":[{\"@type\":\"SearchAction\",\"target\":{\"@type\":\"EntryPoint\",\"urlTemplate\":\"https:\\\/\\\/biotabs.nl\\\/es\\\/?s={search_term_string}\"},\"query-input\":{\"@type\":\"PropertyValueSpecification\",\"valueRequired\":true,\"valueName\":\"search_term_string\"}}],\"inLanguage\":\"es\"},{\"@type\":\"Organization\",\"@id\":\"https:\\\/\\\/biotabs.nl\\\/es\\\/#organization\",\"name\":\"BioTabs Easy by Nature\",\"url\":\"https:\\\/\\\/biotabs.nl\\\/es\\\/\",\"logo\":{\"@type\":\"ImageObject\",\"inLanguage\":\"es\",\"@id\":\"https:\\\/\\\/biotabs.nl\\\/es\\\/#\\\/schema\\\/logo\\\/image\\\/\",\"url\":\"https:\\\/\\\/biotabs.nl\\\/wp-content\\\/uploads\\\/logo.png\",\"contentUrl\":\"https:\\\/\\\/biotabs.nl\\\/wp-content\\\/uploads\\\/logo.png\",\"width\":200,\"height\":200,\"caption\":\"BioTabs Easy by Nature\"},\"image\":{\"@id\":\"https:\\\/\\\/biotabs.nl\\\/es\\\/#\\\/schema\\\/logo\\\/image\\\/\"},\"sameAs\":[\"https:\\\/\\\/www.facebook.com\\\/biotabs.organics\",\"https:\\\/\\\/x.com\\\/Biotabs\",\"https:\\\/\\\/instagram.com\\\/biotabsorganics\",\"https:\\\/\\\/www.youtube.com\\\/channel\\\/UCY3QAw9DEfk_tuhQj0NdNxA\"]}]}<\/script>\n<!-- \/ Yoast SEO Premium plugin. -->","yoast_head_json":{"title":"Guerrilla Juice | Fertilizante org\u00e1nico l\u00edquido en exterior | BioTabs","robots":{"index":"index","follow":"follow","max-snippet":"max-snippet:-1","max-image-preview":"max-image-preview:large","max-video-preview":"max-video-preview:-1"},"canonical":"https:\/\/biotabs.nl\/es\/producto\/guerrilla-juice\/","og_locale":"es_ES","og_type":"article","og_title":"Guerrilla Juice","og_description":"500ml NPK 5-1-5 Guerrilla Juice act\u00faa en armon\u00eda con las bacterias beneficiosas de la tierra y los hongos micorr\u00edzicos. Contiene cantidades equilibradas de: Zn, Cu, Ca, Mn, Mg, S, Si y Fe.","og_url":"https:\/\/biotabs.nl\/es\/producto\/guerrilla-juice\/","og_site_name":"BioTabs","article_publisher":"https:\/\/www.facebook.com\/biotabs.organics","article_modified_time":"2022-09-23T19:05:09+00:00","og_image":[{"width":1200,"height":1200,"url":"https:\/\/biotabs.nl\/wp-content\/uploads\/product-guerrilla-juice-500-ml.jpg","type":"image\/jpeg"}],"twitter_card":"summary_large_image","twitter_site":"@Biotabs","twitter_misc":{"Tiempo de lectura":"1 minuto"},"schema":{"@context":"https:\/\/schema.org","@graph":[{"@type":"WebPage","@id":"https:\/\/biotabs.nl\/es\/producto\/guerrilla-juice\/","url":"https:\/\/biotabs.nl\/es\/producto\/guerrilla-juice\/","name":"Guerrilla Juice | Fertilizante org\u00e1nico l\u00edquido en exterior | BioTabs","isPartOf":{"@id":"https:\/\/biotabs.nl\/es\/#website"},"primaryImageOfPage":{"@id":"https:\/\/biotabs.nl\/es\/producto\/guerrilla-juice\/#primaryimage"},"image":{"@id":"https:\/\/biotabs.nl\/es\/producto\/guerrilla-juice\/#primaryimage"},"thumbnailUrl":"https:\/\/biotabs.nl\/wp-content\/uploads\/product-guerrilla-juice-500-ml.jpg","datePublished":"2021-07-22T16:01:13+00:00","dateModified":"2022-09-23T19:05:09+00:00","breadcrumb":{"@id":"https:\/\/biotabs.nl\/es\/producto\/guerrilla-juice\/#breadcrumb"},"inLanguage":"es","potentialAction":[{"@type":"ReadAction","target":["https:\/\/biotabs.nl\/es\/producto\/guerrilla-juice\/"]}]},{"@type":"ImageObject","inLanguage":"es","@id":"https:\/\/biotabs.nl\/es\/producto\/guerrilla-juice\/#primaryimage","url":"https:\/\/biotabs.nl\/wp-content\/uploads\/product-guerrilla-juice-500-ml.jpg","contentUrl":"https:\/\/biotabs.nl\/wp-content\/uploads\/product-guerrilla-juice-500-ml.jpg","width":1200,"height":1200},{"@type":"BreadcrumbList","@id":"https:\/\/biotabs.nl\/es\/producto\/guerrilla-juice\/#breadcrumb","itemListElement":[{"@type":"ListItem","position":1,"name":"Home","item":"https:\/\/biotabs.nl\/es\/"},{"@type":"ListItem","position":2,"name":"Tienda","item":"https:\/\/biotabs.nl\/es\/tienda\/"},{"@type":"ListItem","position":3,"name":"Guerrilla Juice"}]},{"@type":"WebSite","@id":"https:\/\/biotabs.nl\/es\/#website","url":"https:\/\/biotabs.nl\/es\/","name":"BioTabs","description":"Easy by Nature","publisher":{"@id":"https:\/\/biotabs.nl\/es\/#organization"},"potentialAction":[{"@type":"SearchAction","target":{"@type":"EntryPoint","urlTemplate":"https:\/\/biotabs.nl\/es\/?s={search_term_string}"},"query-input":{"@type":"PropertyValueSpecification","valueRequired":true,"valueName":"search_term_string"}}],"inLanguage":"es"},{"@type":"Organization","@id":"https:\/\/biotabs.nl\/es\/#organization","name":"BioTabs Easy by Nature","url":"https:\/\/biotabs.nl\/es\/","logo":{"@type":"ImageObject","inLanguage":"es","@id":"https:\/\/biotabs.nl\/es\/#\/schema\/logo\/image\/","url":"https:\/\/biotabs.nl\/wp-content\/uploads\/logo.png","contentUrl":"https:\/\/biotabs.nl\/wp-content\/uploads\/logo.png","width":200,"height":200,"caption":"BioTabs Easy by Nature"},"image":{"@id":"https:\/\/biotabs.nl\/es\/#\/schema\/logo\/image\/"},"sameAs":["https:\/\/www.facebook.com\/biotabs.organics","https:\/\/x.com\/Biotabs","https:\/\/instagram.com\/biotabsorganics","https:\/\/www.youtube.com\/channel\/UCY3QAw9DEfk_tuhQj0NdNxA"]}]}},"_links":{"self":[{"href":"https:\/\/biotabs.nl\/es\/wp-json\/wp\/v2\/product\/1452","targetHints":{"allow":["GET"]}}],"collection":[{"href":"https:\/\/biotabs.nl\/es\/wp-json\/wp\/v2\/product"}],"about":[{"href":"https:\/\/biotabs.nl\/es\/wp-json\/wp\/v2\/types\/product"}],"replies":[{"embeddable":true,"href":"https:\/\/biotabs.nl\/es\/wp-json\/wp\/v2\/comments?post=1452"}],"wp:featuredmedia":[{"embeddable":true,"href":"https:\/\/biotabs.nl\/es\/wp-json\/wp\/v2\/media\/16525"}],"wp:attachment":[{"href":"https:\/\/biotabs.nl\/es\/wp-json\/wp\/v2\/media?parent=1452"}],"wp:term":[{"taxonomy":"product_brand","embeddable":true,"href":"https:\/\/biotabs.nl\/es\/wp-json\/wp\/v2\/product_brand?post=1452"},{"taxonomy":"product_cat","embeddable":true,"href":"https:\/\/biotabs.nl\/es\/wp-json\/wp\/v2\/product_cat?post=1452"},{"taxonomy":"product_tag","embeddable":true,"href":"https:\/\/biotabs.nl\/es\/wp-json\/wp\/v2\/product_tag?post=1452"}],"curies":[{"name":"wp","href":"https:\/\/api.w.org\/{rel}","templated":true}]}}