
{"id":1467,"date":"2021-07-22T16:38:11","date_gmt":"2021-07-22T15:38:11","guid":{"rendered":"https:\/\/biotabs.nl\/product\/orgatrex\/"},"modified":"2022-07-06T15:28:04","modified_gmt":"2022-07-06T14:28:04","slug":"orgatrex","status":"publish","type":"product","link":"https:\/\/biotabs.nl\/es\/producto\/orgatrex\/","title":{"rendered":"Orgatrex"},"content":{"rendered":"<h2>Orgatrex<br \/>\nNutrici\u00f3n bio para plantas &#8211; NPK (5-1-5)<\/h2>\n<p>Para los ciclos de crecimiento y floraci\u00f3n.<br \/>\nIdeal para administrar a plantas de flor y hortalizas, herb\u00e1ceas, \u00e1rboles y arbustos. Administrar 5ml por litro de agua. Aplicar con cada riego durante los ciclos de crecimiento y floraci\u00f3n.<br \/>\nPara plantas tanto en maceta como en suelo.<br \/>\n<strong>Es uno de los componentes que conforman la estrategia BioTabs de cultivo org\u00e1nico.<\/strong><\/p>\n<p>Todos los ingredientes de ORGATREX cuentan con la aprobaci\u00f3n de la Control Union.<br \/>\nLa soluci\u00f3n de Orgatrex con agua puede almacenarse durante un m\u00e1ximo de dos d\u00edas.<br \/>\nMantener en lugar fresco. Agitar o remover bien antes de su uso.<\/p>\n<p>Orgatrex est\u00e1 aprobado para su uso como fertilizante org\u00e1nico en todo tipo de cultivos y no contiene ingredientes de origen animal.<\/p>\n<h3>INGREDIENTES<\/h3>\n<p>Este producto contiene harina de alfalfa, una mezcla de melazas, vinaza, \u00f3xido de silicio y polvo de roca.<\/p>\n<p><em>AN\u00c1LISIS GARANTIZADO<\/em><\/p>\n<p>NPK (5-1-5) + cantidades equilibradas de Zn, Cu, Mn, Co, Mo, S, Na, B y Fe.<\/p>\n<p><em>Ingredientes certificados por la Control Union.<\/em><\/p>\n<p>Para alcanzar resultados \u00f3ptimos, combina el Orgatrex con productos BioTabs que contengan bacterias de suelo, como el Bactrex, y hongos micorriza, como el Mycotrex. Lee el \u201cManual para el Cultivo Org\u00e1nico\u201d para obtener instrucciones detalladas de c\u00f3mo obtener el mayor rendimiento con la gama BioTabs.<\/p>\n","protected":false},"excerpt":{"rendered":"<p><strong>Fertilizante l\u00edquido org\u00e1nico<\/strong><br \/>\n<strong>NPK (5-1-5)<\/strong><\/p>\n<p>Acelerador de crecimiento y floraci\u00f3n<\/p>\n<ul>\n<li>Para cultivos de interior y exterior<\/li>\n<li>Para hortalizas, plantas de flor, herb\u00e1ceas, \u00e1rboles y arbustos<\/li>\n<li>Para todo tipo de tierras y suelos<\/li>\n<li>Certificaci\u00f3n 100% org\u00e1nico<\/li>\n<\/ul>\n<p>BioTabs Orgatrex est\u00e1 disponible en 1L y 5L. Fertilizante l\u00edquido org\u00e1nico (NPK: 5-1-5) producido \u00fanicamente con ingredientes aprobados por la Control Union.<\/p>\n","protected":false},"featured_media":16597,"comment_status":"open","ping_status":"closed","template":"","meta":{"_acf_changed":false},"product_brand":[],"product_cat":[131,127,151],"product_tag":[621,712,717,742,737,757,754,782,912,797,671,629,792],"class_list":{"0":"post-1467","1":"product","2":"type-product","3":"status-publish","4":"has-post-thumbnail","6":"product_cat-aceleradores-de-floracion-organicos","7":"product_cat-fertilizantes-organicos-alimentos-para-plantas-y-mejoradores-del-suelo-es","8":"product_cat-mejoradores-organicos-del-suelo","9":"product_tag-fertilizante","10":"product_tag-fertilizante-liquido","11":"product_tag-macronutrientes","12":"product_tag-melaza","13":"product_tag-micronutrientes","14":"product_tag-nitrogeno","15":"product_tag-npk-es","16":"product_tag-nutricion-para-plantas","17":"product_tag-oligoelementos","18":"product_tag-potasio","19":"product_tag-potenciador-de-crecimiento","20":"product_tag-potenciador-de-floracion","21":"product_tag-proteccion-fitosanitaria","23":"first","24":"instock","25":"taxable","26":"shipping-taxable","27":"purchasable","28":"product-type-variable"},"acf":[],"yoast_head":"<!-- This site is optimized with the Yoast SEO Premium plugin v25.8 (Yoast SEO v27.4) - https:\/\/yoast.com\/product\/yoast-seo-premium-wordpress\/ -->\n<title>Orgatrex | Fertilizante org\u00e1nico l\u00edquido | BioTabs<\/title>\n<meta name=\"robots\" content=\"index, follow, max-snippet:-1, max-image-preview:large, max-video-preview:-1\" \/>\n<link rel=\"canonical\" href=\"https:\/\/biotabs.nl\/es\/producto\/orgatrex\/\" \/>\n<meta property=\"og:locale\" content=\"es_ES\" \/>\n<meta property=\"og:type\" content=\"article\" \/>\n<meta property=\"og:title\" content=\"Orgatrex\" \/>\n<meta property=\"og:description\" content=\"Fertilizante l\u00edquido org\u00e1nico NPK (5-1-5)  Acelerador de crecimiento y floraci\u00f3n   Para cultivos de interior y exterior  Para hortalizas, plantas de flor, herb\u00e1ceas, \u00e1rboles y arbustos  Para todo tipo de tierras y suelos  Certificaci\u00f3n 100% org\u00e1nico  BioTabs Orgatrex est\u00e1 disponible en 1L y 5L. Fertilizante l\u00edquido org\u00e1nico (NPK: 5-1-5) producido \u00fanicamente con ingredientes aprobados por la Control Union.\" \/>\n<meta property=\"og:url\" content=\"https:\/\/biotabs.nl\/es\/producto\/orgatrex\/\" \/>\n<meta property=\"og:site_name\" content=\"BioTabs\" \/>\n<meta property=\"article:publisher\" content=\"https:\/\/www.facebook.com\/biotabs.organics\" \/>\n<meta property=\"article:modified_time\" content=\"2022-07-06T14:28:04+00:00\" \/>\n<meta property=\"og:image\" content=\"https:\/\/biotabs.nl\/wp-content\/uploads\/product-orgatrex-family-1.jpg\" \/>\n\t<meta property=\"og:image:width\" content=\"1200\" \/>\n\t<meta property=\"og:image:height\" content=\"1200\" \/>\n\t<meta property=\"og:image:type\" content=\"image\/jpeg\" \/>\n<meta name=\"twitter:card\" content=\"summary_large_image\" \/>\n<meta name=\"twitter:site\" content=\"@Biotabs\" \/>\n<meta name=\"twitter:label1\" content=\"Tiempo de lectura\" \/>\n\t<meta name=\"twitter:data1\" content=\"1 minuto\" \/>\n<script type=\"application\/ld+json\" class=\"yoast-schema-graph\">{\"@context\":\"https:\\\/\\\/schema.org\",\"@graph\":[{\"@type\":\"WebPage\",\"@id\":\"https:\\\/\\\/biotabs.nl\\\/es\\\/producto\\\/orgatrex\\\/\",\"url\":\"https:\\\/\\\/biotabs.nl\\\/es\\\/producto\\\/orgatrex\\\/\",\"name\":\"Orgatrex | Fertilizante org\u00e1nico l\u00edquido | BioTabs\",\"isPartOf\":{\"@id\":\"https:\\\/\\\/biotabs.nl\\\/es\\\/#website\"},\"primaryImageOfPage\":{\"@id\":\"https:\\\/\\\/biotabs.nl\\\/es\\\/producto\\\/orgatrex\\\/#primaryimage\"},\"image\":{\"@id\":\"https:\\\/\\\/biotabs.nl\\\/es\\\/producto\\\/orgatrex\\\/#primaryimage\"},\"thumbnailUrl\":\"https:\\\/\\\/biotabs.nl\\\/wp-content\\\/uploads\\\/product-orgatrex-family-1.jpg\",\"datePublished\":\"2021-07-22T15:38:11+00:00\",\"dateModified\":\"2022-07-06T14:28:04+00:00\",\"breadcrumb\":{\"@id\":\"https:\\\/\\\/biotabs.nl\\\/es\\\/producto\\\/orgatrex\\\/#breadcrumb\"},\"inLanguage\":\"es\",\"potentialAction\":[{\"@type\":\"ReadAction\",\"target\":[\"https:\\\/\\\/biotabs.nl\\\/es\\\/producto\\\/orgatrex\\\/\"]}]},{\"@type\":\"ImageObject\",\"inLanguage\":\"es\",\"@id\":\"https:\\\/\\\/biotabs.nl\\\/es\\\/producto\\\/orgatrex\\\/#primaryimage\",\"url\":\"https:\\\/\\\/biotabs.nl\\\/wp-content\\\/uploads\\\/product-orgatrex-family-1.jpg\",\"contentUrl\":\"https:\\\/\\\/biotabs.nl\\\/wp-content\\\/uploads\\\/product-orgatrex-family-1.jpg\",\"width\":1200,\"height\":1200},{\"@type\":\"BreadcrumbList\",\"@id\":\"https:\\\/\\\/biotabs.nl\\\/es\\\/producto\\\/orgatrex\\\/#breadcrumb\",\"itemListElement\":[{\"@type\":\"ListItem\",\"position\":1,\"name\":\"Home\",\"item\":\"https:\\\/\\\/biotabs.nl\\\/es\\\/\"},{\"@type\":\"ListItem\",\"position\":2,\"name\":\"Tienda\",\"item\":\"https:\\\/\\\/biotabs.nl\\\/es\\\/tienda\\\/\"},{\"@type\":\"ListItem\",\"position\":3,\"name\":\"Orgatrex\"}]},{\"@type\":\"WebSite\",\"@id\":\"https:\\\/\\\/biotabs.nl\\\/es\\\/#website\",\"url\":\"https:\\\/\\\/biotabs.nl\\\/es\\\/\",\"name\":\"BioTabs\",\"description\":\"Easy by Nature\",\"publisher\":{\"@id\":\"https:\\\/\\\/biotabs.nl\\\/es\\\/#organization\"},\"potentialAction\":[{\"@type\":\"SearchAction\",\"target\":{\"@type\":\"EntryPoint\",\"urlTemplate\":\"https:\\\/\\\/biotabs.nl\\\/es\\\/?s={search_term_string}\"},\"query-input\":{\"@type\":\"PropertyValueSpecification\",\"valueRequired\":true,\"valueName\":\"search_term_string\"}}],\"inLanguage\":\"es\"},{\"@type\":\"Organization\",\"@id\":\"https:\\\/\\\/biotabs.nl\\\/es\\\/#organization\",\"name\":\"BioTabs Easy by Nature\",\"url\":\"https:\\\/\\\/biotabs.nl\\\/es\\\/\",\"logo\":{\"@type\":\"ImageObject\",\"inLanguage\":\"es\",\"@id\":\"https:\\\/\\\/biotabs.nl\\\/es\\\/#\\\/schema\\\/logo\\\/image\\\/\",\"url\":\"https:\\\/\\\/biotabs.nl\\\/wp-content\\\/uploads\\\/logo.png\",\"contentUrl\":\"https:\\\/\\\/biotabs.nl\\\/wp-content\\\/uploads\\\/logo.png\",\"width\":200,\"height\":200,\"caption\":\"BioTabs Easy by Nature\"},\"image\":{\"@id\":\"https:\\\/\\\/biotabs.nl\\\/es\\\/#\\\/schema\\\/logo\\\/image\\\/\"},\"sameAs\":[\"https:\\\/\\\/www.facebook.com\\\/biotabs.organics\",\"https:\\\/\\\/x.com\\\/Biotabs\",\"https:\\\/\\\/instagram.com\\\/biotabsorganics\",\"https:\\\/\\\/www.youtube.com\\\/channel\\\/UCY3QAw9DEfk_tuhQj0NdNxA\"]}]}<\/script>\n<!-- \/ Yoast SEO Premium plugin. -->","yoast_head_json":{"title":"Orgatrex | Fertilizante org\u00e1nico l\u00edquido | BioTabs","robots":{"index":"index","follow":"follow","max-snippet":"max-snippet:-1","max-image-preview":"max-image-preview:large","max-video-preview":"max-video-preview:-1"},"canonical":"https:\/\/biotabs.nl\/es\/producto\/orgatrex\/","og_locale":"es_ES","og_type":"article","og_title":"Orgatrex","og_description":"Fertilizante l\u00edquido org\u00e1nico NPK (5-1-5)  Acelerador de crecimiento y floraci\u00f3n   Para cultivos de interior y exterior  Para hortalizas, plantas de flor, herb\u00e1ceas, \u00e1rboles y arbustos  Para todo tipo de tierras y suelos  Certificaci\u00f3n 100% org\u00e1nico  BioTabs Orgatrex est\u00e1 disponible en 1L y 5L. Fertilizante l\u00edquido org\u00e1nico (NPK: 5-1-5) producido \u00fanicamente con ingredientes aprobados por la Control Union.","og_url":"https:\/\/biotabs.nl\/es\/producto\/orgatrex\/","og_site_name":"BioTabs","article_publisher":"https:\/\/www.facebook.com\/biotabs.organics","article_modified_time":"2022-07-06T14:28:04+00:00","og_image":[{"width":1200,"height":1200,"url":"https:\/\/biotabs.nl\/wp-content\/uploads\/product-orgatrex-family-1.jpg","type":"image\/jpeg"}],"twitter_card":"summary_large_image","twitter_site":"@Biotabs","twitter_misc":{"Tiempo de lectura":"1 minuto"},"schema":{"@context":"https:\/\/schema.org","@graph":[{"@type":"WebPage","@id":"https:\/\/biotabs.nl\/es\/producto\/orgatrex\/","url":"https:\/\/biotabs.nl\/es\/producto\/orgatrex\/","name":"Orgatrex | Fertilizante org\u00e1nico l\u00edquido | BioTabs","isPartOf":{"@id":"https:\/\/biotabs.nl\/es\/#website"},"primaryImageOfPage":{"@id":"https:\/\/biotabs.nl\/es\/producto\/orgatrex\/#primaryimage"},"image":{"@id":"https:\/\/biotabs.nl\/es\/producto\/orgatrex\/#primaryimage"},"thumbnailUrl":"https:\/\/biotabs.nl\/wp-content\/uploads\/product-orgatrex-family-1.jpg","datePublished":"2021-07-22T15:38:11+00:00","dateModified":"2022-07-06T14:28:04+00:00","breadcrumb":{"@id":"https:\/\/biotabs.nl\/es\/producto\/orgatrex\/#breadcrumb"},"inLanguage":"es","potentialAction":[{"@type":"ReadAction","target":["https:\/\/biotabs.nl\/es\/producto\/orgatrex\/"]}]},{"@type":"ImageObject","inLanguage":"es","@id":"https:\/\/biotabs.nl\/es\/producto\/orgatrex\/#primaryimage","url":"https:\/\/biotabs.nl\/wp-content\/uploads\/product-orgatrex-family-1.jpg","contentUrl":"https:\/\/biotabs.nl\/wp-content\/uploads\/product-orgatrex-family-1.jpg","width":1200,"height":1200},{"@type":"BreadcrumbList","@id":"https:\/\/biotabs.nl\/es\/producto\/orgatrex\/#breadcrumb","itemListElement":[{"@type":"ListItem","position":1,"name":"Home","item":"https:\/\/biotabs.nl\/es\/"},{"@type":"ListItem","position":2,"name":"Tienda","item":"https:\/\/biotabs.nl\/es\/tienda\/"},{"@type":"ListItem","position":3,"name":"Orgatrex"}]},{"@type":"WebSite","@id":"https:\/\/biotabs.nl\/es\/#website","url":"https:\/\/biotabs.nl\/es\/","name":"BioTabs","description":"Easy by Nature","publisher":{"@id":"https:\/\/biotabs.nl\/es\/#organization"},"potentialAction":[{"@type":"SearchAction","target":{"@type":"EntryPoint","urlTemplate":"https:\/\/biotabs.nl\/es\/?s={search_term_string}"},"query-input":{"@type":"PropertyValueSpecification","valueRequired":true,"valueName":"search_term_string"}}],"inLanguage":"es"},{"@type":"Organization","@id":"https:\/\/biotabs.nl\/es\/#organization","name":"BioTabs Easy by Nature","url":"https:\/\/biotabs.nl\/es\/","logo":{"@type":"ImageObject","inLanguage":"es","@id":"https:\/\/biotabs.nl\/es\/#\/schema\/logo\/image\/","url":"https:\/\/biotabs.nl\/wp-content\/uploads\/logo.png","contentUrl":"https:\/\/biotabs.nl\/wp-content\/uploads\/logo.png","width":200,"height":200,"caption":"BioTabs Easy by Nature"},"image":{"@id":"https:\/\/biotabs.nl\/es\/#\/schema\/logo\/image\/"},"sameAs":["https:\/\/www.facebook.com\/biotabs.organics","https:\/\/x.com\/Biotabs","https:\/\/instagram.com\/biotabsorganics","https:\/\/www.youtube.com\/channel\/UCY3QAw9DEfk_tuhQj0NdNxA"]}]}},"_links":{"self":[{"href":"https:\/\/biotabs.nl\/es\/wp-json\/wp\/v2\/product\/1467","targetHints":{"allow":["GET"]}}],"collection":[{"href":"https:\/\/biotabs.nl\/es\/wp-json\/wp\/v2\/product"}],"about":[{"href":"https:\/\/biotabs.nl\/es\/wp-json\/wp\/v2\/types\/product"}],"replies":[{"embeddable":true,"href":"https:\/\/biotabs.nl\/es\/wp-json\/wp\/v2\/comments?post=1467"}],"wp:featuredmedia":[{"embeddable":true,"href":"https:\/\/biotabs.nl\/es\/wp-json\/wp\/v2\/media\/16597"}],"wp:attachment":[{"href":"https:\/\/biotabs.nl\/es\/wp-json\/wp\/v2\/media?parent=1467"}],"wp:term":[{"taxonomy":"product_brand","embeddable":true,"href":"https:\/\/biotabs.nl\/es\/wp-json\/wp\/v2\/product_brand?post=1467"},{"taxonomy":"product_cat","embeddable":true,"href":"https:\/\/biotabs.nl\/es\/wp-json\/wp\/v2\/product_cat?post=1467"},{"taxonomy":"product_tag","embeddable":true,"href":"https:\/\/biotabs.nl\/es\/wp-json\/wp\/v2\/product_tag?post=1467"}],"curies":[{"name":"wp","href":"https:\/\/api.w.org\/{rel}","templated":true}]}}