
{"id":1061,"date":"2021-09-13T15:54:48","date_gmt":"2021-09-13T14:54:48","guid":{"rendered":"https:\/\/biotabs.nl\/?page_id=1061"},"modified":"2021-09-13T15:54:49","modified_gmt":"2021-09-13T14:54:49","slug":"politique-de-confidentialite","status":"publish","type":"page","link":"https:\/\/biotabs.nl\/fr\/politique-de-confidentialite\/","title":{"rendered":"Politique de confidentialit\u00e9"},"content":{"rendered":"<div id=\"pl-1061\"  class=\"panel-layout\" ><div id=\"pg-1061-0\"  class=\"panel-grid panel-no-style\" ><div id=\"pgc-1061-0-0\"  class=\"panel-grid-cell\" ><div id=\"panel-1061-0-0-0\" class=\"so-panel widget widget_sow-editor panel-first-child panel-last-child widgetopts-SO\" data-index=\"0\" ><div\n\t\t\t\n\t\t\tclass=\"so-widget-sow-editor so-widget-sow-editor-base\"\n\t\t\t\n\t\t>\n<div class=\"siteorigin-widget-tinymce textwidget\">\n\t<h3>G\u00e9n\u00e9ralit\u00e9s<\/h3>\n<p>Nous respectons la vie priv\u00e9e de tous les utilisateurs de ce site web et veillons \u00e0 ce que les informations personnelles que vous fournissez soient trait\u00e9es de mani\u00e8re confidentielle.<\/p>\n<h3>Donn\u00e9es trait\u00e9es<\/h3>\n<p>Ce site web fait la distinction entre les donn\u00e9es fournies activement et celles fournies passivement. Les donn\u00e9es fournies passivement sont des informations que vous fournissez aux administrateurs de sites web sans que vous en soyez conscient. Par exemple : l'adresse IP de votre ordinateur, le syst\u00e8me d'exploitation que vous utilisez ou le navigateur Internet que vous utilisez pour surfer.<\/p>\n<p>Ce site web collecte et traite \u00e9galement les donn\u00e9es que vous nous fournissez activement. Cela s'applique uniquement si vous cr\u00e9ez un compte ou si vous nous envoyez un e-mail via le site web. Nous collectons et traitons les donn\u00e9es que vous nous fournissez.<\/p>\n<h3>Objectifs<\/h3>\n<p>Les donn\u00e9es que vous nous avez fournies passivement sont utilis\u00e9es de mani\u00e8re aussi anonyme que possible. Nous le faisons pour am\u00e9liorer la qualit\u00e9 et l'accessibilit\u00e9 du site web.<\/p>\n<p>Les donn\u00e9es personnelles que vous nous fournissez activement peuvent \u00eatre utilis\u00e9es aux fins suivantes:<\/p>\n<ul>\n<li>pour communiquer avec vous au sujet de ce site web ou de nos services;<\/li>\n<li>pour vous envoyer une lettre d'information sur demande;<\/li>\n<li>pour vous informer d'\u00e9ventuelles promotions.<\/li>\n<\/ul>\n<h3>Cookies<\/h3>\n<p>Ce site web utilise des cookies. Il s'agit de petits fichiers texte qui sont automatiquement plac\u00e9s sur votre ordinateur par le navigateur Internet. Un cookie de session peut \u00eatre utilis\u00e9 pour garder une trace, entre autres, des pages web que vous consultez et des options que vous utilisez. Nous utilisons ces informations pour rendre le site web plus convivial.<\/p>\n<p>\u00c0 l'aide d'un cookie, le site web peut vous reconna\u00eetre lors de votre prochaine visite. Lorsque vous vous connectez \u00e0 votre compte, vous utilisez automatiquement l'option permettant d'enregistrer votre session dans un cookie.<\/p>\n<p>Vous pouvez configurer votre navigateur Internet pour qu'il vous avertisse lorsqu'un cookie est plac\u00e9. Vous pouvez \u00e9galement bloquer compl\u00e8tement le placement de cookies. Toutefois, il se peut que vous ne puissiez (\u00e9ventuellement) pas utiliser toutes les parties du site web.<\/p>\n<h3>Google Analytics<\/h3>\n<p>Ce site web utilise Google Analytics, un service d'analyse web fourni par Google. Google Analytics utilise des cookies pour aider ce site internet \u00e0 analyser l'utilisation du site par ses utilisateurs. Un contrat de sous-traitance a \u00e9t\u00e9 conclu avec Google. En outre, nous avons choisi de masquer le dernier octet de l'adresse IP des visiteurs et avons d\u00e9sactiv\u00e9 l'option \"partager les donn\u00e9es\". Nous n'utilisons pas non plus d'autres services de Google en combinaison avec les cookies de Google Analytics.<\/p>\n<\/div>\n<\/div><\/div><\/div><\/div><\/div>","protected":false},"excerpt":{"rendered":"<p>G\u00e9n\u00e9ralit\u00e9s Nous respectons la vie priv\u00e9e de tous les utilisateurs de ce site web et veillons \u00e0 ce que les informations personnelles que vous fournissez soient trait\u00e9es de mani\u00e8re confidentielle. Donn\u00e9es trait\u00e9es Ce site web fait la distinction entre les donn\u00e9es fournies activement et celles fournies passivement. Les donn\u00e9es fournies passivement sont des informations que [&hellip;]<\/p>\n","protected":false},"author":1,"featured_media":0,"parent":0,"menu_order":0,"comment_status":"closed","ping_status":"closed","template":"","meta":{"_acf_changed":false,"footnotes":""},"class_list":["post-1061","page","type-page","status-publish","hentry"],"acf":[],"yoast_head":"<!-- This site is optimized with the Yoast SEO Premium plugin v25.8 (Yoast SEO v27.4) - https:\/\/yoast.com\/product\/yoast-seo-premium-wordpress\/ -->\n<title>Politique de confidentialit\u00e9 | BioTabs<\/title>\n<meta name=\"robots\" content=\"index, follow, max-snippet:-1, max-image-preview:large, max-video-preview:-1\" \/>\n<link rel=\"canonical\" href=\"https:\/\/biotabs.nl\/fr\/politique-de-confidentialite\/\" \/>\n<meta property=\"og:locale\" content=\"fr_FR\" \/>\n<meta property=\"og:type\" content=\"article\" \/>\n<meta property=\"og:title\" content=\"Politique de confidentialit\u00e9\" \/>\n<meta property=\"og:description\" content=\"G\u00e9n\u00e9ralit\u00e9s Nous respectons la vie priv\u00e9e de tous les utilisateurs de ce site web et veillons \u00e0 ce que les informations personnelles que vous fournissez soient trait\u00e9es de mani\u00e8re confidentielle. Donn\u00e9es trait\u00e9es Ce site web fait la distinction entre les donn\u00e9es fournies activement et celles fournies passivement. Les donn\u00e9es fournies passivement sont des informations que [&hellip;]\" \/>\n<meta property=\"og:url\" content=\"https:\/\/biotabs.nl\/fr\/politique-de-confidentialite\/\" \/>\n<meta property=\"og:site_name\" content=\"BioTabs\" \/>\n<meta property=\"article:publisher\" content=\"https:\/\/www.facebook.com\/biotabs.organics\" \/>\n<meta property=\"article:modified_time\" content=\"2021-09-13T14:54:49+00:00\" \/>\n<meta name=\"twitter:card\" content=\"summary_large_image\" \/>\n<meta name=\"twitter:site\" content=\"@Biotabs\" \/>\n<meta name=\"twitter:label1\" content=\"Dur\u00e9e de lecture estim\u00e9e\" \/>\n\t<meta name=\"twitter:data1\" content=\"2 minutes\" \/>\n<script type=\"application\/ld+json\" class=\"yoast-schema-graph\">{\"@context\":\"https:\\\/\\\/schema.org\",\"@graph\":[{\"@type\":\"WebPage\",\"@id\":\"https:\\\/\\\/biotabs.nl\\\/fr\\\/politique-de-confidentialite\\\/\",\"url\":\"https:\\\/\\\/biotabs.nl\\\/fr\\\/politique-de-confidentialite\\\/\",\"name\":\"Politique de confidentialit\u00e9 | BioTabs\",\"isPartOf\":{\"@id\":\"https:\\\/\\\/biotabs.nl\\\/fr\\\/#website\"},\"datePublished\":\"2021-09-13T14:54:48+00:00\",\"dateModified\":\"2021-09-13T14:54:49+00:00\",\"breadcrumb\":{\"@id\":\"https:\\\/\\\/biotabs.nl\\\/fr\\\/politique-de-confidentialite\\\/#breadcrumb\"},\"inLanguage\":\"fr-FR\",\"potentialAction\":[{\"@type\":\"ReadAction\",\"target\":[\"https:\\\/\\\/biotabs.nl\\\/fr\\\/politique-de-confidentialite\\\/\"]}]},{\"@type\":\"BreadcrumbList\",\"@id\":\"https:\\\/\\\/biotabs.nl\\\/fr\\\/politique-de-confidentialite\\\/#breadcrumb\",\"itemListElement\":[{\"@type\":\"ListItem\",\"position\":1,\"name\":\"Home\",\"item\":\"https:\\\/\\\/biotabs.nl\\\/fr\\\/\"},{\"@type\":\"ListItem\",\"position\":2,\"name\":\"Politique de confidentialit\u00e9\"}]},{\"@type\":\"WebSite\",\"@id\":\"https:\\\/\\\/biotabs.nl\\\/fr\\\/#website\",\"url\":\"https:\\\/\\\/biotabs.nl\\\/fr\\\/\",\"name\":\"BioTabs\",\"description\":\"Easy by Nature\",\"publisher\":{\"@id\":\"https:\\\/\\\/biotabs.nl\\\/fr\\\/#organization\"},\"potentialAction\":[{\"@type\":\"SearchAction\",\"target\":{\"@type\":\"EntryPoint\",\"urlTemplate\":\"https:\\\/\\\/biotabs.nl\\\/fr\\\/?s={search_term_string}\"},\"query-input\":{\"@type\":\"PropertyValueSpecification\",\"valueRequired\":true,\"valueName\":\"search_term_string\"}}],\"inLanguage\":\"fr-FR\"},{\"@type\":\"Organization\",\"@id\":\"https:\\\/\\\/biotabs.nl\\\/fr\\\/#organization\",\"name\":\"BioTabs Easy by Nature\",\"url\":\"https:\\\/\\\/biotabs.nl\\\/fr\\\/\",\"logo\":{\"@type\":\"ImageObject\",\"inLanguage\":\"fr-FR\",\"@id\":\"https:\\\/\\\/biotabs.nl\\\/fr\\\/#\\\/schema\\\/logo\\\/image\\\/\",\"url\":\"https:\\\/\\\/biotabs.nl\\\/wp-content\\\/uploads\\\/logo.png\",\"contentUrl\":\"https:\\\/\\\/biotabs.nl\\\/wp-content\\\/uploads\\\/logo.png\",\"width\":200,\"height\":200,\"caption\":\"BioTabs Easy by Nature\"},\"image\":{\"@id\":\"https:\\\/\\\/biotabs.nl\\\/fr\\\/#\\\/schema\\\/logo\\\/image\\\/\"},\"sameAs\":[\"https:\\\/\\\/www.facebook.com\\\/biotabs.organics\",\"https:\\\/\\\/x.com\\\/Biotabs\",\"https:\\\/\\\/instagram.com\\\/biotabsorganics\",\"https:\\\/\\\/www.youtube.com\\\/channel\\\/UCY3QAw9DEfk_tuhQj0NdNxA\"]}]}<\/script>\n<!-- \/ Yoast SEO Premium plugin. -->","yoast_head_json":{"title":"Politique de confidentialit\u00e9 | BioTabs","robots":{"index":"index","follow":"follow","max-snippet":"max-snippet:-1","max-image-preview":"max-image-preview:large","max-video-preview":"max-video-preview:-1"},"canonical":"https:\/\/biotabs.nl\/fr\/politique-de-confidentialite\/","og_locale":"fr_FR","og_type":"article","og_title":"Politique de confidentialit\u00e9","og_description":"G\u00e9n\u00e9ralit\u00e9s Nous respectons la vie priv\u00e9e de tous les utilisateurs de ce site web et veillons \u00e0 ce que les informations personnelles que vous fournissez soient trait\u00e9es de mani\u00e8re confidentielle. Donn\u00e9es trait\u00e9es Ce site web fait la distinction entre les donn\u00e9es fournies activement et celles fournies passivement. Les donn\u00e9es fournies passivement sont des informations que [&hellip;]","og_url":"https:\/\/biotabs.nl\/fr\/politique-de-confidentialite\/","og_site_name":"BioTabs","article_publisher":"https:\/\/www.facebook.com\/biotabs.organics","article_modified_time":"2021-09-13T14:54:49+00:00","twitter_card":"summary_large_image","twitter_site":"@Biotabs","twitter_misc":{"Dur\u00e9e de lecture estim\u00e9e":"2 minutes"},"schema":{"@context":"https:\/\/schema.org","@graph":[{"@type":"WebPage","@id":"https:\/\/biotabs.nl\/fr\/politique-de-confidentialite\/","url":"https:\/\/biotabs.nl\/fr\/politique-de-confidentialite\/","name":"Politique de confidentialit\u00e9 | BioTabs","isPartOf":{"@id":"https:\/\/biotabs.nl\/fr\/#website"},"datePublished":"2021-09-13T14:54:48+00:00","dateModified":"2021-09-13T14:54:49+00:00","breadcrumb":{"@id":"https:\/\/biotabs.nl\/fr\/politique-de-confidentialite\/#breadcrumb"},"inLanguage":"fr-FR","potentialAction":[{"@type":"ReadAction","target":["https:\/\/biotabs.nl\/fr\/politique-de-confidentialite\/"]}]},{"@type":"BreadcrumbList","@id":"https:\/\/biotabs.nl\/fr\/politique-de-confidentialite\/#breadcrumb","itemListElement":[{"@type":"ListItem","position":1,"name":"Home","item":"https:\/\/biotabs.nl\/fr\/"},{"@type":"ListItem","position":2,"name":"Politique de confidentialit\u00e9"}]},{"@type":"WebSite","@id":"https:\/\/biotabs.nl\/fr\/#website","url":"https:\/\/biotabs.nl\/fr\/","name":"BioTabs","description":"Easy by Nature","publisher":{"@id":"https:\/\/biotabs.nl\/fr\/#organization"},"potentialAction":[{"@type":"SearchAction","target":{"@type":"EntryPoint","urlTemplate":"https:\/\/biotabs.nl\/fr\/?s={search_term_string}"},"query-input":{"@type":"PropertyValueSpecification","valueRequired":true,"valueName":"search_term_string"}}],"inLanguage":"fr-FR"},{"@type":"Organization","@id":"https:\/\/biotabs.nl\/fr\/#organization","name":"BioTabs Easy by Nature","url":"https:\/\/biotabs.nl\/fr\/","logo":{"@type":"ImageObject","inLanguage":"fr-FR","@id":"https:\/\/biotabs.nl\/fr\/#\/schema\/logo\/image\/","url":"https:\/\/biotabs.nl\/wp-content\/uploads\/logo.png","contentUrl":"https:\/\/biotabs.nl\/wp-content\/uploads\/logo.png","width":200,"height":200,"caption":"BioTabs Easy by Nature"},"image":{"@id":"https:\/\/biotabs.nl\/fr\/#\/schema\/logo\/image\/"},"sameAs":["https:\/\/www.facebook.com\/biotabs.organics","https:\/\/x.com\/Biotabs","https:\/\/instagram.com\/biotabsorganics","https:\/\/www.youtube.com\/channel\/UCY3QAw9DEfk_tuhQj0NdNxA"]}]}},"_links":{"self":[{"href":"https:\/\/biotabs.nl\/fr\/wp-json\/wp\/v2\/pages\/1061","targetHints":{"allow":["GET"]}}],"collection":[{"href":"https:\/\/biotabs.nl\/fr\/wp-json\/wp\/v2\/pages"}],"about":[{"href":"https:\/\/biotabs.nl\/fr\/wp-json\/wp\/v2\/types\/page"}],"author":[{"embeddable":true,"href":"https:\/\/biotabs.nl\/fr\/wp-json\/wp\/v2\/users\/1"}],"replies":[{"embeddable":true,"href":"https:\/\/biotabs.nl\/fr\/wp-json\/wp\/v2\/comments?post=1061"}],"version-history":[{"count":0,"href":"https:\/\/biotabs.nl\/fr\/wp-json\/wp\/v2\/pages\/1061\/revisions"}],"wp:attachment":[{"href":"https:\/\/biotabs.nl\/fr\/wp-json\/wp\/v2\/media?parent=1061"}],"curies":[{"name":"wp","href":"https:\/\/api.w.org\/{rel}","templated":true}]}}