
{"id":1084,"date":"2021-09-13T16:10:04","date_gmt":"2021-09-13T15:10:04","guid":{"rendered":"https:\/\/biotabs.nl\/?page_id=1084"},"modified":"2021-10-12T15:33:39","modified_gmt":"2021-10-12T14:33:39","slug":"salle-de-formation","status":"publish","type":"page","link":"https:\/\/biotabs.nl\/fr\/salle-de-formation\/","title":{"rendered":"Salle de formation"},"content":{"rendered":"<div id=\"pl-1084\"  class=\"panel-layout\" ><div id=\"pg-1084-0\"  class=\"panel-grid panel-no-style\" ><div id=\"pgc-1084-0-0\"  class=\"panel-grid-cell\" ><div id=\"panel-1084-0-0-0\" class=\"widget_text so-panel widget widget_custom_html panel-first-child panel-last-child widgetopts-SO\" data-index=\"0\" ><div class=\"textwidget custom-html-widget\"><style>.embed-container { position: relative; padding-bottom: 56.25%; height: 0; overflow: hidden; max-width: 100%; } .embed-container iframe, .embed-container object, .embed-container embed { position: absolute; top: 0; left: 0; width: 100%; height: 100%; }<\/style><div class='embed-container'><iframe data-src='https:\/\/www.youtube.com\/embed\/wUAnCHYZQVg' frameborder='0' allowfullscreen src='data:image\/svg+xml;base64,PHN2ZyB3aWR0aD0iMSIgaGVpZ2h0PSIxIiB4bWxucz0iaHR0cDovL3d3dy53My5vcmcvMjAwMC9zdmciPjwvc3ZnPg==' class='lazyload' data-load-mode='1'><\/iframe><\/div><\/div><\/div><\/div><div id=\"pgc-1084-0-1\"  class=\"panel-grid-cell\" ><div id=\"panel-1084-0-1-0\" class=\"so-panel widget widget_sow-editor panel-first-child panel-last-child widgetopts-SO\" data-index=\"1\" ><div\n\t\t\t\n\t\t\tclass=\"so-widget-sow-editor so-widget-sow-editor-base\"\n\t\t\t\n\t\t><h2 class=\"widget-title\">Tutoriels vid\u00e9os<\/h2>\n<div class=\"siteorigin-widget-tinymce textwidget\">\n\t<p>Apprenez-en plus avec les didacticiels vid\u00e9o o\u00f9 il est expliqu\u00e9 en d\u00e9tail comment appliquer les produits BioTabs et abonnez-vous \u00e0 notre cha\u00eene YouTube.<\/p>\n<p><a class=\"button\" href=\"\/fr\/salle-de-formation\/faq\/\">Voir les tutoriels vid\u00e9o<\/a><\/p>\n<\/div>\n<\/div><\/div><\/div><\/div><div id=\"pg-1084-1\"  class=\"panel-grid panel-has-style\" ><div class=\"siteorigin-panels-stretch panel-row-style panel-row-style-for-1084-1\" data-stretch-type=\"full\" ><div id=\"pgc-1084-1-0\"  class=\"panel-grid-cell\" ><div id=\"panel-1084-1-0-0\" class=\"so-panel widget widget_sow-editor panel-first-child panel-last-child widgetopts-SO\" data-index=\"2\" ><div\n\t\t\t\n\t\t\tclass=\"so-widget-sow-editor so-widget-sow-editor-base\"\n\t\t\t\n\t\t><h2 class=\"widget-title\">La Vie du sol<\/h2>\n<div class=\"siteorigin-widget-tinymce textwidget\">\n\t<p>BioTabs est une strat\u00e9gie intelligente r\u00e9cemment d\u00e9velopp\u00e9e pour l'agriculture biologique, bas\u00e9e sur la commodit\u00e9, l'efficacit\u00e9 et la qualit\u00e9. Cultiver de mani\u00e8re organique semble compliqu\u00e9, mais c'est essentiellement la fa\u00e7on la plus simple et la plus pure de grandir.<\/p>\n<p><a class=\"button\" href=\"\/fr\/salle-de-formation\/la-vie-du-sol\/\">En savoir plus sur la vie du sol<\/a><\/p>\n<\/div>\n<\/div><\/div><\/div><div id=\"pgc-1084-1-1\"  class=\"panel-grid-cell\" ><div id=\"panel-1084-1-1-0\" class=\"so-panel widget widget_sow-image panel-first-child panel-last-child widgetopts-SO\" data-index=\"3\" ><div\n\t\t\t\n\t\t\tclass=\"so-widget-sow-image so-widget-sow-image-default-dbf295114b96-1084\"\n\t\t\t\n\t\t>\n<div class=\"sow-image-container\">\n\t\t<img \n\tdata-src=\"https:\/\/www.l5cdn.com\/biotabs\/training-center-soil-life.jpg\" title=\"Salle de formation\" alt=\"\" \t\tclass=\"so-widget-image lazyload\" src=\"data:image\/svg+xml;base64,PHN2ZyB3aWR0aD0iMSIgaGVpZ2h0PSIxIiB4bWxucz0iaHR0cDovL3d3dy53My5vcmcvMjAwMC9zdmciPjwvc3ZnPg==\" \/>\n\t<\/div>\n\n<\/div><\/div><\/div><\/div><\/div><div id=\"pg-1084-2\"  class=\"panel-grid panel-no-style\" ><div id=\"pgc-1084-2-0\"  class=\"panel-grid-cell\" ><div id=\"panel-1084-2-0-0\" class=\"so-panel widget widget_sow-image panel-first-child panel-last-child widgetopts-SO\" data-index=\"4\" ><div\n\t\t\t\n\t\t\tclass=\"so-widget-sow-image so-widget-sow-image-default-dbf295114b96-1084\"\n\t\t\t\n\t\t>\n<div class=\"sow-image-container\">\n\t\t<img \n\tdata-src=\"https:\/\/www.l5cdn.com\/biotabs\/training-center-faq.jpg\" title=\"Salle de formation\" alt=\"\" \t\tclass=\"so-widget-image lazyload\" src=\"data:image\/svg+xml;base64,PHN2ZyB3aWR0aD0iMSIgaGVpZ2h0PSIxIiB4bWxucz0iaHR0cDovL3d3dy53My5vcmcvMjAwMC9zdmciPjwvc3ZnPg==\" \/>\n\t<\/div>\n\n<\/div><\/div><\/div><div id=\"pgc-1084-2-1\"  class=\"panel-grid-cell\" ><div id=\"panel-1084-2-1-0\" class=\"so-panel widget widget_sow-editor panel-first-child panel-last-child widgetopts-SO\" data-index=\"5\" ><div\n\t\t\t\n\t\t\tclass=\"so-widget-sow-editor so-widget-sow-editor-base\"\n\t\t\t\n\t\t><h2 class=\"widget-title\">Les questions les plus fr\u00e9quemment pos\u00e9es sur nos produits<\/h2>\n<div class=\"siteorigin-widget-tinymce textwidget\">\n\t<p>Compilation de toutes les informations n\u00e9cessaires et r\u00e9ponses aux doutes qui peuvent surgir dans vos cultures biologiques.<\/p>\n<p><a class=\"button\" href=\"\/fr\/salle-de-formation\/faq\/\">Voir les questions fr\u00e9quemment pos\u00e9es<\/a><\/p>\n<\/div>\n<\/div><\/div><\/div><\/div><div id=\"pg-1084-3\"  class=\"panel-grid panel-has-style\" ><div class=\"siteorigin-panels-stretch panel-row-style panel-row-style-for-1084-3\" data-stretch-type=\"full\" ><div id=\"pgc-1084-3-0\"  class=\"panel-grid-cell\" ><div id=\"panel-1084-3-0-0\" class=\"so-panel widget widget_sow-editor panel-first-child panel-last-child widgetopts-SO\" data-index=\"6\" ><div\n\t\t\t\n\t\t\tclass=\"so-widget-sow-editor so-widget-sow-editor-base\"\n\t\t\t\n\t\t><h2 class=\"widget-title\">T\u00e9l\u00e9chargez nos manuels de culture biologique<\/h2>\n<div class=\"siteorigin-widget-tinymce textwidget\">\n\t<p>De l\u00e0, vous pouvez t\u00e9l\u00e9charger les manuels BioTabs. Trouvez des conseils sur les strat\u00e9gies pour l'eau, le sol, les pots, le th\u00e9 de compost\u2026 Vous trouverez \u00e9galement des manuels pas \u00e0 pas pour tout ce qui concerne votre culture biologique.<\/p>\n<p><a class=\"button\" href=\"\/fr\/salle-de-formation\/manuels-biotabs\/\">T\u00e9l\u00e9charger les manuels<\/a><\/p>\n<\/div>\n<\/div><\/div><\/div><div id=\"pgc-1084-3-1\"  class=\"panel-grid-cell\" ><div id=\"panel-1084-3-1-0\" class=\"so-panel widget widget_sow-image panel-first-child panel-last-child widgetopts-SO\" data-index=\"7\" ><div\n\t\t\t\n\t\t\tclass=\"so-widget-sow-image so-widget-sow-image-default-dbf295114b96-1084\"\n\t\t\t\n\t\t>\n<div class=\"sow-image-container\">\n\t\t<img \n\tdata-src=\"https:\/\/www.l5cdn.com\/biotabs\/training-center-manuals.jpg\" title=\"Salle de formation\" alt=\"\" \t\tclass=\"so-widget-image lazyload\" src=\"data:image\/svg+xml;base64,PHN2ZyB3aWR0aD0iMSIgaGVpZ2h0PSIxIiB4bWxucz0iaHR0cDovL3d3dy53My5vcmcvMjAwMC9zdmciPjwvc3ZnPg==\" \/>\n\t<\/div>\n\n<\/div><\/div><\/div><\/div><\/div><div id=\"pg-1084-4\"  class=\"panel-grid panel-no-style\" ><div id=\"pgc-1084-4-0\"  class=\"panel-grid-cell\" ><div id=\"panel-1084-4-0-0\" class=\"so-panel widget widget_sow-image panel-first-child panel-last-child widgetopts-SO\" data-index=\"8\" ><div\n\t\t\t\n\t\t\tclass=\"so-widget-sow-image so-widget-sow-image-default-dbf295114b96-1084\"\n\t\t\t\n\t\t>\n<div class=\"sow-image-container\">\n\t\t<img \n\tdata-src=\"https:\/\/www.l5cdn.com\/biotabs\/training-center-technical-sheets.jpg\" title=\"Salle de formation\" alt=\"\" \t\tclass=\"so-widget-image lazyload\" src=\"data:image\/svg+xml;base64,PHN2ZyB3aWR0aD0iMSIgaGVpZ2h0PSIxIiB4bWxucz0iaHR0cDovL3d3dy53My5vcmcvMjAwMC9zdmciPjwvc3ZnPg==\" \/>\n\t<\/div>\n\n<\/div><\/div><\/div><div id=\"pgc-1084-4-1\"  class=\"panel-grid-cell\" ><div id=\"panel-1084-4-1-0\" class=\"so-panel widget widget_sow-editor panel-first-child panel-last-child widgetopts-SO\" data-index=\"9\" ><div\n\t\t\t\n\t\t\tclass=\"so-widget-sow-editor so-widget-sow-editor-base\"\n\t\t\t\n\t\t><h2 class=\"widget-title\">T\u00e9l\u00e9chargez nos fiches techniques<\/h2>\n<div class=\"siteorigin-widget-tinymce textwidget\">\n\t<p>T\u00e9l\u00e9chargez d'ici tous les manuels de tous nos produits. Dans la fiche de chaque produit vous trouverez le mode d'emploi ainsi que toutes les informations pour le dosage exact en fonction de votre nombre de plantes et de pots.<\/p>\n<p><a class=\"button\" href=\"\/fr\/salle-de-formation\/fiches-techniques\/\">T\u00e9l\u00e9charger les fiches techniques des produits<\/a><\/p>\n<\/div>\n<\/div><\/div><\/div><\/div><\/div>","protected":false},"excerpt":{"rendered":"<p>Apprenez-en plus avec les didacticiels vid\u00e9o o\u00f9 il est expliqu\u00e9 en d\u00e9tail comment appliquer les produits BioTabs et abonnez-vous \u00e0 notre cha\u00eene YouTube. Voir les tutoriels vid\u00e9o BioTabs est une strat\u00e9gie intelligente r\u00e9cemment d\u00e9velopp\u00e9e pour l&rsquo;agriculture biologique, bas\u00e9e sur la commodit\u00e9, l&rsquo;efficacit\u00e9 et la qualit\u00e9. Cultiver de mani\u00e8re organique semble compliqu\u00e9, mais c&rsquo;est essentiellement la [&hellip;]<\/p>\n","protected":false},"author":1,"featured_media":0,"parent":0,"menu_order":0,"comment_status":"closed","ping_status":"closed","template":"","meta":{"_acf_changed":false,"footnotes":""},"class_list":["post-1084","page","type-page","status-publish","hentry"],"acf":[],"yoast_head":"<!-- This site is optimized with the Yoast SEO Premium plugin v25.8 (Yoast SEO v27.3) - https:\/\/yoast.com\/product\/yoast-seo-premium-wordpress\/ -->\n<title>Salle de formation | BioTabs<\/title>\n<meta name=\"robots\" content=\"index, follow, max-snippet:-1, max-image-preview:large, max-video-preview:-1\" \/>\n<link rel=\"canonical\" href=\"https:\/\/biotabs.nl\/fr\/salle-de-formation\/\" \/>\n<meta property=\"og:locale\" content=\"fr_FR\" \/>\n<meta property=\"og:type\" content=\"article\" \/>\n<meta property=\"og:title\" content=\"Salle de formation\" \/>\n<meta property=\"og:description\" content=\"Apprenez-en plus avec les didacticiels vid\u00e9o o\u00f9 il est expliqu\u00e9 en d\u00e9tail comment appliquer les produits BioTabs et abonnez-vous \u00e0 notre cha\u00eene YouTube. Voir les tutoriels vid\u00e9o BioTabs est une strat\u00e9gie intelligente r\u00e9cemment d\u00e9velopp\u00e9e pour l&#039;agriculture biologique, bas\u00e9e sur la commodit\u00e9, l&#039;efficacit\u00e9 et la qualit\u00e9. Cultiver de mani\u00e8re organique semble compliqu\u00e9, mais c&#039;est essentiellement la [&hellip;]\" \/>\n<meta property=\"og:url\" content=\"https:\/\/biotabs.nl\/fr\/salle-de-formation\/\" \/>\n<meta property=\"og:site_name\" content=\"BioTabs\" \/>\n<meta property=\"article:publisher\" content=\"https:\/\/www.facebook.com\/biotabs.organics\" \/>\n<meta property=\"article:modified_time\" content=\"2021-10-12T14:33:39+00:00\" \/>\n<meta name=\"twitter:card\" content=\"summary_large_image\" \/>\n<meta name=\"twitter:site\" content=\"@Biotabs\" \/>\n<meta name=\"twitter:label1\" content=\"Dur\u00e9e de lecture estim\u00e9e\" \/>\n\t<meta name=\"twitter:data1\" content=\"1 minute\" \/>\n<script type=\"application\/ld+json\" class=\"yoast-schema-graph\">{\"@context\":\"https:\\\/\\\/schema.org\",\"@graph\":[{\"@type\":\"WebPage\",\"@id\":\"https:\\\/\\\/biotabs.nl\\\/fr\\\/salle-de-formation\\\/\",\"url\":\"https:\\\/\\\/biotabs.nl\\\/fr\\\/salle-de-formation\\\/\",\"name\":\"Salle de formation | BioTabs\",\"isPartOf\":{\"@id\":\"https:\\\/\\\/biotabs.nl\\\/fr\\\/#website\"},\"datePublished\":\"2021-09-13T15:10:04+00:00\",\"dateModified\":\"2021-10-12T14:33:39+00:00\",\"breadcrumb\":{\"@id\":\"https:\\\/\\\/biotabs.nl\\\/fr\\\/salle-de-formation\\\/#breadcrumb\"},\"inLanguage\":\"fr-FR\",\"potentialAction\":[{\"@type\":\"ReadAction\",\"target\":[\"https:\\\/\\\/biotabs.nl\\\/fr\\\/salle-de-formation\\\/\"]}]},{\"@type\":\"BreadcrumbList\",\"@id\":\"https:\\\/\\\/biotabs.nl\\\/fr\\\/salle-de-formation\\\/#breadcrumb\",\"itemListElement\":[{\"@type\":\"ListItem\",\"position\":1,\"name\":\"Home\",\"item\":\"https:\\\/\\\/biotabs.nl\\\/fr\\\/\"},{\"@type\":\"ListItem\",\"position\":2,\"name\":\"Salle de formation\"}]},{\"@type\":\"WebSite\",\"@id\":\"https:\\\/\\\/biotabs.nl\\\/fr\\\/#website\",\"url\":\"https:\\\/\\\/biotabs.nl\\\/fr\\\/\",\"name\":\"BioTabs\",\"description\":\"Easy by Nature\",\"publisher\":{\"@id\":\"https:\\\/\\\/biotabs.nl\\\/fr\\\/#organization\"},\"potentialAction\":[{\"@type\":\"SearchAction\",\"target\":{\"@type\":\"EntryPoint\",\"urlTemplate\":\"https:\\\/\\\/biotabs.nl\\\/fr\\\/?s={search_term_string}\"},\"query-input\":{\"@type\":\"PropertyValueSpecification\",\"valueRequired\":true,\"valueName\":\"search_term_string\"}}],\"inLanguage\":\"fr-FR\"},{\"@type\":\"Organization\",\"@id\":\"https:\\\/\\\/biotabs.nl\\\/fr\\\/#organization\",\"name\":\"BioTabs Easy by Nature\",\"url\":\"https:\\\/\\\/biotabs.nl\\\/fr\\\/\",\"logo\":{\"@type\":\"ImageObject\",\"inLanguage\":\"fr-FR\",\"@id\":\"https:\\\/\\\/biotabs.nl\\\/fr\\\/#\\\/schema\\\/logo\\\/image\\\/\",\"url\":\"https:\\\/\\\/biotabs.nl\\\/wp-content\\\/uploads\\\/logo.png\",\"contentUrl\":\"https:\\\/\\\/biotabs.nl\\\/wp-content\\\/uploads\\\/logo.png\",\"width\":200,\"height\":200,\"caption\":\"BioTabs Easy by Nature\"},\"image\":{\"@id\":\"https:\\\/\\\/biotabs.nl\\\/fr\\\/#\\\/schema\\\/logo\\\/image\\\/\"},\"sameAs\":[\"https:\\\/\\\/www.facebook.com\\\/biotabs.organics\",\"https:\\\/\\\/x.com\\\/Biotabs\",\"https:\\\/\\\/instagram.com\\\/biotabsorganics\",\"https:\\\/\\\/www.youtube.com\\\/channel\\\/UCY3QAw9DEfk_tuhQj0NdNxA\"]}]}<\/script>\n<!-- \/ Yoast SEO Premium plugin. -->","yoast_head_json":{"title":"Salle de formation | BioTabs","robots":{"index":"index","follow":"follow","max-snippet":"max-snippet:-1","max-image-preview":"max-image-preview:large","max-video-preview":"max-video-preview:-1"},"canonical":"https:\/\/biotabs.nl\/fr\/salle-de-formation\/","og_locale":"fr_FR","og_type":"article","og_title":"Salle de formation","og_description":"Apprenez-en plus avec les didacticiels vid\u00e9o o\u00f9 il est expliqu\u00e9 en d\u00e9tail comment appliquer les produits BioTabs et abonnez-vous \u00e0 notre cha\u00eene YouTube. Voir les tutoriels vid\u00e9o BioTabs est une strat\u00e9gie intelligente r\u00e9cemment d\u00e9velopp\u00e9e pour l'agriculture biologique, bas\u00e9e sur la commodit\u00e9, l'efficacit\u00e9 et la qualit\u00e9. Cultiver de mani\u00e8re organique semble compliqu\u00e9, mais c'est essentiellement la [&hellip;]","og_url":"https:\/\/biotabs.nl\/fr\/salle-de-formation\/","og_site_name":"BioTabs","article_publisher":"https:\/\/www.facebook.com\/biotabs.organics","article_modified_time":"2021-10-12T14:33:39+00:00","twitter_card":"summary_large_image","twitter_site":"@Biotabs","twitter_misc":{"Dur\u00e9e de lecture estim\u00e9e":"1 minute"},"schema":{"@context":"https:\/\/schema.org","@graph":[{"@type":"WebPage","@id":"https:\/\/biotabs.nl\/fr\/salle-de-formation\/","url":"https:\/\/biotabs.nl\/fr\/salle-de-formation\/","name":"Salle de formation | BioTabs","isPartOf":{"@id":"https:\/\/biotabs.nl\/fr\/#website"},"datePublished":"2021-09-13T15:10:04+00:00","dateModified":"2021-10-12T14:33:39+00:00","breadcrumb":{"@id":"https:\/\/biotabs.nl\/fr\/salle-de-formation\/#breadcrumb"},"inLanguage":"fr-FR","potentialAction":[{"@type":"ReadAction","target":["https:\/\/biotabs.nl\/fr\/salle-de-formation\/"]}]},{"@type":"BreadcrumbList","@id":"https:\/\/biotabs.nl\/fr\/salle-de-formation\/#breadcrumb","itemListElement":[{"@type":"ListItem","position":1,"name":"Home","item":"https:\/\/biotabs.nl\/fr\/"},{"@type":"ListItem","position":2,"name":"Salle de formation"}]},{"@type":"WebSite","@id":"https:\/\/biotabs.nl\/fr\/#website","url":"https:\/\/biotabs.nl\/fr\/","name":"BioTabs","description":"Easy by Nature","publisher":{"@id":"https:\/\/biotabs.nl\/fr\/#organization"},"potentialAction":[{"@type":"SearchAction","target":{"@type":"EntryPoint","urlTemplate":"https:\/\/biotabs.nl\/fr\/?s={search_term_string}"},"query-input":{"@type":"PropertyValueSpecification","valueRequired":true,"valueName":"search_term_string"}}],"inLanguage":"fr-FR"},{"@type":"Organization","@id":"https:\/\/biotabs.nl\/fr\/#organization","name":"BioTabs Easy by Nature","url":"https:\/\/biotabs.nl\/fr\/","logo":{"@type":"ImageObject","inLanguage":"fr-FR","@id":"https:\/\/biotabs.nl\/fr\/#\/schema\/logo\/image\/","url":"https:\/\/biotabs.nl\/wp-content\/uploads\/logo.png","contentUrl":"https:\/\/biotabs.nl\/wp-content\/uploads\/logo.png","width":200,"height":200,"caption":"BioTabs Easy by Nature"},"image":{"@id":"https:\/\/biotabs.nl\/fr\/#\/schema\/logo\/image\/"},"sameAs":["https:\/\/www.facebook.com\/biotabs.organics","https:\/\/x.com\/Biotabs","https:\/\/instagram.com\/biotabsorganics","https:\/\/www.youtube.com\/channel\/UCY3QAw9DEfk_tuhQj0NdNxA"]}]}},"_links":{"self":[{"href":"https:\/\/biotabs.nl\/fr\/wp-json\/wp\/v2\/pages\/1084","targetHints":{"allow":["GET"]}}],"collection":[{"href":"https:\/\/biotabs.nl\/fr\/wp-json\/wp\/v2\/pages"}],"about":[{"href":"https:\/\/biotabs.nl\/fr\/wp-json\/wp\/v2\/types\/page"}],"author":[{"embeddable":true,"href":"https:\/\/biotabs.nl\/fr\/wp-json\/wp\/v2\/users\/1"}],"replies":[{"embeddable":true,"href":"https:\/\/biotabs.nl\/fr\/wp-json\/wp\/v2\/comments?post=1084"}],"version-history":[{"count":0,"href":"https:\/\/biotabs.nl\/fr\/wp-json\/wp\/v2\/pages\/1084\/revisions"}],"wp:attachment":[{"href":"https:\/\/biotabs.nl\/fr\/wp-json\/wp\/v2\/media?parent=1084"}],"curies":[{"name":"wp","href":"https:\/\/api.w.org\/{rel}","templated":true}]}}