
{"id":1089,"date":"2021-09-13T16:13:06","date_gmt":"2021-09-13T15:13:06","guid":{"rendered":"https:\/\/biotabs.nl\/?page_id=1089"},"modified":"2021-12-22T17:42:38","modified_gmt":"2021-12-22T16:42:38","slug":"a-propos-de-nous","status":"publish","type":"page","link":"https:\/\/biotabs.nl\/fr\/a-propos-de-nous\/","title":{"rendered":"\u00c0 propos de nous"},"content":{"rendered":"<div id=\"pl-1089\"  class=\"panel-layout\" ><div id=\"pg-1089-0\"  class=\"panel-grid panel-no-style\" ><div id=\"pgc-1089-0-0\"  class=\"panel-grid-cell\" ><div id=\"panel-1089-0-0-0\" class=\"so-panel widget widget_sow-editor panel-first-child panel-last-child widgetopts-SO\" data-index=\"0\" ><div\n\t\t\t\n\t\t\tclass=\"so-widget-sow-editor so-widget-sow-editor-base\"\n\t\t\t\n\t\t><h2 class=\"widget-title\">\u00c0 propos de BioTabs Organic Fertilizers<\/h2>\n<div class=\"siteorigin-widget-tinymce textwidget\">\n\t<p>BioTabs Organic Fertilizers est une soci\u00e9t\u00e9 de recherche innovante et un producteur d'engrais et d'amendements organiques bas\u00e9 aux Pays-Bas. Notre \u00e9quipe se compose de cultivateurs exp\u00e9riment\u00e9s ayant plus de 35 ans d'exp\u00e9rience dans le domaine de la s\u00e9lection v\u00e9g\u00e9tale. Pendant 25 ans, nous avons soutenu chimiquement la croissance de nos ch\u00e8res plantes, mais il y a 10 ans, nous avons test\u00e9 pour la premi\u00e8re fois l'utilisation d'engrais organiques.<\/p>\n<p><strong>Ce fut un v\u00e9ritable tournant pour notre entreprise.<\/strong><\/p>\n<p><strong>Les r\u00e9sultats ont \u00e9t\u00e9 impressionnants. Apr\u00e8s une riche r\u00e9colte, nous reconnaissions \u00e0 peine le go\u00fbt et l'odeur de nos plantes.<\/strong><\/p>\n<p>L'ar\u00f4me \u00e9tait beaucoup plus riche et plus intense que ce que nous avions connu auparavant. Mais ce n'\u00e9tait que le d\u00e9but de notre recherche de l'ultime m\u00e9thode d'agriculture biologique...<\/p>\n<p><strong>et c'est ainsi que l'id\u00e9e des BioTabs est n\u00e9e...<\/strong><\/p>\n<\/div>\n<\/div><\/div><\/div><div id=\"pgc-1089-0-1\"  class=\"panel-grid-cell\" ><div id=\"panel-1089-0-1-0\" class=\"widget_text so-panel widget widget_custom_html panel-first-child panel-last-child widgetopts-SO\" data-index=\"1\" ><div class=\"textwidget custom-html-widget\"><style>.embed-container { position: relative; padding-bottom: 56.25%; height: 0; overflow: hidden; max-width: 100%; } .embed-container iframe, .embed-container object, .embed-container embed { position: absolute; top: 0; left: 0; width: 100%; height: 100%; }<\/style><div class='embed-container'><iframe data-src='https:\/\/www.youtube.com\/embed\/PRWaH8OOwEw' frameborder='0' allowfullscreen src='data:image\/svg+xml;base64,PHN2ZyB3aWR0aD0iMSIgaGVpZ2h0PSIxIiB4bWxucz0iaHR0cDovL3d3dy53My5vcmcvMjAwMC9zdmciPjwvc3ZnPg==' class='lazyload' data-load-mode='1'><\/iframe><\/div><\/div><\/div><\/div><\/div><\/div>","protected":false},"excerpt":{"rendered":"<p>BioTabs Organic Fertilizers est une soci\u00e9t\u00e9 de recherche innovante et un producteur d&rsquo;engrais et d&rsquo;amendements organiques bas\u00e9 aux Pays-Bas. Notre \u00e9quipe se compose de cultivateurs exp\u00e9riment\u00e9s ayant plus de 35 ans d&rsquo;exp\u00e9rience dans le domaine de la s\u00e9lection v\u00e9g\u00e9tale. Pendant 25 ans, nous avons soutenu chimiquement la croissance de nos ch\u00e8res plantes, mais il y [&hellip;]<\/p>\n","protected":false},"author":1,"featured_media":0,"parent":0,"menu_order":0,"comment_status":"closed","ping_status":"closed","template":"","meta":{"_acf_changed":false,"footnotes":""},"class_list":["post-1089","page","type-page","status-publish","hentry"],"acf":[],"yoast_head":"<!-- This site is optimized with the Yoast SEO Premium plugin v25.8 (Yoast SEO v27.4) - https:\/\/yoast.com\/product\/yoast-seo-premium-wordpress\/ -->\n<title>\u00c0 propos de nous | BioTabs<\/title>\n<meta name=\"robots\" content=\"index, follow, max-snippet:-1, max-image-preview:large, max-video-preview:-1\" \/>\n<link rel=\"canonical\" href=\"https:\/\/biotabs.nl\/fr\/a-propos-de-nous\/\" \/>\n<meta property=\"og:locale\" content=\"fr_FR\" \/>\n<meta property=\"og:type\" content=\"article\" \/>\n<meta property=\"og:title\" content=\"\u00c0 propos de nous\" \/>\n<meta property=\"og:description\" content=\"BioTabs Organic Fertilizers est une soci\u00e9t\u00e9 de recherche innovante et un producteur d&#039;engrais et d&#039;amendements organiques bas\u00e9 aux Pays-Bas. Notre \u00e9quipe se compose de cultivateurs exp\u00e9riment\u00e9s ayant plus de 35 ans d&#039;exp\u00e9rience dans le domaine de la s\u00e9lection v\u00e9g\u00e9tale. Pendant 25 ans, nous avons soutenu chimiquement la croissance de nos ch\u00e8res plantes, mais il y [&hellip;]\" \/>\n<meta property=\"og:url\" content=\"https:\/\/biotabs.nl\/fr\/a-propos-de-nous\/\" \/>\n<meta property=\"og:site_name\" content=\"BioTabs\" \/>\n<meta property=\"article:publisher\" content=\"https:\/\/www.facebook.com\/biotabs.organics\" \/>\n<meta property=\"article:modified_time\" content=\"2021-12-22T16:42:38+00:00\" \/>\n<meta name=\"twitter:card\" content=\"summary_large_image\" \/>\n<meta name=\"twitter:site\" content=\"@Biotabs\" \/>\n<meta name=\"twitter:label1\" content=\"Dur\u00e9e de lecture estim\u00e9e\" \/>\n\t<meta name=\"twitter:data1\" content=\"1 minute\" \/>\n<script type=\"application\/ld+json\" class=\"yoast-schema-graph\">{\"@context\":\"https:\\\/\\\/schema.org\",\"@graph\":[{\"@type\":\"WebPage\",\"@id\":\"https:\\\/\\\/biotabs.nl\\\/fr\\\/a-propos-de-nous\\\/\",\"url\":\"https:\\\/\\\/biotabs.nl\\\/fr\\\/a-propos-de-nous\\\/\",\"name\":\"\u00c0 propos de nous | BioTabs\",\"isPartOf\":{\"@id\":\"https:\\\/\\\/biotabs.nl\\\/fr\\\/#website\"},\"datePublished\":\"2021-09-13T15:13:06+00:00\",\"dateModified\":\"2021-12-22T16:42:38+00:00\",\"breadcrumb\":{\"@id\":\"https:\\\/\\\/biotabs.nl\\\/fr\\\/a-propos-de-nous\\\/#breadcrumb\"},\"inLanguage\":\"fr-FR\",\"potentialAction\":[{\"@type\":\"ReadAction\",\"target\":[\"https:\\\/\\\/biotabs.nl\\\/fr\\\/a-propos-de-nous\\\/\"]}]},{\"@type\":\"BreadcrumbList\",\"@id\":\"https:\\\/\\\/biotabs.nl\\\/fr\\\/a-propos-de-nous\\\/#breadcrumb\",\"itemListElement\":[{\"@type\":\"ListItem\",\"position\":1,\"name\":\"Home\",\"item\":\"https:\\\/\\\/biotabs.nl\\\/fr\\\/\"},{\"@type\":\"ListItem\",\"position\":2,\"name\":\"\u00c0 propos de nous\"}]},{\"@type\":\"WebSite\",\"@id\":\"https:\\\/\\\/biotabs.nl\\\/fr\\\/#website\",\"url\":\"https:\\\/\\\/biotabs.nl\\\/fr\\\/\",\"name\":\"BioTabs\",\"description\":\"Easy by Nature\",\"publisher\":{\"@id\":\"https:\\\/\\\/biotabs.nl\\\/fr\\\/#organization\"},\"potentialAction\":[{\"@type\":\"SearchAction\",\"target\":{\"@type\":\"EntryPoint\",\"urlTemplate\":\"https:\\\/\\\/biotabs.nl\\\/fr\\\/?s={search_term_string}\"},\"query-input\":{\"@type\":\"PropertyValueSpecification\",\"valueRequired\":true,\"valueName\":\"search_term_string\"}}],\"inLanguage\":\"fr-FR\"},{\"@type\":\"Organization\",\"@id\":\"https:\\\/\\\/biotabs.nl\\\/fr\\\/#organization\",\"name\":\"BioTabs Easy by Nature\",\"url\":\"https:\\\/\\\/biotabs.nl\\\/fr\\\/\",\"logo\":{\"@type\":\"ImageObject\",\"inLanguage\":\"fr-FR\",\"@id\":\"https:\\\/\\\/biotabs.nl\\\/fr\\\/#\\\/schema\\\/logo\\\/image\\\/\",\"url\":\"https:\\\/\\\/biotabs.nl\\\/wp-content\\\/uploads\\\/logo.png\",\"contentUrl\":\"https:\\\/\\\/biotabs.nl\\\/wp-content\\\/uploads\\\/logo.png\",\"width\":200,\"height\":200,\"caption\":\"BioTabs Easy by Nature\"},\"image\":{\"@id\":\"https:\\\/\\\/biotabs.nl\\\/fr\\\/#\\\/schema\\\/logo\\\/image\\\/\"},\"sameAs\":[\"https:\\\/\\\/www.facebook.com\\\/biotabs.organics\",\"https:\\\/\\\/x.com\\\/Biotabs\",\"https:\\\/\\\/instagram.com\\\/biotabsorganics\",\"https:\\\/\\\/www.youtube.com\\\/channel\\\/UCY3QAw9DEfk_tuhQj0NdNxA\"]}]}<\/script>\n<!-- \/ Yoast SEO Premium plugin. -->","yoast_head_json":{"title":"\u00c0 propos de nous | BioTabs","robots":{"index":"index","follow":"follow","max-snippet":"max-snippet:-1","max-image-preview":"max-image-preview:large","max-video-preview":"max-video-preview:-1"},"canonical":"https:\/\/biotabs.nl\/fr\/a-propos-de-nous\/","og_locale":"fr_FR","og_type":"article","og_title":"\u00c0 propos de nous","og_description":"BioTabs Organic Fertilizers est une soci\u00e9t\u00e9 de recherche innovante et un producteur d'engrais et d'amendements organiques bas\u00e9 aux Pays-Bas. Notre \u00e9quipe se compose de cultivateurs exp\u00e9riment\u00e9s ayant plus de 35 ans d'exp\u00e9rience dans le domaine de la s\u00e9lection v\u00e9g\u00e9tale. Pendant 25 ans, nous avons soutenu chimiquement la croissance de nos ch\u00e8res plantes, mais il y [&hellip;]","og_url":"https:\/\/biotabs.nl\/fr\/a-propos-de-nous\/","og_site_name":"BioTabs","article_publisher":"https:\/\/www.facebook.com\/biotabs.organics","article_modified_time":"2021-12-22T16:42:38+00:00","twitter_card":"summary_large_image","twitter_site":"@Biotabs","twitter_misc":{"Dur\u00e9e de lecture estim\u00e9e":"1 minute"},"schema":{"@context":"https:\/\/schema.org","@graph":[{"@type":"WebPage","@id":"https:\/\/biotabs.nl\/fr\/a-propos-de-nous\/","url":"https:\/\/biotabs.nl\/fr\/a-propos-de-nous\/","name":"\u00c0 propos de nous | BioTabs","isPartOf":{"@id":"https:\/\/biotabs.nl\/fr\/#website"},"datePublished":"2021-09-13T15:13:06+00:00","dateModified":"2021-12-22T16:42:38+00:00","breadcrumb":{"@id":"https:\/\/biotabs.nl\/fr\/a-propos-de-nous\/#breadcrumb"},"inLanguage":"fr-FR","potentialAction":[{"@type":"ReadAction","target":["https:\/\/biotabs.nl\/fr\/a-propos-de-nous\/"]}]},{"@type":"BreadcrumbList","@id":"https:\/\/biotabs.nl\/fr\/a-propos-de-nous\/#breadcrumb","itemListElement":[{"@type":"ListItem","position":1,"name":"Home","item":"https:\/\/biotabs.nl\/fr\/"},{"@type":"ListItem","position":2,"name":"\u00c0 propos de nous"}]},{"@type":"WebSite","@id":"https:\/\/biotabs.nl\/fr\/#website","url":"https:\/\/biotabs.nl\/fr\/","name":"BioTabs","description":"Easy by Nature","publisher":{"@id":"https:\/\/biotabs.nl\/fr\/#organization"},"potentialAction":[{"@type":"SearchAction","target":{"@type":"EntryPoint","urlTemplate":"https:\/\/biotabs.nl\/fr\/?s={search_term_string}"},"query-input":{"@type":"PropertyValueSpecification","valueRequired":true,"valueName":"search_term_string"}}],"inLanguage":"fr-FR"},{"@type":"Organization","@id":"https:\/\/biotabs.nl\/fr\/#organization","name":"BioTabs Easy by Nature","url":"https:\/\/biotabs.nl\/fr\/","logo":{"@type":"ImageObject","inLanguage":"fr-FR","@id":"https:\/\/biotabs.nl\/fr\/#\/schema\/logo\/image\/","url":"https:\/\/biotabs.nl\/wp-content\/uploads\/logo.png","contentUrl":"https:\/\/biotabs.nl\/wp-content\/uploads\/logo.png","width":200,"height":200,"caption":"BioTabs Easy by Nature"},"image":{"@id":"https:\/\/biotabs.nl\/fr\/#\/schema\/logo\/image\/"},"sameAs":["https:\/\/www.facebook.com\/biotabs.organics","https:\/\/x.com\/Biotabs","https:\/\/instagram.com\/biotabsorganics","https:\/\/www.youtube.com\/channel\/UCY3QAw9DEfk_tuhQj0NdNxA"]}]}},"_links":{"self":[{"href":"https:\/\/biotabs.nl\/fr\/wp-json\/wp\/v2\/pages\/1089","targetHints":{"allow":["GET"]}}],"collection":[{"href":"https:\/\/biotabs.nl\/fr\/wp-json\/wp\/v2\/pages"}],"about":[{"href":"https:\/\/biotabs.nl\/fr\/wp-json\/wp\/v2\/types\/page"}],"author":[{"embeddable":true,"href":"https:\/\/biotabs.nl\/fr\/wp-json\/wp\/v2\/users\/1"}],"replies":[{"embeddable":true,"href":"https:\/\/biotabs.nl\/fr\/wp-json\/wp\/v2\/comments?post=1089"}],"version-history":[{"count":2,"href":"https:\/\/biotabs.nl\/fr\/wp-json\/wp\/v2\/pages\/1089\/revisions"}],"predecessor-version":[{"id":10246,"href":"https:\/\/biotabs.nl\/fr\/wp-json\/wp\/v2\/pages\/1089\/revisions\/10246"}],"wp:attachment":[{"href":"https:\/\/biotabs.nl\/fr\/wp-json\/wp\/v2\/media?parent=1089"}],"curies":[{"name":"wp","href":"https:\/\/api.w.org\/{rel}","templated":true}]}}