
{"id":1097,"date":"2021-09-14T14:53:13","date_gmt":"2021-09-14T13:53:13","guid":{"rendered":"https:\/\/biotabs.nl\/?page_id=1097"},"modified":"2026-01-29T12:55:48","modified_gmt":"2026-01-29T11:55:48","slug":"manuels-biotabs","status":"publish","type":"page","link":"https:\/\/biotabs.nl\/fr\/salle-de-formation\/manuels-biotabs\/","title":{"rendered":"Manuels BioTabs"},"content":{"rendered":"<div id=\"pl-1097\"  class=\"panel-layout\" ><div id=\"pg-1097-0\"  class=\"panel-grid panel-has-style\" ><div class=\"biotabs-manuals panel-row-style panel-row-style-for-1097-0\" ><div id=\"pgc-1097-0-0\"  class=\"panel-grid-cell\" ><div id=\"panel-1097-0-0-0\" class=\"so-panel widget widget_sow-image panel-first-child widgetopts-SO\" data-index=\"0\" ><div\n\t\t\t\n\t\t\tclass=\"so-widget-sow-image so-widget-sow-image-default-8b5b6f678277-1097\"\n\t\t\t\n\t\t>\n<div class=\"sow-image-container\">\n\t\t<img \n\tdata-src=\"https:\/\/www.l5cdn.com\/biotabs\/manual-boom-boom-spray.jpg\" title=\"Manuels BioTabs\" alt=\"\" \t\tclass=\"so-widget-image lazyload\" src=\"data:image\/svg+xml;base64,PHN2ZyB3aWR0aD0iMSIgaGVpZ2h0PSIxIiB4bWxucz0iaHR0cDovL3d3dy53My5vcmcvMjAwMC9zdmciPjwvc3ZnPg==\" \/>\n\t<\/div>\n\n<\/div><\/div><div id=\"panel-1097-0-0-1\" class=\"so-panel widget widget_sow-editor panel-last-child widgetopts-SO\" data-index=\"1\" ><div\n\t\t\t\n\t\t\tclass=\"so-widget-sow-editor so-widget-sow-editor-base\"\n\t\t\t\n\t\t>\n<div class=\"siteorigin-widget-tinymce textwidget\">\n\t<h4>Boom Boom Spray manual<\/h4>\n<p>Langues disponibles:<\/p>\n<ul class=\"list-buttons\">\n<li><a href=\"\/download\/boom-boom-spray-manual-english.pdf\" target=\"_blank\" rel=\"noopener\">English<\/a><\/li>\n<li><a href=\"\/download\/boom-boom-spray-manual-spanish.pdf\" target=\"_blank\" rel=\"noopener\">Espa\u00f1ol<\/a><\/li>\n<li><a href=\"\/download\/boom-boom-spray-manual-german.pdf\" target=\"_blank\" rel=\"noopener\">Deutsch<\/a><\/li>\n<\/ul>\n<\/div>\n<\/div><\/div><\/div><div id=\"pgc-1097-0-1\"  class=\"panel-grid-cell\" ><div id=\"panel-1097-0-1-0\" class=\"so-panel widget widget_sow-image panel-first-child widgetopts-SO\" data-index=\"2\" ><div\n\t\t\t\n\t\t\tclass=\"so-widget-sow-image so-widget-sow-image-default-8b5b6f678277-1097\"\n\t\t\t\n\t\t>\n<div class=\"sow-image-container\">\n\t\t<img \n\tdata-src=\"https:\/\/www.l5cdn.com\/biotabs\/manual-organic-cultivation.jpg\" title=\"Manuels BioTabs\" alt=\"\" \t\tclass=\"so-widget-image lazyload\" src=\"data:image\/svg+xml;base64,PHN2ZyB3aWR0aD0iMSIgaGVpZ2h0PSIxIiB4bWxucz0iaHR0cDovL3d3dy53My5vcmcvMjAwMC9zdmciPjwvc3ZnPg==\" \/>\n\t<\/div>\n\n<\/div><\/div><div id=\"panel-1097-0-1-1\" class=\"so-panel widget widget_sow-editor panel-last-child widgetopts-SO\" data-index=\"3\" ><div\n\t\t\t\n\t\t\tclass=\"so-widget-sow-editor so-widget-sow-editor-base\"\n\t\t\t\n\t\t>\n<div class=\"siteorigin-widget-tinymce textwidget\">\n\t<h4>Organic cultivation manual<\/h4>\n<p>Langues disponibles:<\/p>\n<ul class=\"list-buttons\">\n<li><a href=\"https:\/\/biotabs.nl\/wp-content\/uploads\/ENG-GRANDE-nueva-TABLA-DE-CULTIVO.pdf\" target=\"_blank\" rel=\"noopener\">English<\/a><\/li>\n<li><a href=\"https:\/\/biotabs.nl\/wp-content\/uploads\/ESP-GRANDE-nueva-TABLA-DE-CULTIVO.pdf\" target=\"_blank\" rel=\"noopener\">Espa\u00f1ol<\/a><\/li>\n<li><a href=\"https:\/\/biotabs.nl\/wp-content\/uploads\/GER-GRANDE-nueva-TABLA-DE-CULTIVO-1.pdf-1.pdf\" target=\"_blank\" rel=\"noopener\">Deutsch<\/a><\/li>\n<\/ul>\n<\/div>\n<\/div><\/div><\/div><div id=\"pgc-1097-0-2\"  class=\"panel-grid-cell\" ><div id=\"panel-1097-0-2-0\" class=\"so-panel widget widget_sow-image panel-first-child widgetopts-SO\" data-index=\"4\" ><div\n\t\t\t\n\t\t\tclass=\"so-widget-sow-image so-widget-sow-image-default-8b5b6f678277-1097\"\n\t\t\t\n\t\t>\n<div class=\"sow-image-container\">\n\t\t<img \n\tdata-src=\"https:\/\/www.l5cdn.com\/biotabs\/manual-pk-booster.jpg\" title=\"Manuels BioTabs\" alt=\"\" \t\tclass=\"so-widget-image lazyload\" src=\"data:image\/svg+xml;base64,PHN2ZyB3aWR0aD0iMSIgaGVpZ2h0PSIxIiB4bWxucz0iaHR0cDovL3d3dy53My5vcmcvMjAwMC9zdmciPjwvc3ZnPg==\" \/>\n\t<\/div>\n\n<\/div><\/div><div id=\"panel-1097-0-2-1\" class=\"so-panel widget widget_sow-editor panel-last-child widgetopts-SO\" data-index=\"5\" ><div\n\t\t\t\n\t\t\tclass=\"so-widget-sow-editor so-widget-sow-editor-base\"\n\t\t\t\n\t\t>\n<div class=\"siteorigin-widget-tinymce textwidget\">\n\t<h4>PK Booster Compost Tea manual<\/h4>\n<p>Langues disponibles:<\/p>\n<ul class=\"list-buttons\">\n<li><a href=\"\/download\/pk-booster-manual-english.pdf\" target=\"_blank\" rel=\"noopener\">English<\/a><\/li>\n<li><a href=\"\/download\/pk-booster-manual-spanish.pdf\" target=\"_blank\" rel=\"noopener\">Espa\u00f1ol<\/a><\/li>\n<li><a href=\"\/download\/pk-booster-manual-german.pdf\" target=\"_blank\" rel=\"noopener\">Deutsch<\/a><\/li>\n<\/ul>\n<\/div>\n<\/div><\/div><\/div><\/div><\/div><div id=\"pg-1097-1\"  class=\"panel-grid panel-has-style\" ><div class=\"biotabs-manuals panel-row-style panel-row-style-for-1097-1\" ><div id=\"pgc-1097-1-0\"  class=\"panel-grid-cell\" ><div id=\"panel-1097-1-0-0\" class=\"so-panel widget widget_sow-image panel-first-child widgetopts-SO\" data-index=\"6\" ><div\n\t\t\t\n\t\t\tclass=\"so-widget-sow-image so-widget-sow-image-default-8b5b6f678277-1097\"\n\t\t\t\n\t\t>\n<div class=\"sow-image-container\">\n\t\t<img \n\tdata-src=\"https:\/\/www.l5cdn.com\/biotabs\/manual-bio-pk-5-8.jpg\" title=\"Manuels BioTabs\" alt=\"\" \t\tclass=\"so-widget-image lazyload\" src=\"data:image\/svg+xml;base64,PHN2ZyB3aWR0aD0iMSIgaGVpZ2h0PSIxIiB4bWxucz0iaHR0cDovL3d3dy53My5vcmcvMjAwMC9zdmciPjwvc3ZnPg==\" \/>\n\t<\/div>\n\n<\/div><\/div><div id=\"panel-1097-1-0-1\" class=\"so-panel widget widget_sow-editor panel-last-child widgetopts-SO\" data-index=\"7\" ><div\n\t\t\t\n\t\t\tclass=\"so-widget-sow-editor so-widget-sow-editor-base\"\n\t\t\t\n\t\t>\n<div class=\"siteorigin-widget-tinymce textwidget\">\n\t<h4>Bio PK 5-8 manual<\/h4>\n<p>Langues disponibles:<\/p>\n<ul class=\"list-buttons\">\n<li><a href=\"\/download\/bio-pk-5-8-manual-english.pdf\" target=\"_blank\" rel=\"noopener\">English<\/a><\/li>\n<li><a href=\"\/download\/bio-pk-5-8-manual-german.pdf\" target=\"_blank\" rel=\"noopener\">Deutsch<\/a><\/li>\n<\/ul>\n<\/div>\n<\/div><\/div><\/div><div id=\"pgc-1097-1-1\"  class=\"panel-grid-cell panel-grid-cell-empty panel-grid-cell-mobile-last\" ><\/div><div id=\"pgc-1097-1-2\"  class=\"panel-grid-cell panel-grid-cell-empty\" ><\/div><\/div><\/div><\/div>","protected":false},"excerpt":{"rendered":"<p>Boom Boom Spray manual Langues disponibles: English Espa\u00f1ol Deutsch Organic cultivation manual Langues disponibles: English Espa\u00f1ol Deutsch PK Booster Compost Tea manual Langues disponibles: English Espa\u00f1ol Deutsch Bio PK 5-8 manual Langues disponibles: English Deutsch<\/p>\n","protected":false},"author":1,"featured_media":0,"parent":1084,"menu_order":0,"comment_status":"closed","ping_status":"closed","template":"","meta":{"_acf_changed":false,"footnotes":""},"class_list":["post-1097","page","type-page","status-publish","hentry"],"acf":[],"yoast_head":"<!-- This site is optimized with the Yoast SEO Premium plugin v25.8 (Yoast SEO v27.3) - https:\/\/yoast.com\/product\/yoast-seo-premium-wordpress\/ -->\n<title>Manuels BioTabs | BioTabs<\/title>\n<meta name=\"robots\" content=\"index, follow, max-snippet:-1, max-image-preview:large, max-video-preview:-1\" \/>\n<link rel=\"canonical\" href=\"https:\/\/biotabs.nl\/fr\/salle-de-formation\/manuels-biotabs\/\" \/>\n<meta property=\"og:locale\" content=\"fr_FR\" \/>\n<meta property=\"og:type\" content=\"article\" \/>\n<meta property=\"og:title\" content=\"Manuels BioTabs\" \/>\n<meta property=\"og:description\" content=\"Boom Boom Spray manual Langues disponibles: English Espa\u00f1ol Deutsch Organic cultivation manual Langues disponibles: English Espa\u00f1ol Deutsch PK Booster Compost Tea manual Langues disponibles: English Espa\u00f1ol Deutsch Bio PK 5-8 manual Langues disponibles: English Deutsch\" \/>\n<meta property=\"og:url\" content=\"https:\/\/biotabs.nl\/fr\/salle-de-formation\/manuels-biotabs\/\" \/>\n<meta property=\"og:site_name\" content=\"BioTabs\" \/>\n<meta property=\"article:publisher\" content=\"https:\/\/www.facebook.com\/biotabs.organics\" \/>\n<meta property=\"article:modified_time\" content=\"2026-01-29T11:55:48+00:00\" \/>\n<meta name=\"twitter:card\" content=\"summary_large_image\" \/>\n<meta name=\"twitter:site\" content=\"@Biotabs\" \/>\n<script type=\"application\/ld+json\" class=\"yoast-schema-graph\">{\"@context\":\"https:\\\/\\\/schema.org\",\"@graph\":[{\"@type\":\"WebPage\",\"@id\":\"https:\\\/\\\/biotabs.nl\\\/fr\\\/salle-de-formation\\\/manuels-biotabs\\\/\",\"url\":\"https:\\\/\\\/biotabs.nl\\\/fr\\\/salle-de-formation\\\/manuels-biotabs\\\/\",\"name\":\"Manuels BioTabs | BioTabs\",\"isPartOf\":{\"@id\":\"https:\\\/\\\/biotabs.nl\\\/fr\\\/#website\"},\"datePublished\":\"2021-09-14T13:53:13+00:00\",\"dateModified\":\"2026-01-29T11:55:48+00:00\",\"breadcrumb\":{\"@id\":\"https:\\\/\\\/biotabs.nl\\\/fr\\\/salle-de-formation\\\/manuels-biotabs\\\/#breadcrumb\"},\"inLanguage\":\"fr-FR\",\"potentialAction\":[{\"@type\":\"ReadAction\",\"target\":[\"https:\\\/\\\/biotabs.nl\\\/fr\\\/salle-de-formation\\\/manuels-biotabs\\\/\"]}]},{\"@type\":\"BreadcrumbList\",\"@id\":\"https:\\\/\\\/biotabs.nl\\\/fr\\\/salle-de-formation\\\/manuels-biotabs\\\/#breadcrumb\",\"itemListElement\":[{\"@type\":\"ListItem\",\"position\":1,\"name\":\"Home\",\"item\":\"https:\\\/\\\/biotabs.nl\\\/fr\\\/\"},{\"@type\":\"ListItem\",\"position\":2,\"name\":\"Salle de formation\",\"item\":\"https:\\\/\\\/biotabs.nl\\\/fr\\\/salle-de-formation\\\/\"},{\"@type\":\"ListItem\",\"position\":3,\"name\":\"Manuels BioTabs\"}]},{\"@type\":\"WebSite\",\"@id\":\"https:\\\/\\\/biotabs.nl\\\/fr\\\/#website\",\"url\":\"https:\\\/\\\/biotabs.nl\\\/fr\\\/\",\"name\":\"BioTabs\",\"description\":\"Easy by Nature\",\"publisher\":{\"@id\":\"https:\\\/\\\/biotabs.nl\\\/fr\\\/#organization\"},\"potentialAction\":[{\"@type\":\"SearchAction\",\"target\":{\"@type\":\"EntryPoint\",\"urlTemplate\":\"https:\\\/\\\/biotabs.nl\\\/fr\\\/?s={search_term_string}\"},\"query-input\":{\"@type\":\"PropertyValueSpecification\",\"valueRequired\":true,\"valueName\":\"search_term_string\"}}],\"inLanguage\":\"fr-FR\"},{\"@type\":\"Organization\",\"@id\":\"https:\\\/\\\/biotabs.nl\\\/fr\\\/#organization\",\"name\":\"BioTabs Easy by Nature\",\"url\":\"https:\\\/\\\/biotabs.nl\\\/fr\\\/\",\"logo\":{\"@type\":\"ImageObject\",\"inLanguage\":\"fr-FR\",\"@id\":\"https:\\\/\\\/biotabs.nl\\\/fr\\\/#\\\/schema\\\/logo\\\/image\\\/\",\"url\":\"https:\\\/\\\/biotabs.nl\\\/wp-content\\\/uploads\\\/logo.png\",\"contentUrl\":\"https:\\\/\\\/biotabs.nl\\\/wp-content\\\/uploads\\\/logo.png\",\"width\":200,\"height\":200,\"caption\":\"BioTabs Easy by Nature\"},\"image\":{\"@id\":\"https:\\\/\\\/biotabs.nl\\\/fr\\\/#\\\/schema\\\/logo\\\/image\\\/\"},\"sameAs\":[\"https:\\\/\\\/www.facebook.com\\\/biotabs.organics\",\"https:\\\/\\\/x.com\\\/Biotabs\",\"https:\\\/\\\/instagram.com\\\/biotabsorganics\",\"https:\\\/\\\/www.youtube.com\\\/channel\\\/UCY3QAw9DEfk_tuhQj0NdNxA\"]}]}<\/script>\n<!-- \/ Yoast SEO Premium plugin. -->","yoast_head_json":{"title":"Manuels BioTabs | BioTabs","robots":{"index":"index","follow":"follow","max-snippet":"max-snippet:-1","max-image-preview":"max-image-preview:large","max-video-preview":"max-video-preview:-1"},"canonical":"https:\/\/biotabs.nl\/fr\/salle-de-formation\/manuels-biotabs\/","og_locale":"fr_FR","og_type":"article","og_title":"Manuels BioTabs","og_description":"Boom Boom Spray manual Langues disponibles: English Espa\u00f1ol Deutsch Organic cultivation manual Langues disponibles: English Espa\u00f1ol Deutsch PK Booster Compost Tea manual Langues disponibles: English Espa\u00f1ol Deutsch Bio PK 5-8 manual Langues disponibles: English Deutsch","og_url":"https:\/\/biotabs.nl\/fr\/salle-de-formation\/manuels-biotabs\/","og_site_name":"BioTabs","article_publisher":"https:\/\/www.facebook.com\/biotabs.organics","article_modified_time":"2026-01-29T11:55:48+00:00","twitter_card":"summary_large_image","twitter_site":"@Biotabs","schema":{"@context":"https:\/\/schema.org","@graph":[{"@type":"WebPage","@id":"https:\/\/biotabs.nl\/fr\/salle-de-formation\/manuels-biotabs\/","url":"https:\/\/biotabs.nl\/fr\/salle-de-formation\/manuels-biotabs\/","name":"Manuels BioTabs | BioTabs","isPartOf":{"@id":"https:\/\/biotabs.nl\/fr\/#website"},"datePublished":"2021-09-14T13:53:13+00:00","dateModified":"2026-01-29T11:55:48+00:00","breadcrumb":{"@id":"https:\/\/biotabs.nl\/fr\/salle-de-formation\/manuels-biotabs\/#breadcrumb"},"inLanguage":"fr-FR","potentialAction":[{"@type":"ReadAction","target":["https:\/\/biotabs.nl\/fr\/salle-de-formation\/manuels-biotabs\/"]}]},{"@type":"BreadcrumbList","@id":"https:\/\/biotabs.nl\/fr\/salle-de-formation\/manuels-biotabs\/#breadcrumb","itemListElement":[{"@type":"ListItem","position":1,"name":"Home","item":"https:\/\/biotabs.nl\/fr\/"},{"@type":"ListItem","position":2,"name":"Salle de formation","item":"https:\/\/biotabs.nl\/fr\/salle-de-formation\/"},{"@type":"ListItem","position":3,"name":"Manuels BioTabs"}]},{"@type":"WebSite","@id":"https:\/\/biotabs.nl\/fr\/#website","url":"https:\/\/biotabs.nl\/fr\/","name":"BioTabs","description":"Easy by Nature","publisher":{"@id":"https:\/\/biotabs.nl\/fr\/#organization"},"potentialAction":[{"@type":"SearchAction","target":{"@type":"EntryPoint","urlTemplate":"https:\/\/biotabs.nl\/fr\/?s={search_term_string}"},"query-input":{"@type":"PropertyValueSpecification","valueRequired":true,"valueName":"search_term_string"}}],"inLanguage":"fr-FR"},{"@type":"Organization","@id":"https:\/\/biotabs.nl\/fr\/#organization","name":"BioTabs Easy by Nature","url":"https:\/\/biotabs.nl\/fr\/","logo":{"@type":"ImageObject","inLanguage":"fr-FR","@id":"https:\/\/biotabs.nl\/fr\/#\/schema\/logo\/image\/","url":"https:\/\/biotabs.nl\/wp-content\/uploads\/logo.png","contentUrl":"https:\/\/biotabs.nl\/wp-content\/uploads\/logo.png","width":200,"height":200,"caption":"BioTabs Easy by Nature"},"image":{"@id":"https:\/\/biotabs.nl\/fr\/#\/schema\/logo\/image\/"},"sameAs":["https:\/\/www.facebook.com\/biotabs.organics","https:\/\/x.com\/Biotabs","https:\/\/instagram.com\/biotabsorganics","https:\/\/www.youtube.com\/channel\/UCY3QAw9DEfk_tuhQj0NdNxA"]}]}},"_links":{"self":[{"href":"https:\/\/biotabs.nl\/fr\/wp-json\/wp\/v2\/pages\/1097","targetHints":{"allow":["GET"]}}],"collection":[{"href":"https:\/\/biotabs.nl\/fr\/wp-json\/wp\/v2\/pages"}],"about":[{"href":"https:\/\/biotabs.nl\/fr\/wp-json\/wp\/v2\/types\/page"}],"author":[{"embeddable":true,"href":"https:\/\/biotabs.nl\/fr\/wp-json\/wp\/v2\/users\/1"}],"replies":[{"embeddable":true,"href":"https:\/\/biotabs.nl\/fr\/wp-json\/wp\/v2\/comments?post=1097"}],"version-history":[{"count":25,"href":"https:\/\/biotabs.nl\/fr\/wp-json\/wp\/v2\/pages\/1097\/revisions"}],"predecessor-version":[{"id":17192,"href":"https:\/\/biotabs.nl\/fr\/wp-json\/wp\/v2\/pages\/1097\/revisions\/17192"}],"up":[{"embeddable":true,"href":"https:\/\/biotabs.nl\/fr\/wp-json\/wp\/v2\/pages\/1084"}],"wp:attachment":[{"href":"https:\/\/biotabs.nl\/fr\/wp-json\/wp\/v2\/media?parent=1097"}],"curies":[{"name":"wp","href":"https:\/\/api.w.org\/{rel}","templated":true}]}}