
{"id":1101,"date":"2021-09-14T14:56:52","date_gmt":"2021-09-14T13:56:52","guid":{"rendered":"https:\/\/biotabs.nl\/?page_id=1101"},"modified":"2021-09-14T14:56:52","modified_gmt":"2021-09-14T13:56:52","slug":"la-vie-du-sol","status":"publish","type":"page","link":"https:\/\/biotabs.nl\/fr\/salle-de-formation\/la-vie-du-sol\/","title":{"rendered":"La Vie du sol"},"content":{"rendered":"<div id=\"pl-1101\"  class=\"panel-layout\" ><div id=\"pg-1101-0\"  class=\"panel-grid panel-no-style\" ><div id=\"pgc-1101-0-0\"  class=\"panel-grid-cell\" ><div id=\"panel-1101-0-0-0\" class=\"so-panel widget widget_sow-editor panel-first-child widgetopts-SO\" data-index=\"0\" ><div\n\t\t\t\n\t\t\tclass=\"so-widget-sow-editor so-widget-sow-editor-base\"\n\t\t\t\n\t\t><h2 class=\"widget-title\">BioTabs, facile par nature<\/h2>\n<div class=\"siteorigin-widget-tinymce textwidget\">\n\t<p>BioTabs est une strat\u00e9gie intelligente r\u00e9cemment d\u00e9velopp\u00e9e pour la culture biologique, qui est bas\u00e9e sur la commodit\u00e9, l'efficacit\u00e9 et la qualit\u00e9. La culture biologique semble compliqu\u00e9e, mais il s'agit essentiellement de la mani\u00e8re la plus simple et la plus pure de cultiver. Dans la nature, les insectes, les champignons et les bact\u00e9ries du sol d\u00e9composent les r\u00e9sidus animaux et v\u00e9g\u00e9taux. Ces insectes, champignons et bact\u00e9ries constituent ce qu'on appelle l'organisme du sol. L'organisme du sol d\u00e9compose la mati\u00e8re organique et la transforme en nourriture pour les plantes. De cette fa\u00e7on, les plantes et les animaux morts constituent une source de nourriture pour la nouvelle vie.<\/p>\n<\/div>\n<\/div><\/div><div id=\"panel-1101-0-0-1\" class=\"so-panel widget widget_sow-editor widgetopts-SO\" data-index=\"1\" ><div\n\t\t\t\n\t\t\tclass=\"so-widget-sow-editor so-widget-sow-editor-base\"\n\t\t\t\n\t\t><h2 class=\"widget-title\">En plein air, dans le sol ouvert<\/h2>\n<div class=\"siteorigin-widget-tinymce textwidget\">\n\t<p>La base de la culture biologique est l'utilisation de compost, ou d'autres d\u00e9chets organiques d\u00e9compos\u00e9s. L'organisme du sol transforme le compost en nourriture naturelle pour les plantes et en humus. Ces derni\u00e8res ann\u00e9es, de nombreux d\u00e9veloppements ont eu lieu dans le domaine du compostage. Le bokashi, le lombricompostage et m\u00eame le compost de la mouche du soldat noir et le th\u00e9 de compost inspirent de nombreux cultivateurs. L'ajout de bact\u00e9ries et de champignons du sol permet au sol de d\u00e9composer davantage de mati\u00e8res organiques et de les transformer en \u00e9l\u00e9ments alimentaires pour les plantes. De cette mani\u00e8re, le sol devient une usine NPK qui fonctionne 24 heures sur 24 et 7 jours sur 7 ! Un organisme du sol sain pr\u00e9sente un autre avantage. Certains champignons (Trichoderma) prot\u00e8gent les plantes des agents pathog\u00e8nes. D'autres champignons (Mycorrhiza) travaillent avec la plante et stimulent la croissance du syst\u00e8me racinaire de la plante.<\/p>\n<\/div>\n<\/div><\/div><div id=\"panel-1101-0-0-2\" class=\"so-panel widget widget_sow-editor widgetopts-SO\" data-index=\"2\" ><div\n\t\t\t\n\t\t\tclass=\"so-widget-sow-editor so-widget-sow-editor-base\"\n\t\t\t\n\t\t><h2 class=\"widget-title\">A l'int\u00e9rieur: BioTabs<\/h2>\n<div class=\"siteorigin-widget-tinymce textwidget\">\n\t<p>Tout le monde ne peut ou ne veut pas produire son propre lombricompost, ou bokashi. En outre, l'utilisation de lampes de culture en int\u00e9rieur exige beaucoup des plantes. Pour les situations qui exigent beaucoup des plantes, BioTabs a d\u00e9velopp\u00e9 une gamme sp\u00e9ciale d'aliments biologiques pour plantes, bas\u00e9e sur l'innovation et la simplicit\u00e9. Cette gamme se compose d'un super-compost auquel est ajout\u00e9e une source d'azote organique \u00e0 lib\u00e9ration lente. BioTabs ajoute \u00e9galement des biotechnologies innovantes, telles que la mycorhize et d'autres organismes du sol, \u00e0 la m\u00e9thode de culture. L'utilisation de ces organismes du sol fait de BioTabs une strat\u00e9gie particuli\u00e8rement efficace pour la culture biologique. BioTabs a \u00e9t\u00e9 largement test\u00e9 sur le terrain et fait d\u00e9j\u00e0 le bonheur de nombreux cultivateurs.<\/p>\n<\/div>\n<\/div><\/div><div id=\"panel-1101-0-0-3\" class=\"so-panel widget widget_sow-editor panel-last-child widgetopts-SO\" data-index=\"3\" ><div\n\t\t\t\n\t\t\tclass=\"so-widget-sow-editor so-widget-sow-editor-base\"\n\t\t\t\n\t\t><h2 class=\"widget-title\">Rapide et facile<\/h2>\n<div class=\"siteorigin-widget-tinymce textwidget\">\n\t<p>BioTabs rend la culture biologique tr\u00e8s simple. Le cultivateur pr\u00e9pare le terreau ou le coco dans les pots en quelques minutes seulement avec l'organisme, la nourriture et l'humus BioTabs. Ensuite, la plante peut \u00eatre mise en pot et le cultivateur n'a plus qu'\u00e0 l'arroser jusqu'\u00e0 la r\u00e9colte. Facile comme bonjour ! L'arrosage peut \u00eatre automatis\u00e9 gr\u00e2ce \u00e0 la strat\u00e9gie sophistiqu\u00e9e de BioTabs, par exemple avec le syst\u00e8me Auto-pot. La strat\u00e9gie BioTabs est une m\u00e9thode de culture qui permet de gagner beaucoup de temps et qui ne peut pratiquement jamais se tromper. Mais, bien s\u00fbr, la commodit\u00e9 n'est pas le seul crit\u00e8re qui compte ; BioTabs garantit surtout un rendement de haute qualit\u00e9. BioTabs est une strat\u00e9gie de culture biologique tr\u00e8s adapt\u00e9e aux cultivateurs d'int\u00e9rieur et aux cultivateurs qui cultivent en conteneurs, en terre et en terre de coco.<\/p>\n<\/div>\n<\/div><\/div><\/div><\/div><\/div>","protected":false},"excerpt":{"rendered":"<p>BioTabs est une strat\u00e9gie intelligente r\u00e9cemment d\u00e9velopp\u00e9e pour la culture biologique, qui est bas\u00e9e sur la commodit\u00e9, l&rsquo;efficacit\u00e9 et la qualit\u00e9. La culture biologique semble compliqu\u00e9e, mais il s&rsquo;agit essentiellement de la mani\u00e8re la plus simple et la plus pure de cultiver. Dans la nature, les insectes, les champignons et les bact\u00e9ries du sol d\u00e9composent [&hellip;]<\/p>\n","protected":false},"author":1,"featured_media":0,"parent":1084,"menu_order":0,"comment_status":"closed","ping_status":"closed","template":"","meta":{"_acf_changed":false,"footnotes":""},"class_list":["post-1101","page","type-page","status-publish","hentry"],"acf":[],"yoast_head":"<!-- This site is optimized with the Yoast SEO Premium plugin v25.8 (Yoast SEO v27.4) - https:\/\/yoast.com\/product\/yoast-seo-premium-wordpress\/ -->\n<title>La Vie du sol | BioTabs<\/title>\n<meta name=\"robots\" content=\"index, follow, max-snippet:-1, max-image-preview:large, max-video-preview:-1\" \/>\n<link rel=\"canonical\" href=\"https:\/\/biotabs.nl\/fr\/salle-de-formation\/la-vie-du-sol\/\" \/>\n<meta property=\"og:locale\" content=\"fr_FR\" \/>\n<meta property=\"og:type\" content=\"article\" \/>\n<meta property=\"og:title\" content=\"La Vie du sol\" \/>\n<meta property=\"og:description\" content=\"BioTabs est une strat\u00e9gie intelligente r\u00e9cemment d\u00e9velopp\u00e9e pour la culture biologique, qui est bas\u00e9e sur la commodit\u00e9, l&#039;efficacit\u00e9 et la qualit\u00e9. La culture biologique semble compliqu\u00e9e, mais il s&#039;agit essentiellement de la mani\u00e8re la plus simple et la plus pure de cultiver. Dans la nature, les insectes, les champignons et les bact\u00e9ries du sol d\u00e9composent [&hellip;]\" \/>\n<meta property=\"og:url\" content=\"https:\/\/biotabs.nl\/fr\/salle-de-formation\/la-vie-du-sol\/\" \/>\n<meta property=\"og:site_name\" content=\"BioTabs\" \/>\n<meta property=\"article:publisher\" content=\"https:\/\/www.facebook.com\/biotabs.organics\" \/>\n<meta name=\"twitter:card\" content=\"summary_large_image\" \/>\n<meta name=\"twitter:site\" content=\"@Biotabs\" \/>\n<meta name=\"twitter:label1\" content=\"Dur\u00e9e de lecture estim\u00e9e\" \/>\n\t<meta name=\"twitter:data1\" content=\"3 minutes\" \/>\n<script type=\"application\/ld+json\" class=\"yoast-schema-graph\">{\"@context\":\"https:\\\/\\\/schema.org\",\"@graph\":[{\"@type\":\"WebPage\",\"@id\":\"https:\\\/\\\/biotabs.nl\\\/fr\\\/salle-de-formation\\\/la-vie-du-sol\\\/\",\"url\":\"https:\\\/\\\/biotabs.nl\\\/fr\\\/salle-de-formation\\\/la-vie-du-sol\\\/\",\"name\":\"La Vie du sol | BioTabs\",\"isPartOf\":{\"@id\":\"https:\\\/\\\/biotabs.nl\\\/fr\\\/#website\"},\"datePublished\":\"2021-09-14T13:56:52+00:00\",\"breadcrumb\":{\"@id\":\"https:\\\/\\\/biotabs.nl\\\/fr\\\/salle-de-formation\\\/la-vie-du-sol\\\/#breadcrumb\"},\"inLanguage\":\"fr-FR\",\"potentialAction\":[{\"@type\":\"ReadAction\",\"target\":[\"https:\\\/\\\/biotabs.nl\\\/fr\\\/salle-de-formation\\\/la-vie-du-sol\\\/\"]}]},{\"@type\":\"BreadcrumbList\",\"@id\":\"https:\\\/\\\/biotabs.nl\\\/fr\\\/salle-de-formation\\\/la-vie-du-sol\\\/#breadcrumb\",\"itemListElement\":[{\"@type\":\"ListItem\",\"position\":1,\"name\":\"Home\",\"item\":\"https:\\\/\\\/biotabs.nl\\\/fr\\\/\"},{\"@type\":\"ListItem\",\"position\":2,\"name\":\"Salle de formation\",\"item\":\"https:\\\/\\\/biotabs.nl\\\/fr\\\/salle-de-formation\\\/\"},{\"@type\":\"ListItem\",\"position\":3,\"name\":\"La Vie du sol\"}]},{\"@type\":\"WebSite\",\"@id\":\"https:\\\/\\\/biotabs.nl\\\/fr\\\/#website\",\"url\":\"https:\\\/\\\/biotabs.nl\\\/fr\\\/\",\"name\":\"BioTabs\",\"description\":\"Easy by Nature\",\"publisher\":{\"@id\":\"https:\\\/\\\/biotabs.nl\\\/fr\\\/#organization\"},\"potentialAction\":[{\"@type\":\"SearchAction\",\"target\":{\"@type\":\"EntryPoint\",\"urlTemplate\":\"https:\\\/\\\/biotabs.nl\\\/fr\\\/?s={search_term_string}\"},\"query-input\":{\"@type\":\"PropertyValueSpecification\",\"valueRequired\":true,\"valueName\":\"search_term_string\"}}],\"inLanguage\":\"fr-FR\"},{\"@type\":\"Organization\",\"@id\":\"https:\\\/\\\/biotabs.nl\\\/fr\\\/#organization\",\"name\":\"BioTabs Easy by Nature\",\"url\":\"https:\\\/\\\/biotabs.nl\\\/fr\\\/\",\"logo\":{\"@type\":\"ImageObject\",\"inLanguage\":\"fr-FR\",\"@id\":\"https:\\\/\\\/biotabs.nl\\\/fr\\\/#\\\/schema\\\/logo\\\/image\\\/\",\"url\":\"https:\\\/\\\/biotabs.nl\\\/wp-content\\\/uploads\\\/logo.png\",\"contentUrl\":\"https:\\\/\\\/biotabs.nl\\\/wp-content\\\/uploads\\\/logo.png\",\"width\":200,\"height\":200,\"caption\":\"BioTabs Easy by Nature\"},\"image\":{\"@id\":\"https:\\\/\\\/biotabs.nl\\\/fr\\\/#\\\/schema\\\/logo\\\/image\\\/\"},\"sameAs\":[\"https:\\\/\\\/www.facebook.com\\\/biotabs.organics\",\"https:\\\/\\\/x.com\\\/Biotabs\",\"https:\\\/\\\/instagram.com\\\/biotabsorganics\",\"https:\\\/\\\/www.youtube.com\\\/channel\\\/UCY3QAw9DEfk_tuhQj0NdNxA\"]}]}<\/script>\n<!-- \/ Yoast SEO Premium plugin. -->","yoast_head_json":{"title":"La Vie du sol | BioTabs","robots":{"index":"index","follow":"follow","max-snippet":"max-snippet:-1","max-image-preview":"max-image-preview:large","max-video-preview":"max-video-preview:-1"},"canonical":"https:\/\/biotabs.nl\/fr\/salle-de-formation\/la-vie-du-sol\/","og_locale":"fr_FR","og_type":"article","og_title":"La Vie du sol","og_description":"BioTabs est une strat\u00e9gie intelligente r\u00e9cemment d\u00e9velopp\u00e9e pour la culture biologique, qui est bas\u00e9e sur la commodit\u00e9, l'efficacit\u00e9 et la qualit\u00e9. La culture biologique semble compliqu\u00e9e, mais il s'agit essentiellement de la mani\u00e8re la plus simple et la plus pure de cultiver. Dans la nature, les insectes, les champignons et les bact\u00e9ries du sol d\u00e9composent [&hellip;]","og_url":"https:\/\/biotabs.nl\/fr\/salle-de-formation\/la-vie-du-sol\/","og_site_name":"BioTabs","article_publisher":"https:\/\/www.facebook.com\/biotabs.organics","twitter_card":"summary_large_image","twitter_site":"@Biotabs","twitter_misc":{"Dur\u00e9e de lecture estim\u00e9e":"3 minutes"},"schema":{"@context":"https:\/\/schema.org","@graph":[{"@type":"WebPage","@id":"https:\/\/biotabs.nl\/fr\/salle-de-formation\/la-vie-du-sol\/","url":"https:\/\/biotabs.nl\/fr\/salle-de-formation\/la-vie-du-sol\/","name":"La Vie du sol | BioTabs","isPartOf":{"@id":"https:\/\/biotabs.nl\/fr\/#website"},"datePublished":"2021-09-14T13:56:52+00:00","breadcrumb":{"@id":"https:\/\/biotabs.nl\/fr\/salle-de-formation\/la-vie-du-sol\/#breadcrumb"},"inLanguage":"fr-FR","potentialAction":[{"@type":"ReadAction","target":["https:\/\/biotabs.nl\/fr\/salle-de-formation\/la-vie-du-sol\/"]}]},{"@type":"BreadcrumbList","@id":"https:\/\/biotabs.nl\/fr\/salle-de-formation\/la-vie-du-sol\/#breadcrumb","itemListElement":[{"@type":"ListItem","position":1,"name":"Home","item":"https:\/\/biotabs.nl\/fr\/"},{"@type":"ListItem","position":2,"name":"Salle de formation","item":"https:\/\/biotabs.nl\/fr\/salle-de-formation\/"},{"@type":"ListItem","position":3,"name":"La Vie du sol"}]},{"@type":"WebSite","@id":"https:\/\/biotabs.nl\/fr\/#website","url":"https:\/\/biotabs.nl\/fr\/","name":"BioTabs","description":"Easy by Nature","publisher":{"@id":"https:\/\/biotabs.nl\/fr\/#organization"},"potentialAction":[{"@type":"SearchAction","target":{"@type":"EntryPoint","urlTemplate":"https:\/\/biotabs.nl\/fr\/?s={search_term_string}"},"query-input":{"@type":"PropertyValueSpecification","valueRequired":true,"valueName":"search_term_string"}}],"inLanguage":"fr-FR"},{"@type":"Organization","@id":"https:\/\/biotabs.nl\/fr\/#organization","name":"BioTabs Easy by Nature","url":"https:\/\/biotabs.nl\/fr\/","logo":{"@type":"ImageObject","inLanguage":"fr-FR","@id":"https:\/\/biotabs.nl\/fr\/#\/schema\/logo\/image\/","url":"https:\/\/biotabs.nl\/wp-content\/uploads\/logo.png","contentUrl":"https:\/\/biotabs.nl\/wp-content\/uploads\/logo.png","width":200,"height":200,"caption":"BioTabs Easy by Nature"},"image":{"@id":"https:\/\/biotabs.nl\/fr\/#\/schema\/logo\/image\/"},"sameAs":["https:\/\/www.facebook.com\/biotabs.organics","https:\/\/x.com\/Biotabs","https:\/\/instagram.com\/biotabsorganics","https:\/\/www.youtube.com\/channel\/UCY3QAw9DEfk_tuhQj0NdNxA"]}]}},"_links":{"self":[{"href":"https:\/\/biotabs.nl\/fr\/wp-json\/wp\/v2\/pages\/1101","targetHints":{"allow":["GET"]}}],"collection":[{"href":"https:\/\/biotabs.nl\/fr\/wp-json\/wp\/v2\/pages"}],"about":[{"href":"https:\/\/biotabs.nl\/fr\/wp-json\/wp\/v2\/types\/page"}],"author":[{"embeddable":true,"href":"https:\/\/biotabs.nl\/fr\/wp-json\/wp\/v2\/users\/1"}],"replies":[{"embeddable":true,"href":"https:\/\/biotabs.nl\/fr\/wp-json\/wp\/v2\/comments?post=1101"}],"version-history":[{"count":0,"href":"https:\/\/biotabs.nl\/fr\/wp-json\/wp\/v2\/pages\/1101\/revisions"}],"up":[{"embeddable":true,"href":"https:\/\/biotabs.nl\/fr\/wp-json\/wp\/v2\/pages\/1084"}],"wp:attachment":[{"href":"https:\/\/biotabs.nl\/fr\/wp-json\/wp\/v2\/media?parent=1101"}],"curies":[{"name":"wp","href":"https:\/\/api.w.org\/{rel}","templated":true}]}}