
{"id":777,"date":"2021-08-24T15:59:46","date_gmt":"2021-08-24T14:59:46","guid":{"rendered":"https:\/\/biotabs.nl\/?page_id=777"},"modified":"2021-08-24T15:59:46","modified_gmt":"2021-08-24T14:59:46","slug":"conditions-generales","status":"publish","type":"page","link":"https:\/\/biotabs.nl\/fr\/conditions-generales\/","title":{"rendered":"Conditions g\u00e9n\u00e9rales"},"content":{"rendered":"<h2>1 Acceptation de l&rsquo;utilisation selon les conditions g\u00e9n\u00e9rales d&rsquo;utilisation de Biohorti S.L.U. &#8211; BioTabs<\/h2>\n<p>Votre acc\u00e8s et votre utilisation du site web \u00ab\u00a0Biohorti S.L.U. &#8211; BioTabs\u00a0\u00bb sont exclusivement soumis aux pr\u00e9sentes conditions g\u00e9n\u00e9rales d\u2019utilisation. Vous n&rsquo;utiliserez pas le site web \u00e0 des fins ill\u00e9gales ou interdites par les pr\u00e9sentes conditions g\u00e9n\u00e9rales. En utilisant le site web, vous acceptez dans leur int\u00e9gralit\u00e9 les termes, conditions et avis juridiques sp\u00e9cifi\u00e9s dans le pr\u00e9sent avis. Si vous n&rsquo;acceptez pas les pr\u00e9sentes conditions g\u00e9n\u00e9rales, vous devez imm\u00e9diatement cesser d&rsquo;utiliser le site web.<\/p>\n<h2>2 CONSEILS JURIDIQUES<\/h2>\n<p>Le contenu du site web \u00ab\u00a0Biohorti S.L.U. &#8211; BioTabs\u00a0\u00bb ne constitue pas un avis juridique et ne doit pas servir de base \u00e0 une quelconque d\u00e9cision.<\/p>\n<p>Toutes les informations contenues dans le site web et le mat\u00e9riel imprim\u00e9 de \u00ab\u00a0Biohorti S.L.U. &#8211; BioTabs\u00a0\u00bb sont fournies sans garantie d&rsquo;aucune sorte. L&rsquo;utilisation des informations fournies par \u00ab\u00a0Biohorti S.L.U. &#8211; BioTabs\u00a0\u00bb se fait \u00e0 vos propres risques.<\/p>\n<h2>3 CHANGEMENT D&rsquo;UTILISATION<\/h2>\n<p>\u00ab\u00a0Biohorti S.L.U. &#8211; BioTabs\u00a0\u00bb se r\u00e9serve le droit de :<\/p>\n<p>3.1 Modifier ou supprimer (temporairement ou d\u00e9finitivement) le site Web ou toute partie de celui-ci, sans pr\u00e9avis et avec votre consentement implicite, sans que \u00ab\u00a0Biohorti S.L.U. &#8211; BioTabs\u00a0\u00bb ne puisse \u00eatre tenu responsable de toute responsabilit\u00e9 li\u00e9e \u00e0 de telles modifications ou suppressions.<\/p>\n<p>3.2 Les pr\u00e9sentes conditions g\u00e9n\u00e9rales peuvent \u00eatre modifi\u00e9es \u00e0 tout moment, et le fait de continuer \u00e0 utiliser le site web apr\u00e8s de telles modifications constitue votre acceptation de ces modifications.<\/p>\n<h2>4 COMMANDES<\/h2>\n<p>Avis important pour les clients : Il est de votre responsabilit\u00e9 de v\u00e9rifier le statut l\u00e9gal et les r\u00e8glements d&rsquo;importation de votre pays avant de passer une commande aupr\u00e8s de \u00ab\u00a0Biohorti S.L.U. &#8211; BioTabs\u00a0\u00bb de quelque mani\u00e8re que ce soit, y compris, mais sans s&rsquo;y limiter, par t\u00e9l\u00e9phone, par courriel, par des bons de commande ou par le site web. Nous ne sommes pas responsables des marchandises saisies par les douanes en violation des r\u00e8gles d&rsquo;importation de votre pays.<\/p>\n<h2>5 LIENS VERS DES SITES WEB DE TIERS<\/h2>\n<p>Le site web \u00ab\u00a0Biohorti S.L.U. &#8211; BioTabs\u00a0\u00bb peut inclure des liens vers des sites web de tiers qui sont exploit\u00e9s et maintenus par d&rsquo;autres. Les liens vers d&rsquo;autres sites web ne constituent pas une approbation ou un soutien de ces sites et vous reconnaissez et acceptez que nous ne sommes pas responsables du contenu ou de la disponibilit\u00e9 de ces sites.<\/p>\n<h2>6 COPYRIGHT<\/h2>\n<p>6.1 Tous les droits d&rsquo;auteur, marques et autres droits de propri\u00e9t\u00e9 intellectuelle du Site Internet et du mat\u00e9riel imprim\u00e9 fourni par \u201cBiohorti S.L.U. &#8211; BioTabs\u00a0\u00bb (y compris, sans s&rsquo;y limiter, la conception du Site Internet, le texte, les graphiques et tous les logiciels et codes sources associ\u00e9s) sont d\u00e9tenus par \u00a0\u00bb Biohorti S.L.U. &#8211; BioTabs \u00a0\u00bb ou lui sont conc\u00e9d\u00e9s sous licence, ou sont autrement utilis\u00e9s \u00e0 des fins l\u00e9gales par \u00a0\u00bb Biohorti S.L.U. &#8211; BioTabs \u00ab\u00a0.<\/p>\n<p>6.2 En acc\u00e9dant au site web, vous acceptez d&rsquo;acc\u00e9der au contenu uniquement pour votre usage personnel et non commercial. Aucun contenu ne peut \u00eatre t\u00e9l\u00e9charg\u00e9, copi\u00e9, reproduit, transmis, stock\u00e9, vendu ou distribu\u00e9 sans le consentement \u00e9crit pr\u00e9alable du d\u00e9tenteur des droits d&rsquo;auteur. Cela exclut le t\u00e9l\u00e9chargement, la copie et\/ou l&rsquo;impression de pages du site web pour un usage personnel\/individuel et non commercial uniquement.<\/p>\n<h2>7 LIENS VERS\/DEPUIS D&rsquo;AUTRES SITES WEB<\/h2>\n<p>7.1 Sur ce site web, vous pouvez trouver des liens vers des sites web de tiers. L&rsquo;existence d&rsquo;un lien vers un tel site n&rsquo;implique pas que nous approuvions ce site. La visite d&rsquo;un site par le biais d&rsquo;un lien sur ce site Web se fait \u00e0 vos propres risques.<\/p>\n<p>7.2 Toute personne souhaitant cr\u00e9er un lien vers le pr\u00e9sent site web est autoris\u00e9e \u00e0 le faire pour autant que les conditions suivantes soient remplies :<\/p>\n<p>(a) vous ne laisserez pas entendre que nous approuvons les services ou les produits d&rsquo;un tiers, \u00e0 moins qu&rsquo;un accord correspondant ait \u00e9t\u00e9 conclu par \u00e9crit.<\/p>\n<p>(b) vous ne ferez pas de fausse repr\u00e9sentation de votre lien avec ce site Web ; et<\/p>\n<p>(c) la page web \u00e0 partir de laquelle vous vous connectez \u00e0 ce site web ne contient pas de contenu offensant ou controvers\u00e9 de quelque mani\u00e8re que ce soit, ni de contenu qui enfreint la propri\u00e9t\u00e9 intellectuelle ou d&rsquo;autres droits d&rsquo;un tiers.<\/p>\n<p>7.3 Si vous cr\u00e9ez un lien vers ce site Web en violation de nos conditions, vous nous indemniserez pour toute perte ou tout dommage subi par ce site Web en raison de ce lien.<\/p>\n<h2>8 CLAUSES DE NON-RESPONSABILIT\u00c9 ET LIMITATION DE LA RESPONSABILIT\u00c9<\/h2>\n<p>8.1 Le site Web est fourni \u00a0\u00bb EN L&rsquo;\u00c9TAT \u00a0\u00bb et \u00a0\u00bb TEL QUE DISPONIBLE \u00a0\u00bb sans aucune repr\u00e9sentation ou approbation et sans garantie d&rsquo;aucune sorte, expresse ou implicite, y compris, mais sans s&rsquo;y limiter, les garanties implicites de qualit\u00e9 satisfaisante, d&rsquo;ad\u00e9quation \u00e0 un usage particulier, de non-violation, de compatibilit\u00e9, de s\u00e9curit\u00e9 et d&rsquo;exactitude.<\/p>\n<p>8.2 Dans toute la mesure permise par la loi, \u00ab\u00a0Biohorti S.L.U. &#8211; BioTabs\u201d ne sera pas responsable de toute perte ou de tout dommage indirect ou cons\u00e9cutif (y compris, mais sans s&rsquo;y limiter, la perte d&rsquo;activit\u00e9, d&rsquo;opportunit\u00e9, de donn\u00e9es, de b\u00e9n\u00e9fices) d\u00e9coulant de l&rsquo;utilisation de ce site Web ou en rapport avec celle-ci.<\/p>\n<p>8.3 \u00ab\u00a0Biohorti S.L.U. &#8211; BioTabs\u00a0\u00bb ne garantit pas que la fonctionnalit\u00e9 du site Internet sera ininterrompue ou exempte d&rsquo;erreurs, que les d\u00e9fauts seront rectifi\u00e9s ou que le site Internet ou le serveur qui le rend disponible sont exempts de virus ou de tout autre \u00e9l\u00e9ment nuisible ou destructeur. Malgr\u00e9 cela, nous nous effor\u00e7ons, \u00e0 l&rsquo;aide de scanners de logiciels malveillants quotidiens, de limiter l&rsquo;exposition des utilisateurs \u00e0 tout code nuisible.<\/p>\n<p>8.4 Aucune disposition des pr\u00e9sentes Conditions g\u00e9n\u00e9rales ne doit \u00eatre interpr\u00e9t\u00e9e comme excluant ou limitant la responsabilit\u00e9 de \u00a0\u00bb Biohorti S.L.U. &#8211; BioTabs \u00a0\u00bb en cas de d\u00e9c\u00e8s ou de pr\u00e9judice corporel r\u00e9sultant de la n\u00e9gligence de \u00a0\u00bb Biohorti S.L.U. &#8211; BioTabs \u00a0\u00bb ou de ses employ\u00e9s ou agents.<\/p>\n<h2>9 INDEMNIT\u00c9<\/h2>\n<p>Vous acceptez d&rsquo;indemniser et de d\u00e9gager \u00ab\u00a0Biohorti S.L.U. &#8211; BioTabs\u00a0\u00bb et ses employ\u00e9s et agents de toute responsabilit\u00e9 en cas de frais de justice, de dommages, de pertes et de d\u00e9penses li\u00e9s \u00e0 toute r\u00e9clamation ou action contre \u00ab\u00a0Biohorti S.L.U. &#8211; BioTabs\u00a0\u00bb r\u00e9sultant d&rsquo;une violation des pr\u00e9sentes conditions g\u00e9n\u00e9rales ou de toute autre responsabilit\u00e9 d\u00e9coulant de votre utilisation de ce site web.<\/p>\n<h2>10 EXCLUSION<\/h2>\n<p>Si l&rsquo;une des pr\u00e9sentes conditions g\u00e9n\u00e9rales est jug\u00e9e invalide, nulle, ill\u00e9gale ou inapplicable pour quelque raison que ce soit par un tribunal comp\u00e9tent, ladite condition sera supprim\u00e9e et les autres conditions g\u00e9n\u00e9rales resteront en vigueur et continueront \u00e0 \u00eatre contraignantes et applicables.<\/p>\n<h2>11 R\u00c9SILIATION<\/h2>\n<p>Si vous violez les pr\u00e9sentes conditions d&rsquo;utilisation sans que nous prenions de mesures, nous serons toujours en droit d&rsquo;utiliser nos droits et recours dans toute autre situation o\u00f9 vous violeriez les pr\u00e9sentes conditions d&rsquo;utilisation.<\/p>\n<h2>12 DROIT APPLICABLE<\/h2>\n<p>Les pr\u00e9sentes conditions g\u00e9n\u00e9rales seront r\u00e9gies et interpr\u00e9t\u00e9es conform\u00e9ment aux lois espagnoles et vous acceptez par la pr\u00e9sente de vous soumettre \u00e0 la juridiction exclusive des tribunaux espagnols.<\/p>\n<h2>13 INFORMATIONS DE CONTACT, Biohorti S.L.U. &#8211; BioTabs<\/h2>\n<p>Biohorti S.L.U. \u2013 BioTabs<br \/>\nCarrer Sud 1, 08329 Tei\u00e0 &#8211; Espagne.<\/p>\n<p>+34 936 385 174 <a href=\"mailto:info@biotabs.nl\">info@biotabs.nl<\/a><\/p>\n","protected":false},"excerpt":{"rendered":"<p>1 Acceptation de l&rsquo;utilisation selon les conditions g\u00e9n\u00e9rales d&rsquo;utilisation de Biohorti S.L.U. &#8211; BioTabs Votre acc\u00e8s et votre utilisation du site web \u00ab\u00a0Biohorti S.L.U. &#8211; BioTabs\u00a0\u00bb sont exclusivement soumis aux pr\u00e9sentes conditions g\u00e9n\u00e9rales d\u2019utilisation. Vous n&rsquo;utiliserez pas le site web \u00e0 des fins ill\u00e9gales ou interdites par les pr\u00e9sentes conditions g\u00e9n\u00e9rales. En utilisant le site [&hellip;]<\/p>\n","protected":false},"author":1,"featured_media":0,"parent":0,"menu_order":0,"comment_status":"closed","ping_status":"closed","template":"","meta":{"_acf_changed":false,"footnotes":""},"class_list":["post-777","page","type-page","status-publish","hentry"],"acf":[],"yoast_head":"<!-- This site is optimized with the Yoast SEO Premium plugin v25.8 (Yoast SEO v27.4) - https:\/\/yoast.com\/product\/yoast-seo-premium-wordpress\/ -->\n<title>Conditions g\u00e9n\u00e9rales | BioTabs<\/title>\n<meta name=\"robots\" content=\"index, follow, max-snippet:-1, max-image-preview:large, max-video-preview:-1\" \/>\n<link rel=\"canonical\" href=\"https:\/\/biotabs.nl\/fr\/conditions-generales\/\" \/>\n<meta property=\"og:locale\" content=\"fr_FR\" \/>\n<meta property=\"og:type\" content=\"article\" \/>\n<meta property=\"og:title\" content=\"Conditions g\u00e9n\u00e9rales\" \/>\n<meta property=\"og:description\" content=\"1 Acceptation de l&rsquo;utilisation selon les conditions g\u00e9n\u00e9rales d&rsquo;utilisation de Biohorti S.L.U. &#8211; BioTabs Votre acc\u00e8s et votre utilisation du site web \u00ab\u00a0Biohorti S.L.U. &#8211; BioTabs\u00a0\u00bb sont exclusivement soumis aux pr\u00e9sentes conditions g\u00e9n\u00e9rales d\u2019utilisation. Vous n&rsquo;utiliserez pas le site web \u00e0 des fins ill\u00e9gales ou interdites par les pr\u00e9sentes conditions g\u00e9n\u00e9rales. En utilisant le site [&hellip;]\" \/>\n<meta property=\"og:url\" content=\"https:\/\/biotabs.nl\/fr\/conditions-generales\/\" \/>\n<meta property=\"og:site_name\" content=\"BioTabs\" \/>\n<meta property=\"article:publisher\" content=\"https:\/\/www.facebook.com\/biotabs.organics\" \/>\n<meta name=\"twitter:card\" content=\"summary_large_image\" \/>\n<meta name=\"twitter:site\" content=\"@Biotabs\" \/>\n<meta name=\"twitter:label1\" content=\"Dur\u00e9e de lecture estim\u00e9e\" \/>\n\t<meta name=\"twitter:data1\" content=\"6 minutes\" \/>\n<script type=\"application\/ld+json\" class=\"yoast-schema-graph\">{\"@context\":\"https:\\\/\\\/schema.org\",\"@graph\":[{\"@type\":\"WebPage\",\"@id\":\"https:\\\/\\\/biotabs.nl\\\/fr\\\/conditions-generales\\\/\",\"url\":\"https:\\\/\\\/biotabs.nl\\\/fr\\\/conditions-generales\\\/\",\"name\":\"Conditions g\u00e9n\u00e9rales | BioTabs\",\"isPartOf\":{\"@id\":\"https:\\\/\\\/biotabs.nl\\\/fr\\\/#website\"},\"datePublished\":\"2021-08-24T14:59:46+00:00\",\"breadcrumb\":{\"@id\":\"https:\\\/\\\/biotabs.nl\\\/fr\\\/conditions-generales\\\/#breadcrumb\"},\"inLanguage\":\"fr-FR\",\"potentialAction\":[{\"@type\":\"ReadAction\",\"target\":[\"https:\\\/\\\/biotabs.nl\\\/fr\\\/conditions-generales\\\/\"]}]},{\"@type\":\"BreadcrumbList\",\"@id\":\"https:\\\/\\\/biotabs.nl\\\/fr\\\/conditions-generales\\\/#breadcrumb\",\"itemListElement\":[{\"@type\":\"ListItem\",\"position\":1,\"name\":\"Home\",\"item\":\"https:\\\/\\\/biotabs.nl\\\/fr\\\/\"},{\"@type\":\"ListItem\",\"position\":2,\"name\":\"Conditions g\u00e9n\u00e9rales\"}]},{\"@type\":\"WebSite\",\"@id\":\"https:\\\/\\\/biotabs.nl\\\/fr\\\/#website\",\"url\":\"https:\\\/\\\/biotabs.nl\\\/fr\\\/\",\"name\":\"BioTabs\",\"description\":\"Easy by Nature\",\"publisher\":{\"@id\":\"https:\\\/\\\/biotabs.nl\\\/fr\\\/#organization\"},\"potentialAction\":[{\"@type\":\"SearchAction\",\"target\":{\"@type\":\"EntryPoint\",\"urlTemplate\":\"https:\\\/\\\/biotabs.nl\\\/fr\\\/?s={search_term_string}\"},\"query-input\":{\"@type\":\"PropertyValueSpecification\",\"valueRequired\":true,\"valueName\":\"search_term_string\"}}],\"inLanguage\":\"fr-FR\"},{\"@type\":\"Organization\",\"@id\":\"https:\\\/\\\/biotabs.nl\\\/fr\\\/#organization\",\"name\":\"BioTabs Easy by Nature\",\"url\":\"https:\\\/\\\/biotabs.nl\\\/fr\\\/\",\"logo\":{\"@type\":\"ImageObject\",\"inLanguage\":\"fr-FR\",\"@id\":\"https:\\\/\\\/biotabs.nl\\\/fr\\\/#\\\/schema\\\/logo\\\/image\\\/\",\"url\":\"https:\\\/\\\/biotabs.nl\\\/wp-content\\\/uploads\\\/logo.png\",\"contentUrl\":\"https:\\\/\\\/biotabs.nl\\\/wp-content\\\/uploads\\\/logo.png\",\"width\":200,\"height\":200,\"caption\":\"BioTabs Easy by Nature\"},\"image\":{\"@id\":\"https:\\\/\\\/biotabs.nl\\\/fr\\\/#\\\/schema\\\/logo\\\/image\\\/\"},\"sameAs\":[\"https:\\\/\\\/www.facebook.com\\\/biotabs.organics\",\"https:\\\/\\\/x.com\\\/Biotabs\",\"https:\\\/\\\/instagram.com\\\/biotabsorganics\",\"https:\\\/\\\/www.youtube.com\\\/channel\\\/UCY3QAw9DEfk_tuhQj0NdNxA\"]}]}<\/script>\n<!-- \/ Yoast SEO Premium plugin. -->","yoast_head_json":{"title":"Conditions g\u00e9n\u00e9rales | BioTabs","robots":{"index":"index","follow":"follow","max-snippet":"max-snippet:-1","max-image-preview":"max-image-preview:large","max-video-preview":"max-video-preview:-1"},"canonical":"https:\/\/biotabs.nl\/fr\/conditions-generales\/","og_locale":"fr_FR","og_type":"article","og_title":"Conditions g\u00e9n\u00e9rales","og_description":"1 Acceptation de l&rsquo;utilisation selon les conditions g\u00e9n\u00e9rales d&rsquo;utilisation de Biohorti S.L.U. &#8211; BioTabs Votre acc\u00e8s et votre utilisation du site web \u00ab\u00a0Biohorti S.L.U. &#8211; BioTabs\u00a0\u00bb sont exclusivement soumis aux pr\u00e9sentes conditions g\u00e9n\u00e9rales d\u2019utilisation. Vous n&rsquo;utiliserez pas le site web \u00e0 des fins ill\u00e9gales ou interdites par les pr\u00e9sentes conditions g\u00e9n\u00e9rales. En utilisant le site [&hellip;]","og_url":"https:\/\/biotabs.nl\/fr\/conditions-generales\/","og_site_name":"BioTabs","article_publisher":"https:\/\/www.facebook.com\/biotabs.organics","twitter_card":"summary_large_image","twitter_site":"@Biotabs","twitter_misc":{"Dur\u00e9e de lecture estim\u00e9e":"6 minutes"},"schema":{"@context":"https:\/\/schema.org","@graph":[{"@type":"WebPage","@id":"https:\/\/biotabs.nl\/fr\/conditions-generales\/","url":"https:\/\/biotabs.nl\/fr\/conditions-generales\/","name":"Conditions g\u00e9n\u00e9rales | BioTabs","isPartOf":{"@id":"https:\/\/biotabs.nl\/fr\/#website"},"datePublished":"2021-08-24T14:59:46+00:00","breadcrumb":{"@id":"https:\/\/biotabs.nl\/fr\/conditions-generales\/#breadcrumb"},"inLanguage":"fr-FR","potentialAction":[{"@type":"ReadAction","target":["https:\/\/biotabs.nl\/fr\/conditions-generales\/"]}]},{"@type":"BreadcrumbList","@id":"https:\/\/biotabs.nl\/fr\/conditions-generales\/#breadcrumb","itemListElement":[{"@type":"ListItem","position":1,"name":"Home","item":"https:\/\/biotabs.nl\/fr\/"},{"@type":"ListItem","position":2,"name":"Conditions g\u00e9n\u00e9rales"}]},{"@type":"WebSite","@id":"https:\/\/biotabs.nl\/fr\/#website","url":"https:\/\/biotabs.nl\/fr\/","name":"BioTabs","description":"Easy by Nature","publisher":{"@id":"https:\/\/biotabs.nl\/fr\/#organization"},"potentialAction":[{"@type":"SearchAction","target":{"@type":"EntryPoint","urlTemplate":"https:\/\/biotabs.nl\/fr\/?s={search_term_string}"},"query-input":{"@type":"PropertyValueSpecification","valueRequired":true,"valueName":"search_term_string"}}],"inLanguage":"fr-FR"},{"@type":"Organization","@id":"https:\/\/biotabs.nl\/fr\/#organization","name":"BioTabs Easy by Nature","url":"https:\/\/biotabs.nl\/fr\/","logo":{"@type":"ImageObject","inLanguage":"fr-FR","@id":"https:\/\/biotabs.nl\/fr\/#\/schema\/logo\/image\/","url":"https:\/\/biotabs.nl\/wp-content\/uploads\/logo.png","contentUrl":"https:\/\/biotabs.nl\/wp-content\/uploads\/logo.png","width":200,"height":200,"caption":"BioTabs Easy by Nature"},"image":{"@id":"https:\/\/biotabs.nl\/fr\/#\/schema\/logo\/image\/"},"sameAs":["https:\/\/www.facebook.com\/biotabs.organics","https:\/\/x.com\/Biotabs","https:\/\/instagram.com\/biotabsorganics","https:\/\/www.youtube.com\/channel\/UCY3QAw9DEfk_tuhQj0NdNxA"]}]}},"_links":{"self":[{"href":"https:\/\/biotabs.nl\/fr\/wp-json\/wp\/v2\/pages\/777","targetHints":{"allow":["GET"]}}],"collection":[{"href":"https:\/\/biotabs.nl\/fr\/wp-json\/wp\/v2\/pages"}],"about":[{"href":"https:\/\/biotabs.nl\/fr\/wp-json\/wp\/v2\/types\/page"}],"author":[{"embeddable":true,"href":"https:\/\/biotabs.nl\/fr\/wp-json\/wp\/v2\/users\/1"}],"replies":[{"embeddable":true,"href":"https:\/\/biotabs.nl\/fr\/wp-json\/wp\/v2\/comments?post=777"}],"version-history":[{"count":0,"href":"https:\/\/biotabs.nl\/fr\/wp-json\/wp\/v2\/pages\/777\/revisions"}],"wp:attachment":[{"href":"https:\/\/biotabs.nl\/fr\/wp-json\/wp\/v2\/media?parent=777"}],"curies":[{"name":"wp","href":"https:\/\/api.w.org\/{rel}","templated":true}]}}