
{"id":781,"date":"2021-08-24T16:08:01","date_gmt":"2021-08-24T15:08:01","guid":{"rendered":"https:\/\/biotabs.nl\/?page_id=781"},"modified":"2021-08-24T16:08:01","modified_gmt":"2021-08-24T15:08:01","slug":"politique-de-retour-et-de-remboursement","status":"publish","type":"page","link":"https:\/\/biotabs.nl\/fr\/politique-de-retour-et-de-remboursement\/","title":{"rendered":"Politique de retour et de remboursement"},"content":{"rendered":"<div id=\"pl-781\"  class=\"panel-layout\" ><div id=\"pg-781-0\"  class=\"panel-grid panel-no-style\" ><div id=\"pgc-781-0-0\"  class=\"panel-grid-cell\" ><div id=\"panel-781-0-0-0\" class=\"so-panel widget widget_sow-editor panel-first-child panel-last-child widgetopts-SO\" data-index=\"0\" ><div\n\t\t\t\n\t\t\tclass=\"so-widget-sow-editor so-widget-sow-editor-base\"\n\t\t\t\n\t\t>\n<div class=\"siteorigin-widget-tinymce textwidget\">\n\t<p>Merci de faire vos achats chez BioTabs Organic Fertilizers.<\/p>\n<p>Si vous n'\u00eates pas enti\u00e8rement satisfait de votre achat, nous sommes l\u00e0 pour vous aider.<\/p>\n<p>Nos produits peuvent \u00eatre retourn\u00e9s dans les 14 jours suivant l'achat initial du produit.<\/p>\n<p>Avant de proc\u00e9der au retour d'un produit, veuillez vous assurer que:<\/p>\n<ul>\n<li>Le produit a \u00e9t\u00e9 achet\u00e9 au cours des 14 derniers jours.<\/li>\n<li>Le produit est dans son emballage d'origine.<\/li>\n<li>Le produit n'a pas \u00e9t\u00e9 utilis\u00e9.<\/li>\n<li>Vous avez le re\u00e7u ou la preuve d'achat.<\/li>\n<\/ul>\n<p>Avant d'envoyer le produit, veuillez nous contacter:<\/p>\n<ul>\n<li>Par t\u00e9l\u00e9phone: <a href=\"tel:+34936385174\">+34 936 385 174<\/a><\/li>\n<li>Par courrier \u00e9lectronique: <a href=\"mailto:info@biotabs.nl\">info@biotabs.nl<\/a><\/li>\n<\/ul>\n<p>Envoyez le produit avec son emballage d'origine et le re\u00e7u ou la preuve d'achat \u00e0:<\/p>\n<p>Biohorti S.L.U. - BioTabs<br \/>\nCarrer Sud 1, 08329 Tei\u00e0 - Barcelone, Espagne<\/p>\n<p>+34 936 385 174 \/ <a href=\"mailto:info@biotabs.nl\">info@biotabs.nl<\/a><\/p>\n<h2>Frais d'exp\u00e9dition<\/h2>\n<p>Les frais d'exp\u00e9dition encourus dans le cadre du retour d'un produit ne sont pas remboursables.<\/p>\n<p>Vous serez tenu de payer les frais d'exp\u00e9dition et d'assumer tout risque de perte ou d'endommagement du produit pendant l'exp\u00e9dition, tant \u00e0 Biohorti S.L.U. - BioTabs, qu'\u00e0 partir des installations de la marque.<\/p>\n<h2>Articles endommag\u00e9s<\/h2>\n<p>Si vous recevez un produit endommag\u00e9, veuillez nous en informer imm\u00e9diatement afin que nous puissions vous aider.<\/p>\n<h2>Articles en promotion<\/h2>\n<p>Malheureusement, pour les articles en promotion, ou faisant partie d\u2019une offre commerciale sp\u00e9cifique, nous n'acceptons pas les remboursements. Seuls les articles \u00e0 tarif normal avec re\u00e7u d\u2019achat dat\u00e9 de moins de 14 jours, peuvent \u00eatre rembours\u00e9s. Dans des cas exceptionnels ou sp\u00e9cifiques, veuillez nous contacter.<\/p>\n<h2>Contactez-nous<\/h2>\n<p>Si vous avez des questions concernant notre politique de retours et de remboursements, veuillez contacter l'\u00e9quipe de Biohorti S.L.U. - BioTabs via notre page de contact.<\/p>\n<p>Derni\u00e8re mise \u00e0 jour : 20 juillet 2021<\/p>\n<\/div>\n<\/div><\/div><\/div><\/div><\/div>","protected":false},"excerpt":{"rendered":"<p>Merci de faire vos achats chez BioTabs Organic Fertilizers. Si vous n&rsquo;\u00eates pas enti\u00e8rement satisfait de votre achat, nous sommes l\u00e0 pour vous aider. Nos produits peuvent \u00eatre retourn\u00e9s dans les 14 jours suivant l&rsquo;achat initial du produit. Avant de proc\u00e9der au retour d&rsquo;un produit, veuillez vous assurer que: Le produit a \u00e9t\u00e9 achet\u00e9 au [&hellip;]<\/p>\n","protected":false},"author":1,"featured_media":0,"parent":0,"menu_order":0,"comment_status":"closed","ping_status":"closed","template":"","meta":{"_acf_changed":false,"footnotes":""},"class_list":["post-781","page","type-page","status-publish","hentry"],"acf":[],"yoast_head":"<!-- This site is optimized with the Yoast SEO Premium plugin v25.8 (Yoast SEO v27.3) - https:\/\/yoast.com\/product\/yoast-seo-premium-wordpress\/ -->\n<title>Politique de retour et de remboursement | BioTabs<\/title>\n<meta name=\"robots\" content=\"index, follow, max-snippet:-1, max-image-preview:large, max-video-preview:-1\" \/>\n<link rel=\"canonical\" href=\"https:\/\/biotabs.nl\/fr\/politique-de-retour-et-de-remboursement\/\" \/>\n<meta property=\"og:locale\" content=\"fr_FR\" \/>\n<meta property=\"og:type\" content=\"article\" \/>\n<meta property=\"og:title\" content=\"Politique de retour et de remboursement\" \/>\n<meta property=\"og:description\" content=\"Merci de faire vos achats chez BioTabs Organic Fertilizers. Si vous n&#039;\u00eates pas enti\u00e8rement satisfait de votre achat, nous sommes l\u00e0 pour vous aider. Nos produits peuvent \u00eatre retourn\u00e9s dans les 14 jours suivant l&#039;achat initial du produit. Avant de proc\u00e9der au retour d&#039;un produit, veuillez vous assurer que: Le produit a \u00e9t\u00e9 achet\u00e9 au [&hellip;]\" \/>\n<meta property=\"og:url\" content=\"https:\/\/biotabs.nl\/fr\/politique-de-retour-et-de-remboursement\/\" \/>\n<meta property=\"og:site_name\" content=\"BioTabs\" \/>\n<meta property=\"article:publisher\" content=\"https:\/\/www.facebook.com\/biotabs.organics\" \/>\n<meta name=\"twitter:card\" content=\"summary_large_image\" \/>\n<meta name=\"twitter:site\" content=\"@Biotabs\" \/>\n<meta name=\"twitter:label1\" content=\"Dur\u00e9e de lecture estim\u00e9e\" \/>\n\t<meta name=\"twitter:data1\" content=\"1 minute\" \/>\n<script type=\"application\/ld+json\" class=\"yoast-schema-graph\">{\"@context\":\"https:\\\/\\\/schema.org\",\"@graph\":[{\"@type\":\"WebPage\",\"@id\":\"https:\\\/\\\/biotabs.nl\\\/fr\\\/politique-de-retour-et-de-remboursement\\\/\",\"url\":\"https:\\\/\\\/biotabs.nl\\\/fr\\\/politique-de-retour-et-de-remboursement\\\/\",\"name\":\"Politique de retour et de remboursement | BioTabs\",\"isPartOf\":{\"@id\":\"https:\\\/\\\/biotabs.nl\\\/fr\\\/#website\"},\"datePublished\":\"2021-08-24T15:08:01+00:00\",\"breadcrumb\":{\"@id\":\"https:\\\/\\\/biotabs.nl\\\/fr\\\/politique-de-retour-et-de-remboursement\\\/#breadcrumb\"},\"inLanguage\":\"fr-FR\",\"potentialAction\":[{\"@type\":\"ReadAction\",\"target\":[\"https:\\\/\\\/biotabs.nl\\\/fr\\\/politique-de-retour-et-de-remboursement\\\/\"]}]},{\"@type\":\"BreadcrumbList\",\"@id\":\"https:\\\/\\\/biotabs.nl\\\/fr\\\/politique-de-retour-et-de-remboursement\\\/#breadcrumb\",\"itemListElement\":[{\"@type\":\"ListItem\",\"position\":1,\"name\":\"Home\",\"item\":\"https:\\\/\\\/biotabs.nl\\\/fr\\\/\"},{\"@type\":\"ListItem\",\"position\":2,\"name\":\"Politique de retour et de remboursement\"}]},{\"@type\":\"WebSite\",\"@id\":\"https:\\\/\\\/biotabs.nl\\\/fr\\\/#website\",\"url\":\"https:\\\/\\\/biotabs.nl\\\/fr\\\/\",\"name\":\"BioTabs\",\"description\":\"Easy by Nature\",\"publisher\":{\"@id\":\"https:\\\/\\\/biotabs.nl\\\/fr\\\/#organization\"},\"potentialAction\":[{\"@type\":\"SearchAction\",\"target\":{\"@type\":\"EntryPoint\",\"urlTemplate\":\"https:\\\/\\\/biotabs.nl\\\/fr\\\/?s={search_term_string}\"},\"query-input\":{\"@type\":\"PropertyValueSpecification\",\"valueRequired\":true,\"valueName\":\"search_term_string\"}}],\"inLanguage\":\"fr-FR\"},{\"@type\":\"Organization\",\"@id\":\"https:\\\/\\\/biotabs.nl\\\/fr\\\/#organization\",\"name\":\"BioTabs Easy by Nature\",\"url\":\"https:\\\/\\\/biotabs.nl\\\/fr\\\/\",\"logo\":{\"@type\":\"ImageObject\",\"inLanguage\":\"fr-FR\",\"@id\":\"https:\\\/\\\/biotabs.nl\\\/fr\\\/#\\\/schema\\\/logo\\\/image\\\/\",\"url\":\"https:\\\/\\\/biotabs.nl\\\/wp-content\\\/uploads\\\/logo.png\",\"contentUrl\":\"https:\\\/\\\/biotabs.nl\\\/wp-content\\\/uploads\\\/logo.png\",\"width\":200,\"height\":200,\"caption\":\"BioTabs Easy by Nature\"},\"image\":{\"@id\":\"https:\\\/\\\/biotabs.nl\\\/fr\\\/#\\\/schema\\\/logo\\\/image\\\/\"},\"sameAs\":[\"https:\\\/\\\/www.facebook.com\\\/biotabs.organics\",\"https:\\\/\\\/x.com\\\/Biotabs\",\"https:\\\/\\\/instagram.com\\\/biotabsorganics\",\"https:\\\/\\\/www.youtube.com\\\/channel\\\/UCY3QAw9DEfk_tuhQj0NdNxA\"]}]}<\/script>\n<!-- \/ Yoast SEO Premium plugin. -->","yoast_head_json":{"title":"Politique de retour et de remboursement | BioTabs","robots":{"index":"index","follow":"follow","max-snippet":"max-snippet:-1","max-image-preview":"max-image-preview:large","max-video-preview":"max-video-preview:-1"},"canonical":"https:\/\/biotabs.nl\/fr\/politique-de-retour-et-de-remboursement\/","og_locale":"fr_FR","og_type":"article","og_title":"Politique de retour et de remboursement","og_description":"Merci de faire vos achats chez BioTabs Organic Fertilizers. Si vous n'\u00eates pas enti\u00e8rement satisfait de votre achat, nous sommes l\u00e0 pour vous aider. Nos produits peuvent \u00eatre retourn\u00e9s dans les 14 jours suivant l'achat initial du produit. Avant de proc\u00e9der au retour d'un produit, veuillez vous assurer que: Le produit a \u00e9t\u00e9 achet\u00e9 au [&hellip;]","og_url":"https:\/\/biotabs.nl\/fr\/politique-de-retour-et-de-remboursement\/","og_site_name":"BioTabs","article_publisher":"https:\/\/www.facebook.com\/biotabs.organics","twitter_card":"summary_large_image","twitter_site":"@Biotabs","twitter_misc":{"Dur\u00e9e de lecture estim\u00e9e":"1 minute"},"schema":{"@context":"https:\/\/schema.org","@graph":[{"@type":"WebPage","@id":"https:\/\/biotabs.nl\/fr\/politique-de-retour-et-de-remboursement\/","url":"https:\/\/biotabs.nl\/fr\/politique-de-retour-et-de-remboursement\/","name":"Politique de retour et de remboursement | BioTabs","isPartOf":{"@id":"https:\/\/biotabs.nl\/fr\/#website"},"datePublished":"2021-08-24T15:08:01+00:00","breadcrumb":{"@id":"https:\/\/biotabs.nl\/fr\/politique-de-retour-et-de-remboursement\/#breadcrumb"},"inLanguage":"fr-FR","potentialAction":[{"@type":"ReadAction","target":["https:\/\/biotabs.nl\/fr\/politique-de-retour-et-de-remboursement\/"]}]},{"@type":"BreadcrumbList","@id":"https:\/\/biotabs.nl\/fr\/politique-de-retour-et-de-remboursement\/#breadcrumb","itemListElement":[{"@type":"ListItem","position":1,"name":"Home","item":"https:\/\/biotabs.nl\/fr\/"},{"@type":"ListItem","position":2,"name":"Politique de retour et de remboursement"}]},{"@type":"WebSite","@id":"https:\/\/biotabs.nl\/fr\/#website","url":"https:\/\/biotabs.nl\/fr\/","name":"BioTabs","description":"Easy by Nature","publisher":{"@id":"https:\/\/biotabs.nl\/fr\/#organization"},"potentialAction":[{"@type":"SearchAction","target":{"@type":"EntryPoint","urlTemplate":"https:\/\/biotabs.nl\/fr\/?s={search_term_string}"},"query-input":{"@type":"PropertyValueSpecification","valueRequired":true,"valueName":"search_term_string"}}],"inLanguage":"fr-FR"},{"@type":"Organization","@id":"https:\/\/biotabs.nl\/fr\/#organization","name":"BioTabs Easy by Nature","url":"https:\/\/biotabs.nl\/fr\/","logo":{"@type":"ImageObject","inLanguage":"fr-FR","@id":"https:\/\/biotabs.nl\/fr\/#\/schema\/logo\/image\/","url":"https:\/\/biotabs.nl\/wp-content\/uploads\/logo.png","contentUrl":"https:\/\/biotabs.nl\/wp-content\/uploads\/logo.png","width":200,"height":200,"caption":"BioTabs Easy by Nature"},"image":{"@id":"https:\/\/biotabs.nl\/fr\/#\/schema\/logo\/image\/"},"sameAs":["https:\/\/www.facebook.com\/biotabs.organics","https:\/\/x.com\/Biotabs","https:\/\/instagram.com\/biotabsorganics","https:\/\/www.youtube.com\/channel\/UCY3QAw9DEfk_tuhQj0NdNxA"]}]}},"_links":{"self":[{"href":"https:\/\/biotabs.nl\/fr\/wp-json\/wp\/v2\/pages\/781","targetHints":{"allow":["GET"]}}],"collection":[{"href":"https:\/\/biotabs.nl\/fr\/wp-json\/wp\/v2\/pages"}],"about":[{"href":"https:\/\/biotabs.nl\/fr\/wp-json\/wp\/v2\/types\/page"}],"author":[{"embeddable":true,"href":"https:\/\/biotabs.nl\/fr\/wp-json\/wp\/v2\/users\/1"}],"replies":[{"embeddable":true,"href":"https:\/\/biotabs.nl\/fr\/wp-json\/wp\/v2\/comments?post=781"}],"version-history":[{"count":0,"href":"https:\/\/biotabs.nl\/fr\/wp-json\/wp\/v2\/pages\/781\/revisions"}],"wp:attachment":[{"href":"https:\/\/biotabs.nl\/fr\/wp-json\/wp\/v2\/media?parent=781"}],"curies":[{"name":"wp","href":"https:\/\/api.w.org\/{rel}","templated":true}]}}