
{"id":10590,"date":"2022-03-01T16:40:49","date_gmt":"2022-03-01T15:40:49","guid":{"rendered":"https:\/\/biotabs.nl\/product\/10590\/"},"modified":"2022-07-20T00:20:50","modified_gmt":"2022-07-19T23:20:50","slug":"seedplugs","status":"publish","type":"product","link":"https:\/\/biotabs.nl\/fr\/produit\/seedplugs\/","title":{"rendered":"Seedplugs"},"content":{"rendered":"<p>Donnez \u00e0 vos plantes le meilleur d\u00e9part possible avec le kit BioTabs compos\u00e9 d\u2019un plateau de Seedplugs avec 12 cellules ainsi qu\u2019une enveloppe de solution nutritive bio Startermix!<\/p>\n<p>Le contenu du Startermix est pr\u00e9par\u00e9 pour se dissoudre facilement dans votre eau d&rsquo;irrigation et r\u00e9unit les bact\u00e9ries b\u00e9n\u00e9fiques de Bactrex, les mycorhizes de Mycotrex et une pr\u00e9cieuse vari\u00e9t\u00e9 d&rsquo;algues.<\/p>\n<p>Cette combinaison imbattable de micro-organismes favorise le d\u00e9veloppement de racines fortes et robustes d\u00e8s le d\u00e9part, garantissant que le jeune plant commence sa croissance prot\u00e9g\u00e9 des agents pathog\u00e8nes, pr\u00eat \u00e0 absorber un maximum de nutriments, pour cro\u00eetre rapidement et sainement!<\/p>\n<style>.embed-container { position: relative; padding-bottom: 56.25%; height: 0; overflow: hidden; max-width: 100%; } .embed-container iframe, .embed-container object, .embed-container embed { position: absolute; top: 0; left: 0; width: 100%; height: 100%; }<\/style>\n<div class='embed-container'><iframe data-src='https:\/\/www.youtube.com\/embed\/sKkv0U0xz8s' frameborder='0' allowfullscreen src='data:image\/svg+xml;base64,PHN2ZyB3aWR0aD0iMSIgaGVpZ2h0PSIxIiB4bWxucz0iaHR0cDovL3d3dy53My5vcmcvMjAwMC9zdmciPjwvc3ZnPg==' class='lazyload' data-load-mode='1'><\/iframe><\/div>\n","protected":false},"excerpt":{"rendered":"<p>Plateau de Plugs organiques pour la germination biologique des graines.<\/p>\n","protected":false},"featured_media":10593,"comment_status":"closed","ping_status":"closed","template":"","meta":{"_acf_changed":false},"product_brand":[],"product_cat":[675],"product_tag":[864,889,874,819,651,656,578,749,859,884,824,643,829,839,916],"class_list":{"0":"post-10590","1":"product","2":"type-product","3":"status-publish","4":"has-post-thumbnail","6":"product_cat-germination-biologique","7":"product_tag-bacteries-du-sol","8":"product_tag-biostimulant-de-germination","9":"product_tag-champignons-du-sol","10":"product_tag-croissance-des-racines","11":"product_tag-glomus-intraradices-fr","12":"product_tag-glomus-mosseae-fr","13":"product_tag-inoculum-bacterien","14":"product_tag-inoculum-mycorhizien","15":"product_tag-la-vie-du-sol","16":"product_tag-microorganismes-du-sol","17":"product_tag-microorganismes-racinaires","18":"product_tag-produit-pour-la-germination","19":"product_tag-protection-racinaire","20":"product_tag-semis","21":"product_tag-trichoderma-fr","23":"first","24":"outofstock","25":"taxable","26":"shipping-taxable","27":"purchasable","28":"product-type-simple"},"acf":[],"yoast_head":"<!-- This site is optimized with the Yoast SEO Premium plugin v25.8 (Yoast SEO v27.3) - https:\/\/yoast.com\/product\/yoast-seo-premium-wordpress\/ -->\n<title>Seedplugs | Plugs organiques pour la germination | BioTabs<\/title>\n<meta name=\"robots\" content=\"index, follow, max-snippet:-1, max-image-preview:large, max-video-preview:-1\" \/>\n<link rel=\"canonical\" href=\"https:\/\/biotabs.nl\/fr\/produit\/seedplugs\/\" \/>\n<meta property=\"og:locale\" content=\"fr_FR\" \/>\n<meta property=\"og:type\" content=\"article\" \/>\n<meta property=\"og:title\" content=\"Seedplugs\" \/>\n<meta property=\"og:description\" content=\"Plateau de Plugs organiques pour la germination biologique des graines.\" \/>\n<meta property=\"og:url\" content=\"https:\/\/biotabs.nl\/fr\/produit\/seedplugs\/\" \/>\n<meta property=\"og:site_name\" content=\"BioTabs\" \/>\n<meta property=\"article:publisher\" content=\"https:\/\/www.facebook.com\/biotabs.organics\" \/>\n<meta property=\"article:modified_time\" content=\"2022-07-19T23:20:50+00:00\" \/>\n<meta property=\"og:image\" content=\"https:\/\/biotabs.nl\/wp-content\/uploads\/product-seedplugs.jpg\" \/>\n\t<meta property=\"og:image:width\" content=\"1000\" \/>\n\t<meta property=\"og:image:height\" content=\"1000\" \/>\n\t<meta property=\"og:image:type\" content=\"image\/jpeg\" \/>\n<meta name=\"twitter:card\" content=\"summary_large_image\" \/>\n<meta name=\"twitter:site\" content=\"@Biotabs\" \/>\n<meta name=\"twitter:label1\" content=\"Dur\u00e9e de lecture estim\u00e9e\" \/>\n\t<meta name=\"twitter:data1\" content=\"1 minute\" \/>\n<script type=\"application\/ld+json\" class=\"yoast-schema-graph\">{\"@context\":\"https:\\\/\\\/schema.org\",\"@graph\":[{\"@type\":\"WebPage\",\"@id\":\"https:\\\/\\\/biotabs.nl\\\/fr\\\/produit\\\/seedplugs\\\/\",\"url\":\"https:\\\/\\\/biotabs.nl\\\/fr\\\/produit\\\/seedplugs\\\/\",\"name\":\"Seedplugs | Plugs organiques pour la germination | BioTabs\",\"isPartOf\":{\"@id\":\"https:\\\/\\\/biotabs.nl\\\/fr\\\/#website\"},\"primaryImageOfPage\":{\"@id\":\"https:\\\/\\\/biotabs.nl\\\/fr\\\/produit\\\/seedplugs\\\/#primaryimage\"},\"image\":{\"@id\":\"https:\\\/\\\/biotabs.nl\\\/fr\\\/produit\\\/seedplugs\\\/#primaryimage\"},\"thumbnailUrl\":\"https:\\\/\\\/biotabs.nl\\\/wp-content\\\/uploads\\\/product-seedplugs.jpg\",\"datePublished\":\"2022-03-01T15:40:49+00:00\",\"dateModified\":\"2022-07-19T23:20:50+00:00\",\"breadcrumb\":{\"@id\":\"https:\\\/\\\/biotabs.nl\\\/fr\\\/produit\\\/seedplugs\\\/#breadcrumb\"},\"inLanguage\":\"fr-FR\",\"potentialAction\":[{\"@type\":\"ReadAction\",\"target\":[\"https:\\\/\\\/biotabs.nl\\\/fr\\\/produit\\\/seedplugs\\\/\"]}]},{\"@type\":\"ImageObject\",\"inLanguage\":\"fr-FR\",\"@id\":\"https:\\\/\\\/biotabs.nl\\\/fr\\\/produit\\\/seedplugs\\\/#primaryimage\",\"url\":\"https:\\\/\\\/biotabs.nl\\\/wp-content\\\/uploads\\\/product-seedplugs.jpg\",\"contentUrl\":\"https:\\\/\\\/biotabs.nl\\\/wp-content\\\/uploads\\\/product-seedplugs.jpg\",\"width\":1000,\"height\":1000},{\"@type\":\"BreadcrumbList\",\"@id\":\"https:\\\/\\\/biotabs.nl\\\/fr\\\/produit\\\/seedplugs\\\/#breadcrumb\",\"itemListElement\":[{\"@type\":\"ListItem\",\"position\":1,\"name\":\"Home\",\"item\":\"https:\\\/\\\/biotabs.nl\\\/fr\\\/\"},{\"@type\":\"ListItem\",\"position\":2,\"name\":\"Boutique\",\"item\":\"https:\\\/\\\/biotabs.nl\\\/fr\\\/boutique\\\/\"},{\"@type\":\"ListItem\",\"position\":3,\"name\":\"Seedplugs\"}]},{\"@type\":\"WebSite\",\"@id\":\"https:\\\/\\\/biotabs.nl\\\/fr\\\/#website\",\"url\":\"https:\\\/\\\/biotabs.nl\\\/fr\\\/\",\"name\":\"BioTabs\",\"description\":\"Easy by Nature\",\"publisher\":{\"@id\":\"https:\\\/\\\/biotabs.nl\\\/fr\\\/#organization\"},\"potentialAction\":[{\"@type\":\"SearchAction\",\"target\":{\"@type\":\"EntryPoint\",\"urlTemplate\":\"https:\\\/\\\/biotabs.nl\\\/fr\\\/?s={search_term_string}\"},\"query-input\":{\"@type\":\"PropertyValueSpecification\",\"valueRequired\":true,\"valueName\":\"search_term_string\"}}],\"inLanguage\":\"fr-FR\"},{\"@type\":\"Organization\",\"@id\":\"https:\\\/\\\/biotabs.nl\\\/fr\\\/#organization\",\"name\":\"BioTabs Easy by Nature\",\"url\":\"https:\\\/\\\/biotabs.nl\\\/fr\\\/\",\"logo\":{\"@type\":\"ImageObject\",\"inLanguage\":\"fr-FR\",\"@id\":\"https:\\\/\\\/biotabs.nl\\\/fr\\\/#\\\/schema\\\/logo\\\/image\\\/\",\"url\":\"https:\\\/\\\/biotabs.nl\\\/wp-content\\\/uploads\\\/logo.png\",\"contentUrl\":\"https:\\\/\\\/biotabs.nl\\\/wp-content\\\/uploads\\\/logo.png\",\"width\":200,\"height\":200,\"caption\":\"BioTabs Easy by Nature\"},\"image\":{\"@id\":\"https:\\\/\\\/biotabs.nl\\\/fr\\\/#\\\/schema\\\/logo\\\/image\\\/\"},\"sameAs\":[\"https:\\\/\\\/www.facebook.com\\\/biotabs.organics\",\"https:\\\/\\\/x.com\\\/Biotabs\",\"https:\\\/\\\/instagram.com\\\/biotabsorganics\",\"https:\\\/\\\/www.youtube.com\\\/channel\\\/UCY3QAw9DEfk_tuhQj0NdNxA\"]}]}<\/script>\n<!-- \/ Yoast SEO Premium plugin. -->","yoast_head_json":{"title":"Seedplugs | Plugs organiques pour la germination | BioTabs","robots":{"index":"index","follow":"follow","max-snippet":"max-snippet:-1","max-image-preview":"max-image-preview:large","max-video-preview":"max-video-preview:-1"},"canonical":"https:\/\/biotabs.nl\/fr\/produit\/seedplugs\/","og_locale":"fr_FR","og_type":"article","og_title":"Seedplugs","og_description":"Plateau de Plugs organiques pour la germination biologique des graines.","og_url":"https:\/\/biotabs.nl\/fr\/produit\/seedplugs\/","og_site_name":"BioTabs","article_publisher":"https:\/\/www.facebook.com\/biotabs.organics","article_modified_time":"2022-07-19T23:20:50+00:00","og_image":[{"width":1000,"height":1000,"url":"https:\/\/biotabs.nl\/wp-content\/uploads\/product-seedplugs.jpg","type":"image\/jpeg"}],"twitter_card":"summary_large_image","twitter_site":"@Biotabs","twitter_misc":{"Dur\u00e9e de lecture estim\u00e9e":"1 minute"},"schema":{"@context":"https:\/\/schema.org","@graph":[{"@type":"WebPage","@id":"https:\/\/biotabs.nl\/fr\/produit\/seedplugs\/","url":"https:\/\/biotabs.nl\/fr\/produit\/seedplugs\/","name":"Seedplugs | Plugs organiques pour la germination | BioTabs","isPartOf":{"@id":"https:\/\/biotabs.nl\/fr\/#website"},"primaryImageOfPage":{"@id":"https:\/\/biotabs.nl\/fr\/produit\/seedplugs\/#primaryimage"},"image":{"@id":"https:\/\/biotabs.nl\/fr\/produit\/seedplugs\/#primaryimage"},"thumbnailUrl":"https:\/\/biotabs.nl\/wp-content\/uploads\/product-seedplugs.jpg","datePublished":"2022-03-01T15:40:49+00:00","dateModified":"2022-07-19T23:20:50+00:00","breadcrumb":{"@id":"https:\/\/biotabs.nl\/fr\/produit\/seedplugs\/#breadcrumb"},"inLanguage":"fr-FR","potentialAction":[{"@type":"ReadAction","target":["https:\/\/biotabs.nl\/fr\/produit\/seedplugs\/"]}]},{"@type":"ImageObject","inLanguage":"fr-FR","@id":"https:\/\/biotabs.nl\/fr\/produit\/seedplugs\/#primaryimage","url":"https:\/\/biotabs.nl\/wp-content\/uploads\/product-seedplugs.jpg","contentUrl":"https:\/\/biotabs.nl\/wp-content\/uploads\/product-seedplugs.jpg","width":1000,"height":1000},{"@type":"BreadcrumbList","@id":"https:\/\/biotabs.nl\/fr\/produit\/seedplugs\/#breadcrumb","itemListElement":[{"@type":"ListItem","position":1,"name":"Home","item":"https:\/\/biotabs.nl\/fr\/"},{"@type":"ListItem","position":2,"name":"Boutique","item":"https:\/\/biotabs.nl\/fr\/boutique\/"},{"@type":"ListItem","position":3,"name":"Seedplugs"}]},{"@type":"WebSite","@id":"https:\/\/biotabs.nl\/fr\/#website","url":"https:\/\/biotabs.nl\/fr\/","name":"BioTabs","description":"Easy by Nature","publisher":{"@id":"https:\/\/biotabs.nl\/fr\/#organization"},"potentialAction":[{"@type":"SearchAction","target":{"@type":"EntryPoint","urlTemplate":"https:\/\/biotabs.nl\/fr\/?s={search_term_string}"},"query-input":{"@type":"PropertyValueSpecification","valueRequired":true,"valueName":"search_term_string"}}],"inLanguage":"fr-FR"},{"@type":"Organization","@id":"https:\/\/biotabs.nl\/fr\/#organization","name":"BioTabs Easy by Nature","url":"https:\/\/biotabs.nl\/fr\/","logo":{"@type":"ImageObject","inLanguage":"fr-FR","@id":"https:\/\/biotabs.nl\/fr\/#\/schema\/logo\/image\/","url":"https:\/\/biotabs.nl\/wp-content\/uploads\/logo.png","contentUrl":"https:\/\/biotabs.nl\/wp-content\/uploads\/logo.png","width":200,"height":200,"caption":"BioTabs Easy by Nature"},"image":{"@id":"https:\/\/biotabs.nl\/fr\/#\/schema\/logo\/image\/"},"sameAs":["https:\/\/www.facebook.com\/biotabs.organics","https:\/\/x.com\/Biotabs","https:\/\/instagram.com\/biotabsorganics","https:\/\/www.youtube.com\/channel\/UCY3QAw9DEfk_tuhQj0NdNxA"]}]}},"_links":{"self":[{"href":"https:\/\/biotabs.nl\/fr\/wp-json\/wp\/v2\/product\/10590","targetHints":{"allow":["GET"]}}],"collection":[{"href":"https:\/\/biotabs.nl\/fr\/wp-json\/wp\/v2\/product"}],"about":[{"href":"https:\/\/biotabs.nl\/fr\/wp-json\/wp\/v2\/types\/product"}],"replies":[{"embeddable":true,"href":"https:\/\/biotabs.nl\/fr\/wp-json\/wp\/v2\/comments?post=10590"}],"wp:featuredmedia":[{"embeddable":true,"href":"https:\/\/biotabs.nl\/fr\/wp-json\/wp\/v2\/media\/10593"}],"wp:attachment":[{"href":"https:\/\/biotabs.nl\/fr\/wp-json\/wp\/v2\/media?parent=10590"}],"wp:term":[{"taxonomy":"product_brand","embeddable":true,"href":"https:\/\/biotabs.nl\/fr\/wp-json\/wp\/v2\/product_brand?post=10590"},{"taxonomy":"product_cat","embeddable":true,"href":"https:\/\/biotabs.nl\/fr\/wp-json\/wp\/v2\/product_cat?post=10590"},{"taxonomy":"product_tag","embeddable":true,"href":"https:\/\/biotabs.nl\/fr\/wp-json\/wp\/v2\/product_tag?post=10590"}],"curies":[{"name":"wp","href":"https:\/\/api.w.org\/{rel}","templated":true}]}}