
{"id":1535,"date":"2021-07-22T16:55:50","date_gmt":"2021-07-22T15:55:50","guid":{"rendered":"https:\/\/biotabs.nl\/product\/boom-boom-spray\/"},"modified":"2023-05-09T12:10:56","modified_gmt":"2023-05-09T11:10:56","slug":"boom-boom-spray","status":"publish","type":"product","link":"https:\/\/biotabs.nl\/fr\/produit\/boom-boom-spray\/","title":{"rendered":"Boom Boom Spray"},"content":{"rendered":"<h2>Le bio-stimulant organique<\/h2>\n<p><strong>qui agit de trois mani\u00e8res:<\/strong><\/p>\n<h2>EFFET ANTI-STRESS:<\/h2>\n<p>Il aide les plantes \u00e0 surmonter le stress caus\u00e9 par le froid extr\u00eame, la chaleur extr\u00eame, les faibles niveaux de lumi\u00e8re, la d\u00e9shydratation ou les courants d&rsquo;air.<\/p>\n<h2>EFFET NUTRITIONNEL:<\/h2>\n<p>Il donne aux plantes une pouss\u00e9e d&rsquo;azote qui produit des feuilles vertes fonc\u00e9es et brillantes, surtout au stade initial de la croissance.<\/p>\n<p>Cela augmente consid\u00e9rablement la capacit\u00e9 de photosynth\u00e8se de la plante.<\/p>\n<h2>BOOSTER:<\/h2>\n<p>Le Bio stimulant stimule la productivit\u00e9, la croissance des plantes et l&rsquo;absorption des min\u00e9raux.<\/p>\n<p>Pour tirer le maximum de b\u00e9n\u00e9fices du produit Boom Boom Spray de BioTabs, veuillez lire les guides suivants<\/p>\n<ul>\n<li>Manuel du vaporisateur Boom Boom<\/li>\n<li>Manuel BioTabs &lsquo;Organic Growing&rsquo;<\/li>\n<\/ul>\n<h2><em>Mode d&#8217;emploi:<\/em><\/h2>\n<p>Dissoudre 5ml de Boom Boom Spray dans 1 litre d&rsquo;eau.<\/p>\n<p>Pour une utilisation en int\u00e9rieur : Vaporisez les plantes jusqu&rsquo;\u00e0 ce qu&rsquo;elles soient mouill\u00e9es avec une solution de 5 ml par litre d&rsquo;eau. De pr\u00e9f\u00e9rence, faites-le juste apr\u00e8s l&rsquo;allumage des lumi\u00e8res.<\/p>\n<p>Pour l&rsquo;ext\u00e9rieur: Vaporisez les plantes t\u00f4t le matin.<\/p>\n<ul>\n<li>Plantes m\u00e8res. Vaporisez les plantes 2 jours avant de faire des boutures.<\/li>\n<li>Boutures. Vaporisez les boutures deux jours apr\u00e8s leur enracinement.<\/li>\n<li>Changement de pot. Vaporisez les plantes imm\u00e9diatement apr\u00e8s leur transplantation.<\/li>\n<li>Plantes de production. Vaporisez les plantes une fois pendant la p\u00e9riode de croissance. Une fois par semaine, 1 de la floraison et 2 de la floraison.<\/li>\n<li>Plantes stress\u00e9es. Vaporisez les plantes une fois et si n\u00e9cessaire, r\u00e9p\u00e9tez une fois de plus apr\u00e8s 5 jours.<\/li>\n<\/ul>\n<p><em>NE PAS SURDOSER!<\/em><\/p>\n<p>Le spray BoomBoom est absorb\u00e9 tr\u00e8s rapidement par les feuilles. Il commence \u00e0 avoir un effet apr\u00e8s seulement deux heures.<\/p>\n<p>Peut \u00eatre utilis\u00e9 avec toutes les marques et programmes d&rsquo;engrais : biologiques, bio-min\u00e9raux ou chimiques. Pour le sol, le coco et l&rsquo;hydroponie.<\/p>\n<p>La solution pr\u00e9par\u00e9e doit \u00eatre utilis\u00e9e dans les 6 heures.<\/p>\n<p>Apr\u00e8s utilisation, le pulv\u00e9risateur de plantes doit \u00eatre rinc\u00e9 abondamment \u00e0 l&rsquo;eau.<\/p>\n<p>Le spray BoomBoom est sans danger pour les plantes, les animaux et les humains.<\/p>\n<p>Stockez-le dans un endroit frais et sec, hors de port\u00e9e des enfants.<\/p>\n<p>Conform\u00e9ment au r\u00e8glement europ\u00e9en 889\/2008, le spray BoomBoom peut \u00eatre utilis\u00e9 en agriculture biologique.<\/p>\n<p><strong>Composition:<\/strong><\/p>\n<p>Mati\u00e8re organique 45%.<br \/>\nAzote organique (N) 5%.<br \/>\nPeptides solubles et acides amin\u00e9s v\u00e9g\u00e9taux 30%.<br \/>\nGlucides 10%.<\/p>\n","protected":false},"excerpt":{"rendered":"<p><strong>Bio-stimulant organique pour plantes<\/strong><\/p>\n<p>Voir notre blog pour en savoir plus.<\/p>\n<ul>\n<li>100% V\u00c9G\u00c9TAL<\/li>\n<li>100% Bio-stimulant v\u00e9g\u00e9tal organique<\/li>\n<li>100% acides amin\u00e9s, peptides, glucosides et min\u00e9raux naturels<\/li>\n<\/ul>\n","protected":false},"featured_media":16504,"comment_status":"open","ping_status":"closed","template":"","meta":{"_acf_changed":false},"product_brand":[],"product_cat":[124,675,116],"product_tag":[668,576,759,591,784,789,794,633],"class_list":{"0":"post-1535","1":"product","2":"type-product","3":"status-publish","4":"has-post-thumbnail","6":"product_cat-engrais-organiques-nourriture-pour-plantes-et-amendements-pour-sols-fr","7":"product_cat-germination-biologique","8":"product_cat-produits-biostimulants","9":"product_tag-accelerateur-de-croissance","10":"product_tag-acides-amines","11":"product_tag-azote","12":"product_tag-biostimulant-fr","13":"product_tag-nourriture-pour-les-plantes","14":"product_tag-peptides-vegetaux","15":"product_tag-protection-de-la-plante","16":"product_tag-pulverisation-foliaire","18":"first","19":"instock","20":"taxable","21":"shipping-taxable","22":"purchasable","23":"product-type-variable"},"acf":[],"yoast_head":"<!-- This site is optimized with the Yoast SEO Premium plugin v25.8 (Yoast SEO v27.2) - https:\/\/yoast.com\/product\/yoast-seo-premium-wordpress\/ -->\n<title>Boom Boom Spray | Biostimulant foliaire | BioTabs<\/title>\n<meta name=\"robots\" content=\"index, follow, max-snippet:-1, max-image-preview:large, max-video-preview:-1\" \/>\n<link rel=\"canonical\" href=\"https:\/\/biotabs.nl\/fr\/produit\/boom-boom-spray\/\" \/>\n<meta property=\"og:locale\" content=\"fr_FR\" \/>\n<meta property=\"og:type\" content=\"article\" \/>\n<meta property=\"og:title\" content=\"Boom Boom Spray\" \/>\n<meta property=\"og:description\" content=\"Bio-stimulant organique pour plantes  Voir notre blog pour en savoir plus.   100% V\u00c9G\u00c9TAL  100% Bio-stimulant v\u00e9g\u00e9tal organique  100% acides amin\u00e9s, peptides, glucosides et min\u00e9raux naturels\" \/>\n<meta property=\"og:url\" content=\"https:\/\/biotabs.nl\/fr\/produit\/boom-boom-spray\/\" \/>\n<meta property=\"og:site_name\" content=\"BioTabs\" \/>\n<meta property=\"article:publisher\" content=\"https:\/\/www.facebook.com\/biotabs.organics\" \/>\n<meta property=\"article:modified_time\" content=\"2023-05-09T11:10:56+00:00\" \/>\n<meta property=\"og:image\" content=\"https:\/\/biotabs.nl\/wp-content\/uploads\/Product-Boom-Boom-Spray-Family-2.jpg\" \/>\n\t<meta property=\"og:image:width\" content=\"1200\" \/>\n\t<meta property=\"og:image:height\" content=\"1200\" \/>\n\t<meta property=\"og:image:type\" content=\"image\/jpeg\" \/>\n<meta name=\"twitter:card\" content=\"summary_large_image\" \/>\n<meta name=\"twitter:site\" content=\"@Biotabs\" \/>\n<meta name=\"twitter:label1\" content=\"Dur\u00e9e de lecture estim\u00e9e\" \/>\n\t<meta name=\"twitter:data1\" content=\"2 minutes\" \/>\n<script type=\"application\/ld+json\" class=\"yoast-schema-graph\">{\"@context\":\"https:\/\/schema.org\",\"@graph\":[{\"@type\":\"WebPage\",\"@id\":\"https:\/\/biotabs.nl\/fr\/produit\/boom-boom-spray\/\",\"url\":\"https:\/\/biotabs.nl\/fr\/produit\/boom-boom-spray\/\",\"name\":\"Boom Boom Spray | Biostimulant foliaire | BioTabs\",\"isPartOf\":{\"@id\":\"https:\/\/biotabs.nl\/fr\/#website\"},\"primaryImageOfPage\":{\"@id\":\"https:\/\/biotabs.nl\/fr\/produit\/boom-boom-spray\/#primaryimage\"},\"image\":{\"@id\":\"https:\/\/biotabs.nl\/fr\/produit\/boom-boom-spray\/#primaryimage\"},\"thumbnailUrl\":\"https:\/\/biotabs.nl\/wp-content\/uploads\/product-boom-boom-spray-family-3.jpg\",\"datePublished\":\"2021-07-22T15:55:50+00:00\",\"dateModified\":\"2023-05-09T11:10:56+00:00\",\"breadcrumb\":{\"@id\":\"https:\/\/biotabs.nl\/fr\/produit\/boom-boom-spray\/#breadcrumb\"},\"inLanguage\":\"fr-FR\",\"potentialAction\":[{\"@type\":\"ReadAction\",\"target\":[\"https:\/\/biotabs.nl\/fr\/produit\/boom-boom-spray\/\"]}]},{\"@type\":\"ImageObject\",\"inLanguage\":\"fr-FR\",\"@id\":\"https:\/\/biotabs.nl\/fr\/produit\/boom-boom-spray\/#primaryimage\",\"url\":\"https:\/\/biotabs.nl\/wp-content\/uploads\/product-boom-boom-spray-family-3.jpg\",\"contentUrl\":\"https:\/\/biotabs.nl\/wp-content\/uploads\/product-boom-boom-spray-family-3.jpg\",\"width\":1200,\"height\":1200},{\"@type\":\"BreadcrumbList\",\"@id\":\"https:\/\/biotabs.nl\/fr\/produit\/boom-boom-spray\/#breadcrumb\",\"itemListElement\":[{\"@type\":\"ListItem\",\"position\":1,\"name\":\"Home\",\"item\":\"https:\/\/biotabs.nl\/fr\/\"},{\"@type\":\"ListItem\",\"position\":2,\"name\":\"Boutique\",\"item\":\"https:\/\/biotabs.nl\/fr\/boutique\/\"},{\"@type\":\"ListItem\",\"position\":3,\"name\":\"Boom Boom Spray\"}]},{\"@type\":\"WebSite\",\"@id\":\"https:\/\/biotabs.nl\/fr\/#website\",\"url\":\"https:\/\/biotabs.nl\/fr\/\",\"name\":\"BioTabs\",\"description\":\"Easy by Nature\",\"publisher\":{\"@id\":\"https:\/\/biotabs.nl\/fr\/#organization\"},\"potentialAction\":[{\"@type\":\"SearchAction\",\"target\":{\"@type\":\"EntryPoint\",\"urlTemplate\":\"https:\/\/biotabs.nl\/fr\/?s={search_term_string}\"},\"query-input\":{\"@type\":\"PropertyValueSpecification\",\"valueRequired\":true,\"valueName\":\"search_term_string\"}}],\"inLanguage\":\"fr-FR\"},{\"@type\":\"Organization\",\"@id\":\"https:\/\/biotabs.nl\/fr\/#organization\",\"name\":\"BioTabs Easy by Nature\",\"url\":\"https:\/\/biotabs.nl\/fr\/\",\"logo\":{\"@type\":\"ImageObject\",\"inLanguage\":\"fr-FR\",\"@id\":\"https:\/\/biotabs.nl\/fr\/#\/schema\/logo\/image\/\",\"url\":\"https:\/\/biotabs.nl\/wp-content\/uploads\/logo.png\",\"contentUrl\":\"https:\/\/biotabs.nl\/wp-content\/uploads\/logo.png\",\"width\":200,\"height\":200,\"caption\":\"BioTabs Easy by Nature\"},\"image\":{\"@id\":\"https:\/\/biotabs.nl\/fr\/#\/schema\/logo\/image\/\"},\"sameAs\":[\"https:\/\/www.facebook.com\/biotabs.organics\",\"https:\/\/x.com\/Biotabs\",\"https:\/\/instagram.com\/biotabsorganics\",\"https:\/\/www.youtube.com\/channel\/UCY3QAw9DEfk_tuhQj0NdNxA\"]}]}<\/script>\n<!-- \/ Yoast SEO Premium plugin. -->","yoast_head_json":{"title":"Boom Boom Spray | Biostimulant foliaire | BioTabs","robots":{"index":"index","follow":"follow","max-snippet":"max-snippet:-1","max-image-preview":"max-image-preview:large","max-video-preview":"max-video-preview:-1"},"canonical":"https:\/\/biotabs.nl\/fr\/produit\/boom-boom-spray\/","og_locale":"fr_FR","og_type":"article","og_title":"Boom Boom Spray","og_description":"Bio-stimulant organique pour plantes  Voir notre blog pour en savoir plus.   100% V\u00c9G\u00c9TAL  100% Bio-stimulant v\u00e9g\u00e9tal organique  100% acides amin\u00e9s, peptides, glucosides et min\u00e9raux naturels","og_url":"https:\/\/biotabs.nl\/fr\/produit\/boom-boom-spray\/","og_site_name":"BioTabs","article_publisher":"https:\/\/www.facebook.com\/biotabs.organics","article_modified_time":"2023-05-09T11:10:56+00:00","og_image":[{"width":1200,"height":1200,"url":"https:\/\/biotabs.nl\/wp-content\/uploads\/Product-Boom-Boom-Spray-Family-2.jpg","type":"image\/jpeg"}],"twitter_card":"summary_large_image","twitter_site":"@Biotabs","twitter_misc":{"Dur\u00e9e de lecture estim\u00e9e":"2 minutes"},"schema":{"@context":"https:\/\/schema.org","@graph":[{"@type":"WebPage","@id":"https:\/\/biotabs.nl\/fr\/produit\/boom-boom-spray\/","url":"https:\/\/biotabs.nl\/fr\/produit\/boom-boom-spray\/","name":"Boom Boom Spray | Biostimulant foliaire | BioTabs","isPartOf":{"@id":"https:\/\/biotabs.nl\/fr\/#website"},"primaryImageOfPage":{"@id":"https:\/\/biotabs.nl\/fr\/produit\/boom-boom-spray\/#primaryimage"},"image":{"@id":"https:\/\/biotabs.nl\/fr\/produit\/boom-boom-spray\/#primaryimage"},"thumbnailUrl":"https:\/\/biotabs.nl\/wp-content\/uploads\/product-boom-boom-spray-family-3.jpg","datePublished":"2021-07-22T15:55:50+00:00","dateModified":"2023-05-09T11:10:56+00:00","breadcrumb":{"@id":"https:\/\/biotabs.nl\/fr\/produit\/boom-boom-spray\/#breadcrumb"},"inLanguage":"fr-FR","potentialAction":[{"@type":"ReadAction","target":["https:\/\/biotabs.nl\/fr\/produit\/boom-boom-spray\/"]}]},{"@type":"ImageObject","inLanguage":"fr-FR","@id":"https:\/\/biotabs.nl\/fr\/produit\/boom-boom-spray\/#primaryimage","url":"https:\/\/biotabs.nl\/wp-content\/uploads\/product-boom-boom-spray-family-3.jpg","contentUrl":"https:\/\/biotabs.nl\/wp-content\/uploads\/product-boom-boom-spray-family-3.jpg","width":1200,"height":1200},{"@type":"BreadcrumbList","@id":"https:\/\/biotabs.nl\/fr\/produit\/boom-boom-spray\/#breadcrumb","itemListElement":[{"@type":"ListItem","position":1,"name":"Home","item":"https:\/\/biotabs.nl\/fr\/"},{"@type":"ListItem","position":2,"name":"Boutique","item":"https:\/\/biotabs.nl\/fr\/boutique\/"},{"@type":"ListItem","position":3,"name":"Boom Boom Spray"}]},{"@type":"WebSite","@id":"https:\/\/biotabs.nl\/fr\/#website","url":"https:\/\/biotabs.nl\/fr\/","name":"BioTabs","description":"Easy by Nature","publisher":{"@id":"https:\/\/biotabs.nl\/fr\/#organization"},"potentialAction":[{"@type":"SearchAction","target":{"@type":"EntryPoint","urlTemplate":"https:\/\/biotabs.nl\/fr\/?s={search_term_string}"},"query-input":{"@type":"PropertyValueSpecification","valueRequired":true,"valueName":"search_term_string"}}],"inLanguage":"fr-FR"},{"@type":"Organization","@id":"https:\/\/biotabs.nl\/fr\/#organization","name":"BioTabs Easy by Nature","url":"https:\/\/biotabs.nl\/fr\/","logo":{"@type":"ImageObject","inLanguage":"fr-FR","@id":"https:\/\/biotabs.nl\/fr\/#\/schema\/logo\/image\/","url":"https:\/\/biotabs.nl\/wp-content\/uploads\/logo.png","contentUrl":"https:\/\/biotabs.nl\/wp-content\/uploads\/logo.png","width":200,"height":200,"caption":"BioTabs Easy by Nature"},"image":{"@id":"https:\/\/biotabs.nl\/fr\/#\/schema\/logo\/image\/"},"sameAs":["https:\/\/www.facebook.com\/biotabs.organics","https:\/\/x.com\/Biotabs","https:\/\/instagram.com\/biotabsorganics","https:\/\/www.youtube.com\/channel\/UCY3QAw9DEfk_tuhQj0NdNxA"]}]}},"_links":{"self":[{"href":"https:\/\/biotabs.nl\/fr\/wp-json\/wp\/v2\/product\/1535","targetHints":{"allow":["GET"]}}],"collection":[{"href":"https:\/\/biotabs.nl\/fr\/wp-json\/wp\/v2\/product"}],"about":[{"href":"https:\/\/biotabs.nl\/fr\/wp-json\/wp\/v2\/types\/product"}],"replies":[{"embeddable":true,"href":"https:\/\/biotabs.nl\/fr\/wp-json\/wp\/v2\/comments?post=1535"}],"wp:featuredmedia":[{"embeddable":true,"href":"https:\/\/biotabs.nl\/fr\/wp-json\/wp\/v2\/media\/16504"}],"wp:attachment":[{"href":"https:\/\/biotabs.nl\/fr\/wp-json\/wp\/v2\/media?parent=1535"}],"wp:term":[{"taxonomy":"product_brand","embeddable":true,"href":"https:\/\/biotabs.nl\/fr\/wp-json\/wp\/v2\/product_brand?post=1535"},{"taxonomy":"product_cat","embeddable":true,"href":"https:\/\/biotabs.nl\/fr\/wp-json\/wp\/v2\/product_cat?post=1535"},{"taxonomy":"product_tag","embeddable":true,"href":"https:\/\/biotabs.nl\/fr\/wp-json\/wp\/v2\/product_tag?post=1535"}],"curies":[{"name":"wp","href":"https:\/\/api.w.org\/{rel}","templated":true}]}}