
{"id":1571,"date":"2021-08-04T15:59:56","date_gmt":"2021-08-04T14:59:56","guid":{"rendered":"https:\/\/biotabs.nl\/product\/starter-pack\/"},"modified":"2025-08-13T10:57:12","modified_gmt":"2025-08-13T09:57:12","slug":"starter-pack","status":"publish","type":"product","link":"https:\/\/biotabs.nl\/fr\/produit\/starter-pack\/","title":{"rendered":"Starter Pack"},"content":{"rendered":"<style>.embed-container { position: relative; padding-bottom: 56.25%; height: 0; overflow: hidden; max-width: 100%; } .embed-container iframe, .embed-container object, .embed-container embed { position: absolute; top: 0; left: 0; width: 100%; height: 100%; }<\/style>\n<div class=\"embed-container\"><iframe data-src=\"https:\/\/www.youtube.com\/embed\/SWsAG3k_aEg\" frameborder=\"0\" allowfullscreen=\"allowfullscreen\" src=\"data:image\/svg+xml;base64,PHN2ZyB3aWR0aD0iMSIgaGVpZ2h0PSIxIiB4bWxucz0iaHR0cDovL3d3dy53My5vcmcvMjAwMC9zdmciPjwvc3ZnPg==\" class=\"lazyload\" data-load-mode=\"1\"><\/iframe><\/div>\n<p>Suffisant pour 5 \u00e0 10 plantes, selon la taille du pot utilis\u00e9. Moins de travail, de meilleurs rendements biologiques. Laissez la nature faire le travail!<\/p>\n<p><strong>Certifi\u00e9 par Control Union &#8211; Ingr\u00e9dients 100% biologiques.<\/strong><\/p>\n<p>Contient:<\/p>\n<ul>\n<li>BACTREX 25 Grammes<\/li>\n<li>MYCOTREX 50 Grammes<\/li>\n<li>BioTabs 10 Comprim\u00e9s<\/li>\n<li>ORGATREX 0,25 Litre<\/li>\n<li>STARTREX 250 Grammes<\/li>\n<\/ul>\n<h3>Manuels BioTabs<\/h3>\n<p>Pour tirer le meilleur parti des produits BioTabs et du Starter Pack, veuillez lire notre <a href=\"https:\/\/biotabs.nl\/wp-content\/uploads\/ENG-GRANDE-nueva-TABLA-DE-CULTIVO-.pdf\">manuel BioTabs<\/a>.<\/p>\n<p>Lorsque vous envoyez le Starter Pack aux \u00c9tats-Unis ou en Australie, nous devons l&rsquo;exp\u00e9dier sans aucun liquide, par exemple. ORGATREX et nous allons donc le remplacer par SILICIUM FLASH, un produit alternatif extraordinaire. Dans ce cas, vous devez suivre la strat\u00e9gie \u00ab\u00a0Ajoutez simplement de l&rsquo;eau\u00a0\u00bb.<\/p>\n","protected":false},"excerpt":{"rendered":"<p>Lorsque vous vous pr\u00e9parez \u00e0 une croissance 100% biologique, il est pr\u00e9f\u00e9rable de pr\u00e9parer votre sol avec un riche m\u00e9lange de bact\u00e9ries et de micro-organismes b\u00e9n\u00e9fiques. Notre Starter Pack contient les nutriments et les amendements dont vous aurez besoin pour une croissance prosp\u00e8re et r\u00e9ussie, 100% biologique. Suffisant pour 5 \u00e0 10 plantes selon la taille du pot utilis\u00e9.<\/p>\n<p>La m\u00e9thode consiste \u00e0 pr\u00e9parer le substrat avec les produits BioTabs dans les quantit\u00e9s indiqu\u00e9es et \u00e0 r\u00e9p\u00e9ter la m\u00eame proc\u00e9dure chaque fois que la plante est transplant\u00e9e dans un nouveau pot. La formule est si simple, il suffit d&rsquo;ajouter de l&rsquo;eau !<\/p>\n<p>Moins de travail, plus de rendements biologiques.<\/p>\n<p><strong>Certifi\u00e9 100% biologique.<\/strong><\/p>\n<p>Laissez la nature faire le travail !<\/p>\n","protected":false},"featured_media":16666,"comment_status":"open","ping_status":"closed","template":"","meta":{"_acf_changed":false},"product_brand":[],"product_cat":[112],"product_tag":[668,631,641,694,879,759,864,591,874,623,869,819,849,714,651,656,578,749,859,719,744,739,734,884,824,784,751,914,804,794,829,809,904,618,916],"class_list":{"0":"post-1571","1":"product","2":"type-product","3":"status-publish","4":"has-post-thumbnail","6":"product_cat-packs-biotabs","7":"product_tag-accelerateur-de-croissance","8":"product_tag-accelerateur-de-floraison","9":"product_tag-acide-fulvique","10":"product_tag-acide-humique","11":"product_tag-ameliorateur-de-sol","12":"product_tag-azote","13":"product_tag-bacteries-du-sol","14":"product_tag-biostimulant-fr","15":"product_tag-champignons-du-sol","16":"product_tag-comprimes-dengrais","17":"product_tag-conditionneur-de-sol-fr","18":"product_tag-croissance-des-racines","19":"product_tag-engrais-a-liberation-lente","20":"product_tag-engrais-liquide","21":"product_tag-glomus-intraradices-fr","22":"product_tag-glomus-mosseae-fr","23":"product_tag-inoculum-bacterien","24":"product_tag-inoculum-mycorhizien","25":"product_tag-la-vie-du-sol","26":"product_tag-macronutriments","27":"product_tag-melasse-fr","28":"product_tag-micronutriments","29":"product_tag-microorganismes","30":"product_tag-microorganismes-du-sol","31":"product_tag-microorganismes-racinaires","32":"product_tag-nourriture-pour-les-plantes","33":"product_tag-npk-fr","34":"product_tag-oligo-elements","35":"product_tag-poudre","36":"product_tag-protection-de-la-plante","37":"product_tag-protection-racinaire","38":"product_tag-rhizobacteries","39":"product_tag-tablettes","40":"product_tag-tablettes-dengrais","41":"product_tag-trichoderma-fr","43":"first","44":"instock","45":"taxable","46":"shipping-taxable","47":"purchasable","48":"product-type-simple"},"acf":[],"yoast_head":"<!-- This site is optimized with the Yoast SEO Premium plugin v25.8 (Yoast SEO v27.3) - https:\/\/yoast.com\/product\/yoast-seo-premium-wordpress\/ -->\n<title>Starter Pack | Kit de d\u00e9marrage bio | BioTabs<\/title>\n<meta name=\"robots\" content=\"index, follow, max-snippet:-1, max-image-preview:large, max-video-preview:-1\" \/>\n<link rel=\"canonical\" href=\"https:\/\/biotabs.nl\/fr\/produit\/starter-pack\/\" \/>\n<meta property=\"og:locale\" content=\"fr_FR\" \/>\n<meta property=\"og:type\" content=\"article\" \/>\n<meta property=\"og:title\" content=\"Starter Pack\" \/>\n<meta property=\"og:description\" content=\"Lorsque vous vous pr\u00e9parez \u00e0 une croissance 100% biologique, il est pr\u00e9f\u00e9rable de pr\u00e9parer votre sol avec un riche m\u00e9lange de bact\u00e9ries et de micro-organismes b\u00e9n\u00e9fiques. Notre Starter Pack contient les nutriments et les amendements dont vous aurez besoin pour une croissance prosp\u00e8re et r\u00e9ussie, 100% biologique. Suffisant pour 5 \u00e0 10 plantes selon la taille du pot utilis\u00e9.  La m\u00e9thode consiste \u00e0 pr\u00e9parer le substrat avec les produits BioTabs dans les quantit\u00e9s indiqu\u00e9es et \u00e0 r\u00e9p\u00e9ter la m\u00eame proc\u00e9dure chaque fois que la plante est transplant\u00e9e dans un nouveau pot. La formule est si simple, il suffit d&#039;ajouter de l&#039;eau !  Moins de travail, plus de rendements biologiques.  Certifi\u00e9 100% biologique.  Laissez la nature faire le travail !\" \/>\n<meta property=\"og:url\" content=\"https:\/\/biotabs.nl\/fr\/produit\/starter-pack\/\" \/>\n<meta property=\"og:site_name\" content=\"BioTabs\" \/>\n<meta property=\"article:publisher\" content=\"https:\/\/www.facebook.com\/biotabs.organics\" \/>\n<meta property=\"article:modified_time\" content=\"2025-08-13T09:57:12+00:00\" \/>\n<meta property=\"og:image\" content=\"https:\/\/biotabs.nl\/wp-content\/uploads\/product-starter-pack-1.jpg\" \/>\n\t<meta property=\"og:image:width\" content=\"1200\" \/>\n\t<meta property=\"og:image:height\" content=\"1200\" \/>\n\t<meta property=\"og:image:type\" content=\"image\/jpeg\" \/>\n<meta name=\"twitter:card\" content=\"summary_large_image\" \/>\n<meta name=\"twitter:site\" content=\"@Biotabs\" \/>\n<meta name=\"twitter:label1\" content=\"Dur\u00e9e de lecture estim\u00e9e\" \/>\n\t<meta name=\"twitter:data1\" content=\"1 minute\" \/>\n<script type=\"application\/ld+json\" class=\"yoast-schema-graph\">{\"@context\":\"https:\\\/\\\/schema.org\",\"@graph\":[{\"@type\":\"WebPage\",\"@id\":\"https:\\\/\\\/biotabs.nl\\\/fr\\\/produit\\\/starter-pack\\\/\",\"url\":\"https:\\\/\\\/biotabs.nl\\\/fr\\\/produit\\\/starter-pack\\\/\",\"name\":\"Starter Pack | Kit de d\u00e9marrage bio | BioTabs\",\"isPartOf\":{\"@id\":\"https:\\\/\\\/biotabs.nl\\\/fr\\\/#website\"},\"primaryImageOfPage\":{\"@id\":\"https:\\\/\\\/biotabs.nl\\\/fr\\\/produit\\\/starter-pack\\\/#primaryimage\"},\"image\":{\"@id\":\"https:\\\/\\\/biotabs.nl\\\/fr\\\/produit\\\/starter-pack\\\/#primaryimage\"},\"thumbnailUrl\":\"https:\\\/\\\/biotabs.nl\\\/wp-content\\\/uploads\\\/product-starter-pack-1.jpg\",\"datePublished\":\"2021-08-04T14:59:56+00:00\",\"dateModified\":\"2025-08-13T09:57:12+00:00\",\"breadcrumb\":{\"@id\":\"https:\\\/\\\/biotabs.nl\\\/fr\\\/produit\\\/starter-pack\\\/#breadcrumb\"},\"inLanguage\":\"fr-FR\",\"potentialAction\":[{\"@type\":\"ReadAction\",\"target\":[\"https:\\\/\\\/biotabs.nl\\\/fr\\\/produit\\\/starter-pack\\\/\"]}]},{\"@type\":\"ImageObject\",\"inLanguage\":\"fr-FR\",\"@id\":\"https:\\\/\\\/biotabs.nl\\\/fr\\\/produit\\\/starter-pack\\\/#primaryimage\",\"url\":\"https:\\\/\\\/biotabs.nl\\\/wp-content\\\/uploads\\\/product-starter-pack-1.jpg\",\"contentUrl\":\"https:\\\/\\\/biotabs.nl\\\/wp-content\\\/uploads\\\/product-starter-pack-1.jpg\",\"width\":1200,\"height\":1200},{\"@type\":\"BreadcrumbList\",\"@id\":\"https:\\\/\\\/biotabs.nl\\\/fr\\\/produit\\\/starter-pack\\\/#breadcrumb\",\"itemListElement\":[{\"@type\":\"ListItem\",\"position\":1,\"name\":\"Home\",\"item\":\"https:\\\/\\\/biotabs.nl\\\/fr\\\/\"},{\"@type\":\"ListItem\",\"position\":2,\"name\":\"Boutique\",\"item\":\"https:\\\/\\\/biotabs.nl\\\/fr\\\/boutique\\\/\"},{\"@type\":\"ListItem\",\"position\":3,\"name\":\"Starter Pack\"}]},{\"@type\":\"WebSite\",\"@id\":\"https:\\\/\\\/biotabs.nl\\\/fr\\\/#website\",\"url\":\"https:\\\/\\\/biotabs.nl\\\/fr\\\/\",\"name\":\"BioTabs\",\"description\":\"Easy by Nature\",\"publisher\":{\"@id\":\"https:\\\/\\\/biotabs.nl\\\/fr\\\/#organization\"},\"potentialAction\":[{\"@type\":\"SearchAction\",\"target\":{\"@type\":\"EntryPoint\",\"urlTemplate\":\"https:\\\/\\\/biotabs.nl\\\/fr\\\/?s={search_term_string}\"},\"query-input\":{\"@type\":\"PropertyValueSpecification\",\"valueRequired\":true,\"valueName\":\"search_term_string\"}}],\"inLanguage\":\"fr-FR\"},{\"@type\":\"Organization\",\"@id\":\"https:\\\/\\\/biotabs.nl\\\/fr\\\/#organization\",\"name\":\"BioTabs Easy by Nature\",\"url\":\"https:\\\/\\\/biotabs.nl\\\/fr\\\/\",\"logo\":{\"@type\":\"ImageObject\",\"inLanguage\":\"fr-FR\",\"@id\":\"https:\\\/\\\/biotabs.nl\\\/fr\\\/#\\\/schema\\\/logo\\\/image\\\/\",\"url\":\"https:\\\/\\\/biotabs.nl\\\/wp-content\\\/uploads\\\/logo.png\",\"contentUrl\":\"https:\\\/\\\/biotabs.nl\\\/wp-content\\\/uploads\\\/logo.png\",\"width\":200,\"height\":200,\"caption\":\"BioTabs Easy by Nature\"},\"image\":{\"@id\":\"https:\\\/\\\/biotabs.nl\\\/fr\\\/#\\\/schema\\\/logo\\\/image\\\/\"},\"sameAs\":[\"https:\\\/\\\/www.facebook.com\\\/biotabs.organics\",\"https:\\\/\\\/x.com\\\/Biotabs\",\"https:\\\/\\\/instagram.com\\\/biotabsorganics\",\"https:\\\/\\\/www.youtube.com\\\/channel\\\/UCY3QAw9DEfk_tuhQj0NdNxA\"]}]}<\/script>\n<!-- \/ Yoast SEO Premium plugin. -->","yoast_head_json":{"title":"Starter Pack | Kit de d\u00e9marrage bio | BioTabs","robots":{"index":"index","follow":"follow","max-snippet":"max-snippet:-1","max-image-preview":"max-image-preview:large","max-video-preview":"max-video-preview:-1"},"canonical":"https:\/\/biotabs.nl\/fr\/produit\/starter-pack\/","og_locale":"fr_FR","og_type":"article","og_title":"Starter Pack","og_description":"Lorsque vous vous pr\u00e9parez \u00e0 une croissance 100% biologique, il est pr\u00e9f\u00e9rable de pr\u00e9parer votre sol avec un riche m\u00e9lange de bact\u00e9ries et de micro-organismes b\u00e9n\u00e9fiques. Notre Starter Pack contient les nutriments et les amendements dont vous aurez besoin pour une croissance prosp\u00e8re et r\u00e9ussie, 100% biologique. Suffisant pour 5 \u00e0 10 plantes selon la taille du pot utilis\u00e9.  La m\u00e9thode consiste \u00e0 pr\u00e9parer le substrat avec les produits BioTabs dans les quantit\u00e9s indiqu\u00e9es et \u00e0 r\u00e9p\u00e9ter la m\u00eame proc\u00e9dure chaque fois que la plante est transplant\u00e9e dans un nouveau pot. La formule est si simple, il suffit d'ajouter de l'eau !  Moins de travail, plus de rendements biologiques.  Certifi\u00e9 100% biologique.  Laissez la nature faire le travail !","og_url":"https:\/\/biotabs.nl\/fr\/produit\/starter-pack\/","og_site_name":"BioTabs","article_publisher":"https:\/\/www.facebook.com\/biotabs.organics","article_modified_time":"2025-08-13T09:57:12+00:00","og_image":[{"width":1200,"height":1200,"url":"https:\/\/biotabs.nl\/wp-content\/uploads\/product-starter-pack-1.jpg","type":"image\/jpeg"}],"twitter_card":"summary_large_image","twitter_site":"@Biotabs","twitter_misc":{"Dur\u00e9e de lecture estim\u00e9e":"1 minute"},"schema":{"@context":"https:\/\/schema.org","@graph":[{"@type":"WebPage","@id":"https:\/\/biotabs.nl\/fr\/produit\/starter-pack\/","url":"https:\/\/biotabs.nl\/fr\/produit\/starter-pack\/","name":"Starter Pack | Kit de d\u00e9marrage bio | BioTabs","isPartOf":{"@id":"https:\/\/biotabs.nl\/fr\/#website"},"primaryImageOfPage":{"@id":"https:\/\/biotabs.nl\/fr\/produit\/starter-pack\/#primaryimage"},"image":{"@id":"https:\/\/biotabs.nl\/fr\/produit\/starter-pack\/#primaryimage"},"thumbnailUrl":"https:\/\/biotabs.nl\/wp-content\/uploads\/product-starter-pack-1.jpg","datePublished":"2021-08-04T14:59:56+00:00","dateModified":"2025-08-13T09:57:12+00:00","breadcrumb":{"@id":"https:\/\/biotabs.nl\/fr\/produit\/starter-pack\/#breadcrumb"},"inLanguage":"fr-FR","potentialAction":[{"@type":"ReadAction","target":["https:\/\/biotabs.nl\/fr\/produit\/starter-pack\/"]}]},{"@type":"ImageObject","inLanguage":"fr-FR","@id":"https:\/\/biotabs.nl\/fr\/produit\/starter-pack\/#primaryimage","url":"https:\/\/biotabs.nl\/wp-content\/uploads\/product-starter-pack-1.jpg","contentUrl":"https:\/\/biotabs.nl\/wp-content\/uploads\/product-starter-pack-1.jpg","width":1200,"height":1200},{"@type":"BreadcrumbList","@id":"https:\/\/biotabs.nl\/fr\/produit\/starter-pack\/#breadcrumb","itemListElement":[{"@type":"ListItem","position":1,"name":"Home","item":"https:\/\/biotabs.nl\/fr\/"},{"@type":"ListItem","position":2,"name":"Boutique","item":"https:\/\/biotabs.nl\/fr\/boutique\/"},{"@type":"ListItem","position":3,"name":"Starter Pack"}]},{"@type":"WebSite","@id":"https:\/\/biotabs.nl\/fr\/#website","url":"https:\/\/biotabs.nl\/fr\/","name":"BioTabs","description":"Easy by Nature","publisher":{"@id":"https:\/\/biotabs.nl\/fr\/#organization"},"potentialAction":[{"@type":"SearchAction","target":{"@type":"EntryPoint","urlTemplate":"https:\/\/biotabs.nl\/fr\/?s={search_term_string}"},"query-input":{"@type":"PropertyValueSpecification","valueRequired":true,"valueName":"search_term_string"}}],"inLanguage":"fr-FR"},{"@type":"Organization","@id":"https:\/\/biotabs.nl\/fr\/#organization","name":"BioTabs Easy by Nature","url":"https:\/\/biotabs.nl\/fr\/","logo":{"@type":"ImageObject","inLanguage":"fr-FR","@id":"https:\/\/biotabs.nl\/fr\/#\/schema\/logo\/image\/","url":"https:\/\/biotabs.nl\/wp-content\/uploads\/logo.png","contentUrl":"https:\/\/biotabs.nl\/wp-content\/uploads\/logo.png","width":200,"height":200,"caption":"BioTabs Easy by Nature"},"image":{"@id":"https:\/\/biotabs.nl\/fr\/#\/schema\/logo\/image\/"},"sameAs":["https:\/\/www.facebook.com\/biotabs.organics","https:\/\/x.com\/Biotabs","https:\/\/instagram.com\/biotabsorganics","https:\/\/www.youtube.com\/channel\/UCY3QAw9DEfk_tuhQj0NdNxA"]}]}},"_links":{"self":[{"href":"https:\/\/biotabs.nl\/fr\/wp-json\/wp\/v2\/product\/1571","targetHints":{"allow":["GET"]}}],"collection":[{"href":"https:\/\/biotabs.nl\/fr\/wp-json\/wp\/v2\/product"}],"about":[{"href":"https:\/\/biotabs.nl\/fr\/wp-json\/wp\/v2\/types\/product"}],"replies":[{"embeddable":true,"href":"https:\/\/biotabs.nl\/fr\/wp-json\/wp\/v2\/comments?post=1571"}],"wp:featuredmedia":[{"embeddable":true,"href":"https:\/\/biotabs.nl\/fr\/wp-json\/wp\/v2\/media\/16666"}],"wp:attachment":[{"href":"https:\/\/biotabs.nl\/fr\/wp-json\/wp\/v2\/media?parent=1571"}],"wp:term":[{"taxonomy":"product_brand","embeddable":true,"href":"https:\/\/biotabs.nl\/fr\/wp-json\/wp\/v2\/product_brand?post=1571"},{"taxonomy":"product_cat","embeddable":true,"href":"https:\/\/biotabs.nl\/fr\/wp-json\/wp\/v2\/product_cat?post=1571"},{"taxonomy":"product_tag","embeddable":true,"href":"https:\/\/biotabs.nl\/fr\/wp-json\/wp\/v2\/product_tag?post=1571"}],"curies":[{"name":"wp","href":"https:\/\/api.w.org\/{rel}","templated":true}]}}