
{"id":1590,"date":"2021-07-22T16:38:11","date_gmt":"2021-07-22T15:38:11","guid":{"rendered":"https:\/\/biotabs.nl\/product\/orgatrex\/"},"modified":"2022-07-12T14:48:29","modified_gmt":"2022-07-12T13:48:29","slug":"orgatrex","status":"publish","type":"product","link":"https:\/\/biotabs.nl\/fr\/produit\/orgatrex\/","title":{"rendered":"Orgatrex"},"content":{"rendered":"<h2>Orgatrex<br \/>\nNourriture organique pour plantes NPK (5-1-5)<\/h2>\n<p>Pour les cycles de croissance et de floraison.<br \/>\nPeut \u00eatre utilis\u00e9 comme engrais liquide pour les l\u00e9gumes, les fleurs, les herbes, les arbres et les arbustes. Utilisez 5 ml par litre d&rsquo;eau. Utiliser \u00e0 chaque arrosage, pendant le cycle de croissance et de floraison.<br \/>\nPour les plantes en pot ou en terre.<br \/>\nA utiliser dans le cadre de la strat\u00e9gie de croissance et de floraison biologique BioTabs.<br \/>\nORGATREX est compos\u00e9 d&rsquo;ingr\u00e9dients approuv\u00e9s par Control Union.<br \/>\nUne solution d&rsquo;Orgatrex\/eau peut \u00eatre conserv\u00e9e pendant deux jours.<br \/>\nGardez-la au frais, secouez-la bien ou remuez-la avant de l&rsquo;utiliser.<br \/>\nOrgatrex est approuv\u00e9 comme engrais biologique pour toutes les cultures. Cet engrais ne contient aucun ingredient d\u2019origine animale.<\/p>\n<h3>INGR\u00c9DIENTS<\/h3>\n<p>Ce produit contient de la farine de luzerne, un m\u00e9lange de m\u00e9lasses, de la vinasse, de l&rsquo;oxyde de silice et de la poussi\u00e8re de roche.<\/p>\n<p><em>ANALYSE GARANTIE<\/em><\/p>\n<p>NPK (5-1-5) + quantit\u00e9s \u00e9quilibr\u00e9es de Zn, Cu, Mn, Co, Mo, S, Na, B et Fe.<\/p>\n<p><em>Ingr\u00e9dients biologiques certifi\u00e9s par Control Union.<\/em><\/p>\n<p>Pour des r\u00e9sultats optimaux, combinez Orgatrex avec des bact\u00e9ries b\u00e9n\u00e9fiques du sol et des produits \u00e0 base de champignons mycorhiziens, comme Bactrex et Mycotrex. Pour obtenir des instructions d\u00e9taill\u00e9es et savoir comment tirer le meilleur parti des produits BioTabs, veuillez lire le manuel de culture biologique BioTabs.<\/p>\n","protected":false},"excerpt":{"rendered":"<p><strong>Engrais liquide organique<\/strong><br \/>\n<strong>NPK (5-1-5)<\/strong><\/p>\n<p>Acc\u00e9l\u00e9rateur de croissance et de floraison<\/p>\n<ul>\n<li>Int\u00e9rieur ou ext\u00e9rieur<\/li>\n<li>Pour les l\u00e9gumes, les fleurs, les herbes, les arbres et les arbustes.<\/li>\n<li>Parfait pour diff\u00e9rents types de sol<\/li>\n<li>Certifi\u00e9 100 % biologique<\/li>\n<\/ul>\n<p>BioTabs Orgatrex (disponible en 1L et 5L). Engrais liquide organique (NPK : 5-1-5) produit uniquement \u00e0 partir d&rsquo;ingr\u00e9dients approuv\u00e9s par l&rsquo;Union de contr\u00f4le.<\/p>\n","protected":false},"featured_media":16594,"comment_status":"open","ping_status":"closed","template":"","meta":{"_acf_changed":false},"product_brand":[],"product_cat":[148,124,128],"product_tag":[668,631,759,714,719,744,739,784,751,914,799,794,618],"class_list":{"0":"post-1590","1":"product","2":"type-product","3":"status-publish","4":"has-post-thumbnail","6":"product_cat-ameliorateurs-de-sol-biologiques","7":"product_cat-engrais-organiques-nourriture-pour-plantes-et-amendements-pour-sols-fr","8":"product_cat-stimulateurs-et-accelerateurs-de-floraison-biologiques","9":"product_tag-accelerateur-de-croissance","10":"product_tag-accelerateur-de-floraison","11":"product_tag-azote","12":"product_tag-engrais-liquide","13":"product_tag-macronutriments","14":"product_tag-melasse-fr","15":"product_tag-micronutriments","16":"product_tag-nourriture-pour-les-plantes","17":"product_tag-npk-fr","18":"product_tag-oligo-elements","19":"product_tag-potasse","20":"product_tag-protection-de-la-plante","21":"product_tag-tablettes-dengrais","23":"first","24":"instock","25":"taxable","26":"shipping-taxable","27":"purchasable","28":"product-type-variable"},"acf":[],"yoast_head":"<!-- This site is optimized with the Yoast SEO Premium plugin v25.8 (Yoast SEO v27.3) - https:\/\/yoast.com\/product\/yoast-seo-premium-wordpress\/ -->\n<title>Orgatrex | Engrais liquide | BioTabs<\/title>\n<meta name=\"robots\" content=\"index, follow, max-snippet:-1, max-image-preview:large, max-video-preview:-1\" \/>\n<link rel=\"canonical\" href=\"https:\/\/biotabs.nl\/fr\/produit\/orgatrex\/\" \/>\n<meta property=\"og:locale\" content=\"fr_FR\" \/>\n<meta property=\"og:type\" content=\"article\" \/>\n<meta property=\"og:title\" content=\"Orgatrex\" \/>\n<meta property=\"og:description\" content=\"Engrais liquide organique NPK (5-1-5)  Acc\u00e9l\u00e9rateur de croissance et de floraison   Int\u00e9rieur ou ext\u00e9rieur  Pour les l\u00e9gumes, les fleurs, les herbes, les arbres et les arbustes.  Parfait pour diff\u00e9rents types de sol  Certifi\u00e9 100 % biologique  BioTabs Orgatrex (disponible en 1L et 5L). Engrais liquide organique (NPK : 5-1-5) produit uniquement \u00e0 partir d&#039;ingr\u00e9dients approuv\u00e9s par l&#039;Union de contr\u00f4le.\" \/>\n<meta property=\"og:url\" content=\"https:\/\/biotabs.nl\/fr\/produit\/orgatrex\/\" \/>\n<meta property=\"og:site_name\" content=\"BioTabs\" \/>\n<meta property=\"article:publisher\" content=\"https:\/\/www.facebook.com\/biotabs.organics\" \/>\n<meta property=\"article:modified_time\" content=\"2022-07-12T13:48:29+00:00\" \/>\n<meta property=\"og:image\" content=\"https:\/\/biotabs.nl\/wp-content\/uploads\/product-orgatrex-family-1.jpg\" \/>\n\t<meta property=\"og:image:width\" content=\"1200\" \/>\n\t<meta property=\"og:image:height\" content=\"1200\" \/>\n\t<meta property=\"og:image:type\" content=\"image\/jpeg\" \/>\n<meta name=\"twitter:card\" content=\"summary_large_image\" \/>\n<meta name=\"twitter:site\" content=\"@Biotabs\" \/>\n<meta name=\"twitter:label1\" content=\"Dur\u00e9e de lecture estim\u00e9e\" \/>\n\t<meta name=\"twitter:data1\" content=\"1 minute\" \/>\n<script type=\"application\/ld+json\" class=\"yoast-schema-graph\">{\"@context\":\"https:\\\/\\\/schema.org\",\"@graph\":[{\"@type\":\"WebPage\",\"@id\":\"https:\\\/\\\/biotabs.nl\\\/fr\\\/produit\\\/orgatrex\\\/\",\"url\":\"https:\\\/\\\/biotabs.nl\\\/fr\\\/produit\\\/orgatrex\\\/\",\"name\":\"Orgatrex | Engrais liquide | BioTabs\",\"isPartOf\":{\"@id\":\"https:\\\/\\\/biotabs.nl\\\/fr\\\/#website\"},\"primaryImageOfPage\":{\"@id\":\"https:\\\/\\\/biotabs.nl\\\/fr\\\/produit\\\/orgatrex\\\/#primaryimage\"},\"image\":{\"@id\":\"https:\\\/\\\/biotabs.nl\\\/fr\\\/produit\\\/orgatrex\\\/#primaryimage\"},\"thumbnailUrl\":\"https:\\\/\\\/biotabs.nl\\\/wp-content\\\/uploads\\\/product-orgatrex-family-1.jpg\",\"datePublished\":\"2021-07-22T15:38:11+00:00\",\"dateModified\":\"2022-07-12T13:48:29+00:00\",\"breadcrumb\":{\"@id\":\"https:\\\/\\\/biotabs.nl\\\/fr\\\/produit\\\/orgatrex\\\/#breadcrumb\"},\"inLanguage\":\"fr-FR\",\"potentialAction\":[{\"@type\":\"ReadAction\",\"target\":[\"https:\\\/\\\/biotabs.nl\\\/fr\\\/produit\\\/orgatrex\\\/\"]}]},{\"@type\":\"ImageObject\",\"inLanguage\":\"fr-FR\",\"@id\":\"https:\\\/\\\/biotabs.nl\\\/fr\\\/produit\\\/orgatrex\\\/#primaryimage\",\"url\":\"https:\\\/\\\/biotabs.nl\\\/wp-content\\\/uploads\\\/product-orgatrex-family-1.jpg\",\"contentUrl\":\"https:\\\/\\\/biotabs.nl\\\/wp-content\\\/uploads\\\/product-orgatrex-family-1.jpg\",\"width\":1200,\"height\":1200},{\"@type\":\"BreadcrumbList\",\"@id\":\"https:\\\/\\\/biotabs.nl\\\/fr\\\/produit\\\/orgatrex\\\/#breadcrumb\",\"itemListElement\":[{\"@type\":\"ListItem\",\"position\":1,\"name\":\"Home\",\"item\":\"https:\\\/\\\/biotabs.nl\\\/fr\\\/\"},{\"@type\":\"ListItem\",\"position\":2,\"name\":\"Boutique\",\"item\":\"https:\\\/\\\/biotabs.nl\\\/fr\\\/boutique\\\/\"},{\"@type\":\"ListItem\",\"position\":3,\"name\":\"Orgatrex\"}]},{\"@type\":\"WebSite\",\"@id\":\"https:\\\/\\\/biotabs.nl\\\/fr\\\/#website\",\"url\":\"https:\\\/\\\/biotabs.nl\\\/fr\\\/\",\"name\":\"BioTabs\",\"description\":\"Easy by Nature\",\"publisher\":{\"@id\":\"https:\\\/\\\/biotabs.nl\\\/fr\\\/#organization\"},\"potentialAction\":[{\"@type\":\"SearchAction\",\"target\":{\"@type\":\"EntryPoint\",\"urlTemplate\":\"https:\\\/\\\/biotabs.nl\\\/fr\\\/?s={search_term_string}\"},\"query-input\":{\"@type\":\"PropertyValueSpecification\",\"valueRequired\":true,\"valueName\":\"search_term_string\"}}],\"inLanguage\":\"fr-FR\"},{\"@type\":\"Organization\",\"@id\":\"https:\\\/\\\/biotabs.nl\\\/fr\\\/#organization\",\"name\":\"BioTabs Easy by Nature\",\"url\":\"https:\\\/\\\/biotabs.nl\\\/fr\\\/\",\"logo\":{\"@type\":\"ImageObject\",\"inLanguage\":\"fr-FR\",\"@id\":\"https:\\\/\\\/biotabs.nl\\\/fr\\\/#\\\/schema\\\/logo\\\/image\\\/\",\"url\":\"https:\\\/\\\/biotabs.nl\\\/wp-content\\\/uploads\\\/logo.png\",\"contentUrl\":\"https:\\\/\\\/biotabs.nl\\\/wp-content\\\/uploads\\\/logo.png\",\"width\":200,\"height\":200,\"caption\":\"BioTabs Easy by Nature\"},\"image\":{\"@id\":\"https:\\\/\\\/biotabs.nl\\\/fr\\\/#\\\/schema\\\/logo\\\/image\\\/\"},\"sameAs\":[\"https:\\\/\\\/www.facebook.com\\\/biotabs.organics\",\"https:\\\/\\\/x.com\\\/Biotabs\",\"https:\\\/\\\/instagram.com\\\/biotabsorganics\",\"https:\\\/\\\/www.youtube.com\\\/channel\\\/UCY3QAw9DEfk_tuhQj0NdNxA\"]}]}<\/script>\n<!-- \/ Yoast SEO Premium plugin. -->","yoast_head_json":{"title":"Orgatrex | Engrais liquide | BioTabs","robots":{"index":"index","follow":"follow","max-snippet":"max-snippet:-1","max-image-preview":"max-image-preview:large","max-video-preview":"max-video-preview:-1"},"canonical":"https:\/\/biotabs.nl\/fr\/produit\/orgatrex\/","og_locale":"fr_FR","og_type":"article","og_title":"Orgatrex","og_description":"Engrais liquide organique NPK (5-1-5)  Acc\u00e9l\u00e9rateur de croissance et de floraison   Int\u00e9rieur ou ext\u00e9rieur  Pour les l\u00e9gumes, les fleurs, les herbes, les arbres et les arbustes.  Parfait pour diff\u00e9rents types de sol  Certifi\u00e9 100 % biologique  BioTabs Orgatrex (disponible en 1L et 5L). Engrais liquide organique (NPK : 5-1-5) produit uniquement \u00e0 partir d'ingr\u00e9dients approuv\u00e9s par l'Union de contr\u00f4le.","og_url":"https:\/\/biotabs.nl\/fr\/produit\/orgatrex\/","og_site_name":"BioTabs","article_publisher":"https:\/\/www.facebook.com\/biotabs.organics","article_modified_time":"2022-07-12T13:48:29+00:00","og_image":[{"width":1200,"height":1200,"url":"https:\/\/biotabs.nl\/wp-content\/uploads\/product-orgatrex-family-1.jpg","type":"image\/jpeg"}],"twitter_card":"summary_large_image","twitter_site":"@Biotabs","twitter_misc":{"Dur\u00e9e de lecture estim\u00e9e":"1 minute"},"schema":{"@context":"https:\/\/schema.org","@graph":[{"@type":"WebPage","@id":"https:\/\/biotabs.nl\/fr\/produit\/orgatrex\/","url":"https:\/\/biotabs.nl\/fr\/produit\/orgatrex\/","name":"Orgatrex | Engrais liquide | BioTabs","isPartOf":{"@id":"https:\/\/biotabs.nl\/fr\/#website"},"primaryImageOfPage":{"@id":"https:\/\/biotabs.nl\/fr\/produit\/orgatrex\/#primaryimage"},"image":{"@id":"https:\/\/biotabs.nl\/fr\/produit\/orgatrex\/#primaryimage"},"thumbnailUrl":"https:\/\/biotabs.nl\/wp-content\/uploads\/product-orgatrex-family-1.jpg","datePublished":"2021-07-22T15:38:11+00:00","dateModified":"2022-07-12T13:48:29+00:00","breadcrumb":{"@id":"https:\/\/biotabs.nl\/fr\/produit\/orgatrex\/#breadcrumb"},"inLanguage":"fr-FR","potentialAction":[{"@type":"ReadAction","target":["https:\/\/biotabs.nl\/fr\/produit\/orgatrex\/"]}]},{"@type":"ImageObject","inLanguage":"fr-FR","@id":"https:\/\/biotabs.nl\/fr\/produit\/orgatrex\/#primaryimage","url":"https:\/\/biotabs.nl\/wp-content\/uploads\/product-orgatrex-family-1.jpg","contentUrl":"https:\/\/biotabs.nl\/wp-content\/uploads\/product-orgatrex-family-1.jpg","width":1200,"height":1200},{"@type":"BreadcrumbList","@id":"https:\/\/biotabs.nl\/fr\/produit\/orgatrex\/#breadcrumb","itemListElement":[{"@type":"ListItem","position":1,"name":"Home","item":"https:\/\/biotabs.nl\/fr\/"},{"@type":"ListItem","position":2,"name":"Boutique","item":"https:\/\/biotabs.nl\/fr\/boutique\/"},{"@type":"ListItem","position":3,"name":"Orgatrex"}]},{"@type":"WebSite","@id":"https:\/\/biotabs.nl\/fr\/#website","url":"https:\/\/biotabs.nl\/fr\/","name":"BioTabs","description":"Easy by Nature","publisher":{"@id":"https:\/\/biotabs.nl\/fr\/#organization"},"potentialAction":[{"@type":"SearchAction","target":{"@type":"EntryPoint","urlTemplate":"https:\/\/biotabs.nl\/fr\/?s={search_term_string}"},"query-input":{"@type":"PropertyValueSpecification","valueRequired":true,"valueName":"search_term_string"}}],"inLanguage":"fr-FR"},{"@type":"Organization","@id":"https:\/\/biotabs.nl\/fr\/#organization","name":"BioTabs Easy by Nature","url":"https:\/\/biotabs.nl\/fr\/","logo":{"@type":"ImageObject","inLanguage":"fr-FR","@id":"https:\/\/biotabs.nl\/fr\/#\/schema\/logo\/image\/","url":"https:\/\/biotabs.nl\/wp-content\/uploads\/logo.png","contentUrl":"https:\/\/biotabs.nl\/wp-content\/uploads\/logo.png","width":200,"height":200,"caption":"BioTabs Easy by Nature"},"image":{"@id":"https:\/\/biotabs.nl\/fr\/#\/schema\/logo\/image\/"},"sameAs":["https:\/\/www.facebook.com\/biotabs.organics","https:\/\/x.com\/Biotabs","https:\/\/instagram.com\/biotabsorganics","https:\/\/www.youtube.com\/channel\/UCY3QAw9DEfk_tuhQj0NdNxA"]}]}},"_links":{"self":[{"href":"https:\/\/biotabs.nl\/fr\/wp-json\/wp\/v2\/product\/1590","targetHints":{"allow":["GET"]}}],"collection":[{"href":"https:\/\/biotabs.nl\/fr\/wp-json\/wp\/v2\/product"}],"about":[{"href":"https:\/\/biotabs.nl\/fr\/wp-json\/wp\/v2\/types\/product"}],"replies":[{"embeddable":true,"href":"https:\/\/biotabs.nl\/fr\/wp-json\/wp\/v2\/comments?post=1590"}],"wp:featuredmedia":[{"embeddable":true,"href":"https:\/\/biotabs.nl\/fr\/wp-json\/wp\/v2\/media\/16594"}],"wp:attachment":[{"href":"https:\/\/biotabs.nl\/fr\/wp-json\/wp\/v2\/media?parent=1590"}],"wp:term":[{"taxonomy":"product_brand","embeddable":true,"href":"https:\/\/biotabs.nl\/fr\/wp-json\/wp\/v2\/product_brand?post=1590"},{"taxonomy":"product_cat","embeddable":true,"href":"https:\/\/biotabs.nl\/fr\/wp-json\/wp\/v2\/product_cat?post=1590"},{"taxonomy":"product_tag","embeddable":true,"href":"https:\/\/biotabs.nl\/fr\/wp-json\/wp\/v2\/product_tag?post=1590"}],"curies":[{"name":"wp","href":"https:\/\/api.w.org\/{rel}","templated":true}]}}