
{"id":1594,"date":"2021-07-22T17:16:36","date_gmt":"2021-07-22T16:16:36","guid":{"rendered":"https:\/\/biotabs.nl\/product\/silicium-flash\/"},"modified":"2022-07-12T14:46:23","modified_gmt":"2022-07-12T13:46:23","slug":"silicium-flash","status":"publish","type":"product","link":"https:\/\/biotabs.nl\/fr\/produit\/silicium-flash\/","title":{"rendered":"Silicium Flash"},"content":{"rendered":"<h2>NPK 4-3-3 &#8211; Aliment pour plantes 100 % biologique<\/h2>\n<p>Contient une dose &agrave; action rapide de Silicium, d&rsquo;Azote, de Phosphore et de Potassium qui sont rapidement absorb&eacute;s par vos plantes.<\/p>\n<p>Les avantages de Silicium Flash sont imm&eacute;diatement disponibles pour les plantes &#8211; ce qui donne des plantes luxuriantes, vertes et saines d&egrave;s le d&eacute;part. Les autres nutriments sont lib&eacute;r&eacute;s lentement sur une p&eacute;riode de deux mois.<\/p>\n<p>Silicium Flash ne doit &ecirc;tre ajout&eacute; que lors de la pr&eacute;paration du milieu de culture ou pour traiter les carences en nutriments.<\/p>\n<p>Le silicium augmente la r&eacute;sistance de la plante &agrave; la chaleur, &agrave; la s&eacute;cheresse, aux parasites et aux pathog&egrave;nes. Il stimule l&rsquo;absorption des nutriments, ce qui donne des plantes plus fortes et des rendements plus &eacute;lev&eacute;s.<\/p>\n<h2>Instructions<\/h2>\n<p>M&eacute;langez 50g (80ml) pour 10 litres de milieu de culture organique, tel que du terreau ou du coco.<\/p>\n<ul>\n<li>Silicium Flash peut &ecirc;tre utilis&eacute; pour traiter les carences nutritionnelles selon les besoins.<\/li>\n<li>Faites un petit trou pr&egrave;s de la tige.<\/li>\n<li>Saupoudrez 25 g de Silicium Flash dans le trou et recouvrez de terre.<\/li>\n<li>Arrosez avec une solution de 2g de Bactrex par litre d&rsquo;eau.<\/li>\n<\/ul>\n<h2>Pour les plantes m&egrave;res<\/h2>\n<ul>\n<li>M&eacute;langez 100g (160ml) par plante dans le milieu de culture.<\/li>\n<li>R&eacute;p&eacute;tez l&rsquo;op&eacute;ration tous les deux mois pour des plantes robustes et r&eacute;sistantes.<\/li>\n<li>Appliquer en topdress ou faire quelques trous autour de la tige.<\/li>\n<\/ul>\n<p><em>Ingr&eacute;dients 100% biologiques certifi&eacute;s par Control Union.<\/em><\/p>\n","protected":false},"excerpt":{"rendered":"<p><strong>NPK 4-3-3<\/strong><\/p>\n<p>Remplace les nutriments liquides de croissance et de floraison.<br \/>Contient : Silicium, Azote, Phosphore et Potassium.<\/p>\n<p><em>Ingr&eacute;dients 100% biologiques certifi&eacute;s par Control Union.<\/em><\/p>\n","protected":false},"featured_media":16660,"comment_status":"open","ping_status":"closed","template":"","meta":{"_acf_changed":false},"product_brand":[],"product_cat":[148,124],"product_tag":[879,759,606,869,764,704,739,784,751,914,799,804,794,844,618],"class_list":{"0":"post-1594","1":"product","2":"type-product","3":"status-publish","4":"has-post-thumbnail","6":"product_cat-ameliorateurs-de-sol-biologiques","7":"product_cat-engrais-organiques-nourriture-pour-plantes-et-amendements-pour-sols-fr","8":"product_tag-ameliorateur-de-sol","9":"product_tag-azote","10":"product_tag-calcium-fr","11":"product_tag-conditionneur-de-sol-fr","12":"product_tag-engrais-exterieur","13":"product_tag-engrais-instantane","14":"product_tag-micronutriments","15":"product_tag-nourriture-pour-les-plantes","16":"product_tag-npk-fr","17":"product_tag-oligo-elements","18":"product_tag-potasse","19":"product_tag-poudre","20":"product_tag-protection-de-la-plante","21":"product_tag-silicium-fr","22":"product_tag-tablettes-dengrais","24":"first","25":"instock","26":"taxable","27":"shipping-taxable","28":"purchasable","29":"product-type-variable"},"acf":[],"yoast_head":"<!-- This site is optimized with the Yoast SEO Premium plugin v25.8 (Yoast SEO v27.2) - https:\/\/yoast.com\/product\/yoast-seo-premium-wordpress\/ -->\n<title>Silicium Flash | Engrais \u00e0 lib\u00e9ration rapide et am\u00e9liorateur de sol | BioTabs<\/title>\n<meta name=\"robots\" content=\"index, follow, max-snippet:-1, max-image-preview:large, max-video-preview:-1\" \/>\n<link rel=\"canonical\" href=\"https:\/\/biotabs.nl\/fr\/produit\/silicium-flash\/\" \/>\n<meta property=\"og:locale\" content=\"fr_FR\" \/>\n<meta property=\"og:type\" content=\"article\" \/>\n<meta property=\"og:title\" content=\"Silicium Flash\" \/>\n<meta property=\"og:description\" content=\"NPK 4-3-3 Remplace les nutriments liquides de croissance et de floraison.Contient : Silicium, Azote, Phosphore et Potassium. Ingr&eacute;dients 100% biologiques certifi&eacute;s par Control Union.\" \/>\n<meta property=\"og:url\" content=\"https:\/\/biotabs.nl\/fr\/produit\/silicium-flash\/\" \/>\n<meta property=\"og:site_name\" content=\"BioTabs\" \/>\n<meta property=\"article:publisher\" content=\"https:\/\/www.facebook.com\/biotabs.organics\" \/>\n<meta property=\"article:modified_time\" content=\"2022-07-12T13:46:23+00:00\" \/>\n<meta property=\"og:image\" content=\"https:\/\/biotabs.nl\/wp-content\/uploads\/product-silicium-family.jpg\" \/>\n\t<meta property=\"og:image:width\" content=\"1200\" \/>\n\t<meta property=\"og:image:height\" content=\"1200\" \/>\n\t<meta property=\"og:image:type\" content=\"image\/jpeg\" \/>\n<meta name=\"twitter:card\" content=\"summary_large_image\" \/>\n<meta name=\"twitter:site\" content=\"@Biotabs\" \/>\n<meta name=\"twitter:label1\" content=\"Dur\u00e9e de lecture estim\u00e9e\" \/>\n\t<meta name=\"twitter:data1\" content=\"1 minute\" \/>\n<script type=\"application\/ld+json\" class=\"yoast-schema-graph\">{\"@context\":\"https:\/\/schema.org\",\"@graph\":[{\"@type\":\"WebPage\",\"@id\":\"https:\/\/biotabs.nl\/fr\/produit\/silicium-flash\/\",\"url\":\"https:\/\/biotabs.nl\/fr\/produit\/silicium-flash\/\",\"name\":\"Silicium Flash | Engrais \u00e0 lib\u00e9ration rapide et am\u00e9liorateur de sol | BioTabs\",\"isPartOf\":{\"@id\":\"https:\/\/biotabs.nl\/fr\/#website\"},\"primaryImageOfPage\":{\"@id\":\"https:\/\/biotabs.nl\/fr\/produit\/silicium-flash\/#primaryimage\"},\"image\":{\"@id\":\"https:\/\/biotabs.nl\/fr\/produit\/silicium-flash\/#primaryimage\"},\"thumbnailUrl\":\"https:\/\/biotabs.nl\/wp-content\/uploads\/product-silicium-flash-family.jpg\",\"datePublished\":\"2021-07-22T16:16:36+00:00\",\"dateModified\":\"2022-07-12T13:46:23+00:00\",\"breadcrumb\":{\"@id\":\"https:\/\/biotabs.nl\/fr\/produit\/silicium-flash\/#breadcrumb\"},\"inLanguage\":\"fr-FR\",\"potentialAction\":[{\"@type\":\"ReadAction\",\"target\":[\"https:\/\/biotabs.nl\/fr\/produit\/silicium-flash\/\"]}]},{\"@type\":\"ImageObject\",\"inLanguage\":\"fr-FR\",\"@id\":\"https:\/\/biotabs.nl\/fr\/produit\/silicium-flash\/#primaryimage\",\"url\":\"https:\/\/biotabs.nl\/wp-content\/uploads\/product-silicium-flash-family.jpg\",\"contentUrl\":\"https:\/\/biotabs.nl\/wp-content\/uploads\/product-silicium-flash-family.jpg\",\"width\":1200,\"height\":1200},{\"@type\":\"BreadcrumbList\",\"@id\":\"https:\/\/biotabs.nl\/fr\/produit\/silicium-flash\/#breadcrumb\",\"itemListElement\":[{\"@type\":\"ListItem\",\"position\":1,\"name\":\"Home\",\"item\":\"https:\/\/biotabs.nl\/fr\/\"},{\"@type\":\"ListItem\",\"position\":2,\"name\":\"Boutique\",\"item\":\"https:\/\/biotabs.nl\/fr\/boutique\/\"},{\"@type\":\"ListItem\",\"position\":3,\"name\":\"Silicium Flash\"}]},{\"@type\":\"WebSite\",\"@id\":\"https:\/\/biotabs.nl\/fr\/#website\",\"url\":\"https:\/\/biotabs.nl\/fr\/\",\"name\":\"BioTabs\",\"description\":\"Easy by Nature\",\"publisher\":{\"@id\":\"https:\/\/biotabs.nl\/fr\/#organization\"},\"potentialAction\":[{\"@type\":\"SearchAction\",\"target\":{\"@type\":\"EntryPoint\",\"urlTemplate\":\"https:\/\/biotabs.nl\/fr\/?s={search_term_string}\"},\"query-input\":{\"@type\":\"PropertyValueSpecification\",\"valueRequired\":true,\"valueName\":\"search_term_string\"}}],\"inLanguage\":\"fr-FR\"},{\"@type\":\"Organization\",\"@id\":\"https:\/\/biotabs.nl\/fr\/#organization\",\"name\":\"BioTabs Easy by Nature\",\"url\":\"https:\/\/biotabs.nl\/fr\/\",\"logo\":{\"@type\":\"ImageObject\",\"inLanguage\":\"fr-FR\",\"@id\":\"https:\/\/biotabs.nl\/fr\/#\/schema\/logo\/image\/\",\"url\":\"https:\/\/biotabs.nl\/wp-content\/uploads\/logo.png\",\"contentUrl\":\"https:\/\/biotabs.nl\/wp-content\/uploads\/logo.png\",\"width\":200,\"height\":200,\"caption\":\"BioTabs Easy by Nature\"},\"image\":{\"@id\":\"https:\/\/biotabs.nl\/fr\/#\/schema\/logo\/image\/\"},\"sameAs\":[\"https:\/\/www.facebook.com\/biotabs.organics\",\"https:\/\/x.com\/Biotabs\",\"https:\/\/instagram.com\/biotabsorganics\",\"https:\/\/www.youtube.com\/channel\/UCY3QAw9DEfk_tuhQj0NdNxA\"]}]}<\/script>\n<!-- \/ Yoast SEO Premium plugin. -->","yoast_head_json":{"title":"Silicium Flash | Engrais \u00e0 lib\u00e9ration rapide et am\u00e9liorateur de sol | BioTabs","robots":{"index":"index","follow":"follow","max-snippet":"max-snippet:-1","max-image-preview":"max-image-preview:large","max-video-preview":"max-video-preview:-1"},"canonical":"https:\/\/biotabs.nl\/fr\/produit\/silicium-flash\/","og_locale":"fr_FR","og_type":"article","og_title":"Silicium Flash","og_description":"NPK 4-3-3 Remplace les nutriments liquides de croissance et de floraison.Contient : Silicium, Azote, Phosphore et Potassium. Ingr&eacute;dients 100% biologiques certifi&eacute;s par Control Union.","og_url":"https:\/\/biotabs.nl\/fr\/produit\/silicium-flash\/","og_site_name":"BioTabs","article_publisher":"https:\/\/www.facebook.com\/biotabs.organics","article_modified_time":"2022-07-12T13:46:23+00:00","og_image":[{"width":1200,"height":1200,"url":"https:\/\/biotabs.nl\/wp-content\/uploads\/product-silicium-family.jpg","type":"image\/jpeg"}],"twitter_card":"summary_large_image","twitter_site":"@Biotabs","twitter_misc":{"Dur\u00e9e de lecture estim\u00e9e":"1 minute"},"schema":{"@context":"https:\/\/schema.org","@graph":[{"@type":"WebPage","@id":"https:\/\/biotabs.nl\/fr\/produit\/silicium-flash\/","url":"https:\/\/biotabs.nl\/fr\/produit\/silicium-flash\/","name":"Silicium Flash | Engrais \u00e0 lib\u00e9ration rapide et am\u00e9liorateur de sol | BioTabs","isPartOf":{"@id":"https:\/\/biotabs.nl\/fr\/#website"},"primaryImageOfPage":{"@id":"https:\/\/biotabs.nl\/fr\/produit\/silicium-flash\/#primaryimage"},"image":{"@id":"https:\/\/biotabs.nl\/fr\/produit\/silicium-flash\/#primaryimage"},"thumbnailUrl":"https:\/\/biotabs.nl\/wp-content\/uploads\/product-silicium-flash-family.jpg","datePublished":"2021-07-22T16:16:36+00:00","dateModified":"2022-07-12T13:46:23+00:00","breadcrumb":{"@id":"https:\/\/biotabs.nl\/fr\/produit\/silicium-flash\/#breadcrumb"},"inLanguage":"fr-FR","potentialAction":[{"@type":"ReadAction","target":["https:\/\/biotabs.nl\/fr\/produit\/silicium-flash\/"]}]},{"@type":"ImageObject","inLanguage":"fr-FR","@id":"https:\/\/biotabs.nl\/fr\/produit\/silicium-flash\/#primaryimage","url":"https:\/\/biotabs.nl\/wp-content\/uploads\/product-silicium-flash-family.jpg","contentUrl":"https:\/\/biotabs.nl\/wp-content\/uploads\/product-silicium-flash-family.jpg","width":1200,"height":1200},{"@type":"BreadcrumbList","@id":"https:\/\/biotabs.nl\/fr\/produit\/silicium-flash\/#breadcrumb","itemListElement":[{"@type":"ListItem","position":1,"name":"Home","item":"https:\/\/biotabs.nl\/fr\/"},{"@type":"ListItem","position":2,"name":"Boutique","item":"https:\/\/biotabs.nl\/fr\/boutique\/"},{"@type":"ListItem","position":3,"name":"Silicium Flash"}]},{"@type":"WebSite","@id":"https:\/\/biotabs.nl\/fr\/#website","url":"https:\/\/biotabs.nl\/fr\/","name":"BioTabs","description":"Easy by Nature","publisher":{"@id":"https:\/\/biotabs.nl\/fr\/#organization"},"potentialAction":[{"@type":"SearchAction","target":{"@type":"EntryPoint","urlTemplate":"https:\/\/biotabs.nl\/fr\/?s={search_term_string}"},"query-input":{"@type":"PropertyValueSpecification","valueRequired":true,"valueName":"search_term_string"}}],"inLanguage":"fr-FR"},{"@type":"Organization","@id":"https:\/\/biotabs.nl\/fr\/#organization","name":"BioTabs Easy by Nature","url":"https:\/\/biotabs.nl\/fr\/","logo":{"@type":"ImageObject","inLanguage":"fr-FR","@id":"https:\/\/biotabs.nl\/fr\/#\/schema\/logo\/image\/","url":"https:\/\/biotabs.nl\/wp-content\/uploads\/logo.png","contentUrl":"https:\/\/biotabs.nl\/wp-content\/uploads\/logo.png","width":200,"height":200,"caption":"BioTabs Easy by Nature"},"image":{"@id":"https:\/\/biotabs.nl\/fr\/#\/schema\/logo\/image\/"},"sameAs":["https:\/\/www.facebook.com\/biotabs.organics","https:\/\/x.com\/Biotabs","https:\/\/instagram.com\/biotabsorganics","https:\/\/www.youtube.com\/channel\/UCY3QAw9DEfk_tuhQj0NdNxA"]}]}},"_links":{"self":[{"href":"https:\/\/biotabs.nl\/fr\/wp-json\/wp\/v2\/product\/1594","targetHints":{"allow":["GET"]}}],"collection":[{"href":"https:\/\/biotabs.nl\/fr\/wp-json\/wp\/v2\/product"}],"about":[{"href":"https:\/\/biotabs.nl\/fr\/wp-json\/wp\/v2\/types\/product"}],"replies":[{"embeddable":true,"href":"https:\/\/biotabs.nl\/fr\/wp-json\/wp\/v2\/comments?post=1594"}],"wp:featuredmedia":[{"embeddable":true,"href":"https:\/\/biotabs.nl\/fr\/wp-json\/wp\/v2\/media\/16660"}],"wp:attachment":[{"href":"https:\/\/biotabs.nl\/fr\/wp-json\/wp\/v2\/media?parent=1594"}],"wp:term":[{"taxonomy":"product_brand","embeddable":true,"href":"https:\/\/biotabs.nl\/fr\/wp-json\/wp\/v2\/product_brand?post=1594"},{"taxonomy":"product_cat","embeddable":true,"href":"https:\/\/biotabs.nl\/fr\/wp-json\/wp\/v2\/product_cat?post=1594"},{"taxonomy":"product_tag","embeddable":true,"href":"https:\/\/biotabs.nl\/fr\/wp-json\/wp\/v2\/product_tag?post=1594"}],"curies":[{"name":"wp","href":"https:\/\/api.w.org\/{rel}","templated":true}]}}