
{"id":1001,"date":"2021-09-02T16:07:56","date_gmt":"2021-09-02T15:07:56","guid":{"rendered":"https:\/\/biotabs.nl\/?page_id=1001"},"modified":"2021-09-02T16:07:56","modified_gmt":"2021-09-02T15:07:56","slug":"termini-e-condizioni-commerciali","status":"publish","type":"page","link":"https:\/\/biotabs.nl\/it\/termini-e-condizioni-commerciali\/","title":{"rendered":"Termini e condizioni commerciali"},"content":{"rendered":"<h2><strong>1 Accettazione d&#8217;uso secondo i Termini e Condizioni di BIOHORTI SLU. BioTabs<\/strong><\/h2>\n<p>L&#8217;accesso e l&#8217;utilizzo del sito web &#8220;BIOHORTI SLU. BioTabs&#8221; e il suo utilizzo sono soggetti esclusivamente ai presenti Termini e Condizioni. Non utilizzerai il sito web per scopi illegali o proibiti da questi Termini e Condizioni. Utilizzando questo sito Web, accetti di essere vincolato da tutti i termini, le condizioni e le note legali stabilite in questo avviso. Se non si accettano i presenti Termini e condizioni, \u00e8 necessario interrompere immediatamente l&#8217;utilizzo del sito web.<\/p>\n<h2><strong>2 CONSULENZA LEGALE<\/strong><\/h2>\n<p>I contenuti del sito web &#8220;BIOHORTI SLU. BioTabs&#8221; non costituiscono consulenza legale, n\u00e9 devono costituire la base per alcuna decisione.<\/p>\n<p>Tutte le informazioni contenute nel sito web e nel materiale cartaceo di &#8220;BIOHORTI SLU. BioTabs&#8221; sono fornite senza garanzie di alcun tipo. L&#8217;uso delle informazioni fornite da &#8220;BIOHORTI SLU. BioTabs&#8221; \u00e8 a proprio rischio.<\/p>\n<h2><strong>3 CAMBIO D&#8217;USO<\/strong><\/h2>\n<p>&#8220;BIOHORTI SLU. BioTabs&#8221; si riserva il diritto di:<\/p>\n<p>3.1 Modificare o eliminare (temporaneamente o permanentemente) il Sito Web o parte di esso, senza preavviso e con il consenso implicito che &#8220;BIOHORTI SLU. BioTabs&#8221; non sar\u00e0 ritenuto responsabile per alcuna responsabilit\u00e0 in relazione a tali modifiche o cancellazioni.<\/p>\n<p>3.2 Modificare questi Termini e Condizioni in qualsiasi momento, e l&#8217;uso continuato del Sito Web a seguito di tali modifiche costituir\u00e0 l&#8217;accettazione di tali modifiche.<\/p>\n<h2>4 ORDINI<\/h2>\n<p>Avviso importante per i clienti: \u00e8 tua responsabilit\u00e0 assicurarti della situazione legale del tuo paese e delle normative sull&#8217;importazione prima di effettuare l&#8217;ordine con &#8220;BIOHORTI SLU. BioTabs&#8221; con qualsiasi mezzo, inclusi, ma non limitati a, telefono, fax, ordini di acquisto o ordini attraverso il sito web. Non siamo responsabili per le merci confiscate dalla DOGANA in violazione delle norme di importazione del tuo paese.<\/p>\n<h2>5 LINK A SITI WEB DI TERZE PARTI<\/h2>\n<p>&#8220;Biohorti S.L.U. &#8211; BioTabs&#8221; pu\u00f2 includere collegamenti a siti Web di terzi gestiti e mantenuti da altri. Qualsiasi collegamento ad altri siti Web non costituisce un&#8217;approvazione o approvazione di tali siti e l&#8217;utente riconosce e accetta che non siamo responsabili per il contenuto o la disponibilit\u00e0 di tali siti.<\/p>\n<h2>6 COPYRIGHT<\/h2>\n<p><strong>6.1<\/strong> Tutti i diritti d&#8217;autore, marchi e altri diritti di propriet\u00e0 intellettuale nel sito Web e nel materiale stampato fornito da &#8220;Biohorti SLU &#8211; BioTabs&#8221; (inclusi, a titolo esemplificativo, il design del sito Web, il testo, la grafica e tutto il software correlato e il codice sorgente) sono di propriet\u00e0 di o concesso in licenza a &#8220;Biohorti SLU &#8211; BioTabs&#8221; o utilizzato per altri scopi ai sensi di legge da &#8220;Biohorti SLU &#8211; BioTabs&#8221;.<\/p>\n<p><strong>6.2<\/strong> Accedendo al Sito accetti di accedere ai contenuti solo per tuo uso personale e non commerciale. Nessun contenuto pu\u00f2 essere scaricato, copiato, riprodotto, trasmesso, archiviato, venduto o distribuito senza il previo consenso scritto del titolare del copyright. Ci\u00f2 esclude il download, la copia e\/o la stampa di pagine dal sito Web esclusivamente per uso personale\/individuale e non commerciale.<\/p>\n<h2>7 LINK VERSO\/E DA ALTRI SITI WEB<\/h2>\n<p><strong>7.1 <\/strong>In questo sito Web \u00e8 possibile trovare collegamenti a siti Web di terzi. L&#8217;esistenza di un collegamento a tale sito non implica la nostra approvazione di quel sito. Visitando qualsiasi sito tramite un collegamento su questo sito Web, lo fai a tuo rischio.<\/p>\n<p><strong>7.2 <\/strong>Chiunque desideri creare un collegamento a questo Sito Web \u00e8 autorizzato a farlo purch\u00e9 siano soddisfatte le condizioni di seguito specificate:<\/p>\n<p>(a) non implica che approviamo i servizi o i prodotti di terzi, a meno che non sia stato raggiunto un accordo corrispondente per iscritto.<\/p>\n<p>(b) non rappresenterai in modo errato il tuo collegamento a questo sito Web;<\/p>\n<p>(c) la pagina Web da cui si collega a questo sito Web non contiene contenuti offensivi o controversi in alcun modo o contenuti che violano qualsiasi propriet\u00e0 intellettuale o altri diritti di terzi.<\/p>\n<p><strong>7.3 <\/strong>Se crei un collegamento a questo sito Web in violazione dei nostri termini, ci indennizzi per qualsiasi perdita o danno subito da questo sito Web a causa di tale collegamento.<\/p>\n<h2>8 ESCLUSIONE DI RESPONSABILIT\u00c0 E LIMITAZIONE DI RESPONSABILIT\u00c0<\/h2>\n<p><strong>8.1<\/strong> Il Sito Web \u00e8 fornito &#8220;COS COM&#8217;\u00c8&#8221; e &#8220;COME DISPONIBILE&#8221; senza alcuna dichiarazione o approvazione fatta e senza garanzie di alcun tipo, esplicite o implicite, incluse, ma non limitate a, le garanzie implicite di qualit\u00e0 soddisfacente, idoneit\u00e0 per uno scopo particolare, non violazione, compatibilit\u00e0, sicurezza e accuratezza.<\/p>\n<p><strong>8.2<\/strong> Nella misura consentita dalla legge, &#8220;Biohorti SLU &#8211; BioTabs&#8221; non sar\u00e0 responsabile per qualsiasi perdita o danno indiretto o consequenziale (incluso, ma non limitato a, perdita di affari, opportunit\u00e0, dati, profitti) derivanti da o in connessione con l&#8217;uso di questo sito web.<\/p>\n<p><strong>8.3<\/strong> &#8220;Biohorti SLU &#8211; BioTabs&#8221; non garantisce che la funzionalit\u00e0 del sito Web sar\u00e0 ininterrotta o priva di errori, che i difetti verranno corretti o che il sito Web o il server che lo rende disponibile siano privi di virus o altri elementi dannosi o distruttivi . Nonostante ci\u00f2, cerchiamo, con scanner di malware giornalieri, di garantire che l&#8217;esposizione degli utenti a qualsiasi codice dannoso sia limitata.<\/p>\n<p><strong>8.4 <\/strong>Nulla in questi Termini e Condizioni deve essere interpretato per escludere o limitare la responsabilit\u00e0 di &#8220;Biohorti S.L.U. &#8211; BioTabs&#8221; per morte o lesioni personali derivanti da negligenza da parte di &#8220;Biohorti S.L.U. &#8211; BioTabs&#8221; o dei suoi dipendenti o agenti.<\/p>\n<h2>9 INDENNIZZO<\/h2>\n<p>Accetti di manlevare e tenere indenne &#8220;Biohorti SLU &#8211; BioTabs&#8221; e i suoi dipendenti e agenti da e contro ogni e qualsiasi responsabilit\u00e0 per eventuali spese legali, danni, perdite e spese relative a qualsiasi pretesa o azione contro &#8220;Biohorti SLU &#8211; BioTabs&#8221; derivante di qualsiasi violazione di questi Termini e Condizioni o di altre responsabilit\u00e0 derivanti dall&#8217;utilizzo di questo sito web.<\/p>\n","protected":false},"excerpt":{"rendered":"<p>1 Accettazione d&#8217;uso secondo i Termini e Condizioni di BIOHORTI SLU. BioTabs L&#8217;accesso e l&#8217;utilizzo del sito web &#8220;BIOHORTI SLU. BioTabs&#8221; e il suo utilizzo sono soggetti esclusivamente ai presenti Termini e Condizioni. Non utilizzerai il sito web per scopi illegali o proibiti da questi Termini e Condizioni. Utilizzando questo sito Web, accetti di essere [&hellip;]<\/p>\n","protected":false},"author":1,"featured_media":0,"parent":0,"menu_order":0,"comment_status":"closed","ping_status":"closed","template":"","meta":{"_acf_changed":false,"footnotes":""},"class_list":["post-1001","page","type-page","status-publish","hentry"],"acf":[],"yoast_head":"<!-- This site is optimized with the Yoast SEO Premium plugin v25.8 (Yoast SEO v27.3) - https:\/\/yoast.com\/product\/yoast-seo-premium-wordpress\/ -->\n<title>Termini e condizioni commerciali | BioTabs<\/title>\n<meta name=\"robots\" content=\"index, follow, max-snippet:-1, max-image-preview:large, max-video-preview:-1\" \/>\n<link rel=\"canonical\" href=\"https:\/\/biotabs.nl\/it\/termini-e-condizioni-commerciali\/\" \/>\n<meta property=\"og:locale\" content=\"it_IT\" \/>\n<meta property=\"og:type\" content=\"article\" \/>\n<meta property=\"og:title\" content=\"Termini e condizioni commerciali\" \/>\n<meta property=\"og:description\" content=\"1 Accettazione d&#8217;uso secondo i Termini e Condizioni di BIOHORTI SLU. BioTabs L&#8217;accesso e l&#8217;utilizzo del sito web &#8220;BIOHORTI SLU. BioTabs&#8221; e il suo utilizzo sono soggetti esclusivamente ai presenti Termini e Condizioni. Non utilizzerai il sito web per scopi illegali o proibiti da questi Termini e Condizioni. Utilizzando questo sito Web, accetti di essere [&hellip;]\" \/>\n<meta property=\"og:url\" content=\"https:\/\/biotabs.nl\/it\/termini-e-condizioni-commerciali\/\" \/>\n<meta property=\"og:site_name\" content=\"BioTabs\" \/>\n<meta property=\"article:publisher\" content=\"https:\/\/www.facebook.com\/biotabs.organics\" \/>\n<meta name=\"twitter:card\" content=\"summary_large_image\" \/>\n<meta name=\"twitter:site\" content=\"@Biotabs\" \/>\n<meta name=\"twitter:label1\" content=\"Tempo di lettura stimato\" \/>\n\t<meta name=\"twitter:data1\" content=\"4 minuti\" \/>\n<script type=\"application\/ld+json\" class=\"yoast-schema-graph\">{\"@context\":\"https:\\\/\\\/schema.org\",\"@graph\":[{\"@type\":\"WebPage\",\"@id\":\"https:\\\/\\\/biotabs.nl\\\/it\\\/termini-e-condizioni-commerciali\\\/\",\"url\":\"https:\\\/\\\/biotabs.nl\\\/it\\\/termini-e-condizioni-commerciali\\\/\",\"name\":\"Termini e condizioni commerciali | BioTabs\",\"isPartOf\":{\"@id\":\"https:\\\/\\\/biotabs.nl\\\/it\\\/#website\"},\"datePublished\":\"2021-09-02T15:07:56+00:00\",\"breadcrumb\":{\"@id\":\"https:\\\/\\\/biotabs.nl\\\/it\\\/termini-e-condizioni-commerciali\\\/#breadcrumb\"},\"inLanguage\":\"it-IT\",\"potentialAction\":[{\"@type\":\"ReadAction\",\"target\":[\"https:\\\/\\\/biotabs.nl\\\/it\\\/termini-e-condizioni-commerciali\\\/\"]}]},{\"@type\":\"BreadcrumbList\",\"@id\":\"https:\\\/\\\/biotabs.nl\\\/it\\\/termini-e-condizioni-commerciali\\\/#breadcrumb\",\"itemListElement\":[{\"@type\":\"ListItem\",\"position\":1,\"name\":\"Home\",\"item\":\"https:\\\/\\\/biotabs.nl\\\/it\\\/\"},{\"@type\":\"ListItem\",\"position\":2,\"name\":\"Termini e condizioni commerciali\"}]},{\"@type\":\"WebSite\",\"@id\":\"https:\\\/\\\/biotabs.nl\\\/it\\\/#website\",\"url\":\"https:\\\/\\\/biotabs.nl\\\/it\\\/\",\"name\":\"BioTabs\",\"description\":\"Easy by Nature\",\"publisher\":{\"@id\":\"https:\\\/\\\/biotabs.nl\\\/it\\\/#organization\"},\"potentialAction\":[{\"@type\":\"SearchAction\",\"target\":{\"@type\":\"EntryPoint\",\"urlTemplate\":\"https:\\\/\\\/biotabs.nl\\\/it\\\/?s={search_term_string}\"},\"query-input\":{\"@type\":\"PropertyValueSpecification\",\"valueRequired\":true,\"valueName\":\"search_term_string\"}}],\"inLanguage\":\"it-IT\"},{\"@type\":\"Organization\",\"@id\":\"https:\\\/\\\/biotabs.nl\\\/it\\\/#organization\",\"name\":\"BioTabs Easy by Nature\",\"url\":\"https:\\\/\\\/biotabs.nl\\\/it\\\/\",\"logo\":{\"@type\":\"ImageObject\",\"inLanguage\":\"it-IT\",\"@id\":\"https:\\\/\\\/biotabs.nl\\\/it\\\/#\\\/schema\\\/logo\\\/image\\\/\",\"url\":\"https:\\\/\\\/biotabs.nl\\\/wp-content\\\/uploads\\\/logo.png\",\"contentUrl\":\"https:\\\/\\\/biotabs.nl\\\/wp-content\\\/uploads\\\/logo.png\",\"width\":200,\"height\":200,\"caption\":\"BioTabs Easy by Nature\"},\"image\":{\"@id\":\"https:\\\/\\\/biotabs.nl\\\/it\\\/#\\\/schema\\\/logo\\\/image\\\/\"},\"sameAs\":[\"https:\\\/\\\/www.facebook.com\\\/biotabs.organics\",\"https:\\\/\\\/x.com\\\/Biotabs\",\"https:\\\/\\\/instagram.com\\\/biotabsorganics\",\"https:\\\/\\\/www.youtube.com\\\/channel\\\/UCY3QAw9DEfk_tuhQj0NdNxA\"]}]}<\/script>\n<!-- \/ Yoast SEO Premium plugin. -->","yoast_head_json":{"title":"Termini e condizioni commerciali | BioTabs","robots":{"index":"index","follow":"follow","max-snippet":"max-snippet:-1","max-image-preview":"max-image-preview:large","max-video-preview":"max-video-preview:-1"},"canonical":"https:\/\/biotabs.nl\/it\/termini-e-condizioni-commerciali\/","og_locale":"it_IT","og_type":"article","og_title":"Termini e condizioni commerciali","og_description":"1 Accettazione d&#8217;uso secondo i Termini e Condizioni di BIOHORTI SLU. BioTabs L&#8217;accesso e l&#8217;utilizzo del sito web &#8220;BIOHORTI SLU. BioTabs&#8221; e il suo utilizzo sono soggetti esclusivamente ai presenti Termini e Condizioni. Non utilizzerai il sito web per scopi illegali o proibiti da questi Termini e Condizioni. Utilizzando questo sito Web, accetti di essere [&hellip;]","og_url":"https:\/\/biotabs.nl\/it\/termini-e-condizioni-commerciali\/","og_site_name":"BioTabs","article_publisher":"https:\/\/www.facebook.com\/biotabs.organics","twitter_card":"summary_large_image","twitter_site":"@Biotabs","twitter_misc":{"Tempo di lettura stimato":"4 minuti"},"schema":{"@context":"https:\/\/schema.org","@graph":[{"@type":"WebPage","@id":"https:\/\/biotabs.nl\/it\/termini-e-condizioni-commerciali\/","url":"https:\/\/biotabs.nl\/it\/termini-e-condizioni-commerciali\/","name":"Termini e condizioni commerciali | BioTabs","isPartOf":{"@id":"https:\/\/biotabs.nl\/it\/#website"},"datePublished":"2021-09-02T15:07:56+00:00","breadcrumb":{"@id":"https:\/\/biotabs.nl\/it\/termini-e-condizioni-commerciali\/#breadcrumb"},"inLanguage":"it-IT","potentialAction":[{"@type":"ReadAction","target":["https:\/\/biotabs.nl\/it\/termini-e-condizioni-commerciali\/"]}]},{"@type":"BreadcrumbList","@id":"https:\/\/biotabs.nl\/it\/termini-e-condizioni-commerciali\/#breadcrumb","itemListElement":[{"@type":"ListItem","position":1,"name":"Home","item":"https:\/\/biotabs.nl\/it\/"},{"@type":"ListItem","position":2,"name":"Termini e condizioni commerciali"}]},{"@type":"WebSite","@id":"https:\/\/biotabs.nl\/it\/#website","url":"https:\/\/biotabs.nl\/it\/","name":"BioTabs","description":"Easy by Nature","publisher":{"@id":"https:\/\/biotabs.nl\/it\/#organization"},"potentialAction":[{"@type":"SearchAction","target":{"@type":"EntryPoint","urlTemplate":"https:\/\/biotabs.nl\/it\/?s={search_term_string}"},"query-input":{"@type":"PropertyValueSpecification","valueRequired":true,"valueName":"search_term_string"}}],"inLanguage":"it-IT"},{"@type":"Organization","@id":"https:\/\/biotabs.nl\/it\/#organization","name":"BioTabs Easy by Nature","url":"https:\/\/biotabs.nl\/it\/","logo":{"@type":"ImageObject","inLanguage":"it-IT","@id":"https:\/\/biotabs.nl\/it\/#\/schema\/logo\/image\/","url":"https:\/\/biotabs.nl\/wp-content\/uploads\/logo.png","contentUrl":"https:\/\/biotabs.nl\/wp-content\/uploads\/logo.png","width":200,"height":200,"caption":"BioTabs Easy by Nature"},"image":{"@id":"https:\/\/biotabs.nl\/it\/#\/schema\/logo\/image\/"},"sameAs":["https:\/\/www.facebook.com\/biotabs.organics","https:\/\/x.com\/Biotabs","https:\/\/instagram.com\/biotabsorganics","https:\/\/www.youtube.com\/channel\/UCY3QAw9DEfk_tuhQj0NdNxA"]}]}},"_links":{"self":[{"href":"https:\/\/biotabs.nl\/it\/wp-json\/wp\/v2\/pages\/1001","targetHints":{"allow":["GET"]}}],"collection":[{"href":"https:\/\/biotabs.nl\/it\/wp-json\/wp\/v2\/pages"}],"about":[{"href":"https:\/\/biotabs.nl\/it\/wp-json\/wp\/v2\/types\/page"}],"author":[{"embeddable":true,"href":"https:\/\/biotabs.nl\/it\/wp-json\/wp\/v2\/users\/1"}],"replies":[{"embeddable":true,"href":"https:\/\/biotabs.nl\/it\/wp-json\/wp\/v2\/comments?post=1001"}],"version-history":[{"count":0,"href":"https:\/\/biotabs.nl\/it\/wp-json\/wp\/v2\/pages\/1001\/revisions"}],"wp:attachment":[{"href":"https:\/\/biotabs.nl\/it\/wp-json\/wp\/v2\/media?parent=1001"}],"curies":[{"name":"wp","href":"https:\/\/api.w.org\/{rel}","templated":true}]}}