
{"id":946,"date":"2021-09-01T17:41:29","date_gmt":"2021-09-01T16:41:29","guid":{"rendered":"https:\/\/biotabs.nl\/?page_id=946"},"modified":"2021-10-12T15:36:18","modified_gmt":"2021-10-12T14:36:18","slug":"centri-di-formazione","status":"publish","type":"page","link":"https:\/\/biotabs.nl\/it\/centri-di-formazione\/","title":{"rendered":"Centri di formazione"},"content":{"rendered":"<div id=\"pl-946\"  class=\"panel-layout\" ><div id=\"pg-946-0\"  class=\"panel-grid panel-no-style\" ><div id=\"pgc-946-0-0\"  class=\"panel-grid-cell\" ><div id=\"panel-946-0-0-0\" class=\"widget_text so-panel widget widget_custom_html panel-first-child panel-last-child widgetopts-SO\" data-index=\"0\" ><div class=\"textwidget custom-html-widget\"><style>.embed-container { position: relative; padding-bottom: 56.25%; height: 0; overflow: hidden; max-width: 100%; } .embed-container iframe, .embed-container object, .embed-container embed { position: absolute; top: 0; left: 0; width: 100%; height: 100%; }<\/style><div class='embed-container'><iframe data-src='https:\/\/www.youtube.com\/embed\/wUAnCHYZQVg' frameborder='0' allowfullscreen src='data:image\/svg+xml;base64,PHN2ZyB3aWR0aD0iMSIgaGVpZ2h0PSIxIiB4bWxucz0iaHR0cDovL3d3dy53My5vcmcvMjAwMC9zdmciPjwvc3ZnPg==' class='lazyload' data-load-mode='1'><\/iframe><\/div><\/div><\/div><\/div><div id=\"pgc-946-0-1\"  class=\"panel-grid-cell\" ><div id=\"panel-946-0-1-0\" class=\"so-panel widget widget_sow-editor panel-first-child panel-last-child widgetopts-SO\" data-index=\"1\" ><div\n\t\t\t\n\t\t\tclass=\"so-widget-sow-editor so-widget-sow-editor-base\"\n\t\t\t\n\t\t><h2 class=\"widget-title\">Video tutorial<\/h2>\n<div class=\"siteorigin-widget-tinymce textwidget\">\n\t<p>Scopri di pi\u00f9 con i video tutorial dove viene spiegato nel dettaglio come applicare i prodotti BioTabs e iscriviti al nostro canale YouTube.<\/p>\n<p><a class=\"button\" href=\"\/it\/centri-di-formazione\/faq\/\">Guarda i video tutorial<\/a><\/p>\n<\/div>\n<\/div><\/div><\/div><\/div><div id=\"pg-946-1\"  class=\"panel-grid panel-has-style\" ><div class=\"siteorigin-panels-stretch panel-row-style panel-row-style-for-946-1\" data-stretch-type=\"full\" ><div id=\"pgc-946-1-0\"  class=\"panel-grid-cell\" ><div id=\"panel-946-1-0-0\" class=\"so-panel widget widget_sow-editor panel-first-child panel-last-child widgetopts-SO\" data-index=\"2\" ><div\n\t\t\t\n\t\t\tclass=\"so-widget-sow-editor so-widget-sow-editor-base\"\n\t\t\t\n\t\t><h2 class=\"widget-title\">La vita del suolo<\/h2>\n<div class=\"siteorigin-widget-tinymce textwidget\">\n\t<p>BioTabs \u00e8 una strategia intelligente recentemente sviluppata per l'agricoltura biologica che si basa su convenienza, efficienza e qualit\u00e0. Coltivare organicamente sembra complicato, ma in realt\u00e0 \u00e8 il modo di coltivare pi\u00f9 semplice e naturale.<\/p>\n<p><a class=\"button\" href=\"\/it\/centri-di-formazione\/vita-del-suolo\/\">Scopri di pi\u00f9 sulla vita del suolo<\/a><\/p>\n<\/div>\n<\/div><\/div><\/div><div id=\"pgc-946-1-1\"  class=\"panel-grid-cell\" ><div id=\"panel-946-1-1-0\" class=\"so-panel widget widget_sow-image panel-first-child panel-last-child widgetopts-SO\" data-index=\"3\" ><div\n\t\t\t\n\t\t\tclass=\"so-widget-sow-image so-widget-sow-image-default-dbf295114b96-946\"\n\t\t\t\n\t\t>\n<div class=\"sow-image-container\">\n\t\t<img \n\tdata-src=\"https:\/\/www.l5cdn.com\/biotabs\/training-center-soil-life.jpg\" title=\"Centri di formazione\" alt=\"\" \t\tclass=\"so-widget-image lazyload\" src=\"data:image\/svg+xml;base64,PHN2ZyB3aWR0aD0iMSIgaGVpZ2h0PSIxIiB4bWxucz0iaHR0cDovL3d3dy53My5vcmcvMjAwMC9zdmciPjwvc3ZnPg==\" \/>\n\t<\/div>\n\n<\/div><\/div><\/div><\/div><\/div><div id=\"pg-946-2\"  class=\"panel-grid panel-no-style\" ><div id=\"pgc-946-2-0\"  class=\"panel-grid-cell\" ><div id=\"panel-946-2-0-0\" class=\"so-panel widget widget_sow-image panel-first-child panel-last-child widgetopts-SO\" data-index=\"4\" ><div\n\t\t\t\n\t\t\tclass=\"so-widget-sow-image so-widget-sow-image-default-dbf295114b96-946\"\n\t\t\t\n\t\t>\n<div class=\"sow-image-container\">\n\t\t<img \n\tdata-src=\"https:\/\/www.l5cdn.com\/biotabs\/training-center-faq.jpg\" title=\"Centri di formazione\" alt=\"\" \t\tclass=\"so-widget-image lazyload\" src=\"data:image\/svg+xml;base64,PHN2ZyB3aWR0aD0iMSIgaGVpZ2h0PSIxIiB4bWxucz0iaHR0cDovL3d3dy53My5vcmcvMjAwMC9zdmciPjwvc3ZnPg==\" \/>\n\t<\/div>\n\n<\/div><\/div><\/div><div id=\"pgc-946-2-1\"  class=\"panel-grid-cell\" ><div id=\"panel-946-2-1-0\" class=\"so-panel widget widget_sow-editor panel-first-child panel-last-child widgetopts-SO\" data-index=\"5\" ><div\n\t\t\t\n\t\t\tclass=\"so-widget-sow-editor so-widget-sow-editor-base\"\n\t\t\t\n\t\t><h2 class=\"widget-title\">Le domande pi\u00f9 frequenti sui nostri prodotti<\/h2>\n<div class=\"siteorigin-widget-tinymce textwidget\">\n\t<p>Raccolta di tutte le informazioni necessarie e risposte ai dubbi che possono sorgere nelle vostre coltivazioni biologiche.<\/p>\n<p><a class=\"button\" href=\"\/it\/centri-di-formazione\/faq\/\">Vedi le domande frequenti<\/a><\/p>\n<\/div>\n<\/div><\/div><\/div><\/div><div id=\"pg-946-3\"  class=\"panel-grid panel-has-style\" ><div class=\"siteorigin-panels-stretch panel-row-style panel-row-style-for-946-3\" data-stretch-type=\"full\" ><div id=\"pgc-946-3-0\"  class=\"panel-grid-cell\" ><div id=\"panel-946-3-0-0\" class=\"so-panel widget widget_sow-editor panel-first-child panel-last-child widgetopts-SO\" data-index=\"6\" ><div\n\t\t\t\n\t\t\tclass=\"so-widget-sow-editor so-widget-sow-editor-base\"\n\t\t\t\n\t\t><h2 class=\"widget-title\">Scarica I nostri manuali per la coltivazione biologica<\/h2>\n<div class=\"siteorigin-widget-tinymce textwidget\">\n\t<p>Da qui \u00e8 possibile scaricare i manuali di Biotabs, disponibilI in tutte le lingue. Trova sugger-imenti sulle strategie per l'acqua, il terreno, i vasi, il t\u00e8 di compost\u2026 Troverai anche manuali per tutto ci\u00f2 riguardante la tua coltivazione biologica, passo per passo.<\/p>\n<p><a class=\"button\" href=\"\/it\/centri-di-formazione\/manuali-di-biotabs\/\">Scarica i manuali<\/a><\/p>\n<\/div>\n<\/div><\/div><\/div><div id=\"pgc-946-3-1\"  class=\"panel-grid-cell\" ><div id=\"panel-946-3-1-0\" class=\"so-panel widget widget_sow-image panel-first-child panel-last-child widgetopts-SO\" data-index=\"7\" ><div\n\t\t\t\n\t\t\tclass=\"so-widget-sow-image so-widget-sow-image-default-dbf295114b96-946\"\n\t\t\t\n\t\t>\n<div class=\"sow-image-container\">\n\t\t<img \n\tdata-src=\"https:\/\/www.l5cdn.com\/biotabs\/training-center-manuals.jpg\" title=\"Centri di formazione\" alt=\"\" \t\tclass=\"so-widget-image lazyload\" src=\"data:image\/svg+xml;base64,PHN2ZyB3aWR0aD0iMSIgaGVpZ2h0PSIxIiB4bWxucz0iaHR0cDovL3d3dy53My5vcmcvMjAwMC9zdmciPjwvc3ZnPg==\" \/>\n\t<\/div>\n\n<\/div><\/div><\/div><\/div><\/div><div id=\"pg-946-4\"  class=\"panel-grid panel-no-style\" ><div id=\"pgc-946-4-0\"  class=\"panel-grid-cell\" ><div id=\"panel-946-4-0-0\" class=\"so-panel widget widget_sow-image panel-first-child panel-last-child widgetopts-SO\" data-index=\"8\" ><div\n\t\t\t\n\t\t\tclass=\"so-widget-sow-image so-widget-sow-image-default-dbf295114b96-946\"\n\t\t\t\n\t\t>\n<div class=\"sow-image-container\">\n\t\t<img \n\tdata-src=\"https:\/\/www.l5cdn.com\/biotabs\/training-center-technical-sheets.jpg\" title=\"Centri di formazione\" alt=\"\" \t\tclass=\"so-widget-image lazyload\" src=\"data:image\/svg+xml;base64,PHN2ZyB3aWR0aD0iMSIgaGVpZ2h0PSIxIiB4bWxucz0iaHR0cDovL3d3dy53My5vcmcvMjAwMC9zdmciPjwvc3ZnPg==\" \/>\n\t<\/div>\n\n<\/div><\/div><\/div><div id=\"pgc-946-4-1\"  class=\"panel-grid-cell\" ><div id=\"panel-946-4-1-0\" class=\"so-panel widget widget_sow-editor panel-first-child panel-last-child widgetopts-SO\" data-index=\"9\" ><div\n\t\t\t\n\t\t\tclass=\"so-widget-sow-editor so-widget-sow-editor-base\"\n\t\t\t\n\t\t><h2 class=\"widget-title\">Schede tecniche dei prodotti biotabs scaricabili in PDF<\/h2>\n<div class=\"siteorigin-widget-tinymce textwidget\">\n\t<p>Scarica da qui i manuali di tutti i nostri prodotti. Nella scheda di ogni prodotto troverai le istruzioni per l'uso e tutte le informazioni per il dosaggio esatto in base al tuo numero di piante e vasi.<\/p>\n<p><a class=\"button\" href=\"\/it\/centri-di-formazione\/schede-tecniche-dei-prodotti\/\">Scarica le schede tecniche dei prodotti<\/a><\/p>\n<\/div>\n<\/div><\/div><\/div><\/div><\/div>","protected":false},"excerpt":{"rendered":"<p>Scopri di pi\u00f9 con i video tutorial dove viene spiegato nel dettaglio come applicare i prodotti BioTabs e iscriviti al nostro canale YouTube. Guarda i video tutorial BioTabs \u00e8 una strategia intelligente recentemente sviluppata per l&#8217;agricoltura biologica che si basa su convenienza, efficienza e qualit\u00e0. Coltivare organicamente sembra complicato, ma in realt\u00e0 \u00e8 il modo [&hellip;]<\/p>\n","protected":false},"author":1,"featured_media":0,"parent":0,"menu_order":0,"comment_status":"closed","ping_status":"closed","template":"","meta":{"_acf_changed":false,"footnotes":""},"class_list":["post-946","page","type-page","status-publish","hentry"],"acf":[],"yoast_head":"<!-- This site is optimized with the Yoast SEO Premium plugin v25.8 (Yoast SEO v27.4) - https:\/\/yoast.com\/product\/yoast-seo-premium-wordpress\/ -->\n<title>Centri di formazione | BioTabs<\/title>\n<meta name=\"robots\" content=\"index, follow, max-snippet:-1, max-image-preview:large, max-video-preview:-1\" \/>\n<link rel=\"canonical\" href=\"https:\/\/biotabs.nl\/it\/centri-di-formazione\/\" \/>\n<meta property=\"og:locale\" content=\"it_IT\" \/>\n<meta property=\"og:type\" content=\"article\" \/>\n<meta property=\"og:title\" content=\"Centri di formazione\" \/>\n<meta property=\"og:description\" content=\"Scopri di pi\u00f9 con i video tutorial dove viene spiegato nel dettaglio come applicare i prodotti BioTabs e iscriviti al nostro canale YouTube. Guarda i video tutorial BioTabs \u00e8 una strategia intelligente recentemente sviluppata per l&#039;agricoltura biologica che si basa su convenienza, efficienza e qualit\u00e0. Coltivare organicamente sembra complicato, ma in realt\u00e0 \u00e8 il modo [&hellip;]\" \/>\n<meta property=\"og:url\" content=\"https:\/\/biotabs.nl\/it\/centri-di-formazione\/\" \/>\n<meta property=\"og:site_name\" content=\"BioTabs\" \/>\n<meta property=\"article:publisher\" content=\"https:\/\/www.facebook.com\/biotabs.organics\" \/>\n<meta property=\"article:modified_time\" content=\"2021-10-12T14:36:18+00:00\" \/>\n<meta name=\"twitter:card\" content=\"summary_large_image\" \/>\n<meta name=\"twitter:site\" content=\"@Biotabs\" \/>\n<meta name=\"twitter:label1\" content=\"Tempo di lettura stimato\" \/>\n\t<meta name=\"twitter:data1\" content=\"1 minuto\" \/>\n<script type=\"application\/ld+json\" class=\"yoast-schema-graph\">{\"@context\":\"https:\\\/\\\/schema.org\",\"@graph\":[{\"@type\":\"WebPage\",\"@id\":\"https:\\\/\\\/biotabs.nl\\\/it\\\/centri-di-formazione\\\/\",\"url\":\"https:\\\/\\\/biotabs.nl\\\/it\\\/centri-di-formazione\\\/\",\"name\":\"Centri di formazione | BioTabs\",\"isPartOf\":{\"@id\":\"https:\\\/\\\/biotabs.nl\\\/it\\\/#website\"},\"datePublished\":\"2021-09-01T16:41:29+00:00\",\"dateModified\":\"2021-10-12T14:36:18+00:00\",\"breadcrumb\":{\"@id\":\"https:\\\/\\\/biotabs.nl\\\/it\\\/centri-di-formazione\\\/#breadcrumb\"},\"inLanguage\":\"it-IT\",\"potentialAction\":[{\"@type\":\"ReadAction\",\"target\":[\"https:\\\/\\\/biotabs.nl\\\/it\\\/centri-di-formazione\\\/\"]}]},{\"@type\":\"BreadcrumbList\",\"@id\":\"https:\\\/\\\/biotabs.nl\\\/it\\\/centri-di-formazione\\\/#breadcrumb\",\"itemListElement\":[{\"@type\":\"ListItem\",\"position\":1,\"name\":\"Home\",\"item\":\"https:\\\/\\\/biotabs.nl\\\/it\\\/\"},{\"@type\":\"ListItem\",\"position\":2,\"name\":\"Centri di formazione\"}]},{\"@type\":\"WebSite\",\"@id\":\"https:\\\/\\\/biotabs.nl\\\/it\\\/#website\",\"url\":\"https:\\\/\\\/biotabs.nl\\\/it\\\/\",\"name\":\"BioTabs\",\"description\":\"Easy by Nature\",\"publisher\":{\"@id\":\"https:\\\/\\\/biotabs.nl\\\/it\\\/#organization\"},\"potentialAction\":[{\"@type\":\"SearchAction\",\"target\":{\"@type\":\"EntryPoint\",\"urlTemplate\":\"https:\\\/\\\/biotabs.nl\\\/it\\\/?s={search_term_string}\"},\"query-input\":{\"@type\":\"PropertyValueSpecification\",\"valueRequired\":true,\"valueName\":\"search_term_string\"}}],\"inLanguage\":\"it-IT\"},{\"@type\":\"Organization\",\"@id\":\"https:\\\/\\\/biotabs.nl\\\/it\\\/#organization\",\"name\":\"BioTabs Easy by Nature\",\"url\":\"https:\\\/\\\/biotabs.nl\\\/it\\\/\",\"logo\":{\"@type\":\"ImageObject\",\"inLanguage\":\"it-IT\",\"@id\":\"https:\\\/\\\/biotabs.nl\\\/it\\\/#\\\/schema\\\/logo\\\/image\\\/\",\"url\":\"https:\\\/\\\/biotabs.nl\\\/wp-content\\\/uploads\\\/logo.png\",\"contentUrl\":\"https:\\\/\\\/biotabs.nl\\\/wp-content\\\/uploads\\\/logo.png\",\"width\":200,\"height\":200,\"caption\":\"BioTabs Easy by Nature\"},\"image\":{\"@id\":\"https:\\\/\\\/biotabs.nl\\\/it\\\/#\\\/schema\\\/logo\\\/image\\\/\"},\"sameAs\":[\"https:\\\/\\\/www.facebook.com\\\/biotabs.organics\",\"https:\\\/\\\/x.com\\\/Biotabs\",\"https:\\\/\\\/instagram.com\\\/biotabsorganics\",\"https:\\\/\\\/www.youtube.com\\\/channel\\\/UCY3QAw9DEfk_tuhQj0NdNxA\"]}]}<\/script>\n<!-- \/ Yoast SEO Premium plugin. -->","yoast_head_json":{"title":"Centri di formazione | BioTabs","robots":{"index":"index","follow":"follow","max-snippet":"max-snippet:-1","max-image-preview":"max-image-preview:large","max-video-preview":"max-video-preview:-1"},"canonical":"https:\/\/biotabs.nl\/it\/centri-di-formazione\/","og_locale":"it_IT","og_type":"article","og_title":"Centri di formazione","og_description":"Scopri di pi\u00f9 con i video tutorial dove viene spiegato nel dettaglio come applicare i prodotti BioTabs e iscriviti al nostro canale YouTube. Guarda i video tutorial BioTabs \u00e8 una strategia intelligente recentemente sviluppata per l'agricoltura biologica che si basa su convenienza, efficienza e qualit\u00e0. Coltivare organicamente sembra complicato, ma in realt\u00e0 \u00e8 il modo [&hellip;]","og_url":"https:\/\/biotabs.nl\/it\/centri-di-formazione\/","og_site_name":"BioTabs","article_publisher":"https:\/\/www.facebook.com\/biotabs.organics","article_modified_time":"2021-10-12T14:36:18+00:00","twitter_card":"summary_large_image","twitter_site":"@Biotabs","twitter_misc":{"Tempo di lettura stimato":"1 minuto"},"schema":{"@context":"https:\/\/schema.org","@graph":[{"@type":"WebPage","@id":"https:\/\/biotabs.nl\/it\/centri-di-formazione\/","url":"https:\/\/biotabs.nl\/it\/centri-di-formazione\/","name":"Centri di formazione | BioTabs","isPartOf":{"@id":"https:\/\/biotabs.nl\/it\/#website"},"datePublished":"2021-09-01T16:41:29+00:00","dateModified":"2021-10-12T14:36:18+00:00","breadcrumb":{"@id":"https:\/\/biotabs.nl\/it\/centri-di-formazione\/#breadcrumb"},"inLanguage":"it-IT","potentialAction":[{"@type":"ReadAction","target":["https:\/\/biotabs.nl\/it\/centri-di-formazione\/"]}]},{"@type":"BreadcrumbList","@id":"https:\/\/biotabs.nl\/it\/centri-di-formazione\/#breadcrumb","itemListElement":[{"@type":"ListItem","position":1,"name":"Home","item":"https:\/\/biotabs.nl\/it\/"},{"@type":"ListItem","position":2,"name":"Centri di formazione"}]},{"@type":"WebSite","@id":"https:\/\/biotabs.nl\/it\/#website","url":"https:\/\/biotabs.nl\/it\/","name":"BioTabs","description":"Easy by Nature","publisher":{"@id":"https:\/\/biotabs.nl\/it\/#organization"},"potentialAction":[{"@type":"SearchAction","target":{"@type":"EntryPoint","urlTemplate":"https:\/\/biotabs.nl\/it\/?s={search_term_string}"},"query-input":{"@type":"PropertyValueSpecification","valueRequired":true,"valueName":"search_term_string"}}],"inLanguage":"it-IT"},{"@type":"Organization","@id":"https:\/\/biotabs.nl\/it\/#organization","name":"BioTabs Easy by Nature","url":"https:\/\/biotabs.nl\/it\/","logo":{"@type":"ImageObject","inLanguage":"it-IT","@id":"https:\/\/biotabs.nl\/it\/#\/schema\/logo\/image\/","url":"https:\/\/biotabs.nl\/wp-content\/uploads\/logo.png","contentUrl":"https:\/\/biotabs.nl\/wp-content\/uploads\/logo.png","width":200,"height":200,"caption":"BioTabs Easy by Nature"},"image":{"@id":"https:\/\/biotabs.nl\/it\/#\/schema\/logo\/image\/"},"sameAs":["https:\/\/www.facebook.com\/biotabs.organics","https:\/\/x.com\/Biotabs","https:\/\/instagram.com\/biotabsorganics","https:\/\/www.youtube.com\/channel\/UCY3QAw9DEfk_tuhQj0NdNxA"]}]}},"_links":{"self":[{"href":"https:\/\/biotabs.nl\/it\/wp-json\/wp\/v2\/pages\/946","targetHints":{"allow":["GET"]}}],"collection":[{"href":"https:\/\/biotabs.nl\/it\/wp-json\/wp\/v2\/pages"}],"about":[{"href":"https:\/\/biotabs.nl\/it\/wp-json\/wp\/v2\/types\/page"}],"author":[{"embeddable":true,"href":"https:\/\/biotabs.nl\/it\/wp-json\/wp\/v2\/users\/1"}],"replies":[{"embeddable":true,"href":"https:\/\/biotabs.nl\/it\/wp-json\/wp\/v2\/comments?post=946"}],"version-history":[{"count":0,"href":"https:\/\/biotabs.nl\/it\/wp-json\/wp\/v2\/pages\/946\/revisions"}],"wp:attachment":[{"href":"https:\/\/biotabs.nl\/it\/wp-json\/wp\/v2\/media?parent=946"}],"curies":[{"name":"wp","href":"https:\/\/api.w.org\/{rel}","templated":true}]}}