
{"id":973,"date":"2021-09-01T18:10:56","date_gmt":"2021-09-01T17:10:56","guid":{"rendered":"https:\/\/biotabs.nl\/?page_id=973"},"modified":"2021-12-22T17:43:28","modified_gmt":"2021-12-22T16:43:28","slug":"chi-siamo","status":"publish","type":"page","link":"https:\/\/biotabs.nl\/it\/chi-siamo\/","title":{"rendered":"Chi siamo"},"content":{"rendered":"<div id=\"pl-973\"  class=\"panel-layout\" ><div id=\"pg-973-0\"  class=\"panel-grid panel-no-style\" ><div id=\"pgc-973-0-0\"  class=\"panel-grid-cell\" ><div id=\"panel-973-0-0-0\" class=\"so-panel widget widget_sow-editor panel-first-child panel-last-child widgetopts-SO\" data-index=\"0\" ><div\n\t\t\t\n\t\t\tclass=\"so-widget-sow-editor so-widget-sow-editor-base\"\n\t\t\t\n\t\t><h2 class=\"widget-title\">Informazioni sui fertilizzanti organici BioTabs<\/h2>\n<div class=\"siteorigin-widget-tinymce textwidget\">\n\t<p>BioTabs Organic Fertilizers \u00e8 una societ\u00e0 di ricerca innovativa e produttrice di fertilizzanti organici e ammendanti con sede nei Paesi Bassi. Il nostro team \u00e8 composto da coltivatori esperti con pi\u00f9 di 35 anni di esperienza nella coltivazione delle piante. Per 25 anni abbiamo coltivato le nostre amate piante con metodi \u201cchimici\u201d in lana roccia, ma 10 anni fa abbiamo sperimentato per la prima volta l'utilizzo dei fertilizzanti organici.<\/p>\n<p><strong>Questo \u00e8 stato un vero punto di svolta per la nostra azienda!<\/strong><\/p>\n<p>I risultati sono stati impressionanti!!! Dopo un abbondante raccolto, abbiamo a malapena riconosciuto il gusto e l'odore delle nostre piante.<br \/>\nL'aroma era molto pi\u00f9 ricco e intenso di quanto avessimo mai provato prima. Ma quello era solo l'inizio della nostra ricerca del metodo definitivo di agricoltura organica...<br \/>\ne cos\u00ec \u00e8 nata l'idea di BioTabs...<\/p>\n<\/div>\n<\/div><\/div><\/div><div id=\"pgc-973-0-1\"  class=\"panel-grid-cell\" ><div id=\"panel-973-0-1-0\" class=\"widget_text so-panel widget widget_custom_html panel-first-child panel-last-child widgetopts-SO\" data-index=\"1\" ><div class=\"textwidget custom-html-widget\"><style>.embed-container { position: relative; padding-bottom: 56.25%; height: 0; overflow: hidden; max-width: 100%; } .embed-container iframe, .embed-container object, .embed-container embed { position: absolute; top: 0; left: 0; width: 100%; height: 100%; }<\/style><div class='embed-container'><iframe data-src='https:\/\/www.youtube.com\/embed\/PRWaH8OOwEw' frameborder='0' allowfullscreen src='data:image\/svg+xml;base64,PHN2ZyB3aWR0aD0iMSIgaGVpZ2h0PSIxIiB4bWxucz0iaHR0cDovL3d3dy53My5vcmcvMjAwMC9zdmciPjwvc3ZnPg==' class='lazyload' data-load-mode='1'><\/iframe><\/div><\/div><\/div><\/div><\/div><\/div>","protected":false},"excerpt":{"rendered":"<p>BioTabs Organic Fertilizers \u00e8 una societ\u00e0 di ricerca innovativa e produttrice di fertilizzanti organici e ammendanti con sede nei Paesi Bassi. Il nostro team \u00e8 composto da coltivatori esperti con pi\u00f9 di 35 anni di esperienza nella coltivazione delle piante. Per 25 anni abbiamo coltivato le nostre amate piante con metodi \u201cchimici\u201d in lana roccia, [&hellip;]<\/p>\n","protected":false},"author":1,"featured_media":0,"parent":0,"menu_order":0,"comment_status":"closed","ping_status":"closed","template":"","meta":{"_acf_changed":false,"footnotes":""},"class_list":["post-973","page","type-page","status-publish","hentry"],"acf":[],"yoast_head":"<!-- This site is optimized with the Yoast SEO Premium plugin v25.8 (Yoast SEO v27.3) - https:\/\/yoast.com\/product\/yoast-seo-premium-wordpress\/ -->\n<title>Chi siamo | BioTabs<\/title>\n<meta name=\"robots\" content=\"index, follow, max-snippet:-1, max-image-preview:large, max-video-preview:-1\" \/>\n<link rel=\"canonical\" href=\"https:\/\/biotabs.nl\/it\/chi-siamo\/\" \/>\n<meta property=\"og:locale\" content=\"it_IT\" \/>\n<meta property=\"og:type\" content=\"article\" \/>\n<meta property=\"og:title\" content=\"Chi siamo\" \/>\n<meta property=\"og:description\" content=\"BioTabs Organic Fertilizers \u00e8 una societ\u00e0 di ricerca innovativa e produttrice di fertilizzanti organici e ammendanti con sede nei Paesi Bassi. Il nostro team \u00e8 composto da coltivatori esperti con pi\u00f9 di 35 anni di esperienza nella coltivazione delle piante. Per 25 anni abbiamo coltivato le nostre amate piante con metodi \u201cchimici\u201d in lana roccia, [&hellip;]\" \/>\n<meta property=\"og:url\" content=\"https:\/\/biotabs.nl\/it\/chi-siamo\/\" \/>\n<meta property=\"og:site_name\" content=\"BioTabs\" \/>\n<meta property=\"article:publisher\" content=\"https:\/\/www.facebook.com\/biotabs.organics\" \/>\n<meta property=\"article:modified_time\" content=\"2021-12-22T16:43:28+00:00\" \/>\n<meta name=\"twitter:card\" content=\"summary_large_image\" \/>\n<meta name=\"twitter:site\" content=\"@Biotabs\" \/>\n<meta name=\"twitter:label1\" content=\"Tempo di lettura stimato\" \/>\n\t<meta name=\"twitter:data1\" content=\"1 minuto\" \/>\n<script type=\"application\/ld+json\" class=\"yoast-schema-graph\">{\"@context\":\"https:\\\/\\\/schema.org\",\"@graph\":[{\"@type\":\"WebPage\",\"@id\":\"https:\\\/\\\/biotabs.nl\\\/it\\\/chi-siamo\\\/\",\"url\":\"https:\\\/\\\/biotabs.nl\\\/it\\\/chi-siamo\\\/\",\"name\":\"Chi siamo | BioTabs\",\"isPartOf\":{\"@id\":\"https:\\\/\\\/biotabs.nl\\\/it\\\/#website\"},\"datePublished\":\"2021-09-01T17:10:56+00:00\",\"dateModified\":\"2021-12-22T16:43:28+00:00\",\"breadcrumb\":{\"@id\":\"https:\\\/\\\/biotabs.nl\\\/it\\\/chi-siamo\\\/#breadcrumb\"},\"inLanguage\":\"it-IT\",\"potentialAction\":[{\"@type\":\"ReadAction\",\"target\":[\"https:\\\/\\\/biotabs.nl\\\/it\\\/chi-siamo\\\/\"]}]},{\"@type\":\"BreadcrumbList\",\"@id\":\"https:\\\/\\\/biotabs.nl\\\/it\\\/chi-siamo\\\/#breadcrumb\",\"itemListElement\":[{\"@type\":\"ListItem\",\"position\":1,\"name\":\"Home\",\"item\":\"https:\\\/\\\/biotabs.nl\\\/it\\\/\"},{\"@type\":\"ListItem\",\"position\":2,\"name\":\"Chi siamo\"}]},{\"@type\":\"WebSite\",\"@id\":\"https:\\\/\\\/biotabs.nl\\\/it\\\/#website\",\"url\":\"https:\\\/\\\/biotabs.nl\\\/it\\\/\",\"name\":\"BioTabs\",\"description\":\"Easy by Nature\",\"publisher\":{\"@id\":\"https:\\\/\\\/biotabs.nl\\\/it\\\/#organization\"},\"potentialAction\":[{\"@type\":\"SearchAction\",\"target\":{\"@type\":\"EntryPoint\",\"urlTemplate\":\"https:\\\/\\\/biotabs.nl\\\/it\\\/?s={search_term_string}\"},\"query-input\":{\"@type\":\"PropertyValueSpecification\",\"valueRequired\":true,\"valueName\":\"search_term_string\"}}],\"inLanguage\":\"it-IT\"},{\"@type\":\"Organization\",\"@id\":\"https:\\\/\\\/biotabs.nl\\\/it\\\/#organization\",\"name\":\"BioTabs Easy by Nature\",\"url\":\"https:\\\/\\\/biotabs.nl\\\/it\\\/\",\"logo\":{\"@type\":\"ImageObject\",\"inLanguage\":\"it-IT\",\"@id\":\"https:\\\/\\\/biotabs.nl\\\/it\\\/#\\\/schema\\\/logo\\\/image\\\/\",\"url\":\"https:\\\/\\\/biotabs.nl\\\/wp-content\\\/uploads\\\/logo.png\",\"contentUrl\":\"https:\\\/\\\/biotabs.nl\\\/wp-content\\\/uploads\\\/logo.png\",\"width\":200,\"height\":200,\"caption\":\"BioTabs Easy by Nature\"},\"image\":{\"@id\":\"https:\\\/\\\/biotabs.nl\\\/it\\\/#\\\/schema\\\/logo\\\/image\\\/\"},\"sameAs\":[\"https:\\\/\\\/www.facebook.com\\\/biotabs.organics\",\"https:\\\/\\\/x.com\\\/Biotabs\",\"https:\\\/\\\/instagram.com\\\/biotabsorganics\",\"https:\\\/\\\/www.youtube.com\\\/channel\\\/UCY3QAw9DEfk_tuhQj0NdNxA\"]}]}<\/script>\n<!-- \/ Yoast SEO Premium plugin. -->","yoast_head_json":{"title":"Chi siamo | BioTabs","robots":{"index":"index","follow":"follow","max-snippet":"max-snippet:-1","max-image-preview":"max-image-preview:large","max-video-preview":"max-video-preview:-1"},"canonical":"https:\/\/biotabs.nl\/it\/chi-siamo\/","og_locale":"it_IT","og_type":"article","og_title":"Chi siamo","og_description":"BioTabs Organic Fertilizers \u00e8 una societ\u00e0 di ricerca innovativa e produttrice di fertilizzanti organici e ammendanti con sede nei Paesi Bassi. Il nostro team \u00e8 composto da coltivatori esperti con pi\u00f9 di 35 anni di esperienza nella coltivazione delle piante. Per 25 anni abbiamo coltivato le nostre amate piante con metodi \u201cchimici\u201d in lana roccia, [&hellip;]","og_url":"https:\/\/biotabs.nl\/it\/chi-siamo\/","og_site_name":"BioTabs","article_publisher":"https:\/\/www.facebook.com\/biotabs.organics","article_modified_time":"2021-12-22T16:43:28+00:00","twitter_card":"summary_large_image","twitter_site":"@Biotabs","twitter_misc":{"Tempo di lettura stimato":"1 minuto"},"schema":{"@context":"https:\/\/schema.org","@graph":[{"@type":"WebPage","@id":"https:\/\/biotabs.nl\/it\/chi-siamo\/","url":"https:\/\/biotabs.nl\/it\/chi-siamo\/","name":"Chi siamo | BioTabs","isPartOf":{"@id":"https:\/\/biotabs.nl\/it\/#website"},"datePublished":"2021-09-01T17:10:56+00:00","dateModified":"2021-12-22T16:43:28+00:00","breadcrumb":{"@id":"https:\/\/biotabs.nl\/it\/chi-siamo\/#breadcrumb"},"inLanguage":"it-IT","potentialAction":[{"@type":"ReadAction","target":["https:\/\/biotabs.nl\/it\/chi-siamo\/"]}]},{"@type":"BreadcrumbList","@id":"https:\/\/biotabs.nl\/it\/chi-siamo\/#breadcrumb","itemListElement":[{"@type":"ListItem","position":1,"name":"Home","item":"https:\/\/biotabs.nl\/it\/"},{"@type":"ListItem","position":2,"name":"Chi siamo"}]},{"@type":"WebSite","@id":"https:\/\/biotabs.nl\/it\/#website","url":"https:\/\/biotabs.nl\/it\/","name":"BioTabs","description":"Easy by Nature","publisher":{"@id":"https:\/\/biotabs.nl\/it\/#organization"},"potentialAction":[{"@type":"SearchAction","target":{"@type":"EntryPoint","urlTemplate":"https:\/\/biotabs.nl\/it\/?s={search_term_string}"},"query-input":{"@type":"PropertyValueSpecification","valueRequired":true,"valueName":"search_term_string"}}],"inLanguage":"it-IT"},{"@type":"Organization","@id":"https:\/\/biotabs.nl\/it\/#organization","name":"BioTabs Easy by Nature","url":"https:\/\/biotabs.nl\/it\/","logo":{"@type":"ImageObject","inLanguage":"it-IT","@id":"https:\/\/biotabs.nl\/it\/#\/schema\/logo\/image\/","url":"https:\/\/biotabs.nl\/wp-content\/uploads\/logo.png","contentUrl":"https:\/\/biotabs.nl\/wp-content\/uploads\/logo.png","width":200,"height":200,"caption":"BioTabs Easy by Nature"},"image":{"@id":"https:\/\/biotabs.nl\/it\/#\/schema\/logo\/image\/"},"sameAs":["https:\/\/www.facebook.com\/biotabs.organics","https:\/\/x.com\/Biotabs","https:\/\/instagram.com\/biotabsorganics","https:\/\/www.youtube.com\/channel\/UCY3QAw9DEfk_tuhQj0NdNxA"]}]}},"_links":{"self":[{"href":"https:\/\/biotabs.nl\/it\/wp-json\/wp\/v2\/pages\/973","targetHints":{"allow":["GET"]}}],"collection":[{"href":"https:\/\/biotabs.nl\/it\/wp-json\/wp\/v2\/pages"}],"about":[{"href":"https:\/\/biotabs.nl\/it\/wp-json\/wp\/v2\/types\/page"}],"author":[{"embeddable":true,"href":"https:\/\/biotabs.nl\/it\/wp-json\/wp\/v2\/users\/1"}],"replies":[{"embeddable":true,"href":"https:\/\/biotabs.nl\/it\/wp-json\/wp\/v2\/comments?post=973"}],"version-history":[{"count":2,"href":"https:\/\/biotabs.nl\/it\/wp-json\/wp\/v2\/pages\/973\/revisions"}],"predecessor-version":[{"id":10250,"href":"https:\/\/biotabs.nl\/it\/wp-json\/wp\/v2\/pages\/973\/revisions\/10250"}],"wp:attachment":[{"href":"https:\/\/biotabs.nl\/it\/wp-json\/wp\/v2\/media?parent=973"}],"curies":[{"name":"wp","href":"https:\/\/api.w.org\/{rel}","templated":true}]}}