
{"id":981,"date":"2021-09-01T18:18:48","date_gmt":"2021-09-01T17:18:48","guid":{"rendered":"https:\/\/biotabs.nl\/?page_id=981"},"modified":"2021-09-01T18:20:47","modified_gmt":"2021-09-01T17:20:47","slug":"vita-del-suolo","status":"publish","type":"page","link":"https:\/\/biotabs.nl\/it\/centri-di-formazione\/vita-del-suolo\/","title":{"rendered":"Vita del suolo"},"content":{"rendered":"<div id=\"pl-981\"  class=\"panel-layout\" ><div id=\"pg-981-0\"  class=\"panel-grid panel-no-style\" ><div id=\"pgc-981-0-0\"  class=\"panel-grid-cell\" ><div id=\"panel-981-0-0-0\" class=\"so-panel widget widget_sow-editor panel-first-child widgetopts-SO\" data-index=\"0\" ><div\n\t\t\t\n\t\t\tclass=\"so-widget-sow-editor so-widget-sow-editor-base\"\n\t\t\t\n\t\t><h2 class=\"widget-title\">BioTabs, Easy by Nature<\/h2>\n<div class=\"siteorigin-widget-tinymce textwidget\">\n\t<p>BioTabs \u00e8 una strategia intelligente sviluppata di recente per la coltivazione biologica che si basa su convenienza, efficienza e qualit\u00e0. La coltivazione organica pu\u00f2 sembrare complicata, ma in realt\u00e0 \u00e8 il modo pi\u00f9 semplice e puro per coltivare. In natura, insetti, funghi e batteri del suolo decompongono i residui animali e vegetali. Questi insetti, funghi e batteri costituiscono la cosiddetta \u201cvita del suolo\u201d. La vita del suolo decompone il materiale organico e lo trasforma in nutrimento per le piante. In questo modo, piante e animali morti costituiscono una fonte di cibo per una nuova vita.<\/p>\n<\/div>\n<\/div><\/div><div id=\"panel-981-0-0-1\" class=\"so-panel widget widget_sow-editor widgetopts-SO\" data-index=\"1\" ><div\n\t\t\t\n\t\t\tclass=\"so-widget-sow-editor so-widget-sow-editor-base\"\n\t\t\t\n\t\t><h2 class=\"widget-title\">Coltivazione outdoor in campo<\/h2>\n<div class=\"siteorigin-widget-tinymce textwidget\">\n\t<p>La base della coltivazione biologica \u00e8 l'uso di compost o di altri scarti organici decomposti. La vita del suolo converte il compost in concime vegetale naturale e humus. Negli ultimi anni, ci sono stati molti sviluppi nel campo del compost. Bokashi, compostaggio di vermi e persino compost di mosca soldato nero e t\u00e8 di compost stanno ispirando molti coltivatori. L'aggiunta extra di batteri e funghi del suolo consente al terreno di decomporre pi\u00f9 materiale organico e di trasformarlo in elementi di cui le piante si nutrono. In questo modo, il suolo diventa una fabbrica NPK che lavora 24 ore su 24, 7 giorni su 7! La vita in un suolo sano ha un altro vantaggio: alcuni funghi (Trichoderma) proteggono le piante dai patogeni; altri funghi (micorrize) lavorano con la pianta stimolando la crescita dell\u2019apparato radicale.<\/p>\n<\/div>\n<\/div><\/div><div id=\"panel-981-0-0-2\" class=\"so-panel widget widget_sow-editor widgetopts-SO\" data-index=\"2\" ><div\n\t\t\t\n\t\t\tclass=\"so-widget-sow-editor so-widget-sow-editor-base\"\n\t\t\t\n\t\t><h2 class=\"widget-title\">Coltivazione Indoor: BioTabs<\/h2>\n<div class=\"siteorigin-widget-tinymce textwidget\">\n\t<p>Non tutti possono o vogliono produrre il proprio compost di vermi, o bokashi. Inoltre, l'utilizzo di luci per la coltivazione indoor richiede molto dalle piante: per queste condizioni, BioTabs ha sviluppato una speciale linea di concimi organici, basata su innovazione e semplicit\u00e0. La linea \u00e8 composta da un super-compost addizionato ad una fonte di azoto organico a lento rilascio. BioTabs aggiunge al metodo di coltivazione anche biotecnologie innovative, come le micorrize e altri microorganismi del suolo. L'uso di questi microorganismi del suolo fa s\u00ec che BioTabs sia una strategia particolarmente efficiente per la coltivazione biologica. BioTabs \u00e8 stato ampiamente testato e si sta riscontrando gi\u00e0 molta felicit\u00e0 nei coltivatori.<\/p>\n<\/div>\n<\/div><\/div><div id=\"panel-981-0-0-3\" class=\"so-panel widget widget_sow-editor panel-last-child widgetopts-SO\" data-index=\"3\" ><div\n\t\t\t\n\t\t\tclass=\"so-widget-sow-editor so-widget-sow-editor-base\"\n\t\t\t\n\t\t><h2 class=\"widget-title\">Facile e veloce<\/h2>\n<div class=\"siteorigin-widget-tinymce textwidget\">\n\t<p>BioTabs rende la coltivazione biologica molto semplice. Un coltivatore prepara in pochi minuti la terra o fibra di cocco nei vasi con microorganismi del suolo, concime e humus di BioTabs. Dopodich\u00e9 la pianta pu\u00f2 essere travasata e tutto ci\u00f2 che il coltivatore deve fare \u00e8 annaffiarla fino al raccolto. Facile come una torta! Con la sofisticata strategia BioTabs, l'irrigazione pu\u00f2 essere automatizzata ; ad esempio, con il sistema Auto-pot. La strategia BioTabs \u00e8 un modo di coltivare che fa risparmiare molto tempo e praticamente non pu\u00f2 mai sbagliare. Ma, naturalmente, la convenienza non \u00e8 l'unico criterio che conta; BioTabs garantisce soprattutto una resa di alta qualit\u00e0. BioTabs \u00e8 una strategia molto adatta per la coltivazione biologica sia indoor che outdoor in campo e\/o in vasi con torba o fibra di cocco.<\/p>\n<\/div>\n<\/div><\/div><\/div><\/div><\/div>","protected":false},"excerpt":{"rendered":"<p>BioTabs \u00e8 una strategia intelligente sviluppata di recente per la coltivazione biologica che si basa su convenienza, efficienza e qualit\u00e0. La coltivazione organica pu\u00f2 sembrare complicata, ma in realt\u00e0 \u00e8 il modo pi\u00f9 semplice e puro per coltivare. In natura, insetti, funghi e batteri del suolo decompongono i residui animali e vegetali. Questi insetti, funghi [&hellip;]<\/p>\n","protected":false},"author":1,"featured_media":0,"parent":946,"menu_order":0,"comment_status":"closed","ping_status":"closed","template":"","meta":{"_acf_changed":false,"footnotes":""},"class_list":["post-981","page","type-page","status-publish","hentry"],"acf":[],"yoast_head":"<!-- This site is optimized with the Yoast SEO Premium plugin v25.8 (Yoast SEO v27.3) - https:\/\/yoast.com\/product\/yoast-seo-premium-wordpress\/ -->\n<title>Vita del suolo | BioTabs<\/title>\n<meta name=\"robots\" content=\"index, follow, max-snippet:-1, max-image-preview:large, max-video-preview:-1\" \/>\n<link rel=\"canonical\" href=\"https:\/\/biotabs.nl\/it\/centri-di-formazione\/vita-del-suolo\/\" \/>\n<meta property=\"og:locale\" content=\"it_IT\" \/>\n<meta property=\"og:type\" content=\"article\" \/>\n<meta property=\"og:title\" content=\"Vita del suolo\" \/>\n<meta property=\"og:description\" content=\"BioTabs \u00e8 una strategia intelligente sviluppata di recente per la coltivazione biologica che si basa su convenienza, efficienza e qualit\u00e0. La coltivazione organica pu\u00f2 sembrare complicata, ma in realt\u00e0 \u00e8 il modo pi\u00f9 semplice e puro per coltivare. In natura, insetti, funghi e batteri del suolo decompongono i residui animali e vegetali. Questi insetti, funghi [&hellip;]\" \/>\n<meta property=\"og:url\" content=\"https:\/\/biotabs.nl\/it\/centri-di-formazione\/vita-del-suolo\/\" \/>\n<meta property=\"og:site_name\" content=\"BioTabs\" \/>\n<meta property=\"article:publisher\" content=\"https:\/\/www.facebook.com\/biotabs.organics\" \/>\n<meta property=\"article:modified_time\" content=\"2021-09-01T17:20:47+00:00\" \/>\n<meta name=\"twitter:card\" content=\"summary_large_image\" \/>\n<meta name=\"twitter:site\" content=\"@Biotabs\" \/>\n<meta name=\"twitter:label1\" content=\"Tempo di lettura stimato\" \/>\n\t<meta name=\"twitter:data1\" content=\"3 minuti\" \/>\n<script type=\"application\/ld+json\" class=\"yoast-schema-graph\">{\"@context\":\"https:\\\/\\\/schema.org\",\"@graph\":[{\"@type\":\"WebPage\",\"@id\":\"https:\\\/\\\/biotabs.nl\\\/it\\\/centri-di-formazione\\\/vita-del-suolo\\\/\",\"url\":\"https:\\\/\\\/biotabs.nl\\\/it\\\/centri-di-formazione\\\/vita-del-suolo\\\/\",\"name\":\"Vita del suolo | BioTabs\",\"isPartOf\":{\"@id\":\"https:\\\/\\\/biotabs.nl\\\/it\\\/#website\"},\"datePublished\":\"2021-09-01T17:18:48+00:00\",\"dateModified\":\"2021-09-01T17:20:47+00:00\",\"breadcrumb\":{\"@id\":\"https:\\\/\\\/biotabs.nl\\\/it\\\/centri-di-formazione\\\/vita-del-suolo\\\/#breadcrumb\"},\"inLanguage\":\"it-IT\",\"potentialAction\":[{\"@type\":\"ReadAction\",\"target\":[\"https:\\\/\\\/biotabs.nl\\\/it\\\/centri-di-formazione\\\/vita-del-suolo\\\/\"]}]},{\"@type\":\"BreadcrumbList\",\"@id\":\"https:\\\/\\\/biotabs.nl\\\/it\\\/centri-di-formazione\\\/vita-del-suolo\\\/#breadcrumb\",\"itemListElement\":[{\"@type\":\"ListItem\",\"position\":1,\"name\":\"Home\",\"item\":\"https:\\\/\\\/biotabs.nl\\\/it\\\/\"},{\"@type\":\"ListItem\",\"position\":2,\"name\":\"Centri di formazione\",\"item\":\"https:\\\/\\\/biotabs.nl\\\/it\\\/centri-di-formazione\\\/\"},{\"@type\":\"ListItem\",\"position\":3,\"name\":\"Vita del suolo\"}]},{\"@type\":\"WebSite\",\"@id\":\"https:\\\/\\\/biotabs.nl\\\/it\\\/#website\",\"url\":\"https:\\\/\\\/biotabs.nl\\\/it\\\/\",\"name\":\"BioTabs\",\"description\":\"Easy by Nature\",\"publisher\":{\"@id\":\"https:\\\/\\\/biotabs.nl\\\/it\\\/#organization\"},\"potentialAction\":[{\"@type\":\"SearchAction\",\"target\":{\"@type\":\"EntryPoint\",\"urlTemplate\":\"https:\\\/\\\/biotabs.nl\\\/it\\\/?s={search_term_string}\"},\"query-input\":{\"@type\":\"PropertyValueSpecification\",\"valueRequired\":true,\"valueName\":\"search_term_string\"}}],\"inLanguage\":\"it-IT\"},{\"@type\":\"Organization\",\"@id\":\"https:\\\/\\\/biotabs.nl\\\/it\\\/#organization\",\"name\":\"BioTabs Easy by Nature\",\"url\":\"https:\\\/\\\/biotabs.nl\\\/it\\\/\",\"logo\":{\"@type\":\"ImageObject\",\"inLanguage\":\"it-IT\",\"@id\":\"https:\\\/\\\/biotabs.nl\\\/it\\\/#\\\/schema\\\/logo\\\/image\\\/\",\"url\":\"https:\\\/\\\/biotabs.nl\\\/wp-content\\\/uploads\\\/logo.png\",\"contentUrl\":\"https:\\\/\\\/biotabs.nl\\\/wp-content\\\/uploads\\\/logo.png\",\"width\":200,\"height\":200,\"caption\":\"BioTabs Easy by Nature\"},\"image\":{\"@id\":\"https:\\\/\\\/biotabs.nl\\\/it\\\/#\\\/schema\\\/logo\\\/image\\\/\"},\"sameAs\":[\"https:\\\/\\\/www.facebook.com\\\/biotabs.organics\",\"https:\\\/\\\/x.com\\\/Biotabs\",\"https:\\\/\\\/instagram.com\\\/biotabsorganics\",\"https:\\\/\\\/www.youtube.com\\\/channel\\\/UCY3QAw9DEfk_tuhQj0NdNxA\"]}]}<\/script>\n<!-- \/ Yoast SEO Premium plugin. -->","yoast_head_json":{"title":"Vita del suolo | BioTabs","robots":{"index":"index","follow":"follow","max-snippet":"max-snippet:-1","max-image-preview":"max-image-preview:large","max-video-preview":"max-video-preview:-1"},"canonical":"https:\/\/biotabs.nl\/it\/centri-di-formazione\/vita-del-suolo\/","og_locale":"it_IT","og_type":"article","og_title":"Vita del suolo","og_description":"BioTabs \u00e8 una strategia intelligente sviluppata di recente per la coltivazione biologica che si basa su convenienza, efficienza e qualit\u00e0. La coltivazione organica pu\u00f2 sembrare complicata, ma in realt\u00e0 \u00e8 il modo pi\u00f9 semplice e puro per coltivare. In natura, insetti, funghi e batteri del suolo decompongono i residui animali e vegetali. Questi insetti, funghi [&hellip;]","og_url":"https:\/\/biotabs.nl\/it\/centri-di-formazione\/vita-del-suolo\/","og_site_name":"BioTabs","article_publisher":"https:\/\/www.facebook.com\/biotabs.organics","article_modified_time":"2021-09-01T17:20:47+00:00","twitter_card":"summary_large_image","twitter_site":"@Biotabs","twitter_misc":{"Tempo di lettura stimato":"3 minuti"},"schema":{"@context":"https:\/\/schema.org","@graph":[{"@type":"WebPage","@id":"https:\/\/biotabs.nl\/it\/centri-di-formazione\/vita-del-suolo\/","url":"https:\/\/biotabs.nl\/it\/centri-di-formazione\/vita-del-suolo\/","name":"Vita del suolo | BioTabs","isPartOf":{"@id":"https:\/\/biotabs.nl\/it\/#website"},"datePublished":"2021-09-01T17:18:48+00:00","dateModified":"2021-09-01T17:20:47+00:00","breadcrumb":{"@id":"https:\/\/biotabs.nl\/it\/centri-di-formazione\/vita-del-suolo\/#breadcrumb"},"inLanguage":"it-IT","potentialAction":[{"@type":"ReadAction","target":["https:\/\/biotabs.nl\/it\/centri-di-formazione\/vita-del-suolo\/"]}]},{"@type":"BreadcrumbList","@id":"https:\/\/biotabs.nl\/it\/centri-di-formazione\/vita-del-suolo\/#breadcrumb","itemListElement":[{"@type":"ListItem","position":1,"name":"Home","item":"https:\/\/biotabs.nl\/it\/"},{"@type":"ListItem","position":2,"name":"Centri di formazione","item":"https:\/\/biotabs.nl\/it\/centri-di-formazione\/"},{"@type":"ListItem","position":3,"name":"Vita del suolo"}]},{"@type":"WebSite","@id":"https:\/\/biotabs.nl\/it\/#website","url":"https:\/\/biotabs.nl\/it\/","name":"BioTabs","description":"Easy by Nature","publisher":{"@id":"https:\/\/biotabs.nl\/it\/#organization"},"potentialAction":[{"@type":"SearchAction","target":{"@type":"EntryPoint","urlTemplate":"https:\/\/biotabs.nl\/it\/?s={search_term_string}"},"query-input":{"@type":"PropertyValueSpecification","valueRequired":true,"valueName":"search_term_string"}}],"inLanguage":"it-IT"},{"@type":"Organization","@id":"https:\/\/biotabs.nl\/it\/#organization","name":"BioTabs Easy by Nature","url":"https:\/\/biotabs.nl\/it\/","logo":{"@type":"ImageObject","inLanguage":"it-IT","@id":"https:\/\/biotabs.nl\/it\/#\/schema\/logo\/image\/","url":"https:\/\/biotabs.nl\/wp-content\/uploads\/logo.png","contentUrl":"https:\/\/biotabs.nl\/wp-content\/uploads\/logo.png","width":200,"height":200,"caption":"BioTabs Easy by Nature"},"image":{"@id":"https:\/\/biotabs.nl\/it\/#\/schema\/logo\/image\/"},"sameAs":["https:\/\/www.facebook.com\/biotabs.organics","https:\/\/x.com\/Biotabs","https:\/\/instagram.com\/biotabsorganics","https:\/\/www.youtube.com\/channel\/UCY3QAw9DEfk_tuhQj0NdNxA"]}]}},"_links":{"self":[{"href":"https:\/\/biotabs.nl\/it\/wp-json\/wp\/v2\/pages\/981","targetHints":{"allow":["GET"]}}],"collection":[{"href":"https:\/\/biotabs.nl\/it\/wp-json\/wp\/v2\/pages"}],"about":[{"href":"https:\/\/biotabs.nl\/it\/wp-json\/wp\/v2\/types\/page"}],"author":[{"embeddable":true,"href":"https:\/\/biotabs.nl\/it\/wp-json\/wp\/v2\/users\/1"}],"replies":[{"embeddable":true,"href":"https:\/\/biotabs.nl\/it\/wp-json\/wp\/v2\/comments?post=981"}],"version-history":[{"count":0,"href":"https:\/\/biotabs.nl\/it\/wp-json\/wp\/v2\/pages\/981\/revisions"}],"up":[{"embeddable":true,"href":"https:\/\/biotabs.nl\/it\/wp-json\/wp\/v2\/pages\/946"}],"wp:attachment":[{"href":"https:\/\/biotabs.nl\/it\/wp-json\/wp\/v2\/media?parent=981"}],"curies":[{"name":"wp","href":"https:\/\/api.w.org\/{rel}","templated":true}]}}