
{"id":1508,"date":"2021-08-04T15:59:56","date_gmt":"2021-08-04T14:59:56","guid":{"rendered":"https:\/\/biotabs.nl\/product\/starter-pack\/"},"modified":"2025-08-13T10:53:45","modified_gmt":"2025-08-13T09:53:45","slug":"starter-pack","status":"publish","type":"product","link":"https:\/\/biotabs.nl\/it\/prodotto\/starter-pack\/","title":{"rendered":"Starter Pack"},"content":{"rendered":"<style>.embed-container { position: relative; margin-bottom: 30px; padding-bottom: 56.25%; height: 0; overflow: hidden; max-width: 100%; } .embed-container iframe, .embed-container object, .embed-container embed { position: absolute; top: 0; left: 0; width: 100%; height: 100%; }<\/style>\n<div class=\"embed-container\"><iframe data-src=\"https:\/\/www.youtube.com\/embed\/GZoyQBc74VA\" frameborder=\"0\" allowfullscreen=\"allowfullscreen\" src=\"data:image\/svg+xml;base64,PHN2ZyB3aWR0aD0iMSIgaGVpZ2h0PSIxIiB4bWxucz0iaHR0cDovL3d3dy53My5vcmcvMjAwMC9zdmciPjwvc3ZnPg==\" class=\"lazyload\" data-load-mode=\"1\"><\/iframe><\/div>\n<p>Sufficiente per 5-10 piante, a seconda delle dimensioni del vaso utilizzato.<\/p>\n<p>Meno lavoro, maggiori rese biologiche.<\/p>\n<p>Lascia che la natura faccia il lavoro!<\/p>\n<p><strong>Control Union Certified &#8211; 100% ingredienti biologici.<\/strong><\/p>\n<p>Contiene:<\/p>\n<ul>\n<li>BACTREX 25 grammi<\/li>\n<li>MYCOTREX 50 grammi<\/li>\n<li>BioTabs 10 tabs<\/li>\n<li>ORGATREX 0,25 litri<\/li>\n<li>STARTREX 250 grammi<\/li>\n<\/ul>\n<h3>Manuali BioTabs<\/h3>\n<p>Per ottenere un vantaggio ottimale dai prodotti BioTabs e dallo Starter Pack, leggi il nostro <a href=\"https:\/\/biotabs.nl\/wp-content\/uploads\/ENG-GRANDE-nueva-TABLA-DE-CULTIVO-.pdf\">Manuale BioTabs<\/a>.<\/p>\n<p>Quando si invia lo Starter Pack negli Stati Uniti o in Australia, dobbiamo spedire senza liquidi, ad es. ORGATREX e quindi lo sostituiremo con SILICIUM FLASH, un fantastico prodotto alternativo. In questi casi, dovresti seguire la strategia \u201cAggiungere solo acqua).<\/p>\n","protected":false},"excerpt":{"rendered":"<p>Quando ti stai preparando per una coltivazione organica al 100%, \u00e8 meglio preparare il substrato con un ricco mix di batteri e microrganismi benefici. Il nostro Starter Pack contiene sostanze nutritive e ammendanti di cui avrai bisogno per una coltivazione vincente e 100% organica. Sufficiente per 5-10 piante a seconda delle dimensioni del vaso utilizzato.<\/p>\n<p>Il metodo consiste nel preparare il substrato con i prodotti BioTabs nelle quantit\u00e0 indicate e ripetere la stessa procedura ogni volta che la pianta viene trapiantata in un nuovo vaso. La formula \u00e8 cos\u00ec semplice che devi aggiungere solo l\u2019acqua!<\/p>\n<p>Meno lavoro, maggiori rese biologiche.<\/p>\n<p><strong>Certificato 100% Biologico.<\/strong><\/p>\n<p>Lascia che sia la natura a fare il lavoro!<\/p>\n","protected":false},"featured_media":16668,"comment_status":"open","ping_status":"closed","template":"","meta":{"_acf_changed":false},"product_brand":[],"product_cat":[114],"product_tag":[669,630,640,693,868,878,758,863,590,783,903,853,625,848,818,620,713,873,650,655,580,748,718,743,738,733,883,753,913,823,803,793,828,808,918,858],"class_list":{"0":"post-1508","1":"product","2":"type-product","3":"status-publish","4":"has-post-thumbnail","6":"product_cat-biotabs-confezioni","7":"product_tag-acceleratore-di-crescita","8":"product_tag-acceleratore-di-fioritura","9":"product_tag-acido-fulvico-it","10":"product_tag-acido-umico","11":"product_tag-ammendante","12":"product_tag-ammendante-del-suolo","13":"product_tag-azoto","14":"product_tag-batteri-del-suolo","15":"product_tag-biostimolante","16":"product_tag-cibo-vegetale","17":"product_tag-compresse","18":"product_tag-compresse-a-lento-rilascio","19":"product_tag-compresse-di-fertilizzante","20":"product_tag-concime-a-lenta-cessione","21":"product_tag-crescita-delle-radici","22":"product_tag-fertilizzante","23":"product_tag-fertilizzante-liquido","24":"product_tag-funghi-del-suolo","25":"product_tag-glomo-intraradice","26":"product_tag-glomo-muschiato","27":"product_tag-inoculo-batterico","28":"product_tag-inoculo-micorrizico","29":"product_tag-macronutrienti","30":"product_tag-melassa","31":"product_tag-micronutrienti","32":"product_tag-microrganismi","33":"product_tag-microrganismi-del-suolo","34":"product_tag-npk-it","35":"product_tag-oligoelementi","36":"product_tag-organismi-radicali","37":"product_tag-polvere","38":"product_tag-protezione-delle-piante","39":"product_tag-protezione-delle-radici","40":"product_tag-rizobatteri","41":"product_tag-trichoderma-it","42":"product_tag-vita-del-suolo","44":"first","45":"instock","46":"taxable","47":"shipping-taxable","48":"purchasable","49":"product-type-simple"},"acf":[],"yoast_head":"<!-- This site is optimized with the Yoast SEO Premium plugin v25.8 (Yoast SEO v27.4) - https:\/\/yoast.com\/product\/yoast-seo-premium-wordpress\/ -->\n<title>Starter Pack | Kit completo per la coltivazione organica | BioTabs<\/title>\n<meta name=\"robots\" content=\"index, follow, max-snippet:-1, max-image-preview:large, max-video-preview:-1\" \/>\n<link rel=\"canonical\" href=\"https:\/\/biotabs.nl\/it\/prodotto\/starter-pack\/\" \/>\n<meta property=\"og:locale\" content=\"it_IT\" \/>\n<meta property=\"og:type\" content=\"article\" \/>\n<meta property=\"og:title\" content=\"Starter Pack\" \/>\n<meta property=\"og:description\" content=\"Quando ti stai preparando per una coltivazione organica al 100%, \u00e8 meglio preparare il substrato con un ricco mix di batteri e microrganismi benefici. Il nostro Starter Pack contiene sostanze nutritive e ammendanti di cui avrai bisogno per una coltivazione vincente e 100% organica. Sufficiente per 5-10 piante a seconda delle dimensioni del vaso utilizzato.  Il metodo consiste nel preparare il substrato con i prodotti BioTabs nelle quantit\u00e0 indicate e ripetere la stessa procedura ogni volta che la pianta viene trapiantata in un nuovo vaso. La formula \u00e8 cos\u00ec semplice che devi aggiungere solo l\u2019acqua!  Meno lavoro, maggiori rese biologiche.  Certificato 100% Biologico.  Lascia che sia la natura a fare il lavoro!\" \/>\n<meta property=\"og:url\" content=\"https:\/\/biotabs.nl\/it\/prodotto\/starter-pack\/\" \/>\n<meta property=\"og:site_name\" content=\"BioTabs\" \/>\n<meta property=\"article:publisher\" content=\"https:\/\/www.facebook.com\/biotabs.organics\" \/>\n<meta property=\"article:modified_time\" content=\"2025-08-13T09:53:45+00:00\" \/>\n<meta property=\"og:image\" content=\"https:\/\/biotabs.nl\/wp-content\/uploads\/product-starter-pack-1.jpg\" \/>\n\t<meta property=\"og:image:width\" content=\"1200\" \/>\n\t<meta property=\"og:image:height\" content=\"1200\" \/>\n\t<meta property=\"og:image:type\" content=\"image\/jpeg\" \/>\n<meta name=\"twitter:card\" content=\"summary_large_image\" \/>\n<meta name=\"twitter:site\" content=\"@Biotabs\" \/>\n<script type=\"application\/ld+json\" class=\"yoast-schema-graph\">{\"@context\":\"https:\\\/\\\/schema.org\",\"@graph\":[{\"@type\":\"WebPage\",\"@id\":\"https:\\\/\\\/biotabs.nl\\\/it\\\/prodotto\\\/starter-pack\\\/\",\"url\":\"https:\\\/\\\/biotabs.nl\\\/it\\\/prodotto\\\/starter-pack\\\/\",\"name\":\"Starter Pack | Kit completo per la coltivazione organica | BioTabs\",\"isPartOf\":{\"@id\":\"https:\\\/\\\/biotabs.nl\\\/it\\\/#website\"},\"primaryImageOfPage\":{\"@id\":\"https:\\\/\\\/biotabs.nl\\\/it\\\/prodotto\\\/starter-pack\\\/#primaryimage\"},\"image\":{\"@id\":\"https:\\\/\\\/biotabs.nl\\\/it\\\/prodotto\\\/starter-pack\\\/#primaryimage\"},\"thumbnailUrl\":\"https:\\\/\\\/biotabs.nl\\\/wp-content\\\/uploads\\\/product-starter-pack-1.jpg\",\"datePublished\":\"2021-08-04T14:59:56+00:00\",\"dateModified\":\"2025-08-13T09:53:45+00:00\",\"breadcrumb\":{\"@id\":\"https:\\\/\\\/biotabs.nl\\\/it\\\/prodotto\\\/starter-pack\\\/#breadcrumb\"},\"inLanguage\":\"it-IT\",\"potentialAction\":[{\"@type\":\"ReadAction\",\"target\":[\"https:\\\/\\\/biotabs.nl\\\/it\\\/prodotto\\\/starter-pack\\\/\"]}]},{\"@type\":\"ImageObject\",\"inLanguage\":\"it-IT\",\"@id\":\"https:\\\/\\\/biotabs.nl\\\/it\\\/prodotto\\\/starter-pack\\\/#primaryimage\",\"url\":\"https:\\\/\\\/biotabs.nl\\\/wp-content\\\/uploads\\\/product-starter-pack-1.jpg\",\"contentUrl\":\"https:\\\/\\\/biotabs.nl\\\/wp-content\\\/uploads\\\/product-starter-pack-1.jpg\",\"width\":1200,\"height\":1200},{\"@type\":\"BreadcrumbList\",\"@id\":\"https:\\\/\\\/biotabs.nl\\\/it\\\/prodotto\\\/starter-pack\\\/#breadcrumb\",\"itemListElement\":[{\"@type\":\"ListItem\",\"position\":1,\"name\":\"Home\",\"item\":\"https:\\\/\\\/biotabs.nl\\\/it\\\/\"},{\"@type\":\"ListItem\",\"position\":2,\"name\":\"Negozio\",\"item\":\"https:\\\/\\\/biotabs.nl\\\/it\\\/negozio\\\/\"},{\"@type\":\"ListItem\",\"position\":3,\"name\":\"Starter Pack\"}]},{\"@type\":\"WebSite\",\"@id\":\"https:\\\/\\\/biotabs.nl\\\/it\\\/#website\",\"url\":\"https:\\\/\\\/biotabs.nl\\\/it\\\/\",\"name\":\"BioTabs\",\"description\":\"Easy by Nature\",\"publisher\":{\"@id\":\"https:\\\/\\\/biotabs.nl\\\/it\\\/#organization\"},\"potentialAction\":[{\"@type\":\"SearchAction\",\"target\":{\"@type\":\"EntryPoint\",\"urlTemplate\":\"https:\\\/\\\/biotabs.nl\\\/it\\\/?s={search_term_string}\"},\"query-input\":{\"@type\":\"PropertyValueSpecification\",\"valueRequired\":true,\"valueName\":\"search_term_string\"}}],\"inLanguage\":\"it-IT\"},{\"@type\":\"Organization\",\"@id\":\"https:\\\/\\\/biotabs.nl\\\/it\\\/#organization\",\"name\":\"BioTabs Easy by Nature\",\"url\":\"https:\\\/\\\/biotabs.nl\\\/it\\\/\",\"logo\":{\"@type\":\"ImageObject\",\"inLanguage\":\"it-IT\",\"@id\":\"https:\\\/\\\/biotabs.nl\\\/it\\\/#\\\/schema\\\/logo\\\/image\\\/\",\"url\":\"https:\\\/\\\/biotabs.nl\\\/wp-content\\\/uploads\\\/logo.png\",\"contentUrl\":\"https:\\\/\\\/biotabs.nl\\\/wp-content\\\/uploads\\\/logo.png\",\"width\":200,\"height\":200,\"caption\":\"BioTabs Easy by Nature\"},\"image\":{\"@id\":\"https:\\\/\\\/biotabs.nl\\\/it\\\/#\\\/schema\\\/logo\\\/image\\\/\"},\"sameAs\":[\"https:\\\/\\\/www.facebook.com\\\/biotabs.organics\",\"https:\\\/\\\/x.com\\\/Biotabs\",\"https:\\\/\\\/instagram.com\\\/biotabsorganics\",\"https:\\\/\\\/www.youtube.com\\\/channel\\\/UCY3QAw9DEfk_tuhQj0NdNxA\"]}]}<\/script>\n<!-- \/ Yoast SEO Premium plugin. -->","yoast_head_json":{"title":"Starter Pack | Kit completo per la coltivazione organica | BioTabs","robots":{"index":"index","follow":"follow","max-snippet":"max-snippet:-1","max-image-preview":"max-image-preview:large","max-video-preview":"max-video-preview:-1"},"canonical":"https:\/\/biotabs.nl\/it\/prodotto\/starter-pack\/","og_locale":"it_IT","og_type":"article","og_title":"Starter Pack","og_description":"Quando ti stai preparando per una coltivazione organica al 100%, \u00e8 meglio preparare il substrato con un ricco mix di batteri e microrganismi benefici. Il nostro Starter Pack contiene sostanze nutritive e ammendanti di cui avrai bisogno per una coltivazione vincente e 100% organica. Sufficiente per 5-10 piante a seconda delle dimensioni del vaso utilizzato.  Il metodo consiste nel preparare il substrato con i prodotti BioTabs nelle quantit\u00e0 indicate e ripetere la stessa procedura ogni volta che la pianta viene trapiantata in un nuovo vaso. La formula \u00e8 cos\u00ec semplice che devi aggiungere solo l\u2019acqua!  Meno lavoro, maggiori rese biologiche.  Certificato 100% Biologico.  Lascia che sia la natura a fare il lavoro!","og_url":"https:\/\/biotabs.nl\/it\/prodotto\/starter-pack\/","og_site_name":"BioTabs","article_publisher":"https:\/\/www.facebook.com\/biotabs.organics","article_modified_time":"2025-08-13T09:53:45+00:00","og_image":[{"width":1200,"height":1200,"url":"https:\/\/biotabs.nl\/wp-content\/uploads\/product-starter-pack-1.jpg","type":"image\/jpeg"}],"twitter_card":"summary_large_image","twitter_site":"@Biotabs","schema":{"@context":"https:\/\/schema.org","@graph":[{"@type":"WebPage","@id":"https:\/\/biotabs.nl\/it\/prodotto\/starter-pack\/","url":"https:\/\/biotabs.nl\/it\/prodotto\/starter-pack\/","name":"Starter Pack | Kit completo per la coltivazione organica | BioTabs","isPartOf":{"@id":"https:\/\/biotabs.nl\/it\/#website"},"primaryImageOfPage":{"@id":"https:\/\/biotabs.nl\/it\/prodotto\/starter-pack\/#primaryimage"},"image":{"@id":"https:\/\/biotabs.nl\/it\/prodotto\/starter-pack\/#primaryimage"},"thumbnailUrl":"https:\/\/biotabs.nl\/wp-content\/uploads\/product-starter-pack-1.jpg","datePublished":"2021-08-04T14:59:56+00:00","dateModified":"2025-08-13T09:53:45+00:00","breadcrumb":{"@id":"https:\/\/biotabs.nl\/it\/prodotto\/starter-pack\/#breadcrumb"},"inLanguage":"it-IT","potentialAction":[{"@type":"ReadAction","target":["https:\/\/biotabs.nl\/it\/prodotto\/starter-pack\/"]}]},{"@type":"ImageObject","inLanguage":"it-IT","@id":"https:\/\/biotabs.nl\/it\/prodotto\/starter-pack\/#primaryimage","url":"https:\/\/biotabs.nl\/wp-content\/uploads\/product-starter-pack-1.jpg","contentUrl":"https:\/\/biotabs.nl\/wp-content\/uploads\/product-starter-pack-1.jpg","width":1200,"height":1200},{"@type":"BreadcrumbList","@id":"https:\/\/biotabs.nl\/it\/prodotto\/starter-pack\/#breadcrumb","itemListElement":[{"@type":"ListItem","position":1,"name":"Home","item":"https:\/\/biotabs.nl\/it\/"},{"@type":"ListItem","position":2,"name":"Negozio","item":"https:\/\/biotabs.nl\/it\/negozio\/"},{"@type":"ListItem","position":3,"name":"Starter Pack"}]},{"@type":"WebSite","@id":"https:\/\/biotabs.nl\/it\/#website","url":"https:\/\/biotabs.nl\/it\/","name":"BioTabs","description":"Easy by Nature","publisher":{"@id":"https:\/\/biotabs.nl\/it\/#organization"},"potentialAction":[{"@type":"SearchAction","target":{"@type":"EntryPoint","urlTemplate":"https:\/\/biotabs.nl\/it\/?s={search_term_string}"},"query-input":{"@type":"PropertyValueSpecification","valueRequired":true,"valueName":"search_term_string"}}],"inLanguage":"it-IT"},{"@type":"Organization","@id":"https:\/\/biotabs.nl\/it\/#organization","name":"BioTabs Easy by Nature","url":"https:\/\/biotabs.nl\/it\/","logo":{"@type":"ImageObject","inLanguage":"it-IT","@id":"https:\/\/biotabs.nl\/it\/#\/schema\/logo\/image\/","url":"https:\/\/biotabs.nl\/wp-content\/uploads\/logo.png","contentUrl":"https:\/\/biotabs.nl\/wp-content\/uploads\/logo.png","width":200,"height":200,"caption":"BioTabs Easy by Nature"},"image":{"@id":"https:\/\/biotabs.nl\/it\/#\/schema\/logo\/image\/"},"sameAs":["https:\/\/www.facebook.com\/biotabs.organics","https:\/\/x.com\/Biotabs","https:\/\/instagram.com\/biotabsorganics","https:\/\/www.youtube.com\/channel\/UCY3QAw9DEfk_tuhQj0NdNxA"]}]}},"_links":{"self":[{"href":"https:\/\/biotabs.nl\/it\/wp-json\/wp\/v2\/product\/1508","targetHints":{"allow":["GET"]}}],"collection":[{"href":"https:\/\/biotabs.nl\/it\/wp-json\/wp\/v2\/product"}],"about":[{"href":"https:\/\/biotabs.nl\/it\/wp-json\/wp\/v2\/types\/product"}],"replies":[{"embeddable":true,"href":"https:\/\/biotabs.nl\/it\/wp-json\/wp\/v2\/comments?post=1508"}],"wp:featuredmedia":[{"embeddable":true,"href":"https:\/\/biotabs.nl\/it\/wp-json\/wp\/v2\/media\/16668"}],"wp:attachment":[{"href":"https:\/\/biotabs.nl\/it\/wp-json\/wp\/v2\/media?parent=1508"}],"wp:term":[{"taxonomy":"product_brand","embeddable":true,"href":"https:\/\/biotabs.nl\/it\/wp-json\/wp\/v2\/product_brand?post=1508"},{"taxonomy":"product_cat","embeddable":true,"href":"https:\/\/biotabs.nl\/it\/wp-json\/wp\/v2\/product_cat?post=1508"},{"taxonomy":"product_tag","embeddable":true,"href":"https:\/\/biotabs.nl\/it\/wp-json\/wp\/v2\/product_tag?post=1508"}],"curies":[{"name":"wp","href":"https:\/\/api.w.org\/{rel}","templated":true}]}}